{"id":6121,"date":"2026-01-14T14:11:02","date_gmt":"2026-01-14T14:11:02","guid":{"rendered":"https:\/\/turkishtrade.co\/product\/mens-leather-loafers-8\/"},"modified":"2026-04-09T19:12:27","modified_gmt":"2026-04-09T19:12:27","slug":"mens-leather-loafers-8","status":"publish","type":"product","link":"https:\/\/turkishtrade.co\/tr\/shop\/mens-leather-loafers-8\/","title":{"rendered":"EVA Tabanl\u0131 Erkek Siyah Dana Derisi Loafer"},"content":{"rendered":"<p><strong>Erkek Deri Loaferlar<\/strong><\/p>\n<p>Enfes \u00fcr\u00fcnlerimizle zamans\u0131z bir sofistike ortama ad\u0131m at\u0131n <strong>Erkek Siyah Dana Derisi Loafer<\/strong>. Hem stil hem de konfora de\u011fer veren modern beyefendiler i\u00e7in tasarlanan bu birinci s\u0131n\u0131f slip-on ayakkab\u0131lar, \u00fcst\u00fcn i\u015f\u00e7ili\u011fin bir kan\u0131t\u0131d\u0131r. Klasik tasar\u0131m unsurlar\u0131n\u0131 \u00e7a\u011fda\u015f konfor \u00f6zellikleriyle birle\u015ftiren bu ayakkab\u0131lar, hem i\u015f ama\u00e7l\u0131 g\u00fcndelik ortamlar hem de zarif g\u00fcnl\u00fck giyim i\u00e7in m\u00fckemmel olup her gard\u0131rop i\u00e7in vazge\u00e7ilmez bir eklentidir.<\/p>\n<p>Bu se\u00e7kin erkek deri mokasen ayakkab\u0131 ile gelenek ve yenili\u011fin m\u00fckemmel kar\u0131\u015f\u0131m\u0131n\u0131 deneyimleyin.<\/p>\n<p><h3>M\u00fckemmel \u0130\u015f\u00e7ilik ve Birinci S\u0131n\u0131f Malzemeler<\/h3>\n<\/p>\n<p>Bizim <strong>Erkek Siyah Dana Derisi Loafer<\/strong> yaln\u0131zca en iyi malzemeler kullan\u0131larak titizlikle \u00fcretilmi\u015ftir. D\u0131\u015f y\u00fczey, esnek dokusu, dayan\u0131kl\u0131l\u0131\u011f\u0131 ve zarif parlakl\u0131\u011f\u0131 ile tan\u0131nan zengin, hakiki dana derisine sahiptir. Bu l\u00fcks d\u0131\u015f y\u00fczey, zaman i\u00e7inde g\u00fczel bir \u015fekilde eskiyen sofistike bir g\u00f6r\u00fcn\u00fcm sa\u011flar.<\/p>\n<p>\u0130\u00e7 k\u0131s\u0131mda ayaklar\u0131n\u0131z\u0131 saran yumu\u015fak ke\u00e7i derisi astar, ilk giyimden itibaren ola\u011fan\u00fcst\u00fc nefes alabilirlik ve konfor sa\u011flar. Sa\u011flam ancak hafif EVA taban m\u00fckemmel yast\u0131klama ve destek sunarak uzun g\u00fcnler boyunca rahatl\u0131k sa\u011flar. \u0130nce 1-3 cm topuk y\u00fcksekli\u011fine sahip bu mokasen ayakkab\u0131lar, klasik bir profili korurken geli\u015fmi\u015f duru\u015f ve konfor sunar.<\/p>\n<p>Bunlar sadece ayakkab\u0131 de\u011fil; kalite ve stile yap\u0131lan bir yat\u0131r\u0131md\u0131r ve birinci s\u0131n\u0131f deri mokasenlerin nas\u0131l olmas\u0131 gerekti\u011fini ger\u00e7ek anlamda somutla\u015ft\u0131r\u0131r.<\/p>\n<p>Klasik bir loafer siluetine sahip olan tasar\u0131m, vampir k\u0131sm\u0131ndaki \u015f\u0131k metal at-bit toka ile se\u00e7kin bir cazibe kat\u0131yor. Uzman diki\u015fler ve kusursuz y\u00fczey, her ayr\u0131nt\u0131da kendini belli eden kaliteye olan ba\u011fl\u0131l\u0131\u011f\u0131 yans\u0131t\u0131yor. \u0130ster \u015f\u0131k ve rahat bir kombin i\u00e7in \u00f6zel dikim pantolonlarla e\u015fle\u015ftirin, ister hafta sonu gezintisi i\u00e7in chino pantolonlarla kombinleyin, bu siyah dana derisi loafer'lar g\u00f6r\u00fcn\u00fcm\u00fcn\u00fcz\u00fc zahmetsizce y\u00fckseltir.<\/p>\n<p>\u00c7ok y\u00f6nl\u00fc, rahat ve abart\u0131s\u0131z bir l\u00fcks havas\u0131 veren bu ayakkab\u0131lar, g\u00fcvenilir ve \u015f\u0131k erkek deri mokasenleri arayan se\u00e7ici al\u0131c\u0131lar i\u00e7in en iyi se\u00e7imdir.<\/p>\n<p><h3>G\u00fcn Boyu Kullan\u0131m i\u00e7in Rakipsiz Konfor<\/h3>\n<\/p>\n<p>Konfor bizim i\u00e7in her \u015feyden \u00f6nemlidir <strong>Erkek Siyah Dana Derisi Loafer<\/strong>. Yumu\u015fak ke\u00e7i derisi i\u00e7 k\u0131s\u0131m aya\u011f\u0131n\u0131za uyum sa\u011flayarak ki\u015fiye \u00f6zel bir uyum sunar ve s\u00fcrt\u00fcnmeyi azalt\u0131r. Yenilik\u00e7i EVA taban darbeyi emerek yorgunlu\u011fu azalt\u0131r ve rahats\u0131zl\u0131k duymadan daha uzun s\u00fcre ayakta kalman\u0131z\u0131 sa\u011flar.<\/p>\n<p>39'dan 45'e kadar kapsaml\u0131 bir beden yelpazesinde mevcut olan bu ayakkab\u0131lar, geni\u015f bir m\u00fc\u015fteri yelpazesi i\u00e7in m\u00fckemmel bir uyum sa\u011flar. Uzun s\u00fcreli kullan\u0131m i\u00e7in tasarlanan bu rahat deri loaferlar, yo\u011fun \u00e7al\u0131\u015fan profesyoneller ve stilinden \u00f6d\u00fcn vermeden kal\u0131c\u0131 konforu takdir eden herkes i\u00e7in uygundur.<\/p>\n<p>Toptan m\u00fc\u015fterilerimiz ve i\u015fletmelerimiz i\u00e7in \u015fu istisnai \u00fcr\u00fcnleri sunuyoruz <strong>Erkek Deri Loaferlar<\/strong> Minimum sipari\u015f miktar\u0131 8 \u00e7ifttir. Tipik teslimat s\u00fcresi 12 g\u00fcn art\u0131 nakliye olan verimli hizmetimizle gurur duyuyoruz ve envanterinizin y\u00fcksek kaliteli ayakkab\u0131larla derhal yenilenmesini sa\u011fl\u0131yoruz. Klasik \u00e7ekicili\u011fi modern konfor ve dayan\u0131kl\u0131l\u0131kla birle\u015ftiren ve sad\u0131k bir m\u00fc\u015fteri taban\u0131 sa\u011flayan bir \u00fcr\u00fcne yat\u0131r\u0131m yap\u0131n.<\/p>\n<p>Bu birinci s\u0131n\u0131f erkek deri mokasen ayakkab\u0131 ile ayakkab\u0131 koleksiyonunuzu geli\u015ftirin.<\/p>","protected":false},"excerpt":{"rendered":"<ul>\n<li>Hakiki dana derisinden \u00fcretilmi\u015f birinci s\u0131n\u0131f d\u0131\u015f y\u00fczey<\/li>\n<li>\u00dcst\u00fcn konfor i\u00e7in yumu\u015fak Ke\u00e7i Derisinden yap\u0131lm\u0131\u015f l\u00fcks i\u00e7 astar<\/li>\n<li>T\u00fcm g\u00fcn kullan\u0131m i\u00e7in hafif ve dayan\u0131kl\u0131 EVA Taban<\/li>\n<li>Kendine \u00f6zg\u00fc metal at-bit tokal\u0131 klasik loafer tasar\u0131m\u0131<\/li>\n<li>Sofistike bir profil i\u00e7in ince 1-3 cm topuk y\u00fcksekli\u011fi<\/li>\n<li>Kapsaml\u0131 bir beden aral\u0131\u011f\u0131nda mevcuttur: 39, 40, 41, 42, 43, 44, 45<\/li>\n<li>Minimum sipari\u015f miktar\u0131: 8 \u00e7ift (toptan ve toplu al\u0131mlar i\u00e7in ideal)<\/li>\n<li>Tipik teslimat s\u00fcresi: 12 g\u00fcn art\u0131 nakliye<\/li>\n<\/ul>","protected":false},"featured_media":4092,"template":"","meta":{"_acf_changed":false,"_uag_custom_page_level_css":"","site-sidebar-layout":"default","site-content-layout":"","ast-site-content-layout":"default","site-content-style":"default","site-sidebar-style":"default","ast-global-header-display":"","ast-banner-title-visibility":"","ast-main-header-display":"","ast-hfb-above-header-display":"","ast-hfb-below-header-display":"","ast-hfb-mobile-header-display":"","site-post-title":"","ast-breadcrumbs-content":"","ast-featured-img":"","footer-sml-layout":"","ast-disable-related-posts":"","theme-transparent-header-meta":"","adv-header-id-meta":"","stick-header-meta":"","header-above-stick-meta":"","header-main-stick-meta":"","header-below-stick-meta":"","astra-migrate-meta-layouts":"default","ast-page-background-enabled":"default","ast-page-background-meta":{"desktop":{"background-color":"var(--ast-global-color-4)","background-image":"","background-repeat":"repeat","background-position":"center center","background-size":"auto","background-attachment":"scroll","background-type":"","background-media":"","overlay-type":"","overlay-color":"","overlay-opacity":"","overlay-gradient":""},"tablet":{"background-color":"","background-image":"","background-repeat":"repeat","background-position":"center center","background-size":"auto","background-attachment":"scroll","background-type":"","background-media":"","overlay-type":"","overlay-color":"","overlay-opacity":"","overlay-gradient":""},"mobile":{"background-color":"","background-image":"","background-repeat":"repeat","background-position":"center center","background-size":"auto","background-attachment":"scroll","background-type":"","background-media":"","overlay-type":"","overlay-color":"","overlay-opacity":"","overlay-gradient":""}},"ast-content-background-meta":{"desktop":{"background-color":"var(--ast-global-color-5)","background-image":"","background-repeat":"repeat","background-position":"center center","background-size":"auto","background-attachment":"scroll","background-type":"","background-media":"","overlay-type":"","overlay-color":"","overlay-opacity":"","overlay-gradient":""},"tablet":{"background-color":"var(--ast-global-color-5)","background-image":"","background-repeat":"repeat","background-position":"center center","background-size":"auto","background-attachment":"scroll","background-type":"","background-media":"","overlay-type":"","overlay-color":"","overlay-opacity":"","overlay-gradient":""},"mobile":{"background-color":"var(--ast-global-color-5)","background-image":"","background-repeat":"repeat","background-position":"center center","background-size":"auto","background-attachment":"scroll","background-type":"","background-media":"","overlay-type":"","overlay-color":"","overlay-opacity":"","overlay-gradient":""}}},"product_brand":[],"product_cat":[48,49,430,40],"product_tag":[370,185,512,457,287,189,215,198,186,184,280,456],"class_list":{"0":"post-6121","1":"product","2":"type-product","3":"status-publish","4":"has-post-thumbnail","6":"product_cat-casual","7":"product_cat-loafer","8":"product_cat-men","9":"product_cat-mens-shoes","10":"product_tag-black-loafers","11":"product_tag-calf-leather-shoes","12":"product_tag-casual-loafers","13":"product_tag-classic-loafers","14":"product_tag-eva-sole-shoes","15":"product_tag-goat-leather-lining","16":"product_tag-leather-loafers","17":"product_tag-mens-fashion","18":"product_tag-mens-loafers","19":"product_tag-slip-on-shoes","20":"product_tag-smart-casual-shoes","21":"product_tag-wholesale-loafers","22":"desktop-align-center","23":"tablet-align-center","24":"mobile-align-center","26":"first","27":"instock","28":"shipping-taxable","29":"purchasable","30":"product-type-variable","31":"has-default-attributes"},"acf":[],"uagb_featured_image_src":{"full":["https:\/\/turkishtrade.co\/wp-content\/uploads\/2026\/01\/2400EJOMN00459-BLACK-ZL_300-5-USD.png",453,250,false],"thumbnail":["https:\/\/turkishtrade.co\/wp-content\/uploads\/2026\/01\/2400EJOMN00459-BLACK-ZL_300-5-USD-150x150.png",150,150,true],"medium":["https:\/\/turkishtrade.co\/wp-content\/uploads\/2026\/01\/2400EJOMN00459-BLACK-ZL_300-5-USD-300x166.png",300,166,true],"medium_large":["https:\/\/turkishtrade.co\/wp-content\/uploads\/2026\/01\/2400EJOMN00459-BLACK-ZL_300-5-USD.png",453,250,false],"large":["https:\/\/turkishtrade.co\/wp-content\/uploads\/2026\/01\/2400EJOMN00459-BLACK-ZL_300-5-USD.png",453,250,false],"1536x1536":["https:\/\/turkishtrade.co\/wp-content\/uploads\/2026\/01\/2400EJOMN00459-BLACK-ZL_300-5-USD.png",453,250,false],"2048x2048":["https:\/\/turkishtrade.co\/wp-content\/uploads\/2026\/01\/2400EJOMN00459-BLACK-ZL_300-5-USD.png",453,250,false],"trp-custom-language-flag":["https:\/\/turkishtrade.co\/wp-content\/uploads\/2026\/01\/2400EJOMN00459-BLACK-ZL_300-5-USD-18x10.png",18,10,true],"woocommerce_thumbnail":["https:\/\/turkishtrade.co\/wp-content\/uploads\/2026\/01\/2400EJOMN00459-BLACK-ZL_300-5-USD-400x250.png",400,250,true],"woocommerce_single":["https:\/\/turkishtrade.co\/wp-content\/uploads\/2026\/01\/2400EJOMN00459-BLACK-ZL_300-5-USD.png",453,250,false],"woocommerce_gallery_thumbnail":["https:\/\/turkishtrade.co\/wp-content\/uploads\/2026\/01\/2400EJOMN00459-BLACK-ZL_300-5-USD-100x100.png",100,100,true]},"uagb_author_info":{"display_name":"yaser olabi","author_link":"https:\/\/turkishtrade.co\/tr\/author\/"},"uagb_comment_info":0,"uagb_excerpt":"Premium outer surface crafted from genuine Calf Leather Luxurious inner lining made with soft Goat Leather for ultimate comfort Lightweight and durable EVA Sole for all-day wear Classic loafer design featuring a distinctive metal horse-bit buckle Subtle 1-3 cm heel height for a sophisticated profile Available in a comprehensive size range: 39, 40, 41, 42,&hellip;","_links":{"self":[{"href":"https:\/\/turkishtrade.co\/tr\/wp-json\/wp\/v2\/product\/6121","targetHints":{"allow":["GET"]}}],"collection":[{"href":"https:\/\/turkishtrade.co\/tr\/wp-json\/wp\/v2\/product"}],"about":[{"href":"https:\/\/turkishtrade.co\/tr\/wp-json\/wp\/v2\/types\/product"}],"wp:featuredmedia":[{"embeddable":true,"href":"https:\/\/turkishtrade.co\/tr\/wp-json\/wp\/v2\/media\/4092"}],"wp:attachment":[{"href":"https:\/\/turkishtrade.co\/tr\/wp-json\/wp\/v2\/media?parent=6121"}],"wp:term":[{"taxonomy":"product_brand","embeddable":true,"href":"https:\/\/turkishtrade.co\/tr\/wp-json\/wp\/v2\/product_brand?post=6121"},{"taxonomy":"product_cat","embeddable":true,"href":"https:\/\/turkishtrade.co\/tr\/wp-json\/wp\/v2\/product_cat?post=6121"},{"taxonomy":"product_tag","embeddable":true,"href":"https:\/\/turkishtrade.co\/tr\/wp-json\/wp\/v2\/product_tag?post=6121"}],"curies":[{"name":"wp","href":"https:\/\/api.w.org\/{rel}","templated":true}]}}