{"id":6117,"date":"2026-01-14T14:10:25","date_gmt":"2026-01-14T14:10:25","guid":{"rendered":"https:\/\/turkishtrade.co\/product\/mens-blue-suede-casual-shoes-2\/"},"modified":"2026-04-09T19:12:34","modified_gmt":"2026-04-09T19:12:34","slug":"mens-blue-suede-casual-shoes-2","status":"publish","type":"product","link":"https:\/\/turkishtrade.co\/tr\/shop\/mens-blue-suede-casual-shoes-2\/","title":{"rendered":"Premium Erkek Mavi S\u00fcet Ba\u011fc\u0131kl\u0131 G\u00fcnl\u00fck Ayakkab\u0131"},"content":{"rendered":"<p><strong>Erkek Mavi S\u00fcet G\u00fcnl\u00fck Ayakkab\u0131<\/strong><\/p>\n<p>Premium Erkek Mavi S\u00fcet Ba\u011fc\u0131kl\u0131 G\u00fcnl\u00fck Ayakkab\u0131lar\u0131m\u0131z** ile sofistike bir konfora ad\u0131m at\u0131n. Hem stil hem de \u00f6ze \u00f6nem veren modern erkekler i\u00e7in tasarlanan bu ayakkab\u0131lar, klasik esteti\u011fi \u00e7a\u011fda\u015f konforla kusursuz bir \u015fekilde harmanl\u0131yor. Hakiki dana s\u00fcet d\u0131\u015f y\u00fczeyin \u00e7arp\u0131c\u0131 mavi tonu, ister g\u00fcndelik bir i\u015f toplant\u0131s\u0131na gidiyor olun ister hafta sonu gezintisinin tad\u0131n\u0131 \u00e7\u0131kar\u0131n, unutulmaz bir izlenim b\u0131rakman\u0131z\u0131 sa\u011flar.<\/p>\n<p>Bunlar herhangi bir \u00e7ift ayakkab\u0131 de\u011fildir; kaliteye ve zamans\u0131z stile yap\u0131lan bir yat\u0131r\u0131md\u0131r.<\/p>\n<p>Detaylara titizlikle \u00f6zen g\u00f6sterilerek \u00fcretilen bu **Erkek Mavi S\u00fcet G\u00fcnl\u00fck Ayakkab\u0131lar\u0131n** her bir \u00e7ifti, y\u00fcksek kaliteli dana s\u00fcet deriden yap\u0131lm\u0131\u015f bir d\u0131\u015f y\u00fczeye sahiptir. Bu birinci s\u0131n\u0131f malzeme, kadifemsi dokusu ve zengin renk emilimiyle \u00fcnl\u00fcd\u00fcr ve bu ayakkab\u0131lara kendine \u00f6zg\u00fc ve l\u00fcks bir g\u00f6r\u00fcn\u00fcm kazand\u0131r\u0131r. Yumu\u015fak, esnek dana s\u00fceti zamanla aya\u011f\u0131n\u0131za uyum sa\u011flayarak yaln\u0131zca giydik\u00e7e iyile\u015fen ki\u015fiselle\u015ftirilmi\u015f bir uyum sunar.<\/p>\n<p>Zengin mavi tonu \u00e7ok y\u00f6nl\u00fcd\u00fcr; denim, chino ve hatta \u015f\u0131k pantolonlarla zahmetsizce e\u015fle\u015ferek bu **Erkek Mavi S\u00fcet G\u00fcnl\u00fck Ayakkab\u0131lar\u0131n\u0131** ger\u00e7ek bir gard\u0131rop vazge\u00e7ilmezi haline getirir.<\/p>\n<p><h3>Rakipsiz Konfor ve Dayan\u0131kl\u0131l\u0131k<\/h3>\n<\/p>\n<p>Bu ola\u011fan\u00fcst\u00fc **Erkek Mavi S\u00fcet G\u00fcnl\u00fck Ayakkab\u0131'n\u0131n** i\u00e7 k\u0131sm\u0131, \u00e7arp\u0131c\u0131 d\u0131\u015f y\u00fczeyinin \u00f6tesinde hakiki ke\u00e7i derisiyle astarlanm\u0131\u015ft\u0131r. Bu i\u00e7 malzeme se\u00e7imi, cilde kar\u015f\u0131 benzersiz bir nefes alabilirlik ve yumu\u015fakl\u0131k sa\u011flayarak rahats\u0131zl\u0131\u011f\u0131 \u00f6nler ve g\u00fcn boyunca keyifli bir kullan\u0131m deneyimi sunar. Rahats\u0131z ayakkab\u0131lara elveda deyin; ke\u00e7i derisi astar\u0131m\u0131z ayaklar\u0131n\u0131z\u0131 \u015f\u0131mart\u0131r ve bu ayakkab\u0131lar\u0131 uzun s\u00fcreli kullan\u0131m i\u00e7in ideal hale getirir.<\/p>\n<p>L\u00fcks saya ve astar\u0131 tamamlayan hafif ama son derece dayan\u0131kl\u0131 EVA taban. Bu yenilik\u00e7i taban malzemesi m\u00fckemmel yast\u0131klama ve \u015fok emilimi sunarak her ad\u0131m\u0131n zahmetsizce at\u0131lmas\u0131n\u0131 sa\u011flar. M\u00fctevaz\u0131, rahat topuk y\u00fcksekli\u011fi, klasik bir g\u00fcndelik profil ile uyumlu olarak genel kullan\u0131m kolayl\u0131\u011f\u0131na daha da katk\u0131da bulunur.<\/p>\n<p>M\u00fckemmel uyumun \u00f6nemini biliyoruz, bu nedenle bu **Erkek Mavi S\u00fcet G\u00fcnl\u00fck Ayakkab\u0131lar** 39'dan 45'e kadar kapsaml\u0131 bir beden yelpazesinde mevcuttur. Bu y\u00fcksek kaliteli ayakkab\u0131lar\u0131 perakendecilere ve i\u015fletmelere yaln\u0131zca 8 \u00e7iftlik minimum sipari\u015f miktar\u0131yla sunmaktan gurur duyuyoruz ve \u00e7e\u015fitli i\u015f \u00f6l\u00e7ekleri i\u00e7in eri\u015filebilirlik sa\u011fl\u0131yoruz. Verimli \u00fcretim s\u00fcrecimiz, 12 i\u015f g\u00fcn\u00fc i\u00e7inde teslimat ve nakliye garantisi vererek, envanterinizi m\u00fc\u015fterilerin favorisi olaca\u011f\u0131 kesin olan bir \u00fcr\u00fcnle h\u0131zl\u0131 bir \u015fekilde stoklaman\u0131za olanak tan\u0131r.<\/p>\n<p>Ayakkab\u0131 koleksiyonunuzu kalite, stil ve rahatl\u0131k hakk\u0131nda \u00e7ok \u015fey anlatan bir \u00e7ift ile y\u00fckseltin. Bu **Erkek Mavi S\u00fcet G\u00fcnl\u00fck Ayakkab\u0131lar** bir ayakkab\u0131dan \u00e7ok daha fazlas\u0131d\u0131r; onlar bir ifadedir.<\/p>","protected":false},"excerpt":{"rendered":"<ul>\n<li>Zarif dana s\u00fcet deri saya sofistike ve yumu\u015fak bir doku sunar.<\/li>\n<li>L\u00fcks ke\u00e7i derisi i\u00e7 astar, \u00fcst\u00fcn nefes alabilirlik ve konfor sa\u011flar.<\/li>\n<li>G\u00fcn boyu giyilebilirlik i\u00e7in hafif ve esnek EVA taban ile donat\u0131lm\u0131\u015ft\u0131r.<\/li>\n<li>AB 39 ila 45 aras\u0131nda kapsaml\u0131 bir beden aral\u0131\u011f\u0131nda mevcuttur.<\/li>\n<li>Minimum sipari\u015f miktar\u0131 8 \u00e7ifttir, toptan ve perakende sat\u0131\u015f ortaklar\u0131 i\u00e7in m\u00fckemmeldir.<\/li>\n<li>Standart nakliye s\u00fcresine ek olarak 12 i\u015f g\u00fcn\u00fc i\u00e7inde g\u00fcvenilir teslimat.<\/li>\n<\/ul>","protected":false},"featured_media":4090,"template":"","meta":{"_acf_changed":false,"_uag_custom_page_level_css":"","site-sidebar-layout":"default","site-content-layout":"","ast-site-content-layout":"default","site-content-style":"default","site-sidebar-style":"default","ast-global-header-display":"","ast-banner-title-visibility":"","ast-main-header-display":"","ast-hfb-above-header-display":"","ast-hfb-below-header-display":"","ast-hfb-mobile-header-display":"","site-post-title":"","ast-breadcrumbs-content":"","ast-featured-img":"","footer-sml-layout":"","ast-disable-related-posts":"","theme-transparent-header-meta":"","adv-header-id-meta":"","stick-header-meta":"","header-above-stick-meta":"","header-main-stick-meta":"","header-below-stick-meta":"","astra-migrate-meta-layouts":"default","ast-page-background-enabled":"default","ast-page-background-meta":{"desktop":{"background-color":"var(--ast-global-color-4)","background-image":"","background-repeat":"repeat","background-position":"center center","background-size":"auto","background-attachment":"scroll","background-type":"","background-media":"","overlay-type":"","overlay-color":"","overlay-opacity":"","overlay-gradient":""},"tablet":{"background-color":"","background-image":"","background-repeat":"repeat","background-position":"center center","background-size":"auto","background-attachment":"scroll","background-type":"","background-media":"","overlay-type":"","overlay-color":"","overlay-opacity":"","overlay-gradient":""},"mobile":{"background-color":"","background-image":"","background-repeat":"repeat","background-position":"center center","background-size":"auto","background-attachment":"scroll","background-type":"","background-media":"","overlay-type":"","overlay-color":"","overlay-opacity":"","overlay-gradient":""}},"ast-content-background-meta":{"desktop":{"background-color":"var(--ast-global-color-5)","background-image":"","background-repeat":"repeat","background-position":"center center","background-size":"auto","background-attachment":"scroll","background-type":"","background-media":"","overlay-type":"","overlay-color":"","overlay-opacity":"","overlay-gradient":""},"tablet":{"background-color":"var(--ast-global-color-5)","background-image":"","background-repeat":"repeat","background-position":"center center","background-size":"auto","background-attachment":"scroll","background-type":"","background-media":"","overlay-type":"","overlay-color":"","overlay-opacity":"","overlay-gradient":""},"mobile":{"background-color":"var(--ast-global-color-5)","background-image":"","background-repeat":"repeat","background-position":"center center","background-size":"auto","background-attachment":"scroll","background-type":"","background-media":"","overlay-type":"","overlay-color":"","overlay-opacity":"","overlay-gradient":""}}},"product_brand":[],"product_cat":[48,49,430,40],"product_tag":[1156,317,202,449,222,212,438,437,198,362,1089,307,281],"class_list":{"0":"post-6117","1":"product","2":"type-product","3":"status-publish","4":"has-post-thumbnail","6":"product_cat-casual","7":"product_cat-loafer","8":"product_cat-men","9":"product_cat-mens-shoes","10":"product_tag-blue-casual-shoes","11":"product_tag-blue-suede-shoes","12":"product_tag-calf-leather","13":"product_tag-casual-shoes","14":"product_tag-comfortable-shoes","15":"product_tag-derby-shoes","16":"product_tag-eva-sole","17":"product_tag-goat-leather","18":"product_tag-mens-fashion","19":"product_tag-premium-footwear","20":"product_tag-size-39-45","21":"product_tag-suede-footwear","22":"product_tag-wholesale-shoes","23":"desktop-align-center","24":"tablet-align-center","25":"mobile-align-center","27":"first","28":"instock","29":"shipping-taxable","30":"purchasable","31":"product-type-variable","32":"has-default-attributes"},"acf":[],"uagb_featured_image_src":{"full":["https:\/\/turkishtrade.co\/wp-content\/uploads\/2026\/01\/2400EJOMN00432-BLUE-X_621-3USD.png",453,250,false],"thumbnail":["https:\/\/turkishtrade.co\/wp-content\/uploads\/2026\/01\/2400EJOMN00432-BLUE-X_621-3USD-150x150.png",150,150,true],"medium":["https:\/\/turkishtrade.co\/wp-content\/uploads\/2026\/01\/2400EJOMN00432-BLUE-X_621-3USD-300x166.png",300,166,true],"medium_large":["https:\/\/turkishtrade.co\/wp-content\/uploads\/2026\/01\/2400EJOMN00432-BLUE-X_621-3USD.png",453,250,false],"large":["https:\/\/turkishtrade.co\/wp-content\/uploads\/2026\/01\/2400EJOMN00432-BLUE-X_621-3USD.png",453,250,false],"1536x1536":["https:\/\/turkishtrade.co\/wp-content\/uploads\/2026\/01\/2400EJOMN00432-BLUE-X_621-3USD.png",453,250,false],"2048x2048":["https:\/\/turkishtrade.co\/wp-content\/uploads\/2026\/01\/2400EJOMN00432-BLUE-X_621-3USD.png",453,250,false],"trp-custom-language-flag":["https:\/\/turkishtrade.co\/wp-content\/uploads\/2026\/01\/2400EJOMN00432-BLUE-X_621-3USD-18x10.png",18,10,true],"woocommerce_thumbnail":["https:\/\/turkishtrade.co\/wp-content\/uploads\/2026\/01\/2400EJOMN00432-BLUE-X_621-3USD-400x250.png",400,250,true],"woocommerce_single":["https:\/\/turkishtrade.co\/wp-content\/uploads\/2026\/01\/2400EJOMN00432-BLUE-X_621-3USD.png",453,250,false],"woocommerce_gallery_thumbnail":["https:\/\/turkishtrade.co\/wp-content\/uploads\/2026\/01\/2400EJOMN00432-BLUE-X_621-3USD-100x100.png",100,100,true]},"uagb_author_info":{"display_name":"yaser olabi","author_link":"https:\/\/turkishtrade.co\/tr\/author\/"},"uagb_comment_info":0,"uagb_excerpt":"Exquisite calf suede leather upper offers a sophisticated, soft texture. Luxurious goat leather interior lining ensures superior breathability and comfort. Equipped with a lightweight and flexible EVA sole for all-day wearability. Available in a comprehensive size range from EU 39 to 45. Minimum order quantity of 8 pairs, perfect for wholesale and retail partners. Reliable&hellip;","_links":{"self":[{"href":"https:\/\/turkishtrade.co\/tr\/wp-json\/wp\/v2\/product\/6117","targetHints":{"allow":["GET"]}}],"collection":[{"href":"https:\/\/turkishtrade.co\/tr\/wp-json\/wp\/v2\/product"}],"about":[{"href":"https:\/\/turkishtrade.co\/tr\/wp-json\/wp\/v2\/types\/product"}],"wp:featuredmedia":[{"embeddable":true,"href":"https:\/\/turkishtrade.co\/tr\/wp-json\/wp\/v2\/media\/4090"}],"wp:attachment":[{"href":"https:\/\/turkishtrade.co\/tr\/wp-json\/wp\/v2\/media?parent=6117"}],"wp:term":[{"taxonomy":"product_brand","embeddable":true,"href":"https:\/\/turkishtrade.co\/tr\/wp-json\/wp\/v2\/product_brand?post=6117"},{"taxonomy":"product_cat","embeddable":true,"href":"https:\/\/turkishtrade.co\/tr\/wp-json\/wp\/v2\/product_cat?post=6117"},{"taxonomy":"product_tag","embeddable":true,"href":"https:\/\/turkishtrade.co\/tr\/wp-json\/wp\/v2\/product_tag?post=6117"}],"curies":[{"name":"wp","href":"https:\/\/api.w.org\/{rel}","templated":true}]}}