{"id":6115,"date":"2026-01-14T14:10:08","date_gmt":"2026-01-14T14:10:08","guid":{"rendered":"https:\/\/turkishtrade.co\/product\/men-s-brown-suede-loafers\/"},"modified":"2026-04-09T19:12:37","modified_gmt":"2026-04-09T19:12:37","slug":"mens-brown-suede-loafers-2","status":"publish","type":"product","link":"https:\/\/turkishtrade.co\/tr\/shop\/mens-brown-suede-loafers-2\/","title":{"rendered":"EVA Tabanl\u0131 Klasik Erkek Kahverengi S\u00fcet Loafer"},"content":{"rendered":"<p><strong>Erkek Kahverengi S\u00fcet Loafer<\/strong><\/p>\n<p>\u00dcst\u00fcn kaliteli \u00fcr\u00fcnlerimizle stil ve konforun en iyi kar\u0131\u015f\u0131m\u0131n\u0131 ke\u015ffedin <b>Erkek Kahverengi S\u00fcet Loafer<\/b>. Se\u00e7kin beyefendiler i\u00e7in tasarlanan bu mokasen ayakkab\u0131lar, \u00e7e\u015fitli g\u00fcndelik ve yar\u0131 resmi ortamlar i\u00e7in m\u00fckemmel, sofistike ancak rahat bir g\u00f6r\u00fcn\u00fcm sunar. Her bir \u00e7ift, \u00fcst\u00fcn i\u015f\u00e7ili\u011fi ve kaliteye olan sars\u0131lmaz ba\u011fl\u0131l\u0131\u011f\u0131 yans\u0131tarak d\u0131\u015far\u0131ya g\u00fcven ve konforla \u00e7\u0131kman\u0131z\u0131 sa\u011flar.<\/p>\n<p><h3>Benzersiz Konfor ve L\u00fcks Malzemeler<\/h3>\n<\/p>\n<p>Bu zarif \u00e7iftlerin her biri <b>s\u00fcet mokasen<\/b> ola\u011fan\u00fcst\u00fc bir kullan\u0131m deneyimi sa\u011flamak i\u00e7in titizlikle \u00fcretilmi\u015ftir. D\u0131\u015f y\u00fczeyinde yumu\u015fak dokunu\u015fu ve zarif g\u00f6r\u00fcn\u00fcm\u00fcyle tan\u0131nan zengin, esnek dana derisi s\u00fcet kullan\u0131lm\u0131\u015ft\u0131r. Bu birinci s\u0131n\u0131f malzeme yaln\u0131zca harika g\u00f6r\u00fcnmekle kalmaz, ayn\u0131 zamanda zamanla aya\u011f\u0131n\u0131za uyum sa\u011flayarak ki\u015fiselle\u015ftirilmi\u015f bir uyum sunar.<\/p>\n<p>\u0130\u00e7 k\u0131s\u0131mda, ayaklar\u0131n\u0131z p\u00fcr\u00fczs\u00fcz ve nefes alabilen ke\u00e7i derisi astarla sar\u0131lacak, maksimum konfor sa\u011flayacak ve g\u00fcn boyunca s\u0131cakl\u0131\u011f\u0131 d\u00fczenlemeye yard\u0131mc\u0131 olacakt\u0131r.<\/p>\n<p>Bu ola\u011fan\u00fcst\u00fc eserlerin temeli <b>kahverengi mokasen<\/b> geli\u015fmi\u015f EVA taban\u0131d\u0131r. Hafif, esnek ve y\u00fcksek darbe emici EVA taban benzersiz bir yast\u0131klama sa\u011flayarak bu ayakkab\u0131lar\u0131 uzun s\u00fcreli kullan\u0131m i\u00e7in ideal hale getirir. \u0130ster \u015fehir sokaklar\u0131nda geziniyor ister rahat bir hafta sonunun tad\u0131n\u0131 \u00e7\u0131kar\u0131yor olun, klasik 1-3 cm topuk y\u00fcksekli\u011fi ile birle\u015ftirilmi\u015f destekleyici taban, stilden \u00f6d\u00fcn vermeden rahatl\u0131k sa\u011flar. Bunlar <b>klasik mokasen ayakkab\u0131lar<\/b> ger\u00e7ekten \u00f6zenli tasar\u0131m ve malzeme se\u00e7iminin bir kan\u0131t\u0131d\u0131r.<\/p>\n<p><h3>Her Durum i\u00e7in \u00c7ok Y\u00f6nl\u00fc Stil<\/h3>\n<\/p>\n<p>Bizim <b>erkek kahverengi s\u00fcet mokasen<\/b> her gard\u0131rop i\u00e7in \u00e7ok y\u00f6nl\u00fc bir eklentidir. Zamans\u0131z tasar\u0131mlar\u0131 sayesinde chino ve jean pantolonlardan \u00f6zel pantolon ve blazer ceketlere kadar geni\u015f bir yelpazedeki k\u0131yafetler i\u00e7in uygundur. Zengin kahverengi rengi, geleneksel siyaha rafine bir alternatif sunarak tak\u0131m\u0131n\u0131za s\u0131cakl\u0131k ve karakter katar.<\/p>\n<p>Bu y\u00fcksek kaliteli \u00fcr\u00fcnlerle her ad\u0131mda benzersiz konforu ya\u015fay\u0131n <b>erkek s\u00fcet mokasen<\/b>, rahat bir i\u015f g\u00fcn\u00fc veya sofistike bir ak\u015fam i\u00e7in m\u00fckemmeldir.<\/p>\n<p><h3>Premium Ayakkab\u0131lar i\u00e7in Toptan Sat\u0131\u015f F\u0131rsat\u0131<\/h3>\n<\/p>\n<p>M\u00fc\u015fterilerine y\u00fcksek kaliteli, rahat ve \u015f\u0131k ayakkab\u0131lar sunmak isteyen perakendeciler i\u00e7in bu <b>kahverengi s\u00fcet mokasen<\/b> m\u00fckemmel bir se\u00e7imdir. Bu ola\u011fan\u00fcst\u00fc ayakkab\u0131lar\u0131 toptan sat\u0131\u015f i\u00e7in yaln\u0131zca 8 \u00e7ift minimum sipari\u015f miktar\u0131yla sunuyoruz, bu da AB 39'dan 45'e kadar \u00e7e\u015fitli bedenlerde stok yapmay\u0131 kolayla\u015ft\u0131r\u0131yor.<\/p>\n<p>\u00dcretim teslim s\u00fcremiz 12 g\u00fcnd\u00fcr ve ard\u0131ndan sipari\u015finizi derhal alman\u0131z\u0131 sa\u011flayan verimli sevkiyat yap\u0131l\u0131r. Ola\u011fan\u00fcst\u00fc \u00fcr\u00fcnlerimizle envanterinizi y\u00fckseltin <b>Erkek Kahverengi S\u00fcet Loafer<\/b> bug\u00fcn ve m\u00fc\u015fterilerinize hak ettikleri l\u00fcks\u00fc sa\u011flay\u0131n.<\/p>","protected":false},"excerpt":{"rendered":"<ul>\n<li><b>Premium Malzemeler:<\/b> L\u00fcks dana derisi s\u00fcet saya ve yumu\u015fak ke\u00e7i derisi astar.<\/li>\n<li><b>\u00dcst\u00fcn Konfor:<\/b> T\u00fcm g\u00fcn kullan\u0131m i\u00e7in hafif ve esnek EVA taban.<\/li>\n<li><b>Klasik Tasar\u0131m:<\/b> Zengin kahverengi tonuyla zamans\u0131z loafer stili, \u00e7e\u015fitli durumlar i\u00e7in uygundur.<\/li>\n<li><b>Topuk Y\u00fcksekli\u011fi:<\/b> Rahat 1-3 cm klasik loafer topuk.<\/li>\n<li><b>Mevcut Boyutlar:<\/b> AB 39, 40, 41, 42, 43, 44, 45.<\/li>\n<li><b>Toptan Sat\u0131\u015f:<\/b> Minimum 8 \u00e7ift sipari\u015f.<\/li>\n<li><b>\u00dcretim ve Teslimat:<\/b> Teslim s\u00fcresi 12 g\u00fcn art\u0131 nakliye.<\/li>\n<\/ul>","protected":false},"featured_media":4089,"template":"","meta":{"_acf_changed":false,"_uag_custom_page_level_css":"","site-sidebar-layout":"default","site-content-layout":"","ast-site-content-layout":"default","site-content-style":"default","site-sidebar-style":"default","ast-global-header-display":"","ast-banner-title-visibility":"","ast-main-header-display":"","ast-hfb-above-header-display":"","ast-hfb-below-header-display":"","ast-hfb-mobile-header-display":"","site-post-title":"","ast-breadcrumbs-content":"","ast-featured-img":"","footer-sml-layout":"","ast-disable-related-posts":"","theme-transparent-header-meta":"","adv-header-id-meta":"","stick-header-meta":"","header-above-stick-meta":"","header-main-stick-meta":"","header-below-stick-meta":"","astra-migrate-meta-layouts":"default","ast-page-background-enabled":"default","ast-page-background-meta":{"desktop":{"background-color":"var(--ast-global-color-4)","background-image":"","background-repeat":"repeat","background-position":"center center","background-size":"auto","background-attachment":"scroll","background-type":"","background-media":"","overlay-type":"","overlay-color":"","overlay-opacity":"","overlay-gradient":""},"tablet":{"background-color":"","background-image":"","background-repeat":"repeat","background-position":"center center","background-size":"auto","background-attachment":"scroll","background-type":"","background-media":"","overlay-type":"","overlay-color":"","overlay-opacity":"","overlay-gradient":""},"mobile":{"background-color":"","background-image":"","background-repeat":"repeat","background-position":"center center","background-size":"auto","background-attachment":"scroll","background-type":"","background-media":"","overlay-type":"","overlay-color":"","overlay-opacity":"","overlay-gradient":""}},"ast-content-background-meta":{"desktop":{"background-color":"var(--ast-global-color-5)","background-image":"","background-repeat":"repeat","background-position":"center center","background-size":"auto","background-attachment":"scroll","background-type":"","background-media":"","overlay-type":"","overlay-color":"","overlay-opacity":"","overlay-gradient":""},"tablet":{"background-color":"var(--ast-global-color-5)","background-image":"","background-repeat":"repeat","background-position":"center center","background-size":"auto","background-attachment":"scroll","background-type":"","background-media":"","overlay-type":"","overlay-color":"","overlay-opacity":"","overlay-gradient":""},"mobile":{"background-color":"var(--ast-global-color-5)","background-image":"","background-repeat":"repeat","background-position":"center center","background-size":"auto","background-attachment":"scroll","background-type":"","background-media":"","overlay-type":"","overlay-color":"","overlay-opacity":"","overlay-gradient":""}}},"product_brand":[],"product_cat":[48,49,430,40],"product_tag":[147,202,449,457,220,438,189,186,184,283,456],"class_list":{"0":"post-6115","1":"product","2":"type-product","3":"status-publish","4":"has-post-thumbnail","6":"product_cat-casual","7":"product_cat-loafer","8":"product_cat-men","9":"product_cat-mens-shoes","10":"product_tag-brown-loafers","11":"product_tag-calf-leather","12":"product_tag-casual-shoes","13":"product_tag-classic-loafers","14":"product_tag-comfortable-loafers","15":"product_tag-eva-sole","16":"product_tag-goat-leather-lining","17":"product_tag-mens-loafers","18":"product_tag-slip-on-shoes","19":"product_tag-suede-shoes","20":"product_tag-wholesale-loafers","21":"desktop-align-center","22":"tablet-align-center","23":"mobile-align-center","25":"first","26":"instock","27":"shipping-taxable","28":"purchasable","29":"product-type-variable","30":"has-default-attributes"},"acf":[],"uagb_featured_image_src":{"full":["https:\/\/turkishtrade.co\/wp-content\/uploads\/2026\/01\/2400EJOMN00431-BROWN-X_7800-7-USD.png",453,250,false],"thumbnail":["https:\/\/turkishtrade.co\/wp-content\/uploads\/2026\/01\/2400EJOMN00431-BROWN-X_7800-7-USD.png",150,83,false],"medium":["https:\/\/turkishtrade.co\/wp-content\/uploads\/2026\/01\/2400EJOMN00431-BROWN-X_7800-7-USD.png",300,166,false],"medium_large":["https:\/\/turkishtrade.co\/wp-content\/uploads\/2026\/01\/2400EJOMN00431-BROWN-X_7800-7-USD.png",453,250,false],"large":["https:\/\/turkishtrade.co\/wp-content\/uploads\/2026\/01\/2400EJOMN00431-BROWN-X_7800-7-USD.png",453,250,false],"1536x1536":["https:\/\/turkishtrade.co\/wp-content\/uploads\/2026\/01\/2400EJOMN00431-BROWN-X_7800-7-USD.png",453,250,false],"2048x2048":["https:\/\/turkishtrade.co\/wp-content\/uploads\/2026\/01\/2400EJOMN00431-BROWN-X_7800-7-USD.png",453,250,false],"trp-custom-language-flag":["https:\/\/turkishtrade.co\/wp-content\/uploads\/2026\/01\/2400EJOMN00431-BROWN-X_7800-7-USD.png",18,10,false],"woocommerce_thumbnail":["https:\/\/turkishtrade.co\/wp-content\/uploads\/2026\/01\/2400EJOMN00431-BROWN-X_7800-7-USD-400x250.png",400,250,true],"woocommerce_single":["https:\/\/turkishtrade.co\/wp-content\/uploads\/2026\/01\/2400EJOMN00431-BROWN-X_7800-7-USD.png",453,250,false],"woocommerce_gallery_thumbnail":["https:\/\/turkishtrade.co\/wp-content\/uploads\/2026\/01\/2400EJOMN00431-BROWN-X_7800-7-USD-100x100.png",100,100,true]},"uagb_author_info":{"display_name":"yaser olabi","author_link":"https:\/\/turkishtrade.co\/tr\/author\/"},"uagb_comment_info":0,"uagb_excerpt":"Premium Materials: Luxurious calf leather suede upper and soft goat leather lining. Ultimate Comfort: Lightweight and flexible EVA sole for all-day wear. Classic Design: Timeless loafer style in a rich brown hue, suitable for various occasions. Heel Height: Comfortable 1-3 cm classic loafer heel. Available Sizes: EU 39, 40, 41, 42, 43, 44, 45. Wholesale&hellip;","_links":{"self":[{"href":"https:\/\/turkishtrade.co\/tr\/wp-json\/wp\/v2\/product\/6115","targetHints":{"allow":["GET"]}}],"collection":[{"href":"https:\/\/turkishtrade.co\/tr\/wp-json\/wp\/v2\/product"}],"about":[{"href":"https:\/\/turkishtrade.co\/tr\/wp-json\/wp\/v2\/types\/product"}],"wp:featuredmedia":[{"embeddable":true,"href":"https:\/\/turkishtrade.co\/tr\/wp-json\/wp\/v2\/media\/4089"}],"wp:attachment":[{"href":"https:\/\/turkishtrade.co\/tr\/wp-json\/wp\/v2\/media?parent=6115"}],"wp:term":[{"taxonomy":"product_brand","embeddable":true,"href":"https:\/\/turkishtrade.co\/tr\/wp-json\/wp\/v2\/product_brand?post=6115"},{"taxonomy":"product_cat","embeddable":true,"href":"https:\/\/turkishtrade.co\/tr\/wp-json\/wp\/v2\/product_cat?post=6115"},{"taxonomy":"product_tag","embeddable":true,"href":"https:\/\/turkishtrade.co\/tr\/wp-json\/wp\/v2\/product_tag?post=6115"}],"curies":[{"name":"wp","href":"https:\/\/api.w.org\/{rel}","templated":true}]}}