{"id":6112,"date":"2026-01-14T14:09:47","date_gmt":"2026-01-14T14:09:47","guid":{"rendered":"https:\/\/turkishtrade.co\/product\/men-leather-chunky-loafers\/"},"modified":"2026-04-09T19:12:45","modified_gmt":"2026-04-09T19:12:45","slug":"mens-leather-chunky-loafers-2","status":"publish","type":"product","link":"https:\/\/turkishtrade.co\/tr\/shop\/mens-leather-chunky-loafers-2\/","title":{"rendered":"Erkek Premium Deri Kal\u0131n Tabanl\u0131 Loafer"},"content":{"rendered":"<p><strong>Erkek Deri Kal\u0131n Loaferlar<\/strong><\/p>\n<p>\u00d6zel koleksiyonumuz ile benzersiz stil ve konfora ad\u0131m at\u0131n <strong>Erkek Premium Deri Kal\u0131n Tabanl\u0131 Loafer<\/strong>. Hem modaya hem de i\u015fleve de\u011fer veren se\u00e7ici beyefendiler i\u00e7in tasarlanan bu mokasen ayakkab\u0131lar, \u00fcst\u00fcn i\u015f\u00e7ili\u011fin ve zamans\u0131z \u00e7ekicili\u011fin bir kan\u0131t\u0131d\u0131r. Her bir \u00e7iftimiz <strong>Erkek Deri Kal\u0131n Loaferlar<\/strong> Geleneksel loafer esteti\u011fini \u00e7a\u011fda\u015f kal\u0131n tabanla kusursuz bir \u015fekilde harmanlayarak klasik bir siluete yeni bir yorum getiriyor.<\/p>\n<p>En iyi malzemelerden \u00fcretilen bu \u00e7arp\u0131c\u0131 d\u0131\u015f y\u00fczey <strong>Erkek Deri Kal\u0131n Loaferlar<\/strong> y\u00fcksek kaliteli dana derisinden \u00fcretilmi\u015ftir. Bu birinci s\u0131n\u0131f deri sadece sofistike bir g\u00f6r\u00fcn\u00fcm sa\u011flamakla kalmaz, ayn\u0131 zamanda ola\u011fan\u00fcst\u00fc dayan\u0131kl\u0131l\u0131k ve zaman i\u00e7inde geli\u015fen g\u00fczel bir patina sa\u011flayarak her bir \u00e7ifti benzersiz bir \u015fekilde sizin k\u0131lar. Dana derisinin zengin dokusu ve esnek hissi genel l\u00fcks deneyimine katk\u0131da bulunur.<\/p>\n<p>\u0130\u00e7 k\u0131s\u0131mda, ayaklar\u0131n\u0131z nefes alabilirli\u011fi ve yumu\u015fak dokunu\u015fuyla tan\u0131nan en yumu\u015fak ke\u00e7i derisi astarla sar\u0131lacak ve uzun s\u00fcreli kullan\u0131mlarda bile maksimum konfor sa\u011flayacakt\u0131r. Bunlar sadece ayakkab\u0131 de\u011fil; kal\u0131c\u0131 konfor ve stile yap\u0131lan bir yat\u0131r\u0131md\u0131r.<\/p>\n<p><h3>Rakipsiz Konfor ve Sa\u011flam Tasar\u0131m<\/h3>\n<\/p>\n<p>Bunlar\u0131n \u00f6ne \u00e7\u0131kan \u00f6zelli\u011fi <strong>Erkek Deri Kal\u0131n Loaferlar<\/strong> sa\u011flam EVA taban\u0131d\u0131r. Hafif konfor ve \u00fcst\u00fcn \u015fok emilimi i\u00e7in tasarlanan EVA taban, m\u00fckemmel tutu\u015f ve destek sa\u011flayarak g\u00fcnl\u00fck kullan\u0131m i\u00e7in idealdir. \u0130ster \u015fehir sokaklar\u0131nda geziniyor ister rahat bir hafta sonunun tad\u0131n\u0131 \u00e7\u0131kar\u0131yor olun, kal\u0131n taban k\u0131yafetinize farkl\u0131 bir hava katarken denge ve hareket kolayl\u0131\u011f\u0131 da sa\u011flar.<\/p>\n<p>Klasik bir loafer'a \u00f6zg\u00fc topuk y\u00fcksekli\u011fi (1-3 cm), konfordan \u00f6d\u00fcn vermeden ince bir y\u00fckselti sunar.<\/p>\n<p><h3>Her Durum i\u00e7in \u00c7ok Y\u00f6nl\u00fcl\u00fck<\/h3>\n<\/p>\n<p>Bizim <strong>Erkek Deri Kal\u0131n Loaferlar<\/strong> son derece \u00e7ok y\u00f6nl\u00fcd\u00fcr, \u015f\u0131k ve rahat bir ofis ortam\u0131ndan rahat bir hafta sonu gezmesine zahmetsizce ge\u00e7i\u015f yapar. G\u00f6steri\u015fli bir g\u00f6r\u00fcn\u00fcm i\u00e7in \u00f6zel dikim pantolonlarla e\u015fle\u015ftirin ya da daha rahat bir kombin i\u00e7in chino pantolon veya kot pantolonla kombinleyin. 39'dan 45'e kadar geni\u015f bir beden aral\u0131\u011f\u0131nda mevcut oldu\u011fundan, m\u00fckemmel uyumunuzu bulmak \u00e7ok kolay.<\/p>\n<p>Y\u00fcksek kaliteli ayakkab\u0131 stoklamak isteyen i\u015fletmeler i\u00e7in \u015fu istisnai \u00fcr\u00fcnleri sunuyoruz <strong>Erkek Deri Kal\u0131n Loaferlar<\/strong> Minimum 8 \u00e7ift sipari\u015f miktar\u0131 ile, 12 g\u00fcn i\u00e7inde art\u0131 kargo ile teslim edilir. Envanterinizi y\u00fckseltin ve m\u00fc\u015fterilerinize birinci s\u0131n\u0131f erkek ayakkab\u0131lar\u0131nda en iyisini sunun.<\/p>","protected":false},"excerpt":{"rendered":"<ul>\n<li>Birinci s\u0131n\u0131f dana derisi d\u0131\u015f y\u00fczeyiyle ustal\u0131kla \u00fcretilmi\u015ftir.<\/li>\n<li>\u00dcst\u00fcn konfor i\u00e7in yumu\u015fak ke\u00e7i derisiyle l\u00fcks bir \u015fekilde astarlanm\u0131\u015ft\u0131r.<\/li>\n<li>Dayan\u0131kl\u0131, hafif ve \u015fok emici EVA tabana sahiptir.<\/li>\n<li>Modern kal\u0131n tabanl\u0131 klasik loafer tasar\u0131m\u0131, g\u00fcndelik \u015f\u0131kl\u0131k i\u00e7in m\u00fckemmeldir.<\/li>\n<li>39'dan 45'e kadar kapsaml\u0131 bir beden yelpazesinde mevcuttur.<\/li>\n<li>Minimum sipari\u015f miktar\u0131: 8 \u00e7ift.<\/li>\n<li>Tahmini teslim s\u00fcresi: 12 g\u00fcn + nakliye.<\/li>\n<\/ul>","protected":false},"featured_media":4088,"template":"","meta":{"_acf_changed":false,"_uag_custom_page_level_css":"","site-sidebar-layout":"default","site-content-layout":"","ast-site-content-layout":"default","site-content-style":"default","site-sidebar-style":"default","ast-global-header-display":"","ast-banner-title-visibility":"","ast-main-header-display":"","ast-hfb-above-header-display":"","ast-hfb-below-header-display":"","ast-hfb-mobile-header-display":"","site-post-title":"","ast-breadcrumbs-content":"","ast-featured-img":"","footer-sml-layout":"","ast-disable-related-posts":"","theme-transparent-header-meta":"","adv-header-id-meta":"","stick-header-meta":"","header-above-stick-meta":"","header-main-stick-meta":"","header-below-stick-meta":"","astra-migrate-meta-layouts":"default","ast-page-background-enabled":"default","ast-page-background-meta":{"desktop":{"background-color":"var(--ast-global-color-4)","background-image":"","background-repeat":"repeat","background-position":"center center","background-size":"auto","background-attachment":"scroll","background-type":"","background-media":"","overlay-type":"","overlay-color":"","overlay-opacity":"","overlay-gradient":""},"tablet":{"background-color":"","background-image":"","background-repeat":"repeat","background-position":"center center","background-size":"auto","background-attachment":"scroll","background-type":"","background-media":"","overlay-type":"","overlay-color":"","overlay-opacity":"","overlay-gradient":""},"mobile":{"background-color":"","background-image":"","background-repeat":"repeat","background-position":"center center","background-size":"auto","background-attachment":"scroll","background-type":"","background-media":"","overlay-type":"","overlay-color":"","overlay-opacity":"","overlay-gradient":""}},"ast-content-background-meta":{"desktop":{"background-color":"var(--ast-global-color-5)","background-image":"","background-repeat":"repeat","background-position":"center center","background-size":"auto","background-attachment":"scroll","background-type":"","background-media":"","overlay-type":"","overlay-color":"","overlay-opacity":"","overlay-gradient":""},"tablet":{"background-color":"var(--ast-global-color-5)","background-image":"","background-repeat":"repeat","background-position":"center center","background-size":"auto","background-attachment":"scroll","background-type":"","background-media":"","overlay-type":"","overlay-color":"","overlay-opacity":"","overlay-gradient":""},"mobile":{"background-color":"var(--ast-global-color-5)","background-image":"","background-repeat":"repeat","background-position":"center center","background-size":"auto","background-attachment":"scroll","background-type":"","background-media":"","overlay-type":"","overlay-color":"","overlay-opacity":"","overlay-gradient":""}}},"product_brand":[],"product_cat":[48,49,430,40],"product_tag":[555,512,331,220,438,908,215,198,186,374,280,670,456],"class_list":{"0":"post-6112","1":"product","2":"type-product","3":"status-publish","4":"has-post-thumbnail","6":"product_cat-casual","7":"product_cat-loafer","8":"product_cat-men","9":"product_cat-mens-shoes","10":"product_tag-calfskin-loafers","11":"product_tag-casual-loafers","12":"product_tag-chunky-sole-shoes","13":"product_tag-comfortable-loafers","14":"product_tag-eva-sole","15":"product_tag-goat-leather-shoes","16":"product_tag-leather-loafers","17":"product_tag-mens-fashion","18":"product_tag-mens-loafers","19":"product_tag-premium-loafers","20":"product_tag-smart-casual-shoes","21":"product_tag-stylish-loafers","22":"product_tag-wholesale-loafers","23":"desktop-align-center","24":"tablet-align-center","25":"mobile-align-center","27":"first","28":"instock","29":"shipping-taxable","30":"purchasable","31":"product-type-variable","32":"has-default-attributes"},"acf":[],"uagb_featured_image_src":{"full":["https:\/\/turkishtrade.co\/wp-content\/uploads\/2026\/01\/2400EJOMN00363-BLACK-Y_429-5-USD.png",453,250,false],"thumbnail":["https:\/\/turkishtrade.co\/wp-content\/uploads\/2026\/01\/2400EJOMN00363-BLACK-Y_429-5-USD-150x150.png",150,150,true],"medium":["https:\/\/turkishtrade.co\/wp-content\/uploads\/2026\/01\/2400EJOMN00363-BLACK-Y_429-5-USD-300x166.png",300,166,true],"medium_large":["https:\/\/turkishtrade.co\/wp-content\/uploads\/2026\/01\/2400EJOMN00363-BLACK-Y_429-5-USD.png",453,250,false],"large":["https:\/\/turkishtrade.co\/wp-content\/uploads\/2026\/01\/2400EJOMN00363-BLACK-Y_429-5-USD.png",453,250,false],"1536x1536":["https:\/\/turkishtrade.co\/wp-content\/uploads\/2026\/01\/2400EJOMN00363-BLACK-Y_429-5-USD.png",453,250,false],"2048x2048":["https:\/\/turkishtrade.co\/wp-content\/uploads\/2026\/01\/2400EJOMN00363-BLACK-Y_429-5-USD.png",453,250,false],"trp-custom-language-flag":["https:\/\/turkishtrade.co\/wp-content\/uploads\/2026\/01\/2400EJOMN00363-BLACK-Y_429-5-USD-18x10.png",18,10,true],"woocommerce_thumbnail":["https:\/\/turkishtrade.co\/wp-content\/uploads\/2026\/01\/2400EJOMN00363-BLACK-Y_429-5-USD-400x250.png",400,250,true],"woocommerce_single":["https:\/\/turkishtrade.co\/wp-content\/uploads\/2026\/01\/2400EJOMN00363-BLACK-Y_429-5-USD.png",453,250,false],"woocommerce_gallery_thumbnail":["https:\/\/turkishtrade.co\/wp-content\/uploads\/2026\/01\/2400EJOMN00363-BLACK-Y_429-5-USD-100x100.png",100,100,true]},"uagb_author_info":{"display_name":"yaser olabi","author_link":"https:\/\/turkishtrade.co\/tr\/author\/"},"uagb_comment_info":0,"uagb_excerpt":"Expertly crafted with a premium calfskin leather exterior. Luxuriously lined with soft goat leather for ultimate comfort. Features a durable, lightweight, and shock-absorbent EVA sole. Classic loafer design with a modern chunky sole, perfect for casual elegance. Available in a comprehensive range of sizes from 39 to 45. Minimum order quantity: 8 pairs. Estimated delivery&hellip;","_links":{"self":[{"href":"https:\/\/turkishtrade.co\/tr\/wp-json\/wp\/v2\/product\/6112","targetHints":{"allow":["GET"]}}],"collection":[{"href":"https:\/\/turkishtrade.co\/tr\/wp-json\/wp\/v2\/product"}],"about":[{"href":"https:\/\/turkishtrade.co\/tr\/wp-json\/wp\/v2\/types\/product"}],"wp:featuredmedia":[{"embeddable":true,"href":"https:\/\/turkishtrade.co\/tr\/wp-json\/wp\/v2\/media\/4088"}],"wp:attachment":[{"href":"https:\/\/turkishtrade.co\/tr\/wp-json\/wp\/v2\/media?parent=6112"}],"wp:term":[{"taxonomy":"product_brand","embeddable":true,"href":"https:\/\/turkishtrade.co\/tr\/wp-json\/wp\/v2\/product_brand?post=6112"},{"taxonomy":"product_cat","embeddable":true,"href":"https:\/\/turkishtrade.co\/tr\/wp-json\/wp\/v2\/product_cat?post=6112"},{"taxonomy":"product_tag","embeddable":true,"href":"https:\/\/turkishtrade.co\/tr\/wp-json\/wp\/v2\/product_tag?post=6112"}],"curies":[{"name":"wp","href":"https:\/\/api.w.org\/{rel}","templated":true}]}}