{"id":6109,"date":"2026-01-14T14:09:28","date_gmt":"2026-01-14T14:09:28","guid":{"rendered":"https:\/\/turkishtrade.co\/product\/men-calf-leather-loafers\/"},"modified":"2026-04-09T19:12:52","modified_gmt":"2026-04-09T19:12:52","slug":"mens-calf-leather-loafers-8","status":"publish","type":"product","link":"https:\/\/turkishtrade.co\/tr\/shop\/mens-calf-leather-loafers-8\/","title":{"rendered":"EVA Tabanl\u0131 L\u00fcks Erkek Dana Derisi Loafer"},"content":{"rendered":"<p><strong>Erkek Dana Derisi Loafer<\/strong><\/p>\n<p>Ayakkab\u0131 koleksiyonunuzu se\u00e7kin \u00fcr\u00fcnlerimizle geli\u015ftirin <b>Erkek Dana Derisi Loafer<\/b>, Hem sofistike stile hem de benzersiz konfora de\u011fer veren modern erkek i\u00e7in tasarland\u0131. \u00dcst\u00fcn i\u015f\u00e7ili\u011fin bir kan\u0131t\u0131 olan bu mokasen ayakkab\u0131lar, geleneksel sanat\u0131 \u00e7a\u011fda\u015f malzemelerle harmanlayarak ger\u00e7ekten ola\u011fan\u00fcst\u00fc bir ayakkab\u0131 yarat\u0131yor.<\/p>\n<p>Bu premium \u00fcr\u00fcnlerin her bir \u00e7ifti <b>Erkek Dana Derisi Loafer<\/b> D\u0131\u015f y\u00fczeyi en iyi dana derisinden titizlikle \u00fcretilmi\u015ftir ve \u015f\u0131k, g\u00f6steri\u015fli bir g\u00f6r\u00fcn\u00fcm ve ola\u011fan\u00fcst\u00fc dayan\u0131kl\u0131l\u0131k sunar. Dana derisinin do\u011fal dokusu, l\u00fcks bir his ve ya\u015fland\u0131k\u00e7a iyile\u015fen bir y\u00fczey sa\u011flayarak bu ayakkab\u0131lar\u0131 her gard\u0131rop i\u00e7in uzun \u00f6m\u00fcrl\u00fc bir eklenti haline getirir. \u0130\u00e7 k\u0131s\u0131mda ayaklar\u0131n\u0131z, nefes alabilirli\u011fi ve p\u00fcr\u00fczs\u00fcz dokusuyla tan\u0131nan hakiki ke\u00e7i derisi astar\u0131n yumu\u015fak kuca\u011f\u0131nda, uzun s\u00fcreli kullan\u0131mlarda bile maksimum konfor sa\u011flayacak \u015fekilde sar\u0131l\u0131r.<\/p>\n<p><h3>Rakipsiz Konfor ve \u00c7ok Y\u00f6nl\u00fcl\u00fck<\/h3>\n<\/p>\n<p>\u0130nan\u0131lmaz konforumuzun s\u0131rr\u0131 <b>Erkek Dana Derisi Loafer<\/b> hafif ama sa\u011flam EVA tabana sahip yenilik\u00e7i tasar\u0131m\u0131nda yatmaktad\u0131r. Bu geli\u015fmi\u015f malzeme m\u00fckemmel yast\u0131klama ve esneklik sa\u011flayarak her ad\u0131mda darbeyi emer ve bu mokasen ayakkab\u0131lar\u0131 t\u00fcm g\u00fcn kullan\u0131m i\u00e7in m\u00fckemmel hale getirir. \u0130ster yo\u011fun bir i\u015f g\u00fcn\u00fcnde, ister g\u00fcndelik bir toplant\u0131ya kat\u0131l\u0131yor ya da rahat bir hafta sonunun tad\u0131n\u0131 \u00e7\u0131kar\u0131yor olun, 1-3 cm topuk y\u00fcksekli\u011fi denge veya konfordan \u00f6d\u00fcn vermeden ince bir y\u00fckselme sunar.<\/p>\n<p>Bu mokasen ayakkab\u0131lar, resmi i\u015f k\u0131yafetlerinden rahat hafta sonu k\u0131yafetlerine sorunsuz bir \u015fekilde ge\u00e7i\u015f yaparak, se\u00e7ici beyler i\u00e7in inan\u0131lmaz derecede \u00e7ok y\u00f6nl\u00fc bir se\u00e7imdir.<\/p>\n<p><h3>Kaliteli Ayakkab\u0131lar i\u00e7in Toptan Sat\u0131\u015f F\u0131rsat\u0131<\/h3>\n<\/p>\n<p>Y\u00fcksek talep g\u00f6ren l\u00fcks ayakkab\u0131lar\u0131 stoklamak isteyen i\u015fletmeler i\u00e7in bu <b>Erkek Dana Derisi Loafer<\/b> ideal bir se\u00e7imdir. Bu ola\u011fan\u00fcst\u00fc ayakkab\u0131lar\u0131, perakendeciler ve butikler i\u00e7in kolay stoklamay\u0131 kolayla\u015ft\u0131ran minimum 8 \u00e7ift sipari\u015f miktar\u0131 ile sunuyoruz. G\u00fcvenilir bir teslimat s\u00fcresi olan 12 g\u00fcn art\u0131 nakliye ile envanterinizi verimli bir \u015fekilde y\u00f6netebilir ve m\u00fc\u015fteri taleplerini kar\u015f\u0131layabilirsiniz.<\/p>\n<p>39'dan 45'e kadar kapsaml\u0131 bir beden aral\u0131\u011f\u0131nda mevcut oldu\u011fundan, her sat\u0131n alma i\u015fleminde memnuniyet sa\u011flayarak geni\u015f bir m\u00fc\u015fteri taban\u0131na hitap edebilirsiniz. Zamans\u0131z \u00e7ekicili\u011fe ve \u00fcst\u00fcn konfora yat\u0131r\u0131m yap\u0131n <b>Erkek Dana Derisi Loafer<\/b> ve m\u00fc\u015fterilerinize kalite ve stil a\u00e7\u0131s\u0131ndan \u00f6ne \u00e7\u0131kan bir \u00fcr\u00fcn sunun.<\/p>","protected":false},"excerpt":{"rendered":"<ul>\n<li>Kal\u0131c\u0131 stil ve dayan\u0131kl\u0131l\u0131k i\u00e7in Premium Dana Derisi Saya<\/li>\n<li>\u00dcst\u00fcn konfor i\u00e7in Yumu\u015fak, Nefes Alabilir Ke\u00e7i Derisi Astar<\/li>\n<li>G\u00fcn boyu rahatl\u0131k i\u00e7in Hafif ve Esnek EVA Taban<\/li>\n<li>1-3 cm rahat topuk y\u00fcksekli\u011fine sahip Klasik Loafer Stili<\/li>\n<li>Kapsaml\u0131 bir Boyut Aral\u0131\u011f\u0131nda mevcuttur: 39, 40, 41, 42, 43, 44, 45<\/li>\n<li>Minimum Sipari\u015f Miktar\u0131: 8 \u00c7ift - Toptan sat\u0131\u015f ortaklar\u0131 i\u00e7in ideal<\/li>\n<li>Teslimat S\u00fcresi: 12 G\u00fcn + Nakliye - \u0130\u015fletmeniz i\u00e7in verimli tedarik zinciri<\/li>\n<\/ul>","protected":false},"featured_media":4086,"template":"","meta":{"_acf_changed":false,"_uag_custom_page_level_css":"","site-sidebar-layout":"default","site-content-layout":"","ast-site-content-layout":"default","site-content-style":"default","site-sidebar-style":"default","ast-global-header-display":"","ast-banner-title-visibility":"","ast-main-header-display":"","ast-hfb-above-header-display":"","ast-hfb-below-header-display":"","ast-hfb-mobile-header-display":"","site-post-title":"","ast-breadcrumbs-content":"","ast-featured-img":"","footer-sml-layout":"","ast-disable-related-posts":"","theme-transparent-header-meta":"","adv-header-id-meta":"","stick-header-meta":"","header-above-stick-meta":"","header-main-stick-meta":"","header-below-stick-meta":"","astra-migrate-meta-layouts":"default","ast-page-background-enabled":"default","ast-page-background-meta":{"desktop":{"background-color":"var(--ast-global-color-4)","background-image":"","background-repeat":"repeat","background-position":"center center","background-size":"auto","background-attachment":"scroll","background-type":"","background-media":"","overlay-type":"","overlay-color":"","overlay-opacity":"","overlay-gradient":""},"tablet":{"background-color":"","background-image":"","background-repeat":"repeat","background-position":"center center","background-size":"auto","background-attachment":"scroll","background-type":"","background-media":"","overlay-type":"","overlay-color":"","overlay-opacity":"","overlay-gradient":""},"mobile":{"background-color":"","background-image":"","background-repeat":"repeat","background-position":"center center","background-size":"auto","background-attachment":"scroll","background-type":"","background-media":"","overlay-type":"","overlay-color":"","overlay-opacity":"","overlay-gradient":""}},"ast-content-background-meta":{"desktop":{"background-color":"var(--ast-global-color-5)","background-image":"","background-repeat":"repeat","background-position":"center center","background-size":"auto","background-attachment":"scroll","background-type":"","background-media":"","overlay-type":"","overlay-color":"","overlay-opacity":"","overlay-gradient":""},"tablet":{"background-color":"var(--ast-global-color-5)","background-image":"","background-repeat":"repeat","background-position":"center center","background-size":"auto","background-attachment":"scroll","background-type":"","background-media":"","overlay-type":"","overlay-color":"","overlay-opacity":"","overlay-gradient":""},"mobile":{"background-color":"var(--ast-global-color-5)","background-image":"","background-repeat":"repeat","background-position":"center center","background-size":"auto","background-attachment":"scroll","background-type":"","background-media":"","overlay-type":"","overlay-color":"","overlay-opacity":"","overlay-gradient":""}}},"product_brand":[],"product_cat":[48,49,430,40],"product_tag":[185,457,220,287,189,967,384,324,186,250,184,254],"class_list":{"0":"post-6109","1":"product","2":"type-product","3":"status-publish","4":"has-post-thumbnail","6":"product_cat-casual","7":"product_cat-loafer","8":"product_cat-men","9":"product_cat-mens-shoes","10":"product_tag-calf-leather-shoes","11":"product_tag-classic-loafers","12":"product_tag-comfortable-loafers","13":"product_tag-eva-sole-shoes","14":"product_tag-goat-leather-lining","15":"product_tag-leather-casual-shoes","16":"product_tag-luxury-loafers","17":"product_tag-mens-dress-shoes","18":"product_tag-mens-loafers","19":"product_tag-premium-leather","20":"product_tag-slip-on-shoes","21":"product_tag-wholesale-footwear","22":"desktop-align-center","23":"tablet-align-center","24":"mobile-align-center","26":"first","27":"instock","28":"shipping-taxable","29":"purchasable","30":"product-type-variable","31":"has-default-attributes"},"acf":[],"uagb_featured_image_src":{"full":["https:\/\/turkishtrade.co\/wp-content\/uploads\/2026\/01\/2400EJOMN00306-DARK-BLUE-X_7801-7-USD.png",453,250,false],"thumbnail":["https:\/\/turkishtrade.co\/wp-content\/uploads\/2026\/01\/2400EJOMN00306-DARK-BLUE-X_7801-7-USD-150x150.png",150,150,true],"medium":["https:\/\/turkishtrade.co\/wp-content\/uploads\/2026\/01\/2400EJOMN00306-DARK-BLUE-X_7801-7-USD-300x166.png",300,166,true],"medium_large":["https:\/\/turkishtrade.co\/wp-content\/uploads\/2026\/01\/2400EJOMN00306-DARK-BLUE-X_7801-7-USD.png",453,250,false],"large":["https:\/\/turkishtrade.co\/wp-content\/uploads\/2026\/01\/2400EJOMN00306-DARK-BLUE-X_7801-7-USD.png",453,250,false],"1536x1536":["https:\/\/turkishtrade.co\/wp-content\/uploads\/2026\/01\/2400EJOMN00306-DARK-BLUE-X_7801-7-USD.png",453,250,false],"2048x2048":["https:\/\/turkishtrade.co\/wp-content\/uploads\/2026\/01\/2400EJOMN00306-DARK-BLUE-X_7801-7-USD.png",453,250,false],"trp-custom-language-flag":["https:\/\/turkishtrade.co\/wp-content\/uploads\/2026\/01\/2400EJOMN00306-DARK-BLUE-X_7801-7-USD-18x10.png",18,10,true],"woocommerce_thumbnail":["https:\/\/turkishtrade.co\/wp-content\/uploads\/2026\/01\/2400EJOMN00306-DARK-BLUE-X_7801-7-USD-400x250.png",400,250,true],"woocommerce_single":["https:\/\/turkishtrade.co\/wp-content\/uploads\/2026\/01\/2400EJOMN00306-DARK-BLUE-X_7801-7-USD.png",453,250,false],"woocommerce_gallery_thumbnail":["https:\/\/turkishtrade.co\/wp-content\/uploads\/2026\/01\/2400EJOMN00306-DARK-BLUE-X_7801-7-USD-100x100.png",100,100,true]},"uagb_author_info":{"display_name":"yaser olabi","author_link":"https:\/\/turkishtrade.co\/tr\/author\/"},"uagb_comment_info":0,"uagb_excerpt":"Premium Calf Leather Upper for enduring style and durability Soft, Breathable Goat Leather Lining for ultimate comfort Lightweight and Flexible EVA Sole for all-day ease Classic Loafer Style with a comfortable 1-3cm Heel Height Available in a comprehensive Size Range: 39, 40, 41, 42, 43, 44, 45 Minimum Order Quantity: 8 Pairs \u2013 Ideal for&hellip;","_links":{"self":[{"href":"https:\/\/turkishtrade.co\/tr\/wp-json\/wp\/v2\/product\/6109","targetHints":{"allow":["GET"]}}],"collection":[{"href":"https:\/\/turkishtrade.co\/tr\/wp-json\/wp\/v2\/product"}],"about":[{"href":"https:\/\/turkishtrade.co\/tr\/wp-json\/wp\/v2\/types\/product"}],"wp:featuredmedia":[{"embeddable":true,"href":"https:\/\/turkishtrade.co\/tr\/wp-json\/wp\/v2\/media\/4086"}],"wp:attachment":[{"href":"https:\/\/turkishtrade.co\/tr\/wp-json\/wp\/v2\/media?parent=6109"}],"wp:term":[{"taxonomy":"product_brand","embeddable":true,"href":"https:\/\/turkishtrade.co\/tr\/wp-json\/wp\/v2\/product_brand?post=6109"},{"taxonomy":"product_cat","embeddable":true,"href":"https:\/\/turkishtrade.co\/tr\/wp-json\/wp\/v2\/product_cat?post=6109"},{"taxonomy":"product_tag","embeddable":true,"href":"https:\/\/turkishtrade.co\/tr\/wp-json\/wp\/v2\/product_tag?post=6109"}],"curies":[{"name":"wp","href":"https:\/\/api.w.org\/{rel}","templated":true}]}}