{"id":6098,"date":"2026-01-14T14:08:28","date_gmt":"2026-01-14T14:08:28","guid":{"rendered":"https:\/\/turkishtrade.co\/product\/mens-genuine-leather-loafers\/"},"modified":"2026-04-09T19:13:21","modified_gmt":"2026-04-09T19:13:21","slug":"mens-genuine-leather-loafers","status":"publish","type":"product","link":"https:\/\/turkishtrade.co\/tr\/shop\/mens-genuine-leather-loafers\/","title":{"rendered":"Erkek Hakiki Deri Tokal\u0131 Loafer"},"content":{"rendered":"<p><strong>Erkek Hakiki Deri Loafer'lar<\/strong><\/p>\n<p>Zarif tasar\u0131m\u0131m\u0131zla zamans\u0131z stilin ve benzersiz konforun \u00f6z\u00fcn\u00fc ke\u015ffedin <strong>Erkek Hakiki Deri Loafer'lar<\/strong>. Modern beyefendiler i\u00e7in tasarlanan bu mokasen ayakkab\u0131lar, klasik esteti\u011fi \u00e7a\u011fda\u015f bir yetenekle kusursuz bir \u015fekilde harmanlayarak her se\u00e7kin gard\u0131robun vazge\u00e7ilmez bir par\u00e7as\u0131 haline geliyor. Bu birinci s\u0131n\u0131f ayakkab\u0131lar\u0131n her bir \u00e7ifti <strong>erkek hakiki deri mokasen ayakkab\u0131<\/strong> ola\u011fan\u00fcst\u00fc dayan\u0131kl\u0131l\u0131k ve ger\u00e7ekten g\u00f6ze \u00e7arpan sofistike bir y\u00fczey sa\u011flamak i\u00e7in titizlikle \u00fcretilmi\u015ftir.<\/p>\n<p><h3>Rakipsiz \u0130\u015f\u00e7ilik ve \u00dcst\u00fcn Malzemeler<\/h3>\n<\/p>\n<p>Bu ola\u011fan\u00fcst\u00fc ayakkab\u0131lar\u0131n kalbinde \u00fcst\u00fcn malzeme bile\u015fimi yatmaktad\u0131r. D\u0131\u015f y\u00fczey, yumu\u015fak dokusu, sa\u011flaml\u0131\u011f\u0131 ve zarif g\u00f6r\u00fcn\u00fcm\u00fcyle tan\u0131nan y\u00fcksek kaliteli dana derisinden ustal\u0131kla \u00fcretilmi\u015ftir. Bunu tamamlayan i\u00e7 k\u0131s\u0131m, ayaklar\u0131n\u0131z i\u00e7in inan\u0131lmaz derecede yumu\u015fak ve nefes alabilen bir ortam sa\u011flayarak g\u00fcn boyu konfor sunan l\u00fcks ke\u00e7i derisine sahiptir.<\/p>\n<p>Hafif ancak sa\u011flam EVA taban\u0131 m\u00fckemmel yast\u0131klama ve destek sunarak bu <strong>erkek hakiki deri mokasen ayakkab\u0131<\/strong> \u0130ster \u015fehir sokaklar\u0131nda geziniyor ister \u00f6zel bir etkinli\u011fe kat\u0131l\u0131yor olun, uzun s\u00fcreli kullan\u0131m i\u00e7in m\u00fckemmeldir.<\/p>\n<p>\u0130nce 1-3 cm topuk y\u00fcksekli\u011fi, konfordan \u00f6d\u00fcn vermeden klasik sofistike bir dokunu\u015f katar ve ideal \u2018klasik loafer casual\u2019 stilini somutla\u015ft\u0131r\u0131r.<\/p>\n<p><h3>Her Durum \u0130\u00e7in Farkl\u0131 Tasar\u0131m<\/h3>\n<\/p>\n<p>Kendine \u00f6zg\u00fc tasar\u0131m\u0131, bu \u00e7ok y\u00f6nl\u00fc \u00fcr\u00fcne benzersiz bir karakter dokunu\u015fu katan \u015f\u0131k bir toka vurgusuna sahiptir <strong>erkek hakiki deri mokasen ayakkab\u0131<\/strong>. 39'dan 45'e kadar \u00e7e\u015fitli bedenlerde mevcut olup, geni\u015f bir ayak yelpazesi i\u00e7in m\u00fckemmel uyum sa\u011flar. \u0130ster klasik siyah, ister zengin kahverengi, ister koyu kahverengi (resimlerde g\u00f6sterildi\u011fi gibi) tercih edin, bu <strong>erkek hakiki deri mokasen ayakkab\u0131<\/strong> g\u00fcndelik bir gezintiden daha resmi bir toplant\u0131ya zahmetsizce ge\u00e7i\u015f yapabilen g\u00f6steri\u015fli bir g\u00f6r\u00fcn\u00fcm sunar.<\/p>\n<p>Onlar sadece ayakkab\u0131 de\u011fildir; rafine bir zevkin ve kaliteli i\u015f\u00e7ili\u011fin ifadesidir. Bizim ayakkab\u0131lar\u0131m\u0131z\u0131 se\u00e7ti\u011finizde <strong>erkek hakiki deri mokasen ayakkab\u0131<\/strong>, kal\u0131c\u0131 bir stil se\u00e7iyorsunuz.<\/p>\n<p><h3>Perakendeciler i\u00e7in idealdir: Toplu Bulunabilirlik<\/h3>\n<\/p>\n<p>Toptan sat\u0131\u015f ortaklar\u0131m\u0131z i\u00e7in bunlar <strong>erkek hakiki deri mokasen ayakkab\u0131<\/strong> minimum sipari\u015f miktar\u0131 sadece 8 \u00e7ifttir, bu da onlar\u0131 envanterinizi y\u00fcksek talep g\u00f6ren, kaliteli ayakkab\u0131larla geni\u015fletmek i\u00e7in m\u00fckemmel bir se\u00e7im haline getirir.<\/p>\n<p>G\u00fcvenilir teslimat s\u00fcresi 12 g\u00fcn art\u0131 kargo ile g\u00fcvenle stok yapabilirsiniz. Kal\u0131c\u0131 \u00e7ekicili\u011fimize ve \u00fcst\u00fcn konforumuza yat\u0131r\u0131m yap\u0131n <strong>erkek hakiki deri mokasen ayakkab\u0131<\/strong> ve ayakkab\u0131 koleksiyonunuzu geli\u015ftirin veya m\u00fc\u015fterilerinize hakiki deri ayakkab\u0131larda en iyisini sunun. Bunlar <strong>erkek hakiki deri mokasen ayakkab\u0131<\/strong> y\u0131llarca s\u00fcrecek bir kalite ve stil yat\u0131r\u0131m\u0131n\u0131 temsil eder.<\/p>\n<p>Bu ola\u011fan\u00fcst\u00fc \u00fcr\u00fcnlerde her ad\u0131mda ger\u00e7ek i\u015f\u00e7ili\u011fin yaratt\u0131\u011f\u0131 fark\u0131 deneyimleyin <strong>erkek hakiki deri mokasen ayakkab\u0131<\/strong>.<\/p>","protected":false},"excerpt":{"rendered":"<ul>\n<li><strong>D\u0131\u015f Malzeme:<\/strong> Y\u00fcksek kaliteli dana derisi<\/li>\n<li><strong>\u0130\u00e7 Malzeme:<\/strong> Yumu\u015fak, nefes alabilen Ke\u00e7i Derisi<\/li>\n<li><strong>Taban:<\/strong> Hafif ve destekleyici EVA<\/li>\n<li><strong>Topuk Y\u00fcksekli\u011fi:<\/strong> Optimum konfor i\u00e7in klasik 1-3 cm<\/li>\n<li><strong>Stil:<\/strong> Zarif toka detayl\u0131 rahat loafer<\/li>\n<li><strong>Mevcut Boyutlar:<\/strong> AB 39, 40, 41, 42, 43, 44, 45<\/li>\n<li><strong>Minimum Sipari\u015f:<\/strong> Toptan al\u0131mlar i\u00e7in 8 \u00e7ift<\/li>\n<li><strong>Teslimat S\u00fcresi:<\/strong> 12 G\u00fcn + Kargo<\/li>\n<\/ul>","protected":false},"featured_media":4079,"template":"","meta":{"_acf_changed":false,"_uag_custom_page_level_css":"","site-sidebar-layout":"default","site-content-layout":"","ast-site-content-layout":"default","site-content-style":"default","site-sidebar-style":"default","ast-global-header-display":"","ast-banner-title-visibility":"","ast-main-header-display":"","ast-hfb-above-header-display":"","ast-hfb-below-header-display":"","ast-hfb-mobile-header-display":"","site-post-title":"","ast-breadcrumbs-content":"","ast-featured-img":"","footer-sml-layout":"","ast-disable-related-posts":"","theme-transparent-header-meta":"","adv-header-id-meta":"","stick-header-meta":"","header-above-stick-meta":"","header-main-stick-meta":"","header-below-stick-meta":"","astra-migrate-meta-layouts":"default","ast-page-background-enabled":"default","ast-page-background-meta":{"desktop":{"background-color":"var(--ast-global-color-4)","background-image":"","background-repeat":"repeat","background-position":"center center","background-size":"auto","background-attachment":"scroll","background-type":"","background-media":"","overlay-type":"","overlay-color":"","overlay-opacity":"","overlay-gradient":""},"tablet":{"background-color":"","background-image":"","background-repeat":"repeat","background-position":"center center","background-size":"auto","background-attachment":"scroll","background-type":"","background-media":"","overlay-type":"","overlay-color":"","overlay-opacity":"","overlay-gradient":""},"mobile":{"background-color":"","background-image":"","background-repeat":"repeat","background-position":"center center","background-size":"auto","background-attachment":"scroll","background-type":"","background-media":"","overlay-type":"","overlay-color":"","overlay-opacity":"","overlay-gradient":""}},"ast-content-background-meta":{"desktop":{"background-color":"var(--ast-global-color-5)","background-image":"","background-repeat":"repeat","background-position":"center center","background-size":"auto","background-attachment":"scroll","background-type":"","background-media":"","overlay-type":"","overlay-color":"","overlay-opacity":"","overlay-gradient":""},"tablet":{"background-color":"var(--ast-global-color-5)","background-image":"","background-repeat":"repeat","background-position":"center center","background-size":"auto","background-attachment":"scroll","background-type":"","background-media":"","overlay-type":"","overlay-color":"","overlay-opacity":"","overlay-gradient":""},"mobile":{"background-color":"var(--ast-global-color-5)","background-image":"","background-repeat":"repeat","background-position":"center center","background-size":"auto","background-attachment":"scroll","background-type":"","background-media":"","overlay-type":"","overlay-color":"","overlay-opacity":"","overlay-gradient":""}}},"product_brand":[],"product_cat":[48,49,430,40],"product_tag":[315,555,213,438,959,952,189,219,186,1155,456],"class_list":{"0":"post-6098","1":"product","2":"type-product","3":"status-publish","4":"has-post-thumbnail","6":"product_cat-casual","7":"product_cat-loafer","8":"product_cat-men","9":"product_cat-mens-shoes","10":"product_tag-buckle-loafers","11":"product_tag-calfskin-loafers","12":"product_tag-casual-dress-shoes","13":"product_tag-eva-sole","14":"product_tag-formal-casual-shoes","15":"product_tag-genuine-leather-shoes","16":"product_tag-goat-leather-lining","17":"product_tag-handmade-shoes","18":"product_tag-mens-loafers","19":"product_tag-slip-on-loafers","20":"product_tag-wholesale-loafers","21":"desktop-align-center","22":"tablet-align-center","23":"mobile-align-center","25":"first","26":"instock","27":"shipping-taxable","28":"purchasable","29":"product-type-variable","30":"has-default-attributes"},"acf":[],"uagb_featured_image_src":{"full":["https:\/\/turkishtrade.co\/wp-content\/uploads\/2026\/01\/2400EJOMN00293-DARK-BROWN-X_1342-Fusped-1-usd.png",453,250,false],"thumbnail":["https:\/\/turkishtrade.co\/wp-content\/uploads\/2026\/01\/2400EJOMN00293-DARK-BROWN-X_1342-Fusped-1-usd-150x150.png",150,150,true],"medium":["https:\/\/turkishtrade.co\/wp-content\/uploads\/2026\/01\/2400EJOMN00293-DARK-BROWN-X_1342-Fusped-1-usd-300x166.png",300,166,true],"medium_large":["https:\/\/turkishtrade.co\/wp-content\/uploads\/2026\/01\/2400EJOMN00293-DARK-BROWN-X_1342-Fusped-1-usd.png",453,250,false],"large":["https:\/\/turkishtrade.co\/wp-content\/uploads\/2026\/01\/2400EJOMN00293-DARK-BROWN-X_1342-Fusped-1-usd.png",453,250,false],"1536x1536":["https:\/\/turkishtrade.co\/wp-content\/uploads\/2026\/01\/2400EJOMN00293-DARK-BROWN-X_1342-Fusped-1-usd.png",453,250,false],"2048x2048":["https:\/\/turkishtrade.co\/wp-content\/uploads\/2026\/01\/2400EJOMN00293-DARK-BROWN-X_1342-Fusped-1-usd.png",453,250,false],"trp-custom-language-flag":["https:\/\/turkishtrade.co\/wp-content\/uploads\/2026\/01\/2400EJOMN00293-DARK-BROWN-X_1342-Fusped-1-usd-18x10.png",18,10,true],"woocommerce_thumbnail":["https:\/\/turkishtrade.co\/wp-content\/uploads\/2026\/01\/2400EJOMN00293-DARK-BROWN-X_1342-Fusped-1-usd-400x250.png",400,250,true],"woocommerce_single":["https:\/\/turkishtrade.co\/wp-content\/uploads\/2026\/01\/2400EJOMN00293-DARK-BROWN-X_1342-Fusped-1-usd.png",453,250,false],"woocommerce_gallery_thumbnail":["https:\/\/turkishtrade.co\/wp-content\/uploads\/2026\/01\/2400EJOMN00293-DARK-BROWN-X_1342-Fusped-1-usd-100x100.png",100,100,true]},"uagb_author_info":{"display_name":"yaser olabi","author_link":"https:\/\/turkishtrade.co\/tr\/author\/"},"uagb_comment_info":0,"uagb_excerpt":"Outer Material: High-grade Calfskin Leather Inner Material: Soft, breathable Goat Leather Sole: Lightweight and supportive EVA Heel Height: Classic 1-3 cm for optimal comfort Style: Casual Loafer with elegant buckle detail Available Sizes: EU 39, 40, 41, 42, 43, 44, 45 Minimum Order: 8 pairs for wholesale purchases Delivery Time: 12 Days + Shipping","_links":{"self":[{"href":"https:\/\/turkishtrade.co\/tr\/wp-json\/wp\/v2\/product\/6098","targetHints":{"allow":["GET"]}}],"collection":[{"href":"https:\/\/turkishtrade.co\/tr\/wp-json\/wp\/v2\/product"}],"about":[{"href":"https:\/\/turkishtrade.co\/tr\/wp-json\/wp\/v2\/types\/product"}],"wp:featuredmedia":[{"embeddable":true,"href":"https:\/\/turkishtrade.co\/tr\/wp-json\/wp\/v2\/media\/4079"}],"wp:attachment":[{"href":"https:\/\/turkishtrade.co\/tr\/wp-json\/wp\/v2\/media?parent=6098"}],"wp:term":[{"taxonomy":"product_brand","embeddable":true,"href":"https:\/\/turkishtrade.co\/tr\/wp-json\/wp\/v2\/product_brand?post=6098"},{"taxonomy":"product_cat","embeddable":true,"href":"https:\/\/turkishtrade.co\/tr\/wp-json\/wp\/v2\/product_cat?post=6098"},{"taxonomy":"product_tag","embeddable":true,"href":"https:\/\/turkishtrade.co\/tr\/wp-json\/wp\/v2\/product_tag?post=6098"}],"curies":[{"name":"wp","href":"https:\/\/api.w.org\/{rel}","templated":true}]}}