{"id":6090,"date":"2026-01-14T14:07:25","date_gmt":"2026-01-14T14:07:25","guid":{"rendered":"https:\/\/turkishtrade.co\/product\/mens-suede-leather-derby-shoes\/"},"modified":"2026-04-09T19:13:47","modified_gmt":"2026-04-09T19:13:47","slug":"mens-suede-leather-derby-shoes","status":"publish","type":"product","link":"https:\/\/turkishtrade.co\/tr\/shop\/mens-suede-leather-derby-shoes\/","title":{"rendered":"Premium Erkek S\u00fcet Deri Derby Ayakkab\u0131"},"content":{"rendered":"<p><strong>Erkek S\u00fcet Deri Derby Ayakkab\u0131<\/strong><\/p>\n<h3>Erkek S\u00fcet Deri Derby Ayakkab\u0131lar\u0131m\u0131zla Rakipsiz Stil ve Konforu Ke\u015ffedin<\/h3>\n<p>\u00dcst\u00fcn kaliteli koleksiyonumuzla sofistike konfora ve zamans\u0131z stile ad\u0131m at\u0131n <strong>Erkek S\u00fcet Deri Derby Ayakkab\u0131<\/strong>. Klasik \u015f\u0131kl\u0131\u011f\u0131 modern giyilebilirlikle harmanlamak i\u00e7in titizlikle \u00fcretilen bu ayakkab\u0131lar, se\u00e7ici beyefendiler i\u00e7in m\u00fckemmel bir se\u00e7imdir. \u0130ster g\u00fcndelik bir gezinti ister \u015f\u0131k bir i\u015f etkinli\u011fi i\u00e7in giyiniyor olun, bu ayakkab\u0131lar\u0131m\u0131z <strong>Erkek S\u00fcet Deri Derby Ayakkab\u0131<\/strong> her \u015f\u0131k tak\u0131m i\u00e7in m\u00fckemmel bir temel olu\u015fturur.<\/p>\n<p>Bu ayakkab\u0131lar\u0131 di\u011ferlerinden ay\u0131ran gelenek ve \u00e7a\u011fda\u015f tasar\u0131m\u0131n kar\u0131\u015f\u0131m\u0131n\u0131 deneyimleyin.<\/p>\n<h3>Erkek S\u00fcet Deri Derby Ayakkab\u0131lar\u0131n Her \u00c7iftinde Ola\u011fan\u00fcst\u00fc \u0130\u015f\u00e7ilik ve Birinci S\u0131n\u0131f Malzemeler<\/h3>\n<p>Bu ola\u011fan\u00fcst\u00fc olaylar\u0131n merkezinde <strong>Erkek S\u00fcet Deri Derby Ayakkab\u0131<\/strong> kaliteye ve l\u00fcks malzemelere olan sars\u0131lmaz ba\u011fl\u0131l\u0131\u011f\u0131d\u0131r. D\u0131\u015f y\u00fczey, yumu\u015fak dokunu\u015fu, zarif dokusu ve kal\u0131c\u0131 \u00e7ekicili\u011fi ile tan\u0131nan zengin, kadifemsi dana derisi s\u00fcet kaplamaya sahiptir. Bu birinci s\u0131n\u0131f d\u0131\u015f malzeme sadece zarif g\u00f6r\u00fcnmekle kalmaz, ayn\u0131 zamanda g\u00fcnl\u00fck kullan\u0131m i\u00e7in m\u00fckemmel dayan\u0131kl\u0131l\u0131k sunar.<\/p>\n<p>Sa\u011flam d\u0131\u015f y\u00fczeyi tamamlayan i\u00e7 k\u0131s\u0131m, esnek ke\u00e7i derisiyle astarlanm\u0131\u015ft\u0131r ve yeni ayakkab\u0131n\u0131zla att\u0131\u011f\u0131n\u0131z her ad\u0131mda nefes alabilen ve son derece konforlu bir deneyim sa\u011flar. <strong>Erkek S\u00fcet Deri Derby Ayakkab\u0131<\/strong>.<\/p>\n<p>Klasik derby tasar\u0131m\u0131, g\u00fcn boyunca \u00fcst\u00fcn yast\u0131klama, esneklik ve destek sa\u011flamak i\u00e7in ustal\u0131kla tasarlanm\u0131\u015f hafif ve esnek EVA taban ile daha da geli\u015ftirilmi\u015ftir. 1-3 cm'lik ince ama klasik topuk y\u00fcksekli\u011fi ile bu <strong>Erkek S\u00fcet Deri Derby Ayakkab\u0131<\/strong> rafine y\u00fckseklik ve \u00fcst\u00fcn konforun m\u00fckemmel bir kar\u0131\u015f\u0131m\u0131n\u0131 sunarak her gard\u0131ropta bulunmas\u0131 gereken bir \u00fcr\u00fcn haline getiriyor.<\/p>\n<h3>Erkek S\u00fcet Deri Derby Ayakkab\u0131lar\u0131m\u0131zla Her Duruma Uygun \u00c7ok Y\u00f6nl\u00fcl\u00fck<\/h3>\n<p>Enfes koleksiyonumuz <strong>Erkek S\u00fcet Deri Derby Ayakkab\u0131<\/strong> ola\u011fan\u00fcst\u00fc \u00e7ok y\u00f6nl\u00fcl\u00fck d\u00fc\u015f\u00fcn\u00fclerek tasarlanm\u0131\u015ft\u0131r. Zamans\u0131z siyah ve ay\u0131rt edici zeytin ye\u015fili (\u00fcr\u00fcn g\u00f6rsellerimizde g\u00fczel bir \u015fekilde g\u00f6sterildi\u011fi gibi) dahil olmak \u00fczere sofistike bir palette mevcut olan bu \u015f\u0131k ayakkab\u0131lar, g\u00fcnd\u00fczden geceye ve ofisten rahat bir hafta sonu toplant\u0131s\u0131na sorunsuz bir \u015fekilde ge\u00e7i\u015f yapar.<\/p>\n<p>Klasik ba\u011fc\u0131kl\u0131 stil, g\u00fcvenli ve ayarlanabilir bir uyum sa\u011flayarak ki\u015fiselle\u015ftirilmi\u015f konfor sunarken, \u00e7a\u011fda\u015f s\u00fcet kaplama geleneksel siluete modern bir dokunu\u015f katar. Bu zarif ayakkab\u0131y\u0131 <strong>Erkek S\u00fcet Deri Derby Ayakkab\u0131<\/strong> \u015e\u0131k ve rahat bir g\u00f6r\u00fcn\u00fcm i\u00e7in \u00f6zel dikim pantolonlarla veya g\u00fcnl\u00fck k\u0131yafetler i\u00e7in kaliteli denimlerle. Bunlar bir ayakkab\u0131dan \u00e7ok daha fazlas\u0131; bir ifade.<\/p>\n<h3>Toptan Sat\u0131\u015f F\u0131rsat\u0131: Erkek S\u00fcet Deri Derby Ayakkab\u0131lar\u0131m\u0131z ile Envanterinizi Y\u00fckseltin<\/h3>\n<p>De\u011ferli B2B ortaklar\u0131m\u0131z ve perakendecilerimiz i\u00e7in bu y\u00fcksek kaliteli <strong>Erkek S\u00fcet Deri Derby Ayakkab\u0131<\/strong> \u00fcr\u00fcn envanterinize m\u00fckemmel ve son derece cazip bir katk\u0131 sa\u011flar. Bu birinci s\u0131n\u0131f ayakkab\u0131lar\u0131 39'dan 45'e kadar kapsaml\u0131 bir beden yelpazesinde sunarak geni\u015f bir m\u00fc\u015fteri taban\u0131na etkili bir \u015fekilde hitap edebilmenizi sa\u011fl\u0131yoruz. Yaln\u0131zca 8 \u00e7iftlik minimum sipari\u015f miktar\u0131yla, bu aranan \u00fcr\u00fcnleri stoklamak kolay ve verimli olup m\u00fc\u015fteri memnuniyetini garanti eder.<\/p>\n<p>Yakla\u015f\u0131k 12 g\u00fcn art\u0131 nakliye gibi g\u00fcvenilir bir teslimat s\u00fcresiyle ola\u011fan\u00fcst\u00fc de\u011fer, \u00fcst\u00fcn kalite ve verimli hizmet sunmaya derinden ba\u011fl\u0131y\u0131z. Rekabet\u00e7i toptan sat\u0131\u015f fiyatlar\u0131n\u0131 g\u00f6r\u00fc\u015fmek i\u00e7in bug\u00fcn bize ula\u015f\u0131n ve bu ola\u011fan\u00fcst\u00fc <strong>Erkek S\u00fcet Deri Derby Ayakkab\u0131<\/strong> \u00fcr\u00fcn sunumunuzu \u00f6nemli \u00f6l\u00e7\u00fcde geli\u015ftirebilir ve m\u00fc\u015fterilerinize hitap edebilir.<\/p>","protected":false},"excerpt":{"rendered":"<ul>\n<li>L\u00fcks s\u00fcet kaplamal\u0131 hakiki dana derisinden \u00fcretilmi\u015ftir.<\/li>\n<li>\u00dcst\u00fcn konfor i\u00e7in yumu\u015fak ve nefes alabilen ke\u00e7i derisi i\u00e7 astar.<\/li>\n<li>Hafif ve esnek EVA taban m\u00fckemmel yast\u0131klama sa\u011flar.<\/li>\n<li>Zarif ve rahat bir ad\u0131m i\u00e7in klasik 1-3 cm topuk y\u00fcksekli\u011fi.<\/li>\n<li>Kapsaml\u0131 bir beden aral\u0131\u011f\u0131nda mevcuttur: 39, 40, 41, 42, 43, 44, 45.<\/li>\n<li>Minimum sipari\u015f miktar\u0131: 8 \u00e7ift, toptan sat\u0131\u015f ortaklar\u0131 i\u00e7in m\u00fckemmel.<\/li>\n<li>Yakla\u015f\u0131k 12 g\u00fcn i\u00e7inde teslimat art\u0131 nakliye.<\/li>\n<\/ul>","protected":false},"featured_media":4071,"template":"","meta":{"_acf_changed":false,"_uag_custom_page_level_css":"","site-sidebar-layout":"default","site-content-layout":"","ast-site-content-layout":"default","site-content-style":"default","site-sidebar-style":"default","ast-global-header-display":"","ast-banner-title-visibility":"","ast-main-header-display":"","ast-hfb-above-header-display":"","ast-hfb-below-header-display":"","ast-hfb-mobile-header-display":"","site-post-title":"","ast-breadcrumbs-content":"","ast-featured-img":"","footer-sml-layout":"","ast-disable-related-posts":"","theme-transparent-header-meta":"default","adv-header-id-meta":"","stick-header-meta":"","header-above-stick-meta":"","header-main-stick-meta":"","header-below-stick-meta":"","astra-migrate-meta-layouts":"set","ast-page-background-enabled":"default","ast-page-background-meta":{"desktop":{"background-color":"var(--ast-global-color-4)","background-image":"","background-repeat":"repeat","background-position":"center center","background-size":"auto","background-attachment":"scroll","background-type":"","background-media":"","overlay-type":"","overlay-color":"","overlay-opacity":"","overlay-gradient":""},"tablet":{"background-color":"","background-image":"","background-repeat":"repeat","background-position":"center center","background-size":"auto","background-attachment":"scroll","background-type":"","background-media":"","overlay-type":"","overlay-color":"","overlay-opacity":"","overlay-gradient":""},"mobile":{"background-color":"","background-image":"","background-repeat":"repeat","background-position":"center center","background-size":"auto","background-attachment":"scroll","background-type":"","background-media":"","overlay-type":"","overlay-color":"","overlay-opacity":"","overlay-gradient":""}},"ast-content-background-meta":{"desktop":{"background-color":"var(--ast-global-color-5)","background-image":"","background-repeat":"repeat","background-position":"center center","background-size":"auto","background-attachment":"scroll","background-type":"","background-media":"","overlay-type":"","overlay-color":"","overlay-opacity":"","overlay-gradient":""},"tablet":{"background-color":"var(--ast-global-color-5)","background-image":"","background-repeat":"repeat","background-position":"center center","background-size":"auto","background-attachment":"scroll","background-type":"","background-media":"","overlay-type":"","overlay-color":"","overlay-opacity":"","overlay-gradient":""},"mobile":{"background-color":"var(--ast-global-color-5)","background-image":"","background-repeat":"repeat","background-position":"center center","background-size":"auto","background-attachment":"scroll","background-type":"","background-media":"","overlay-type":"","overlay-color":"","overlay-opacity":"","overlay-gradient":""}}},"product_brand":[],"product_cat":[48,49,430,40],"product_tag":[200,202,449,222,212,438,437,227,1152,210,283,281],"class_list":{"0":"post-6090","1":"product","2":"type-product","3":"status-publish","4":"has-post-thumbnail","6":"product_cat-casual","7":"product_cat-loafer","8":"product_cat-men","9":"product_cat-mens-shoes","10":"product_tag-business-casual","11":"product_tag-calf-leather","12":"product_tag-casual-shoes","13":"product_tag-comfortable-shoes","14":"product_tag-derby-shoes","15":"product_tag-eva-sole","16":"product_tag-goat-leather","17":"product_tag-leather-shoes","18":"product_tag-quality-shoes","19":"product_tag-smart-casual","20":"product_tag-suede-shoes","21":"product_tag-wholesale-shoes","22":"desktop-align-center","23":"tablet-align-center","24":"mobile-align-center","26":"first","27":"instock","28":"sale","29":"shipping-taxable","30":"purchasable","31":"product-type-variable","32":"has-default-attributes"},"acf":[],"uagb_featured_image_src":{"full":["https:\/\/turkishtrade.co\/wp-content\/uploads\/2026\/01\/2400EJOMN00248-OLIVE-X_12577-4-USD.png",453,250,false],"thumbnail":["https:\/\/turkishtrade.co\/wp-content\/uploads\/2026\/01\/2400EJOMN00248-OLIVE-X_12577-4-USD-150x150.png",150,150,true],"medium":["https:\/\/turkishtrade.co\/wp-content\/uploads\/2026\/01\/2400EJOMN00248-OLIVE-X_12577-4-USD-300x166.png",300,166,true],"medium_large":["https:\/\/turkishtrade.co\/wp-content\/uploads\/2026\/01\/2400EJOMN00248-OLIVE-X_12577-4-USD.png",453,250,false],"large":["https:\/\/turkishtrade.co\/wp-content\/uploads\/2026\/01\/2400EJOMN00248-OLIVE-X_12577-4-USD.png",453,250,false],"1536x1536":["https:\/\/turkishtrade.co\/wp-content\/uploads\/2026\/01\/2400EJOMN00248-OLIVE-X_12577-4-USD.png",453,250,false],"2048x2048":["https:\/\/turkishtrade.co\/wp-content\/uploads\/2026\/01\/2400EJOMN00248-OLIVE-X_12577-4-USD.png",453,250,false],"trp-custom-language-flag":["https:\/\/turkishtrade.co\/wp-content\/uploads\/2026\/01\/2400EJOMN00248-OLIVE-X_12577-4-USD-18x10.png",18,10,true],"woocommerce_thumbnail":["https:\/\/turkishtrade.co\/wp-content\/uploads\/2026\/01\/2400EJOMN00248-OLIVE-X_12577-4-USD-400x250.png",400,250,true],"woocommerce_single":["https:\/\/turkishtrade.co\/wp-content\/uploads\/2026\/01\/2400EJOMN00248-OLIVE-X_12577-4-USD.png",453,250,false],"woocommerce_gallery_thumbnail":["https:\/\/turkishtrade.co\/wp-content\/uploads\/2026\/01\/2400EJOMN00248-OLIVE-X_12577-4-USD-100x100.png",100,100,true]},"uagb_author_info":{"display_name":"yaser olabi","author_link":"https:\/\/turkishtrade.co\/tr\/author\/"},"uagb_comment_info":0,"uagb_excerpt":"Crafted from genuine calf leather outer with a luxurious suede finish. Soft and breathable goat leather inner lining for superior comfort. Lightweight and flexible EVA sole provides excellent cushioning. Classic 1-3 cm heel height for a refined, comfortable stride. Available in a comprehensive size range: 39, 40, 41, 42, 43, 44, 45. Minimum order quantity:&hellip;","_links":{"self":[{"href":"https:\/\/turkishtrade.co\/tr\/wp-json\/wp\/v2\/product\/6090","targetHints":{"allow":["GET"]}}],"collection":[{"href":"https:\/\/turkishtrade.co\/tr\/wp-json\/wp\/v2\/product"}],"about":[{"href":"https:\/\/turkishtrade.co\/tr\/wp-json\/wp\/v2\/types\/product"}],"wp:featuredmedia":[{"embeddable":true,"href":"https:\/\/turkishtrade.co\/tr\/wp-json\/wp\/v2\/media\/4071"}],"wp:attachment":[{"href":"https:\/\/turkishtrade.co\/tr\/wp-json\/wp\/v2\/media?parent=6090"}],"wp:term":[{"taxonomy":"product_brand","embeddable":true,"href":"https:\/\/turkishtrade.co\/tr\/wp-json\/wp\/v2\/product_brand?post=6090"},{"taxonomy":"product_cat","embeddable":true,"href":"https:\/\/turkishtrade.co\/tr\/wp-json\/wp\/v2\/product_cat?post=6090"},{"taxonomy":"product_tag","embeddable":true,"href":"https:\/\/turkishtrade.co\/tr\/wp-json\/wp\/v2\/product_tag?post=6090"}],"curies":[{"name":"wp","href":"https:\/\/api.w.org\/{rel}","templated":true}]}}