{"id":6082,"date":"2026-01-14T14:06:44","date_gmt":"2026-01-14T14:06:44","guid":{"rendered":"https:\/\/turkishtrade.co\/product\/mens-suede-casual-derby-shoes\/"},"modified":"2026-04-09T19:14:06","modified_gmt":"2026-04-09T19:14:06","slug":"mens-suede-casual-derby-shoes","status":"publish","type":"product","link":"https:\/\/turkishtrade.co\/tr\/shop\/mens-suede-casual-derby-shoes\/","title":{"rendered":"Premium Erkek S\u00fcet G\u00fcnl\u00fck Derby Ayakkab\u0131"},"content":{"rendered":"<p><strong>Erkek S\u00fcet G\u00fcnl\u00fck Derby Ayakkab\u0131<\/strong><\/p>\n<p>Enfes tasar\u0131m\u0131m\u0131zla benzersiz bir stil ve konfora ad\u0131m at\u0131n <b>erkek s\u00fcet g\u00fcnl\u00fck derby ayakkab\u0131<\/b>. Hem esteti\u011fe hem de rahatl\u0131\u011fa de\u011fer veren modern beyefendiler i\u00e7in tasarlanan bu ayakkab\u0131lar, \u00fcst\u00fcn i\u015f\u00e7ili\u011fin ve \u00f6zenli tasar\u0131m\u0131n bir kan\u0131t\u0131d\u0131r. \u015e\u0131k ve rahat gezintilerden rahat ofis ortamlar\u0131na kadar say\u0131s\u0131z durum i\u00e7in m\u00fckemmel olan bu ayakkab\u0131lar <b>erkek s\u00fcet g\u00fcnl\u00fck derby ayakkab\u0131<\/b> her se\u00e7kin gard\u0131rop i\u00e7in \u00e7ok y\u00f6nl\u00fc bir katk\u0131 sunar.<\/p>\n<p>Her ad\u0131mda geleneksel ayakkab\u0131 yap\u0131m sanat\u0131n\u0131n ve \u00e7a\u011fda\u015f modan\u0131n m\u00fckemmel kar\u0131\u015f\u0131m\u0131n\u0131 deneyimleyin.<\/p>\n<h3>Rakipsiz Kalite ve Malzemeler<\/h3>\n<p>Bu premium \u00fcr\u00fcnlerin her bir \u00e7ifti <b>erkek s\u00fcet g\u00fcnl\u00fck derby ayakkab\u0131<\/b> sadece en iyi malzemeler kullan\u0131larak titizlikle \u00fcretilmi\u015ftir. D\u0131\u015f y\u00fczeyi, sadece harika g\u00f6r\u00fcnmekle kalmay\u0131p ayn\u0131 zamanda inan\u0131lmaz derecede esnek hissettiren yumu\u015fak, sofistike bir s\u00fcet dokusu elde etmek i\u00e7in ustal\u0131kla i\u015flenmi\u015f l\u00fcks dana derisine sahiptir. Bu \u00e7arp\u0131c\u0131 d\u0131\u015f y\u00fczeyi tamamlayan p\u00fcr\u00fczs\u00fcz, nefes alabilen ke\u00e7i derisinden i\u00e7 astar, g\u00fcn boyunca rahat ve s\u0131k\u0131 bir uyum sa\u011flar.<\/p>\n<p>Do\u011fal malzemelerin \u00f6zenle se\u00e7ilmesi dayan\u0131kl\u0131l\u0131k, nefes alabilirlik ve rakipsiz genel bir \u00fcst\u00fcnl\u00fck hissini garanti eder ve bu malzemeleri sizin i\u00e7in vazge\u00e7ilmez k\u0131lar. <b>erkek s\u00fcet g\u00fcnl\u00fck derby ayakkab\u0131<\/b>.<\/p>\n<h3>Konfor ve Stil i\u00e7in Tasarland\u0131<\/h3>\n<p>Konfor bizim i\u00e7in her \u015feyden \u00f6nemlidir <b>erkek s\u00fcet g\u00fcnl\u00fck derby ayakkab\u0131<\/b>. Hafif ancak sa\u011flam EVA taban, ola\u011fan\u00fcst\u00fc yast\u0131klama, \u015fok emilimi ve \u00e7e\u015fitli y\u00fczeylerde g\u00fcvenilir kavrama sunan \u00f6nemli bir \u00f6zelliktir. Bu yenilik\u00e7i taban tasar\u0131m\u0131, klasik 1-3 cm topuk y\u00fcksekli\u011fi ile birle\u015fti\u011finde, stilden \u00f6d\u00fcn vermeden istikrarl\u0131 bir destek sa\u011flar.<\/p>\n<p>\u0130konik Derby ba\u011fc\u0131k sistemi ayarlanabilir bir uyum sa\u011flar ve bu <b>erkek s\u00fcet g\u00fcnl\u00fck derby ayakkab\u0131<\/b> \u00e7e\u015fitli ayak geni\u015flikleri i\u00e7in uygundur. Zarif moc-toe diki\u015fi, rafine bir rahatl\u0131k dokunu\u015fu katarak m\u00fcmk\u00fcn olan en iyi \u015fekilde \u00f6ne \u00e7\u0131kmas\u0131n\u0131 sa\u011flar. \u0130ster koyu lacivert ister sofistike bej rengi se\u00e7in, bu <b>erkek s\u00fcet g\u00fcnl\u00fck derby ayakkab\u0131<\/b> etkilemek ve t\u00fcm g\u00fcn giyilebilirlik sa\u011flamak i\u00e7in tasarlanm\u0131\u015ft\u0131r.<\/p>\n<h3>Toptan Sat\u0131\u015f F\u0131rsatlar\u0131 ve Zaman\u0131nda Teslimat<\/h3>\n<p>Bizim <b>erkek s\u00fcet g\u00fcnl\u00fck derby ayakkab\u0131<\/b> sadece bireysel tarzla ilgili de\u011fildir; ayn\u0131 zamanda toplu sipari\u015fler i\u00e7in de mevcuttur, bu da onlar\u0131 y\u00fcksek kaliteli, modaya uygun ayakkab\u0131lar arayan perakendeciler veya i\u015fletmeler i\u00e7in ideal bir se\u00e7im haline getirir.<\/p>\n<p>Minimum sipari\u015f miktar\u0131 sadece 8 \u00e7ift ve teslimat s\u00fcresi yakla\u015f\u0131k 12 g\u00fcn art\u0131 nakliye ile bu ola\u011fan\u00fcst\u00fc \u00fcr\u00fcnleri stoklamak <b>erkek s\u00fcet g\u00fcnl\u00fck derby ayakkab\u0131<\/b> hem kullan\u0131\u015fl\u0131 hem de verimlidir.<\/p>\n<p>M\u00fc\u015fterilerinize g\u00fcndelik \u015f\u0131kl\u0131\u011f\u0131n en \u00fcst d\u00fczeyini sunarak d\u0131\u015far\u0131ya g\u00fcven ve rahatl\u0131kla ad\u0131m atmalar\u0131n\u0131 sa\u011flay\u0131n. Bunlar <b>erkek s\u00fcet g\u00fcnl\u00fck derby ayakkab\u0131<\/b> her koleksiyon i\u00e7in kaliteye ve zamans\u0131z \u00e7ekicili\u011fe yap\u0131lan bir yat\u0131r\u0131m\u0131 temsil eder.<\/p>","protected":false},"excerpt":{"rendered":"<ul>\n<li>Sofistike bir s\u00fcet kaplama i\u00e7in birinci s\u0131n\u0131f dana derisinden el yap\u0131m\u0131 olarak \u00fcretilmi\u015ftir.<\/li>\n<li>L\u00fcks ke\u00e7i derisi i\u00e7 astar ola\u011fan\u00fcst\u00fc konfor ve nefes alabilirlik sa\u011flar.<\/li>\n<li>Hafif ve dayan\u0131kl\u0131 EVA taban, \u00fcst\u00fcn yast\u0131klama ve g\u00fcvenilir kavrama sa\u011flar.<\/li>\n<li>Geni\u015f bir beden yelpazesinde mevcuttur: AB 39, 40, 41, 42, 43, 44, 45.<\/li>\n<li>Zamans\u0131z bir \u00e7ekicilik i\u00e7in klasik 1-3 cm topuk y\u00fcksekli\u011fine sahiptir.<\/li>\n<li>Minimum sipari\u015f miktar\u0131: 8 \u00e7ift, toptan ve toplu al\u0131mlar i\u00e7in idealdir.<\/li>\n<li>Etkin stok yenileme i\u00e7in 12 g\u00fcn i\u00e7inde teslimat + nakliye.<\/li>\n<\/ul>","protected":false},"featured_media":4067,"template":"","meta":{"_acf_changed":false,"_uag_custom_page_level_css":"","site-sidebar-layout":"default","site-content-layout":"","ast-site-content-layout":"default","site-content-style":"default","site-sidebar-style":"default","ast-global-header-display":"","ast-banner-title-visibility":"","ast-main-header-display":"","ast-hfb-above-header-display":"","ast-hfb-below-header-display":"","ast-hfb-mobile-header-display":"","site-post-title":"","ast-breadcrumbs-content":"","ast-featured-img":"","footer-sml-layout":"","ast-disable-related-posts":"","theme-transparent-header-meta":"default","adv-header-id-meta":"","stick-header-meta":"","header-above-stick-meta":"","header-main-stick-meta":"","header-below-stick-meta":"","astra-migrate-meta-layouts":"set","ast-page-background-enabled":"default","ast-page-background-meta":{"desktop":{"background-color":"var(--ast-global-color-4)","background-image":"","background-repeat":"repeat","background-position":"center center","background-size":"auto","background-attachment":"scroll","background-type":"","background-media":"","overlay-type":"","overlay-color":"","overlay-opacity":"","overlay-gradient":""},"tablet":{"background-color":"","background-image":"","background-repeat":"repeat","background-position":"center center","background-size":"auto","background-attachment":"scroll","background-type":"","background-media":"","overlay-type":"","overlay-color":"","overlay-opacity":"","overlay-gradient":""},"mobile":{"background-color":"","background-image":"","background-repeat":"repeat","background-position":"center center","background-size":"auto","background-attachment":"scroll","background-type":"","background-media":"","overlay-type":"","overlay-color":"","overlay-opacity":"","overlay-gradient":""}},"ast-content-background-meta":{"desktop":{"background-color":"var(--ast-global-color-5)","background-image":"","background-repeat":"repeat","background-position":"center center","background-size":"auto","background-attachment":"scroll","background-type":"","background-media":"","overlay-type":"","overlay-color":"","overlay-opacity":"","overlay-gradient":""},"tablet":{"background-color":"var(--ast-global-color-5)","background-image":"","background-repeat":"repeat","background-position":"center center","background-size":"auto","background-attachment":"scroll","background-type":"","background-media":"","overlay-type":"","overlay-color":"","overlay-opacity":"","overlay-gradient":""},"mobile":{"background-color":"var(--ast-global-color-5)","background-image":"","background-repeat":"repeat","background-position":"center center","background-size":"auto","background-attachment":"scroll","background-type":"","background-media":"","overlay-type":"","overlay-color":"","overlay-opacity":"","overlay-gradient":""}}},"product_brand":[],"product_cat":[48,49,430,40],"product_tag":[1141,674,202,449,145,222,212,438,437,198,479,350,283,281],"class_list":{"0":"post-6082","1":"product","2":"type-product","3":"status-publish","4":"has-post-thumbnail","6":"product_cat-casual","7":"product_cat-loafer","8":"product_cat-men","9":"product_cat-mens-shoes","10":"product_tag-beige-shoes","11":"product_tag-bulk-shoes","12":"product_tag-calf-leather","13":"product_tag-casual-shoes","14":"product_tag-classic-shoes","15":"product_tag-comfortable-shoes","16":"product_tag-derby-shoes","17":"product_tag-eva-sole","18":"product_tag-goat-leather","19":"product_tag-mens-fashion","20":"product_tag-navy-shoes","21":"product_tag-stylish-mens-footwear","22":"product_tag-suede-shoes","23":"product_tag-wholesale-shoes","24":"desktop-align-center","25":"tablet-align-center","26":"mobile-align-center","28":"first","29":"instock","30":"sale","31":"shipping-taxable","32":"purchasable","33":"product-type-variable","34":"has-default-attributes"},"acf":[],"uagb_featured_image_src":{"full":["https:\/\/turkishtrade.co\/wp-content\/uploads\/2026\/01\/2400EJOMN00232-CAMEL-DKS_431-3-USD.png",453,250,false],"thumbnail":["https:\/\/turkishtrade.co\/wp-content\/uploads\/2026\/01\/2400EJOMN00232-CAMEL-DKS_431-3-USD-150x150.png",150,150,true],"medium":["https:\/\/turkishtrade.co\/wp-content\/uploads\/2026\/01\/2400EJOMN00232-CAMEL-DKS_431-3-USD-300x166.png",300,166,true],"medium_large":["https:\/\/turkishtrade.co\/wp-content\/uploads\/2026\/01\/2400EJOMN00232-CAMEL-DKS_431-3-USD.png",453,250,false],"large":["https:\/\/turkishtrade.co\/wp-content\/uploads\/2026\/01\/2400EJOMN00232-CAMEL-DKS_431-3-USD.png",453,250,false],"1536x1536":["https:\/\/turkishtrade.co\/wp-content\/uploads\/2026\/01\/2400EJOMN00232-CAMEL-DKS_431-3-USD.png",453,250,false],"2048x2048":["https:\/\/turkishtrade.co\/wp-content\/uploads\/2026\/01\/2400EJOMN00232-CAMEL-DKS_431-3-USD.png",453,250,false],"trp-custom-language-flag":["https:\/\/turkishtrade.co\/wp-content\/uploads\/2026\/01\/2400EJOMN00232-CAMEL-DKS_431-3-USD-18x10.png",18,10,true],"woocommerce_thumbnail":["https:\/\/turkishtrade.co\/wp-content\/uploads\/2026\/01\/2400EJOMN00232-CAMEL-DKS_431-3-USD-400x250.png",400,250,true],"woocommerce_single":["https:\/\/turkishtrade.co\/wp-content\/uploads\/2026\/01\/2400EJOMN00232-CAMEL-DKS_431-3-USD.png",453,250,false],"woocommerce_gallery_thumbnail":["https:\/\/turkishtrade.co\/wp-content\/uploads\/2026\/01\/2400EJOMN00232-CAMEL-DKS_431-3-USD-100x100.png",100,100,true]},"uagb_author_info":{"display_name":"yaser olabi","author_link":"https:\/\/turkishtrade.co\/tr\/author\/"},"uagb_comment_info":0,"uagb_excerpt":"Handcrafted from premium calf leather exterior for a sophisticated suede finish. Luxurious goat leather interior lining ensures exceptional comfort and breathability. Lightweight and durable EVA sole provides superior cushioning and reliable grip. Available in a wide range of sizes: EU 39, 40, 41, 42, 43, 44, 45. Features a classic 1-3 cm heel height for&hellip;","_links":{"self":[{"href":"https:\/\/turkishtrade.co\/tr\/wp-json\/wp\/v2\/product\/6082","targetHints":{"allow":["GET"]}}],"collection":[{"href":"https:\/\/turkishtrade.co\/tr\/wp-json\/wp\/v2\/product"}],"about":[{"href":"https:\/\/turkishtrade.co\/tr\/wp-json\/wp\/v2\/types\/product"}],"wp:featuredmedia":[{"embeddable":true,"href":"https:\/\/turkishtrade.co\/tr\/wp-json\/wp\/v2\/media\/4067"}],"wp:attachment":[{"href":"https:\/\/turkishtrade.co\/tr\/wp-json\/wp\/v2\/media?parent=6082"}],"wp:term":[{"taxonomy":"product_brand","embeddable":true,"href":"https:\/\/turkishtrade.co\/tr\/wp-json\/wp\/v2\/product_brand?post=6082"},{"taxonomy":"product_cat","embeddable":true,"href":"https:\/\/turkishtrade.co\/tr\/wp-json\/wp\/v2\/product_cat?post=6082"},{"taxonomy":"product_tag","embeddable":true,"href":"https:\/\/turkishtrade.co\/tr\/wp-json\/wp\/v2\/product_tag?post=6082"}],"curies":[{"name":"wp","href":"https:\/\/api.w.org\/{rel}","templated":true}]}}