{"id":6079,"date":"2026-01-14T14:06:17","date_gmt":"2026-01-14T14:06:17","guid":{"rendered":"https:\/\/turkishtrade.co\/product\/men-s-suede-loafers-5\/"},"modified":"2026-04-09T19:14:12","modified_gmt":"2026-04-09T19:14:12","slug":"mens-suede-loafers-3","status":"publish","type":"product","link":"https:\/\/turkishtrade.co\/tr\/shop\/mens-suede-loafers-3\/","title":{"rendered":"Tokal\u0131 Erkek Klasik S\u00fcet Deri Loafer"},"content":{"rendered":"<p><strong>Erkek S\u00fcet Loafer<\/strong><\/p>\n<p>Enfes koleksiyonumuzla g\u00fcnl\u00fck stilinizi ve konforunuzu y\u00fckseltin <b>Erkek S\u00fcet Loafer<\/b>. Klasik tasar\u0131m\u0131 modern konforla m\u00fckemmel bir \u015fekilde harmanlayan bu mokasen ayakkab\u0131lar, \u00fcst\u00fcn i\u015f\u00e7ili\u011fin ve zamans\u0131z \u015f\u0131kl\u0131\u011f\u0131n bir kan\u0131t\u0131d\u0131r. \u0130ster g\u00fcndelik bir brunch'a, ister \u00f6nemli bir toplant\u0131ya ya da yar\u0131 resmi bir etkinli\u011fe gidiyor olun, bu \u00e7ok y\u00f6nl\u00fc <b>Erkek S\u00fcet Loafer<\/b> kal\u0131c\u0131 bir etki b\u0131rakmak i\u00e7in tasarlanm\u0131\u015ft\u0131r ve her tak\u0131ma sofistike bir cazibe katar.<\/p>\n<h3>Benzersiz \u0130\u015f\u00e7ilik ve \u00dcst\u00fcn Kaliteli Malzemeler<\/h3>\n<p>Her bir \u00e7iftimiz <b>Erkek S\u00fcet Loafer<\/b> sadece en iyi malzemeler kullan\u0131larak titizlikle \u00fcretilmi\u015ftir ve hem dayan\u0131kl\u0131l\u0131k hem de l\u00fcks konfor sa\u011flar. D\u0131\u015f y\u00fczey, hem sofistike hem de son derece esnek olan yumu\u015fak, zengin bir s\u00fcet kaplama sunan hakiki dana derisine sahiptir. Bu y\u00fcksek kaliteli d\u0131\u015f y\u00fczey, zaman i\u00e7inde benzersiz bir patina geli\u015ftirerek zarif bir \u015fekilde ya\u015flanmay\u0131 vaat ediyor.<\/p>\n<p>\u0130\u00e7ine girdi\u011finizde inan\u0131lmaz yumu\u015fak ke\u00e7i derisi astar\u0131n \u00fcst\u00fcn konforunu ya\u015fayacaks\u0131n\u0131z. Bu \u00f6zenli i\u00e7 malzeme se\u00e7imi, ola\u011fan\u00fcst\u00fc nefes alabilirlik ve cildinize kar\u015f\u0131 pel\u00fc\u015f bir his sa\u011flayarak bu mokasenleri g\u00fcn boyu giymeyi bir zevk haline getirir. Dana ve ke\u00e7i derisinin \u00f6zenle bir araya getirilmesi, sadece harika g\u00f6r\u00fcnmekle kalmayan, ayn\u0131 zamanda aya\u011f\u0131n\u0131zda inan\u0131lmaz bir his uyand\u0131ran ve ki\u015fiye \u00f6zel bir uyum i\u00e7in \u015fekline uyum sa\u011flayan bir ayakkab\u0131 sa\u011flar.<\/p>\n<p>Bu ola\u011fan\u00fcst\u00fc projelerin temeli <b>Erkek S\u00fcet Loafer<\/b> hafif ama sa\u011flam bir EVA taband\u0131r. M\u00fckemmel yast\u0131klama \u00f6zellikleriyle tan\u0131nan EVA taban, \u00fcst\u00fcn \u015fok emilimi sa\u011flayarak her ad\u0131m\u0131 daha hafif ve daha rahat hale getirir. Klasik topuk y\u00fcksekli\u011fi 1-3 cm olan bu mokasen ayakkab\u0131lar, ister \u015fehir sokaklar\u0131nda y\u00fcr\u00fcrken ister sosyal toplant\u0131larda ayakta dururken yorulmadan s\u00fcrekli kullan\u0131m i\u00e7in ideal olan m\u00fckemmel bir stil ve pratiklik dengesi sunar.<\/p>\n<h3>Zamans\u0131z Tasar\u0131m ve \u00c7ok Y\u00f6nl\u00fc Stil<\/h3>\n<p>Bizim <b>Erkek S\u00fcet Loafer<\/b> rafine bir karakter ve sofistike bir dokunu\u015f katan zarif toka detaylar\u0131yla zenginle\u015ftirilmi\u015f klasik bir loafer siluetine sahiptir. S\u0131rt k\u0131sm\u0131ndaki karma\u015f\u0131k, elle dikilmi\u015f detaylar, zanaatkar \u00e7ekicili\u011fini daha da ortaya koyarak bu ayakkab\u0131lar\u0131 s\u0131radan ayakkab\u0131lardan ay\u0131r\u0131yor.<\/p>\n<p>Koyu siyah ve zengin kahverengi olmak \u00fczere evrensel olarak \u00e7ekici iki renk tonunda sunulan bu modeller, keskin chino pantolonlar ve g\u00fcnl\u00fck kotlardan daha \u00f6zel pantolonlara kadar \u00e7ok \u00e7e\u015fitli k\u0131yafetleri ve renk paletlerini tamamlayacak \u015fekilde tasarlanm\u0131\u015ft\u0131r. Ger\u00e7ek \u00e7ok y\u00f6nl\u00fcl\u00fc\u011f\u00fc deneyimleyin <b>Erkek S\u00fcet Loafer<\/b> Ofis rahatl\u0131\u011f\u0131ndan hafta sonu \u015f\u0131kl\u0131\u011f\u0131na zahmetsizce ge\u00e7i\u015f yaparak her zaman \u015f\u0131k ve bir arada g\u00f6r\u00fcnmenizi sa\u011flar. Bunlar sadece ayakkab\u0131 de\u011fil; kal\u0131c\u0131 bir stil yat\u0131r\u0131m\u0131d\u0131r.<\/p>\n<h3>Toplu Sipari\u015fler ve Perakendeciler i\u00e7in M\u00fckemmel<\/h3>\n<p>Perakendeciler, butikler ve se\u00e7ici m\u00fc\u015fterilerde yank\u0131 uyand\u0131ran y\u00fcksek kaliteli, \u015f\u0131k ayakkab\u0131lar sunmak isteyen i\u015fletmeler i\u00e7in <b>Erkek S\u00fcet Loafer<\/b> ideal bir se\u00e7imdir. Envanterinizi verimli bir \u015fekilde stoklayabilmenizi ve pazar talebini kar\u015f\u0131layabilmenizi sa\u011flamak i\u00e7in minimum 8 \u00e7ift sat\u0131n alma gereksinimi ile toplu sipari\u015flere hitap ediyoruz. AB 39 ila 45 aras\u0131nda de\u011fi\u015fen mevcut bedenlerle, farkl\u0131 bir m\u00fc\u015fteri kitlesine g\u00fcvenle hizmet verebilirsiniz.<\/p>\n<p>Kolayla\u015ft\u0131r\u0131lm\u0131\u015f \u00fcretim ve lojistik s\u00fcrecimiz, yakla\u015f\u0131k 12 g\u00fcnl\u00fck g\u00fcvenilir teslimat s\u00fcresinin yan\u0131 s\u0131ra tutarl\u0131 ve zaman\u0131nda stok yenilemesine olanak tan\u0131yan nakliye sa\u011flar. Kaliteye, konfora ve sofistike stile yat\u0131r\u0131m yap\u0131n. Bizimkileri se\u00e7in <b>Erkek S\u00fcet Loafer<\/b> M\u00fc\u015fterilerinize geleneksel \u015f\u0131kl\u0131\u011f\u0131 g\u00fcn\u00fcm\u00fcz konforuyla birle\u015ftiren birinci s\u0131n\u0131f bir ayakkab\u0131 se\u00e7ene\u011fi sunarak, \u00fcr\u00fcn sunumunuzu hem memnuniyet hem de stil vaat eden aranan bir \u00fcr\u00fcnle geli\u015ftirmek i\u00e7in m\u00fckemmel bir f\u0131rsat sunar.<\/p>","protected":false},"excerpt":{"rendered":"<ul>\n<li><strong>D\u0131\u015f Malzeme:<\/strong> Premium Dana Derisi (S\u00fcet Kaplama)<\/li>\n<li><strong>\u0130\u00e7 Malzeme:<\/strong> Yumu\u015fak Ke\u00e7i Derisi Astar<\/li>\n<li><strong>Taban:<\/strong> Hafif ve Dayan\u0131kl\u0131 EVA<\/li>\n<li><strong>Topuk Y\u00fcksekli\u011fi:<\/strong> Klasik 1-3cm<\/li>\n<li><strong>Mevcut Boyutlar:<\/strong> AB 39-45<\/li>\n<li><strong>Toplu Bulunabilirlik:<\/strong> Minimum 8 \u00e7ift sipari\u015f<\/li>\n<li><strong>Teslimat S\u00fcresi:<\/strong> 12 G\u00fcn + Kargo<\/li>\n<\/ul>","protected":false},"featured_media":4063,"template":"","meta":{"_acf_changed":false,"_uag_custom_page_level_css":"","site-sidebar-layout":"default","site-content-layout":"","ast-site-content-layout":"default","site-content-style":"default","site-sidebar-style":"default","ast-global-header-display":"","ast-banner-title-visibility":"","ast-main-header-display":"","ast-hfb-above-header-display":"","ast-hfb-below-header-display":"","ast-hfb-mobile-header-display":"","site-post-title":"","ast-breadcrumbs-content":"","ast-featured-img":"","footer-sml-layout":"","ast-disable-related-posts":"","theme-transparent-header-meta":"default","adv-header-id-meta":"","stick-header-meta":"","header-above-stick-meta":"","header-main-stick-meta":"","header-below-stick-meta":"","astra-migrate-meta-layouts":"set","ast-page-background-enabled":"default","ast-page-background-meta":{"desktop":{"background-color":"var(--ast-global-color-4)","background-image":"","background-repeat":"repeat","background-position":"center center","background-size":"auto","background-attachment":"scroll","background-type":"","background-media":"","overlay-type":"","overlay-color":"","overlay-opacity":"","overlay-gradient":""},"tablet":{"background-color":"","background-image":"","background-repeat":"repeat","background-position":"center center","background-size":"auto","background-attachment":"scroll","background-type":"","background-media":"","overlay-type":"","overlay-color":"","overlay-opacity":"","overlay-gradient":""},"mobile":{"background-color":"","background-image":"","background-repeat":"repeat","background-position":"center center","background-size":"auto","background-attachment":"scroll","background-type":"","background-media":"","overlay-type":"","overlay-color":"","overlay-opacity":"","overlay-gradient":""}},"ast-content-background-meta":{"desktop":{"background-color":"var(--ast-global-color-5)","background-image":"","background-repeat":"repeat","background-position":"center center","background-size":"auto","background-attachment":"scroll","background-type":"","background-media":"","overlay-type":"","overlay-color":"","overlay-opacity":"","overlay-gradient":""},"tablet":{"background-color":"var(--ast-global-color-5)","background-image":"","background-repeat":"repeat","background-position":"center center","background-size":"auto","background-attachment":"scroll","background-type":"","background-media":"","overlay-type":"","overlay-color":"","overlay-opacity":"","overlay-gradient":""},"mobile":{"background-color":"var(--ast-global-color-5)","background-image":"","background-repeat":"repeat","background-position":"center center","background-size":"auto","background-attachment":"scroll","background-type":"","background-media":"","overlay-type":"","overlay-color":"","overlay-opacity":"","overlay-gradient":""}}},"product_brand":[],"product_cat":[48,49,430,40],"product_tag":[370,147,315,453,202,449,457,220,438,437,215,148,186,280,149,456],"class_list":{"0":"post-6079","1":"product","2":"type-product","3":"status-publish","4":"has-post-thumbnail","6":"product_cat-casual","7":"product_cat-loafer","8":"product_cat-men","9":"product_cat-mens-shoes","10":"product_tag-black-loafers","11":"product_tag-brown-loafers","12":"product_tag-buckle-loafers","13":"product_tag-bulk-footwear","14":"product_tag-calf-leather","15":"product_tag-casual-shoes","16":"product_tag-classic-loafers","17":"product_tag-comfortable-loafers","18":"product_tag-eva-sole","19":"product_tag-goat-leather","20":"product_tag-leather-loafers","21":"product_tag-loafers","22":"product_tag-mens-loafers","23":"product_tag-smart-casual-shoes","24":"product_tag-suede-loafers","25":"product_tag-wholesale-loafers","26":"desktop-align-center","27":"tablet-align-center","28":"mobile-align-center","30":"first","31":"instock","32":"shipping-taxable","33":"purchasable","34":"product-type-variable","35":"has-default-attributes"},"acf":[],"uagb_featured_image_src":{"full":["https:\/\/turkishtrade.co\/wp-content\/uploads\/2026\/01\/2400EJOMN00230-CAMEL-861-fusped-4-USD.png",453,250,false],"thumbnail":["https:\/\/turkishtrade.co\/wp-content\/uploads\/2026\/01\/2400EJOMN00230-CAMEL-861-fusped-4-USD-150x150.png",150,150,true],"medium":["https:\/\/turkishtrade.co\/wp-content\/uploads\/2026\/01\/2400EJOMN00230-CAMEL-861-fusped-4-USD-300x166.png",300,166,true],"medium_large":["https:\/\/turkishtrade.co\/wp-content\/uploads\/2026\/01\/2400EJOMN00230-CAMEL-861-fusped-4-USD.png",453,250,false],"large":["https:\/\/turkishtrade.co\/wp-content\/uploads\/2026\/01\/2400EJOMN00230-CAMEL-861-fusped-4-USD.png",453,250,false],"1536x1536":["https:\/\/turkishtrade.co\/wp-content\/uploads\/2026\/01\/2400EJOMN00230-CAMEL-861-fusped-4-USD.png",453,250,false],"2048x2048":["https:\/\/turkishtrade.co\/wp-content\/uploads\/2026\/01\/2400EJOMN00230-CAMEL-861-fusped-4-USD.png",453,250,false],"trp-custom-language-flag":["https:\/\/turkishtrade.co\/wp-content\/uploads\/2026\/01\/2400EJOMN00230-CAMEL-861-fusped-4-USD-18x10.png",18,10,true],"woocommerce_thumbnail":["https:\/\/turkishtrade.co\/wp-content\/uploads\/2026\/01\/2400EJOMN00230-CAMEL-861-fusped-4-USD-400x250.png",400,250,true],"woocommerce_single":["https:\/\/turkishtrade.co\/wp-content\/uploads\/2026\/01\/2400EJOMN00230-CAMEL-861-fusped-4-USD.png",453,250,false],"woocommerce_gallery_thumbnail":["https:\/\/turkishtrade.co\/wp-content\/uploads\/2026\/01\/2400EJOMN00230-CAMEL-861-fusped-4-USD-100x100.png",100,100,true]},"uagb_author_info":{"display_name":"yaser olabi","author_link":"https:\/\/turkishtrade.co\/tr\/author\/"},"uagb_comment_info":0,"uagb_excerpt":"Outer Material: Premium Calf Leather (Suede Finish) Inner Material: Soft Goat Leather Lining Sole: Lightweight &amp; Durable EVA Heel Height: Classic 1-3cm Available Sizes: EU 39-45 Bulk Availability: Minimum order of 8 pairs Delivery Time: 12 Days + Shipping","_links":{"self":[{"href":"https:\/\/turkishtrade.co\/tr\/wp-json\/wp\/v2\/product\/6079","targetHints":{"allow":["GET"]}}],"collection":[{"href":"https:\/\/turkishtrade.co\/tr\/wp-json\/wp\/v2\/product"}],"about":[{"href":"https:\/\/turkishtrade.co\/tr\/wp-json\/wp\/v2\/types\/product"}],"wp:featuredmedia":[{"embeddable":true,"href":"https:\/\/turkishtrade.co\/tr\/wp-json\/wp\/v2\/media\/4063"}],"wp:attachment":[{"href":"https:\/\/turkishtrade.co\/tr\/wp-json\/wp\/v2\/media?parent=6079"}],"wp:term":[{"taxonomy":"product_brand","embeddable":true,"href":"https:\/\/turkishtrade.co\/tr\/wp-json\/wp\/v2\/product_brand?post=6079"},{"taxonomy":"product_cat","embeddable":true,"href":"https:\/\/turkishtrade.co\/tr\/wp-json\/wp\/v2\/product_cat?post=6079"},{"taxonomy":"product_tag","embeddable":true,"href":"https:\/\/turkishtrade.co\/tr\/wp-json\/wp\/v2\/product_tag?post=6079"}],"curies":[{"name":"wp","href":"https:\/\/api.w.org\/{rel}","templated":true}]}}