{"id":6076,"date":"2026-01-14T14:05:55","date_gmt":"2026-01-14T14:05:55","guid":{"rendered":"https:\/\/turkishtrade.co\/product\/comfortable-mens-suede-loafers\/"},"modified":"2026-04-09T19:14:21","modified_gmt":"2026-04-09T19:14:21","slug":"comfortable-mens-suede-loafers","status":"publish","type":"product","link":"https:\/\/turkishtrade.co\/tr\/shop\/comfortable-mens-suede-loafers\/","title":{"rendered":"Rahat Erkek S\u00fcet Loafer'lar: Premium Dana Derisi ve EVA Taban"},"content":{"rendered":"<p><strong>Rahat Erkek S\u00fcet Loafer'lar<\/strong><\/p>\n<p>Koleksiyonumuzla benzersiz konfora ve zarif stile ad\u0131m at\u0131n <strong>Rahat Erkek S\u00fcet Loafer'lar<\/strong>. Hem esteti\u011fe hem de kolayl\u0131\u011fa de\u011fer veren modern erkekler i\u00e7in tasarlanan bu birinci s\u0131n\u0131f ayakkab\u0131lar, zamans\u0131z \u015f\u0131kl\u0131\u011f\u0131 g\u00fcnl\u00fck pratiklikle kusursuz bir \u015fekilde harmanl\u0131yor. \u0130ster rahat bir brunch'a, ister rahat bir i\u015f toplant\u0131s\u0131na gidiyor olun, ister d\u0131\u015far\u0131da keyifli bir g\u00fcn ge\u00e7iriyor olun, bu mokasen ayakkab\u0131lar sabahtan ak\u015fama kadar harika g\u00f6r\u00fcnmenizi ve hissetmenizi sa\u011flayacak m\u00fckemmel yol arkada\u015f\u0131n\u0131zd\u0131r.<\/p>\n<h3>Rakipsiz Konfor ve Tarz\u0131 Deneyimleyin<\/h3>\n<p>Bizim <strong>Rahat Erkek S\u00fcet Loafer'lar<\/strong> ola\u011fan\u00fcst\u00fc bir kullan\u0131m deneyimi sa\u011flamak i\u00e7in titizlikle \u00fcretilmi\u015ftir. \u00dcst k\u0131s\u0131m, yumu\u015fak dokusu, dayan\u0131kl\u0131l\u0131\u011f\u0131 ve sofistike g\u00f6r\u00fcn\u00fcm\u00fcyle tan\u0131nan zarif dana derisi s\u00fcetten yap\u0131lm\u0131\u015ft\u0131r. Bu birinci s\u0131n\u0131f malzeme zarif bir \u015fekilde d\u00f6k\u00fcl\u00fcr ve her k\u0131yafeti y\u00fckselten rafine bir g\u00f6r\u00fcn\u00fcm sunar.<\/p>\n<p>\u0130\u00e7 k\u0131s\u0131mda, ayaklar\u0131n\u0131z tereya\u011f\u0131 yumu\u015fakl\u0131\u011f\u0131ndaki ke\u00e7i derisi astarla sar\u0131l\u0131r. Bu do\u011fal malzeme son derece nefes alabilirdir, rahats\u0131zl\u0131\u011f\u0131 \u00f6nler ve s\u00fcrekli taze bir his sa\u011flar, bu da bunlar\u0131 sahip olabilece\u011finiz en rahat erkek s\u00fcet mokasenlerden baz\u0131lar\u0131 haline getirir.<\/p>\n<p>Bu ola\u011fan\u00fcst\u00fc ayakkab\u0131lar\u0131n temeli, hafif ancak inan\u0131lmaz derecede sa\u011flam EVA taban\u0131d\u0131r. Maksimum konfor ve esneklik i\u00e7in tasarlanan EVA taban, \u00fcst\u00fcn \u015fok emilimi sa\u011flayarak uzun saatler giyildikten sonra bile yorgunlu\u011fu azalt\u0131r. Klasik topuk y\u00fcksekli\u011fi 1-3 cm olan bu mokasen ayakkab\u0131lar, denge veya konfordan \u00f6d\u00fcn vermeden ince bir y\u00fckselme sunar.<\/p>\n<p>Dayan\u0131kl\u0131 d\u0131\u015f taban da m\u00fckemmel kavrama sa\u011flayarak bu <strong>Rahat Erkek S\u00fcet Loafer'lar<\/strong> \u00e7e\u015fitli y\u00fczeyler ve aktiviteler i\u00e7in g\u00fcvenilir bir se\u00e7imdir. Yumu\u015fak i\u00e7 k\u0131s\u0131mlar\u0131ndan destekleyici tabanlar\u0131na kadar her unsur konforunuzu \u00f6n planda tutacak \u015fekilde tasarlanm\u0131\u015ft\u0131r.<\/p>\n<h3>Kal\u0131c\u0131 Kalite i\u00e7in Birinci S\u0131n\u0131f Malzemeler<\/h3>\n<p>Rahatl\u0131\u011f\u0131n \u00f6tesinde, kalite tasar\u0131m\u0131m\u0131z\u0131n kalbinde yer al\u0131r. Her bir \u00e7ift <strong>Rahat Erkek S\u00fcet Loafer'lar<\/strong> \u00fcst\u00fcn i\u015f\u00e7ilik sergiler. Ayr\u0131nt\u0131l\u0131 diki\u015fler, sa\u011flam yap\u0131 ve y\u00fcksek kaliteli malzemeler, m\u00fckemmelli\u011fe olan ba\u011fl\u0131l\u0131\u011f\u0131m\u0131z\u0131n bir kan\u0131t\u0131d\u0131r.<\/p>\n<p>Zengin kahverengi, sofistike lacivert ve zarif gri gibi \u00e7ok y\u00f6nl\u00fc tonlarda sunulan bu mokasen ayakkab\u0131lar, ki\u015fisel tarz\u0131n\u0131za ve gard\u0131robunuza uygun geni\u015f se\u00e7enekler sunar. Uyarlanabilir tasar\u0131mlar\u0131 sayesinde \u00e7ok \u00e7e\u015fitli durumlar i\u00e7in uygundur - \u015f\u0131k ve rahat bir g\u00f6r\u00fcn\u00fcm i\u00e7in chino pantolonlarla e\u015fle\u015ftirin veya zahmetsiz bir hafta sonu \u015f\u0131kl\u0131\u011f\u0131 i\u00e7in kot pantolonlarla kombinleyin.<\/p>\n<p>M\u00fckemmel uyumun \u00f6nemini anl\u0131yoruz, bu nedenle <strong>Rahat Erkek S\u00fcet Loafer'lar<\/strong> 39'dan 45'e kadar kapsaml\u0131 bir numara aral\u0131\u011f\u0131nda mevcuttur. Sadece iyi g\u00f6r\u00fcnmekle kalmay\u0131p ayn\u0131 zamanda kal\u0131c\u0131 de\u011fer ve \u00fcst\u00fcn konfor sa\u011flayan ayakkab\u0131lara yat\u0131r\u0131m yap\u0131n. Y\u00fcksek kaliteli ayakkab\u0131lar sunmak isteyen i\u015fletmeler veya perakendeciler i\u00e7in bu mokasen ayakkab\u0131lar, minimum 8 \u00e7ift sipari\u015f miktar\u0131yla toplu olarak sat\u0131n al\u0131nabilir.<\/p>\n<p>Birinci s\u0131n\u0131f s\u00fcet erkek makosen ayakkab\u0131 serimizi tan\u0131mlayan gelenek ve modernli\u011fin, l\u00fcks malzemelerin ve ola\u011fan\u00fcst\u00fc konforun kar\u0131\u015f\u0131m\u0131n\u0131 deneyimleyin.<\/p>","protected":false},"excerpt":{"rendered":"<ul>\n<li>Birinci s\u0131n\u0131f dana derisi s\u00fcet \u00fcst k\u0131s\u0131m l\u00fcks bir g\u00f6r\u00fcn\u00fcm ve his sunar.<\/li>\n<li>G\u00fcn boyu \u00fcst\u00fcn konfor i\u00e7in yumu\u015fak, nefes alabilen ke\u00e7i derisi astar.<\/li>\n<li>Hafif ve dayan\u0131kl\u0131 EVA taban m\u00fckemmel yast\u0131klama ve tutu\u015f sa\u011flar.<\/li>\n<li>Sofistike ve rahat bir stil i\u00e7in ince dantel detayl\u0131 klasik loafer tasar\u0131m\u0131.<\/li>\n<li>Geni\u015f bir beden yelpazesinde mevcuttur: 39, 40, 41, 42, 43, 44, 45.<\/li>\n<li>Minimum sipari\u015f miktar\u0131: 8 \u00e7ift (toplu al\u0131m i\u00e7in kullan\u0131labilir).<\/li>\n<li>Teslimat s\u00fcresi: Yakla\u015f\u0131k 12 g\u00fcn art\u0131 nakliye.<\/li>\n<\/ul>","protected":false},"featured_media":4061,"template":"","meta":{"_acf_changed":false,"_uag_custom_page_level_css":"","site-sidebar-layout":"default","site-content-layout":"","ast-site-content-layout":"default","site-content-style":"default","site-sidebar-style":"default","ast-global-header-display":"","ast-banner-title-visibility":"","ast-main-header-display":"","ast-hfb-above-header-display":"","ast-hfb-below-header-display":"","ast-hfb-mobile-header-display":"","site-post-title":"","ast-breadcrumbs-content":"","ast-featured-img":"","footer-sml-layout":"","ast-disable-related-posts":"","theme-transparent-header-meta":"default","adv-header-id-meta":"","stick-header-meta":"","header-above-stick-meta":"","header-main-stick-meta":"","header-below-stick-meta":"","astra-migrate-meta-layouts":"set","ast-page-background-enabled":"default","ast-page-background-meta":{"desktop":{"background-color":"var(--ast-global-color-4)","background-image":"","background-repeat":"repeat","background-position":"center center","background-size":"auto","background-attachment":"scroll","background-type":"","background-media":"","overlay-type":"","overlay-color":"","overlay-opacity":"","overlay-gradient":""},"tablet":{"background-color":"","background-image":"","background-repeat":"repeat","background-position":"center center","background-size":"auto","background-attachment":"scroll","background-type":"","background-media":"","overlay-type":"","overlay-color":"","overlay-opacity":"","overlay-gradient":""},"mobile":{"background-color":"","background-image":"","background-repeat":"repeat","background-position":"center center","background-size":"auto","background-attachment":"scroll","background-type":"","background-media":"","overlay-type":"","overlay-color":"","overlay-opacity":"","overlay-gradient":""}},"ast-content-background-meta":{"desktop":{"background-color":"var(--ast-global-color-5)","background-image":"","background-repeat":"repeat","background-position":"center center","background-size":"auto","background-attachment":"scroll","background-type":"","background-media":"","overlay-type":"","overlay-color":"","overlay-opacity":"","overlay-gradient":""},"tablet":{"background-color":"var(--ast-global-color-5)","background-image":"","background-repeat":"repeat","background-position":"center center","background-size":"auto","background-attachment":"scroll","background-type":"","background-media":"","overlay-type":"","overlay-color":"","overlay-opacity":"","overlay-gradient":""},"mobile":{"background-color":"var(--ast-global-color-5)","background-image":"","background-repeat":"repeat","background-position":"center center","background-size":"auto","background-attachment":"scroll","background-type":"","background-media":"","overlay-type":"","overlay-color":"","overlay-opacity":"","overlay-gradient":""}}},"product_brand":[],"product_cat":[48,49,430,40],"product_tag":[1127,555,213,512,222,438,189,1149,762,186,1148,374,1147,283,584],"class_list":{"0":"post-6076","1":"product","2":"type-product","3":"status-publish","4":"has-post-thumbnail","6":"product_cat-casual","7":"product_cat-loafer","8":"product_cat-men","9":"product_cat-mens-shoes","10":"product_tag-brown-suede-loafers","11":"product_tag-calfskin-loafers","12":"product_tag-casual-dress-shoes","13":"product_tag-casual-loafers","14":"product_tag-comfortable-shoes","15":"product_tag-eva-sole","16":"product_tag-goat-leather-lining","17":"product_tag-grey-suede-loafers","18":"product_tag-loafer-shoes","19":"product_tag-mens-loafers","20":"product_tag-navy-suede-loafers","21":"product_tag-premium-loafers","22":"product_tag-suede-loafers-men","23":"product_tag-suede-shoes","24":"product_tag-turkish-trade","25":"desktop-align-center","26":"tablet-align-center","27":"mobile-align-center","29":"first","30":"instock","31":"sale","32":"shipping-taxable","33":"purchasable","34":"product-type-variable","35":"has-default-attributes"},"acf":[],"uagb_featured_image_src":{"full":["https:\/\/turkishtrade.co\/wp-content\/uploads\/2026\/01\/2400EJOMN00228-STONE-Z_624-4-USD.png",453,250,false],"thumbnail":["https:\/\/turkishtrade.co\/wp-content\/uploads\/2026\/01\/2400EJOMN00228-STONE-Z_624-4-USD.png",150,83,false],"medium":["https:\/\/turkishtrade.co\/wp-content\/uploads\/2026\/01\/2400EJOMN00228-STONE-Z_624-4-USD.png",300,166,false],"medium_large":["https:\/\/turkishtrade.co\/wp-content\/uploads\/2026\/01\/2400EJOMN00228-STONE-Z_624-4-USD.png",453,250,false],"large":["https:\/\/turkishtrade.co\/wp-content\/uploads\/2026\/01\/2400EJOMN00228-STONE-Z_624-4-USD.png",453,250,false],"1536x1536":["https:\/\/turkishtrade.co\/wp-content\/uploads\/2026\/01\/2400EJOMN00228-STONE-Z_624-4-USD.png",453,250,false],"2048x2048":["https:\/\/turkishtrade.co\/wp-content\/uploads\/2026\/01\/2400EJOMN00228-STONE-Z_624-4-USD.png",453,250,false],"trp-custom-language-flag":["https:\/\/turkishtrade.co\/wp-content\/uploads\/2026\/01\/2400EJOMN00228-STONE-Z_624-4-USD.png",18,10,false],"woocommerce_thumbnail":["https:\/\/turkishtrade.co\/wp-content\/uploads\/2026\/01\/2400EJOMN00228-STONE-Z_624-4-USD-400x250.png",400,250,true],"woocommerce_single":["https:\/\/turkishtrade.co\/wp-content\/uploads\/2026\/01\/2400EJOMN00228-STONE-Z_624-4-USD.png",453,250,false],"woocommerce_gallery_thumbnail":["https:\/\/turkishtrade.co\/wp-content\/uploads\/2026\/01\/2400EJOMN00228-STONE-Z_624-4-USD-100x100.png",100,100,true]},"uagb_author_info":{"display_name":"yaser olabi","author_link":"https:\/\/turkishtrade.co\/tr\/author\/"},"uagb_comment_info":0,"uagb_excerpt":"Premium calfskin suede upper offers a luxurious look and feel. Soft, breathable goat leather lining for superior all-day comfort. Lightweight and durable EVA sole provides excellent cushioning and traction. Classic loafer design with subtle lace detailing for a sophisticated casual style. Available in a wide range of sizes: 39, 40, 41, 42, 43, 44, 45.&hellip;","_links":{"self":[{"href":"https:\/\/turkishtrade.co\/tr\/wp-json\/wp\/v2\/product\/6076","targetHints":{"allow":["GET"]}}],"collection":[{"href":"https:\/\/turkishtrade.co\/tr\/wp-json\/wp\/v2\/product"}],"about":[{"href":"https:\/\/turkishtrade.co\/tr\/wp-json\/wp\/v2\/types\/product"}],"wp:featuredmedia":[{"embeddable":true,"href":"https:\/\/turkishtrade.co\/tr\/wp-json\/wp\/v2\/media\/4061"}],"wp:attachment":[{"href":"https:\/\/turkishtrade.co\/tr\/wp-json\/wp\/v2\/media?parent=6076"}],"wp:term":[{"taxonomy":"product_brand","embeddable":true,"href":"https:\/\/turkishtrade.co\/tr\/wp-json\/wp\/v2\/product_brand?post=6076"},{"taxonomy":"product_cat","embeddable":true,"href":"https:\/\/turkishtrade.co\/tr\/wp-json\/wp\/v2\/product_cat?post=6076"},{"taxonomy":"product_tag","embeddable":true,"href":"https:\/\/turkishtrade.co\/tr\/wp-json\/wp\/v2\/product_tag?post=6076"}],"curies":[{"name":"wp","href":"https:\/\/api.w.org\/{rel}","templated":true}]}}