{"id":6061,"date":"2026-01-14T14:04:06","date_gmt":"2026-01-14T14:04:06","guid":{"rendered":"https:\/\/turkishtrade.co\/product\/men-s-suede-penny-loafers\/"},"modified":"2026-04-09T19:14:50","modified_gmt":"2026-04-09T19:14:50","slug":"mens-suede-penny-loafers-2","status":"publish","type":"product","link":"https:\/\/turkishtrade.co\/tr\/shop\/mens-suede-penny-loafers-2\/","title":{"rendered":"Erkek G\u00fcnl\u00fck S\u00fcet Penny Loafer"},"content":{"rendered":"<p><strong>Erkek S\u00fcet Penny Loafer<\/strong><\/p>\n<p>Se\u00e7kin koleksiyonumuzla sofistike stil ve benzersiz konforun m\u00fckemmel kar\u0131\u015f\u0131m\u0131n\u0131 ke\u015ffedin <b>erkek s\u00fcet penny mokasen<\/b>. Se\u00e7kin beyefendiler i\u00e7in titizlikle tasarlanan bu mokasen ayakkab\u0131lar, rahat hafta sonlar\u0131ndan ak\u0131ll\u0131 g\u00fcndelik ofis ortamlar\u0131na sorunsuzca ge\u00e7i\u015f yapan \u00e7ok y\u00f6nl\u00fc bir ayakkab\u0131 se\u00e7ene\u011fi sunarak g\u00fcndelik \u015f\u0131kl\u0131\u011f\u0131 yeniden tan\u0131ml\u0131yor. Her bir \u00e7ift <b>erkek s\u00fcet penny mokasen<\/b> \u00fcst\u00fcn i\u015f\u00e7ili\u011fin bir kan\u0131t\u0131d\u0131r ve birinci s\u0131n\u0131f malzemeleri modas\u0131 asla ge\u00e7meyen zamans\u0131z bir tasar\u0131mla birle\u015ftirir.<\/p>\n<p><h3>E\u015fsiz Konfor ve \u00dcst\u00fcn \u0130\u015f\u00e7ilik<\/h3>\n<\/p>\n<p>Bu ola\u011fan\u00fcst\u00fc mokasen ayakkab\u0131lar\u0131n \u00f6zenli yap\u0131s\u0131 sayesinde her ad\u0131mda \u00fcst\u00fcn konforu ya\u015fay\u0131n. Ayakkab\u0131m\u0131z\u0131n d\u0131\u015f y\u00fczeyi <b>erkek s\u00fcet penny mokasen<\/b> l\u00fcks dokusu, dayan\u0131kl\u0131l\u0131\u011f\u0131 ve zengin g\u00f6rsel \u00e7ekicili\u011fiyle tan\u0131nan en iyi hakiki dana derisi s\u00fcetten \u00fcretilmi\u015ftir. Bu zarif d\u0131\u015f y\u00fczeyi tamamlayan tereya\u011f\u0131 yumu\u015fakl\u0131\u011f\u0131ndaki ke\u00e7i derisi astar, g\u00fcn boyunca nefes alabilirlik ve cildinizde pel\u00fc\u015f bir his sa\u011flar.<\/p>\n<p>\u0130\u00e7 k\u0131sm\u0131 aya\u011f\u0131n\u0131za uyum sa\u011flayacak \u015fekilde tasarlanm\u0131\u015ft\u0131r ve uzun \u00f6m\u00fcrl\u00fc giyimi art\u0131ran \u00f6zel bir uyum sa\u011flar. Bunlar\u0131 ger\u00e7ekten farkl\u0131 k\u0131lan <b>erkek s\u00fcet penny mokasen<\/b> bir di\u011fer \u00f6zelli\u011fi de yenilik\u00e7i EVA taban\u0131d\u0131r. Geleneksel a\u011f\u0131r tabanlardan farkl\u0131 olarak, hafif EVA malzeme ola\u011fan\u00fcst\u00fc esneklik, \u00fcst\u00fcn \u015fok emilimi ve g\u00fcvenilir \u00e7eki\u015f g\u00fcc\u00fc sunarak uzun s\u00fcreli kullan\u0131mlarda inan\u0131lmaz rahatl\u0131k sa\u011flar.<\/p>\n<p>Bu modern taban se\u00e7imi, klasik penny loafer'\u0131 aktif, stil sahibi erkekler i\u00e7in \u00e7a\u011fda\u015f bir vazge\u00e7ilmeze d\u00f6n\u00fc\u015ft\u00fcr\u00fcyor.<\/p>\n<p><h3>Her Durum i\u00e7in \u00c7ok Y\u00f6nl\u00fc Stil<\/h3>\n<\/p>\n<p>Modern gard\u0131rop i\u00e7in ustal\u0131kla g\u00fcncellenen penny loafer sil\u00fcetinin zamans\u0131z cazibesini kucaklay\u0131n. Bizim <b>erkek s\u00fcet penny mokasen<\/b> klasik sofistike bir dokunu\u015f katan, vampir boyunca uzanan ikonik eyer kay\u0131\u015f\u0131na sahiptir. Temiz \u00e7izgiler ve zarif diki\u015fler, her bir \u00e7ifte harcanan detaylara g\u00f6sterilen \u00f6zen hakk\u0131nda \u00e7ok \u015fey anlat\u0131yor.<\/p>\n<p>\u0130ster bir a\u00e7\u0131klama yapmak i\u00e7in canl\u0131 maviyi, ister sade bir \u015f\u0131kl\u0131k i\u00e7in toprak rengi kahverengiyi se\u00e7in, bu mokasen ayakkab\u0131lar \u00e7ok \u00e7e\u015fitli k\u0131yafetleri tamamlayacak \u015fekilde tasarlanm\u0131\u015ft\u0131r. \u015e\u0131k bir g\u00fcndelik g\u00f6r\u00fcn\u00fcm i\u00e7in chino pantolon ve d\u00fc\u011fmeli g\u00f6mlekle veya \u015f\u0131k bir yaz kombini i\u00e7in \u00f6zel dikim \u015fortlarla e\u015fle\u015ftirin. G\u00fcnl\u00fck i\u015f toplant\u0131lar\u0131ndan sosyal bulu\u015fmalara kadar, bu <b>erkek s\u00fcet penny mokasen<\/b> \u00dcst\u00fcn konforun keyfini \u00e7\u0131kar\u0131rken kusursuz bir \u015fekilde \u015f\u0131k g\u00f6r\u00fcnmenizi sa\u011flar.<\/p>\n<p>Koleksiyonumuz <b>erkek s\u00fcet penny mokasen<\/b> 39'dan 45'e kadar kapsaml\u0131 bir Avrupa beden yelpazesinde mevcuttur ve her beyefendi i\u00e7in m\u00fckemmel bir uyum sa\u011flar. Hem bireysel stil merakl\u0131lar\u0131na hem de y\u00fcksek kaliteli toplu ayakkab\u0131 arayan i\u015fletmelere hitap ediyoruz. Minimum sipari\u015f miktar\u0131 sadece 8 \u00e7ift ve teslimat s\u00fcresi yakla\u015f\u0131k 12 g\u00fcn art\u0131 nakliye ile bu birinci s\u0131n\u0131f mokasenleri edinmek kolay ve verimlidir.<\/p>\n<p>Bu olmazsa olmazlarla ayakkab\u0131 koleksiyonunuzu geli\u015ftirin veya perakende sat\u0131\u015flar\u0131n\u0131z\u0131 geni\u015fletin <b>erkek s\u00fcet penny mokasen<\/b>.<\/p>","protected":false},"excerpt":{"rendered":"<ul>\n<li>L\u00fcks bir g\u00f6r\u00fcn\u00fcm i\u00e7in birinci s\u0131n\u0131f dana derisi s\u00fcetten \u00fcretilmi\u015ftir.<\/li>\n<li>L\u00fcks ve yumu\u015fak ke\u00e7i derisi astar \u00fcst\u00fcn konfor ve nefes alabilirlik sa\u011flar.<\/li>\n<li>T\u00fcm g\u00fcn kullan\u0131m i\u00e7in hafif, esnek ve \u015fok emici EVA tabana sahiptir.<\/li>\n<li>Klasik penny loafer tasar\u0131m\u0131, \u00e7ok y\u00f6nl\u00fc modern g\u00fcndelik stil i\u00e7in g\u00fcncellendi.<\/li>\n<li>39'dan 45'e kadar kapsaml\u0131 bir Avrupa beden yelpazesinde mevcuttur.<\/li>\n<li>Minimum 8 \u00e7ift miktarl\u0131 toplu sipari\u015fler i\u00e7in idealdir.<\/li>\n<\/ul>","protected":false},"featured_media":4047,"template":"","meta":{"_acf_changed":false,"_uag_custom_page_level_css":"","site-sidebar-layout":"default","site-content-layout":"","ast-site-content-layout":"default","site-content-style":"default","site-sidebar-style":"default","ast-global-header-display":"","ast-banner-title-visibility":"","ast-main-header-display":"","ast-hfb-above-header-display":"","ast-hfb-below-header-display":"","ast-hfb-mobile-header-display":"","site-post-title":"","ast-breadcrumbs-content":"","ast-featured-img":"","footer-sml-layout":"","ast-disable-related-posts":"","theme-transparent-header-meta":"","adv-header-id-meta":"","stick-header-meta":"","header-above-stick-meta":"","header-main-stick-meta":"","header-below-stick-meta":"","astra-migrate-meta-layouts":"default","ast-page-background-enabled":"default","ast-page-background-meta":{"desktop":{"background-color":"var(--ast-global-color-4)","background-image":"","background-repeat":"repeat","background-position":"center center","background-size":"auto","background-attachment":"scroll","background-type":"","background-media":"","overlay-type":"","overlay-color":"","overlay-opacity":"","overlay-gradient":""},"tablet":{"background-color":"","background-image":"","background-repeat":"repeat","background-position":"center center","background-size":"auto","background-attachment":"scroll","background-type":"","background-media":"","overlay-type":"","overlay-color":"","overlay-opacity":"","overlay-gradient":""},"mobile":{"background-color":"","background-image":"","background-repeat":"repeat","background-position":"center center","background-size":"auto","background-attachment":"scroll","background-type":"","background-media":"","overlay-type":"","overlay-color":"","overlay-opacity":"","overlay-gradient":""}},"ast-content-background-meta":{"desktop":{"background-color":"var(--ast-global-color-5)","background-image":"","background-repeat":"repeat","background-position":"center center","background-size":"auto","background-attachment":"scroll","background-type":"","background-media":"","overlay-type":"","overlay-color":"","overlay-opacity":"","overlay-gradient":""},"tablet":{"background-color":"var(--ast-global-color-5)","background-image":"","background-repeat":"repeat","background-position":"center center","background-size":"auto","background-attachment":"scroll","background-type":"","background-media":"","overlay-type":"","overlay-color":"","overlay-opacity":"","overlay-gradient":""},"mobile":{"background-color":"var(--ast-global-color-5)","background-image":"","background-repeat":"repeat","background-position":"center center","background-size":"auto","background-attachment":"scroll","background-type":"","background-media":"","overlay-type":"","overlay-color":"","overlay-opacity":"","overlay-gradient":""}}},"product_brand":[],"product_cat":[48,49,430,40],"product_tag":[635,147,202,512,222,438,487,437,215,384,186,279,184,210,149],"class_list":{"0":"post-6061","1":"product","2":"type-product","3":"status-publish","4":"has-post-thumbnail","6":"product_cat-casual","7":"product_cat-loafer","8":"product_cat-men","9":"product_cat-mens-shoes","10":"product_tag-blue-loafers","11":"product_tag-brown-loafers","12":"product_tag-calf-leather","13":"product_tag-casual-loafers","14":"product_tag-comfortable-shoes","15":"product_tag-eva-sole","16":"product_tag-footwear","17":"product_tag-goat-leather","18":"product_tag-leather-loafers","19":"product_tag-luxury-loafers","20":"product_tag-mens-loafers","21":"product_tag-penny-loafers","22":"product_tag-slip-on-shoes","23":"product_tag-smart-casual","24":"product_tag-suede-loafers","25":"desktop-align-center","26":"tablet-align-center","27":"mobile-align-center","29":"first","30":"instock","31":"shipping-taxable","32":"purchasable","33":"product-type-variable","34":"has-default-attributes"},"acf":[],"uagb_featured_image_src":{"full":["https:\/\/turkishtrade.co\/wp-content\/uploads\/2026\/01\/2400EJOMN00222-BROWN-X_1342-Fusped-1-usd.png",453,250,false],"thumbnail":["https:\/\/turkishtrade.co\/wp-content\/uploads\/2026\/01\/2400EJOMN00222-BROWN-X_1342-Fusped-1-usd-150x150.png",150,150,true],"medium":["https:\/\/turkishtrade.co\/wp-content\/uploads\/2026\/01\/2400EJOMN00222-BROWN-X_1342-Fusped-1-usd-300x166.png",300,166,true],"medium_large":["https:\/\/turkishtrade.co\/wp-content\/uploads\/2026\/01\/2400EJOMN00222-BROWN-X_1342-Fusped-1-usd.png",453,250,false],"large":["https:\/\/turkishtrade.co\/wp-content\/uploads\/2026\/01\/2400EJOMN00222-BROWN-X_1342-Fusped-1-usd.png",453,250,false],"1536x1536":["https:\/\/turkishtrade.co\/wp-content\/uploads\/2026\/01\/2400EJOMN00222-BROWN-X_1342-Fusped-1-usd.png",453,250,false],"2048x2048":["https:\/\/turkishtrade.co\/wp-content\/uploads\/2026\/01\/2400EJOMN00222-BROWN-X_1342-Fusped-1-usd.png",453,250,false],"trp-custom-language-flag":["https:\/\/turkishtrade.co\/wp-content\/uploads\/2026\/01\/2400EJOMN00222-BROWN-X_1342-Fusped-1-usd-18x10.png",18,10,true],"woocommerce_thumbnail":["https:\/\/turkishtrade.co\/wp-content\/uploads\/2026\/01\/2400EJOMN00222-BROWN-X_1342-Fusped-1-usd-400x250.png",400,250,true],"woocommerce_single":["https:\/\/turkishtrade.co\/wp-content\/uploads\/2026\/01\/2400EJOMN00222-BROWN-X_1342-Fusped-1-usd.png",453,250,false],"woocommerce_gallery_thumbnail":["https:\/\/turkishtrade.co\/wp-content\/uploads\/2026\/01\/2400EJOMN00222-BROWN-X_1342-Fusped-1-usd-100x100.png",100,100,true]},"uagb_author_info":{"display_name":"yaser olabi","author_link":"https:\/\/turkishtrade.co\/tr\/author\/"},"uagb_comment_info":0,"uagb_excerpt":"Crafted from premium calf leather suede for a luxurious finish. Luxuriously soft goat leather lining ensures superior comfort and breathability. Features a lightweight, flexible, and shock-absorbing EVA sole for all-day wear. Classic penny loafer design, updated for versatile modern casual styling. Available in a comprehensive range of European sizes, from 39 to 45. Ideal for&hellip;","_links":{"self":[{"href":"https:\/\/turkishtrade.co\/tr\/wp-json\/wp\/v2\/product\/6061","targetHints":{"allow":["GET"]}}],"collection":[{"href":"https:\/\/turkishtrade.co\/tr\/wp-json\/wp\/v2\/product"}],"about":[{"href":"https:\/\/turkishtrade.co\/tr\/wp-json\/wp\/v2\/types\/product"}],"wp:featuredmedia":[{"embeddable":true,"href":"https:\/\/turkishtrade.co\/tr\/wp-json\/wp\/v2\/media\/4047"}],"wp:attachment":[{"href":"https:\/\/turkishtrade.co\/tr\/wp-json\/wp\/v2\/media?parent=6061"}],"wp:term":[{"taxonomy":"product_brand","embeddable":true,"href":"https:\/\/turkishtrade.co\/tr\/wp-json\/wp\/v2\/product_brand?post=6061"},{"taxonomy":"product_cat","embeddable":true,"href":"https:\/\/turkishtrade.co\/tr\/wp-json\/wp\/v2\/product_cat?post=6061"},{"taxonomy":"product_tag","embeddable":true,"href":"https:\/\/turkishtrade.co\/tr\/wp-json\/wp\/v2\/product_tag?post=6061"}],"curies":[{"name":"wp","href":"https:\/\/api.w.org\/{rel}","templated":true}]}}