{"id":6058,"date":"2026-01-14T14:03:32","date_gmt":"2026-01-14T14:03:32","guid":{"rendered":"https:\/\/turkishtrade.co\/product\/mens-blue-suede-casual-shoes\/"},"modified":"2026-04-09T19:14:59","modified_gmt":"2026-04-09T19:14:59","slug":"mens-blue-suede-casual-shoes","status":"publish","type":"product","link":"https:\/\/turkishtrade.co\/tr\/shop\/mens-blue-suede-casual-shoes\/","title":{"rendered":"EVA Tabanl\u0131 Erkek Premium Mavi S\u00fcet Ba\u011fc\u0131kl\u0131 G\u00fcnl\u00fck Ayakkab\u0131"},"content":{"rendered":"<p><strong>Erkek Mavi S\u00fcet G\u00fcnl\u00fck Ayakkab\u0131<\/strong><\/p>\n<p>Enfes tasar\u0131m\u0131m\u0131zla benzersiz bir stil ve konfora ad\u0131m at\u0131n <b>Erkek Mavi S\u00fcet G\u00fcnl\u00fck Ayakkab\u0131<\/b>. Modern beyefendiler i\u00e7in tasarlanan bu ayakkab\u0131lar, klasik \u015f\u0131kl\u0131\u011f\u0131 g\u00fcnl\u00fck pratiklikle zahmetsizce harmanl\u0131yor. En iyi malzemelerden \u00fcretilen bu <b>Erkek Mavi S\u00fcet G\u00fcnl\u00fck Ayakkab\u0131<\/b> her se\u00e7kin gard\u0131rop i\u00e7in olmazsa olmaz bir eklentidir.<\/p>\n<p><h3>\u00dcst\u00fcn \u0130\u015f\u00e7ilik ve Malzemeler<\/h3>\n<\/p>\n<p>Her bir \u00e7iftimiz <b>Erkek Mavi S\u00fcet G\u00fcnl\u00fck Ayakkab\u0131<\/b> \u00fcst\u00fcn bir i\u015f\u00e7ilik sergiler. D\u0131\u015f y\u00fczey, l\u00fcks hissi ve ola\u011fan\u00fcst\u00fc dayan\u0131kl\u0131l\u0131\u011f\u0131yla tan\u0131nan y\u00fcksek kaliteli dana derisinden titizlikle yap\u0131lm\u0131\u015ft\u0131r. Bu birinci s\u0131n\u0131f s\u00fcet kaplama, sofistike bir doku ve kalabal\u0131\u011f\u0131n aras\u0131ndan s\u0131yr\u0131lan zengin, koyu mavi bir renk tonu sa\u011flar.<\/p>\n<p>Sa\u011flam d\u0131\u015f y\u00fczeyi tamamlayan i\u00e7 k\u0131s\u0131m, maksimum nefes alabilirlik ve her giyimde pel\u00fc\u015f, rahat bir deneyim sa\u011flamak i\u00e7in inan\u0131lmaz derecede yumu\u015fak ke\u00e7i derisiyle kaplanm\u0131\u015ft\u0131r. Detaylara g\u00f6sterilen \u00f6zen, ayakkab\u0131n\u0131n zarif hatlar\u0131n\u0131 vurgulayan \u015f\u0131k bir kontrast sa\u011flayan diki\u015flere kadar uzan\u0131r.<\/p>\n<p><h3>Rakipsiz Konfor ve \u00c7ok Y\u00f6nl\u00fcl\u00fck<\/h3>\n<\/p>\n<p>Hafif ve esnek EVA taban sayesinde g\u00fcn boyu konforu ya\u015fay\u0131n. Bu yenilik\u00e7i taban malzemesi m\u00fckemmel yast\u0131klama ve destek sa\u011flayarak bu <b>Erkek Mavi S\u00fcet G\u00fcnl\u00fck Ayakkab\u0131<\/b> Uzun y\u00fcr\u00fcy\u00fc\u015fler veya uzun s\u00fcre ayakta kalmak i\u00e7in idealdir. Klasik 1-3 cm topuk y\u00fcksekli\u011fi, denge veya konfordan \u00f6d\u00fcn vermeden hafif bir y\u00fckselti sunar.<\/p>\n<p>\u0130ster bir i\u015f toplant\u0131s\u0131, ister bir hafta sonu brunch'\u0131 ya da d\u0131\u015far\u0131da rahat bir ak\u015fam i\u00e7in giyiniyor olun, bu \u00e7ok y\u00f6nl\u00fc <b>Erkek Mavi S\u00fcet G\u00fcnl\u00fck Ayakkab\u0131<\/b> tak\u0131m\u0131n\u0131z\u0131 y\u00fckseltecek. Zarif ama rahat bir g\u00f6r\u00fcn\u00fcm i\u00e7in chino pantolon, kot pantolon ve hatta \u015f\u0131k pantolonlarla e\u015fle\u015ftirin.<\/p>\n<p><h3>Toplu Sipari\u015flerde Kullan\u0131labilir<\/h3>\n<\/p>\n<p>Koleksiyonumuz <b>Erkek Mavi S\u00fcet G\u00fcnl\u00fck Ayakkab\u0131<\/b> AB 39'dan 45'e kadar kapsaml\u0131 bir beden yelpazesinde mevcuttur ve geni\u015f bir m\u00fc\u015fteri yelpazesi i\u00e7in m\u00fckemmel bir uyum sa\u011flar.<\/p>\n<p>Y\u00fcksek kaliteli ayakkab\u0131 stoklamak isteyen perakendeciler ve i\u015fletmeler i\u00e7in cazip toplu sipari\u015f se\u00e7enekleri sunuyoruz. Minimum sipari\u015f miktar\u0131 sadece 8 \u00e7ifttir ve teslimat s\u00fcresi kargo dahil yakla\u015f\u0131k 12 g\u00fcnd\u00fcr. Bu ola\u011fan\u00fcst\u00fc ayakkab\u0131larla stil, konfor ve dayan\u0131kl\u0131l\u0131\u011f\u0131n m\u00fckemmel birle\u015fimini ke\u015ffedin <b>Erkek Mavi S\u00fcet G\u00fcnl\u00fck Ayakkab\u0131<\/b>.<\/p>","protected":false},"excerpt":{"rendered":"<ul>\n<li><b>D\u0131\u015f Malzeme:<\/b> Premium Dana Derisi<\/li>\n<li><b>\u0130\u00e7 Malzeme:<\/b> Yumu\u015fak Ke\u00e7i Derisi<\/li>\n<li><b>Taban:<\/b> Hafif ve Dayan\u0131kl\u0131 EVA<\/li>\n<li><b>Topuk Y\u00fcksekli\u011fi:<\/b> Klasik 1-3 cm<\/li>\n<li><b>Mevcut Boyutlar:<\/b> AB 39, 40, 41, 42, 43, 44, 45<\/li>\n<li><b>Minimum Sipari\u015f Miktar\u0131:<\/b> 8 \u00c7ift<\/li>\n<li><b>Teslimat S\u00fcresi:<\/b> 12 G\u00fcn + Kargo<\/li>\n<\/ul>","protected":false},"featured_media":4045,"template":"","meta":{"_acf_changed":false,"_uag_custom_page_level_css":"","site-sidebar-layout":"default","site-content-layout":"","ast-site-content-layout":"default","site-content-style":"default","site-sidebar-style":"default","ast-global-header-display":"","ast-banner-title-visibility":"","ast-main-header-display":"","ast-hfb-above-header-display":"","ast-hfb-below-header-display":"","ast-hfb-mobile-header-display":"","site-post-title":"","ast-breadcrumbs-content":"","ast-featured-img":"","footer-sml-layout":"","ast-disable-related-posts":"","theme-transparent-header-meta":"","adv-header-id-meta":"","stick-header-meta":"","header-above-stick-meta":"","header-main-stick-meta":"","header-below-stick-meta":"","astra-migrate-meta-layouts":"default","ast-page-background-enabled":"default","ast-page-background-meta":{"desktop":{"background-color":"var(--ast-global-color-4)","background-image":"","background-repeat":"repeat","background-position":"center center","background-size":"auto","background-attachment":"scroll","background-type":"","background-media":"","overlay-type":"","overlay-color":"","overlay-opacity":"","overlay-gradient":""},"tablet":{"background-color":"","background-image":"","background-repeat":"repeat","background-position":"center center","background-size":"auto","background-attachment":"scroll","background-type":"","background-media":"","overlay-type":"","overlay-color":"","overlay-opacity":"","overlay-gradient":""},"mobile":{"background-color":"","background-image":"","background-repeat":"repeat","background-position":"center center","background-size":"auto","background-attachment":"scroll","background-type":"","background-media":"","overlay-type":"","overlay-color":"","overlay-opacity":"","overlay-gradient":""}},"ast-content-background-meta":{"desktop":{"background-color":"var(--ast-global-color-5)","background-image":"","background-repeat":"repeat","background-position":"center center","background-size":"auto","background-attachment":"scroll","background-type":"","background-media":"","overlay-type":"","overlay-color":"","overlay-opacity":"","overlay-gradient":""},"tablet":{"background-color":"var(--ast-global-color-5)","background-image":"","background-repeat":"repeat","background-position":"center center","background-size":"auto","background-attachment":"scroll","background-type":"","background-media":"","overlay-type":"","overlay-color":"","overlay-opacity":"","overlay-gradient":""},"mobile":{"background-color":"var(--ast-global-color-5)","background-image":"","background-repeat":"repeat","background-position":"center center","background-size":"auto","background-attachment":"scroll","background-type":"","background-media":"","overlay-type":"","overlay-color":"","overlay-opacity":"","overlay-gradient":""}}},"product_brand":[],"product_cat":[48,49,430,40],"product_tag":[1140,317,202,290,212,438,437,227,198,350],"class_list":{"0":"post-6058","1":"product","2":"type-product","3":"status-publish","4":"has-post-thumbnail","6":"product_cat-casual","7":"product_cat-loafer","8":"product_cat-men","9":"product_cat-mens-shoes","10":"product_tag-blue-footwear","11":"product_tag-blue-suede-shoes","12":"product_tag-calf-leather","13":"product_tag-comfortable-mens-shoes","14":"product_tag-derby-shoes","15":"product_tag-eva-sole","16":"product_tag-goat-leather","17":"product_tag-leather-shoes","18":"product_tag-mens-fashion","19":"product_tag-stylish-mens-footwear","20":"desktop-align-center","21":"tablet-align-center","22":"mobile-align-center","24":"first","25":"instock","26":"shipping-taxable","27":"purchasable","28":"product-type-variable","29":"has-default-attributes"},"acf":[],"uagb_featured_image_src":{"full":["https:\/\/turkishtrade.co\/wp-content\/uploads\/2026\/01\/2400EJOMN00221BEIGE-X_620-3-USD.png",453,250,false],"thumbnail":["https:\/\/turkishtrade.co\/wp-content\/uploads\/2026\/01\/2400EJOMN00221BEIGE-X_620-3-USD-150x150.png",150,150,true],"medium":["https:\/\/turkishtrade.co\/wp-content\/uploads\/2026\/01\/2400EJOMN00221BEIGE-X_620-3-USD-300x166.png",300,166,true],"medium_large":["https:\/\/turkishtrade.co\/wp-content\/uploads\/2026\/01\/2400EJOMN00221BEIGE-X_620-3-USD.png",453,250,false],"large":["https:\/\/turkishtrade.co\/wp-content\/uploads\/2026\/01\/2400EJOMN00221BEIGE-X_620-3-USD.png",453,250,false],"1536x1536":["https:\/\/turkishtrade.co\/wp-content\/uploads\/2026\/01\/2400EJOMN00221BEIGE-X_620-3-USD.png",453,250,false],"2048x2048":["https:\/\/turkishtrade.co\/wp-content\/uploads\/2026\/01\/2400EJOMN00221BEIGE-X_620-3-USD.png",453,250,false],"trp-custom-language-flag":["https:\/\/turkishtrade.co\/wp-content\/uploads\/2026\/01\/2400EJOMN00221BEIGE-X_620-3-USD-18x10.png",18,10,true],"woocommerce_thumbnail":["https:\/\/turkishtrade.co\/wp-content\/uploads\/2026\/01\/2400EJOMN00221BEIGE-X_620-3-USD-400x250.png",400,250,true],"woocommerce_single":["https:\/\/turkishtrade.co\/wp-content\/uploads\/2026\/01\/2400EJOMN00221BEIGE-X_620-3-USD.png",453,250,false],"woocommerce_gallery_thumbnail":["https:\/\/turkishtrade.co\/wp-content\/uploads\/2026\/01\/2400EJOMN00221BEIGE-X_620-3-USD-100x100.png",100,100,true]},"uagb_author_info":{"display_name":"yaser olabi","author_link":"https:\/\/turkishtrade.co\/tr\/author\/"},"uagb_comment_info":0,"uagb_excerpt":"Outer Material: Premium Calf Leather Inner Material: Soft Goat Leather Sole: Lightweight and Durable EVA Heel Height: Classic 1-3 cm Available Sizes: EU 39, 40, 41, 42, 43, 44, 45 Minimum Order Quantity: 8 Pairs Delivery Time: 12 Days + Shipping","_links":{"self":[{"href":"https:\/\/turkishtrade.co\/tr\/wp-json\/wp\/v2\/product\/6058","targetHints":{"allow":["GET"]}}],"collection":[{"href":"https:\/\/turkishtrade.co\/tr\/wp-json\/wp\/v2\/product"}],"about":[{"href":"https:\/\/turkishtrade.co\/tr\/wp-json\/wp\/v2\/types\/product"}],"wp:featuredmedia":[{"embeddable":true,"href":"https:\/\/turkishtrade.co\/tr\/wp-json\/wp\/v2\/media\/4045"}],"wp:attachment":[{"href":"https:\/\/turkishtrade.co\/tr\/wp-json\/wp\/v2\/media?parent=6058"}],"wp:term":[{"taxonomy":"product_brand","embeddable":true,"href":"https:\/\/turkishtrade.co\/tr\/wp-json\/wp\/v2\/product_brand?post=6058"},{"taxonomy":"product_cat","embeddable":true,"href":"https:\/\/turkishtrade.co\/tr\/wp-json\/wp\/v2\/product_cat?post=6058"},{"taxonomy":"product_tag","embeddable":true,"href":"https:\/\/turkishtrade.co\/tr\/wp-json\/wp\/v2\/product_tag?post=6058"}],"curies":[{"name":"wp","href":"https:\/\/api.w.org\/{rel}","templated":true}]}}