{"id":6051,"date":"2026-01-14T14:02:43","date_gmt":"2026-01-14T14:02:43","guid":{"rendered":"https:\/\/turkishtrade.co\/product\/mens-blue-suede-loafers\/"},"modified":"2026-04-09T19:15:18","modified_gmt":"2026-04-09T19:15:18","slug":"mens-blue-suede-loafers","status":"publish","type":"product","link":"https:\/\/turkishtrade.co\/tr\/shop\/mens-blue-suede-loafers\/","title":{"rendered":"EVA Tabanl\u0131 Erkek Premium Mavi S\u00fcet Loafer"},"content":{"rendered":"<p><strong>Erkek Mavi S\u00fcet Loafer<\/strong><\/p>\n<p>Enfes tasar\u0131m\u0131m\u0131zla benzersiz bir stil ve konfora ad\u0131m at\u0131n <b>Erkek Mavi S\u00fcet Loafer<\/b>. Modern beyefendiler i\u00e7in ustal\u0131kla \u00fcretilen bu mokasen ayakkab\u0131lar, klasik sofistikeli\u011fi g\u00fcndelik rahatl\u0131kla m\u00fckemmel bir \u015fekilde harmanl\u0131yor. Canl\u0131 mavi tonu, l\u00fcks s\u00fcet kaplamas\u0131yla birle\u015ferek bu ayakkab\u0131lar\u0131 her gard\u0131rop i\u00e7in \u00e7ok y\u00f6nl\u00fc bir eklenti haline getirir ve hem rahat hafta sonlar\u0131 hem de \u015f\u0131k g\u00fcndelik durumlar i\u00e7in idealdir.<\/p>\n<p>Sadece ola\u011fan\u00fcst\u00fc g\u00f6r\u00fcnmekle kalmayan, ayn\u0131 zamanda giydi\u011finiz andan itibaren inan\u0131lmaz derecede rahat hissettiren bir ayakkab\u0131y\u0131 deneyimleyin. \u00dcst\u00fcn kaliteli <b>Erkek Mavi S\u00fcet Loafer<\/b> g\u00fcnl\u00fck g\u00f6r\u00fcn\u00fcm\u00fcn\u00fcz\u00fc y\u00fckseltmek i\u00e7in tasarlanm\u0131\u015ft\u0131r.<\/p>\n<p><h3>\u00dcst\u00fcn Konfor i\u00e7in Birinci S\u0131n\u0131f Malzemeler<\/h3>\n<\/p>\n<p>Kaliteye olan ba\u011fl\u0131l\u0131\u011f\u0131m\u0131z malzemelerle ba\u015flar. Bu ola\u011fan\u00fcst\u00fc \u00fcr\u00fcnlerin d\u0131\u015f y\u00fczeyi <b>Erkek Mavi S\u00fcet Loafer<\/b> yumu\u015fak dokusu, dayan\u0131kl\u0131l\u0131\u011f\u0131 ve zarif g\u00f6r\u00fcn\u00fcm\u00fcyle bilinen birinci s\u0131n\u0131f dana derisinden \u00fcretilmi\u015ftir. S\u00fcet kaplama, bu ayakkab\u0131lar\u0131 di\u011ferlerinden ay\u0131ran sofistike bir \u00e7ekicilik katar.<\/p>\n<p>\u0130\u00e7 k\u0131s\u0131mda, ayaklar\u0131n\u0131z hakiki ke\u00e7i derisi astar\u0131n \u00fcst\u00fcn konforuyla sarmalanacak. Bu do\u011fal malzeme m\u00fckemmel nefes alabilirlik sa\u011flar, nemi uzakla\u015ft\u0131r\u0131r ve cildinize kar\u015f\u0131 yumu\u015fak, esnek bir his verir. <b>Erkek Mavi S\u00fcet Loafer<\/b> \u00f6d\u00fcn vermeden t\u00fcm g\u00fcn kullan\u0131m i\u00e7in uygundur.<\/p>\n<p><h3>Hafif Tasar\u0131m ve Klasik Stil<\/h3>\n<\/p>\n<p>Konfor i\u00e7 mekanla bitmiyor. Bu ola\u011fan\u00fcst\u00fc <b>Erkek Mavi S\u00fcet Loafer<\/b> hafif ve esnek bir EVA tabana sahiptir. Bu yenilik\u00e7i malzeme \u00fcst\u00fcn yast\u0131klama ve \u015fok emilimi sa\u011flayarak her ad\u0131m\u0131 zahmetsiz hissettirir.<\/p>\n<p>Klasik topuk y\u00fcksekli\u011fi 1-3 cm olan bu loafer ayakkab\u0131lar, zamans\u0131z loafer tasar\u0131m\u0131n\u0131 somutla\u015ft\u0131ran m\u00fckemmel bir destek dengesi ve \u015f\u0131k bir profil sunar. \u0130ster \u015fehir sokaklar\u0131nda geziniyor ister sahil kenar\u0131nda dinleniyor olun, bu <b>Erkek Mavi S\u00fcet Loafer<\/b> sizi rahat ve \u015f\u0131k tutacak, her t\u00fcrl\u00fc g\u00fcndelik ortam i\u00e7in m\u00fckemmel bir se\u00e7im oldu\u011funu kan\u0131tlayacakt\u0131r.<\/p>\n<p><h3>\u00c7ok Y\u00f6nl\u00fcl\u00fck ve Ustal\u0131k<\/h3>\n<\/p>\n<p>Bu zamans\u0131z tasar\u0131m ve \u00e7arp\u0131c\u0131 renk <b>Erkek Mavi S\u00fcet Loafer<\/b> inan\u0131lmaz derecede \u00e7ok y\u00f6nl\u00fcd\u00fcr. \u015e\u0131k ve rahat bir g\u00f6r\u00fcn\u00fcm i\u00e7in chino pantolonlarla e\u015fle\u015ftirin, yaz gezintisi i\u00e7in \u015fortlarla giydirin ya da rahat bir i\u015f k\u0131yafeti i\u00e7in \u00f6zel dikim pantolonlarla kullan\u0131n. Her bir \u00e7ift, y\u00fcksek kalite ve biti\u015f standartlar\u0131 sa\u011flayan titiz i\u015f\u00e7ili\u011fi yans\u0131t\u0131r.<\/p>\n<p>Bunlar <b>Erkek Mavi S\u00fcet Loafer<\/b> ayakkab\u0131dan daha fazlas\u0131d\u0131r; kal\u0131c\u0131 stil ve konfora yap\u0131lan bir yat\u0131r\u0131md\u0131r, uzun s\u00fcre dayanacak ve etkileyecek \u015fekilde tasarlanm\u0131\u015ft\u0131r.<\/p>\n<p><h3>Koleksiyonunuzu Bug\u00fcn Sipari\u015f Edin<\/h3>\n<\/p>\n<p>Perakendeciler ve i\u015fletmeler i\u00e7in bu premium <b>Erkek Mavi S\u00fcet Loafer<\/b> minimum 8 \u00e7ift sipari\u015f ile toptan sat\u0131n al\u0131nabilir. Tahmini teslim s\u00fcresi 12 g\u00fcn art\u0131 nakliye ile zaman\u0131nda teslimat konusunda kendimizle gurur duyuyoruz. M\u00fc\u015fteri memnuniyeti ve i\u015f tekrar\u0131 vaat eden bu aranan mavi s\u00fcet mokasenlerle envanterinizi y\u00fckseltin.<\/p>\n<p>Fiyatland\u0131rma detaylar\u0131 ve toptan sipari\u015finizi bug\u00fcn vermek i\u00e7in bizimle ileti\u015fime ge\u00e7in, m\u00fc\u015fterilerinize en iyi g\u00fcnl\u00fck ayakkab\u0131lar\u0131 getirin.<\/p>","protected":false},"excerpt":{"rendered":"<ul>\n<li>D\u0131\u015f Malzeme: L\u00fcks Dana Derisi (S\u00fcet Kaplama)<\/li>\n<li>\u0130\u00e7 Malzeme: Nefes Alabilen Ke\u00e7i Derisi Astar<\/li>\n<li>Taban: Hafif ve Yast\u0131kl\u0131 EVA<\/li>\n<li>Topuk Y\u00fcksekli\u011fi: Konfor ve stil i\u00e7in klasik 1-3 cm<\/li>\n<li>Mevcut Bedenler: 39, 40, 41, 42, 43, 44, 45<\/li>\n<li>Minimum Sipari\u015f: Minimum 8 \u00e7ift ile toptan sat\u0131\u015f i\u00e7in mevcuttur<\/li>\n<li>Teslimat S\u00fcresi: Yakla\u015f\u0131k 12 g\u00fcn art\u0131 nakliye<\/li>\n<\/ul>","protected":false},"featured_media":4039,"template":"","meta":{"_acf_changed":false,"_uag_custom_page_level_css":"","site-sidebar-layout":"default","site-content-layout":"","ast-site-content-layout":"default","site-content-style":"default","site-sidebar-style":"default","ast-global-header-display":"","ast-banner-title-visibility":"","ast-main-header-display":"","ast-hfb-above-header-display":"","ast-hfb-below-header-display":"","ast-hfb-mobile-header-display":"","site-post-title":"","ast-breadcrumbs-content":"","ast-featured-img":"","footer-sml-layout":"","ast-disable-related-posts":"","theme-transparent-header-meta":"","adv-header-id-meta":"","stick-header-meta":"","header-above-stick-meta":"","header-main-stick-meta":"","header-below-stick-meta":"","astra-migrate-meta-layouts":"default","ast-page-background-enabled":"default","ast-page-background-meta":{"desktop":{"background-color":"var(--ast-global-color-4)","background-image":"","background-repeat":"repeat","background-position":"center center","background-size":"auto","background-attachment":"scroll","background-type":"","background-media":"","overlay-type":"","overlay-color":"","overlay-opacity":"","overlay-gradient":""},"tablet":{"background-color":"","background-image":"","background-repeat":"repeat","background-position":"center center","background-size":"auto","background-attachment":"scroll","background-type":"","background-media":"","overlay-type":"","overlay-color":"","overlay-opacity":"","overlay-gradient":""},"mobile":{"background-color":"","background-image":"","background-repeat":"repeat","background-position":"center center","background-size":"auto","background-attachment":"scroll","background-type":"","background-media":"","overlay-type":"","overlay-color":"","overlay-opacity":"","overlay-gradient":""}},"ast-content-background-meta":{"desktop":{"background-color":"var(--ast-global-color-5)","background-image":"","background-repeat":"repeat","background-position":"center center","background-size":"auto","background-attachment":"scroll","background-type":"","background-media":"","overlay-type":"","overlay-color":"","overlay-opacity":"","overlay-gradient":""},"tablet":{"background-color":"var(--ast-global-color-5)","background-image":"","background-repeat":"repeat","background-position":"center center","background-size":"auto","background-attachment":"scroll","background-type":"","background-media":"","overlay-type":"","overlay-color":"","overlay-opacity":"","overlay-gradient":""},"mobile":{"background-color":"var(--ast-global-color-5)","background-image":"","background-repeat":"repeat","background-position":"center center","background-size":"auto","background-attachment":"scroll","background-type":"","background-media":"","overlay-type":"","overlay-color":"","overlay-opacity":"","overlay-gradient":""}}},"product_brand":[],"product_cat":[48,49,430,40],"product_tag":[635,202,512,222,438,437,215,964,198,186,374,184,670,283,456],"class_list":{"0":"post-6051","1":"product","2":"type-product","3":"status-publish","4":"has-post-thumbnail","6":"product_cat-casual","7":"product_cat-loafer","8":"product_cat-men","9":"product_cat-mens-shoes","10":"product_tag-blue-loafers","11":"product_tag-calf-leather","12":"product_tag-casual-loafers","13":"product_tag-comfortable-shoes","14":"product_tag-eva-sole","15":"product_tag-goat-leather","16":"product_tag-leather-loafers","17":"product_tag-mens-casual-footwear","18":"product_tag-mens-fashion","19":"product_tag-mens-loafers","20":"product_tag-premium-loafers","21":"product_tag-slip-on-shoes","22":"product_tag-stylish-loafers","23":"product_tag-suede-shoes","24":"product_tag-wholesale-loafers","25":"desktop-align-center","26":"tablet-align-center","27":"mobile-align-center","29":"first","30":"instock","31":"shipping-taxable","32":"purchasable","33":"product-type-variable","34":"has-default-attributes"},"acf":[],"uagb_featured_image_src":{"full":["https:\/\/turkishtrade.co\/wp-content\/uploads\/2026\/01\/2400EJOMN00219-BLUE-X_7801-3-USD.png",453,250,false],"thumbnail":["https:\/\/turkishtrade.co\/wp-content\/uploads\/2026\/01\/2400EJOMN00219-BLUE-X_7801-3-USD-150x150.png",150,150,true],"medium":["https:\/\/turkishtrade.co\/wp-content\/uploads\/2026\/01\/2400EJOMN00219-BLUE-X_7801-3-USD-300x166.png",300,166,true],"medium_large":["https:\/\/turkishtrade.co\/wp-content\/uploads\/2026\/01\/2400EJOMN00219-BLUE-X_7801-3-USD.png",453,250,false],"large":["https:\/\/turkishtrade.co\/wp-content\/uploads\/2026\/01\/2400EJOMN00219-BLUE-X_7801-3-USD.png",453,250,false],"1536x1536":["https:\/\/turkishtrade.co\/wp-content\/uploads\/2026\/01\/2400EJOMN00219-BLUE-X_7801-3-USD.png",453,250,false],"2048x2048":["https:\/\/turkishtrade.co\/wp-content\/uploads\/2026\/01\/2400EJOMN00219-BLUE-X_7801-3-USD.png",453,250,false],"trp-custom-language-flag":["https:\/\/turkishtrade.co\/wp-content\/uploads\/2026\/01\/2400EJOMN00219-BLUE-X_7801-3-USD-18x10.png",18,10,true],"woocommerce_thumbnail":["https:\/\/turkishtrade.co\/wp-content\/uploads\/2026\/01\/2400EJOMN00219-BLUE-X_7801-3-USD-400x250.png",400,250,true],"woocommerce_single":["https:\/\/turkishtrade.co\/wp-content\/uploads\/2026\/01\/2400EJOMN00219-BLUE-X_7801-3-USD.png",453,250,false],"woocommerce_gallery_thumbnail":["https:\/\/turkishtrade.co\/wp-content\/uploads\/2026\/01\/2400EJOMN00219-BLUE-X_7801-3-USD-100x100.png",100,100,true]},"uagb_author_info":{"display_name":"yaser olabi","author_link":"https:\/\/turkishtrade.co\/tr\/author\/"},"uagb_comment_info":0,"uagb_excerpt":"Outer Material: Luxurious Calf Leather (Suede Finish) Inner Material: Breathable Goat Leather Lining Sole: Lightweight and Cushioned EVA Heel Height: Classic 1-3 cm for comfort and style Available Sizes: 39, 40, 41, 42, 43, 44, 45 Minimum Order: Available for wholesale with a minimum of 8 pairs Delivery Time: Approximately 12 days plus shipping","_links":{"self":[{"href":"https:\/\/turkishtrade.co\/tr\/wp-json\/wp\/v2\/product\/6051","targetHints":{"allow":["GET"]}}],"collection":[{"href":"https:\/\/turkishtrade.co\/tr\/wp-json\/wp\/v2\/product"}],"about":[{"href":"https:\/\/turkishtrade.co\/tr\/wp-json\/wp\/v2\/types\/product"}],"wp:featuredmedia":[{"embeddable":true,"href":"https:\/\/turkishtrade.co\/tr\/wp-json\/wp\/v2\/media\/4039"}],"wp:attachment":[{"href":"https:\/\/turkishtrade.co\/tr\/wp-json\/wp\/v2\/media?parent=6051"}],"wp:term":[{"taxonomy":"product_brand","embeddable":true,"href":"https:\/\/turkishtrade.co\/tr\/wp-json\/wp\/v2\/product_brand?post=6051"},{"taxonomy":"product_cat","embeddable":true,"href":"https:\/\/turkishtrade.co\/tr\/wp-json\/wp\/v2\/product_cat?post=6051"},{"taxonomy":"product_tag","embeddable":true,"href":"https:\/\/turkishtrade.co\/tr\/wp-json\/wp\/v2\/product_tag?post=6051"}],"curies":[{"name":"wp","href":"https:\/\/api.w.org\/{rel}","templated":true}]}}