{"id":6048,"date":"2026-01-14T14:02:23","date_gmt":"2026-01-14T14:02:23","guid":{"rendered":"https:\/\/turkishtrade.co\/product\/men-s-suede-loafers-3\/"},"modified":"2026-04-09T19:15:25","modified_gmt":"2026-04-09T19:15:25","slug":"mens-suede-loafers-5","status":"publish","type":"product","link":"https:\/\/turkishtrade.co\/tr\/shop\/mens-suede-loafers-5\/","title":{"rendered":"Erkek Premium S\u00fcet Deri G\u00fcnl\u00fck Loafer'lar"},"content":{"rendered":"<p><strong>Erkek S\u00fcet Loafer<\/strong><\/p>\n<p>Enfes koleksiyonumuzla g\u00fcndelik \u015f\u0131kl\u0131\u011f\u0131n \u00f6z\u00fcn\u00fc ke\u015ffedin <strong>Erkek S\u00fcet Loafer<\/strong>. Hem stil hem de konfora \u00f6nem veren modern erkekler i\u00e7in tasarlanan bu <strong>Erkek S\u00fcet Loafer<\/strong> \u00fcst\u00fcn i\u015f\u00e7ilik ve birinci s\u0131n\u0131f malzemelerin bir kan\u0131t\u0131d\u0131r. Benzersiz bir kullan\u0131m deneyimi sunmak i\u00e7in titizlikle \u00fcretilen her bir \u00e7ift, sofistike gard\u0131roplar i\u00e7in vazge\u00e7ilmez bir eklentidir. Canl\u0131 maviden toprak rengi zeytine, bu mokasen ayakkab\u0131lar \u00e7ok y\u00f6nl\u00fc stil se\u00e7enekleri sunar.<\/p>\n<p><h3>Rakipsiz Konfor ve Kalite<\/h3>\n<\/p>\n<p>Bizim <strong>Erkek S\u00fcet Loafer<\/strong> L\u00fcks S\u00fcet Dana Derisinden \u00fcretilen d\u0131\u015f y\u00fczeyi, zengin bir doku ve g\u00f6ze \u00e7arpan farkl\u0131 bir g\u00f6r\u00fcn\u00fcm sa\u011flar. Bu birinci s\u0131n\u0131f dana derisi dayan\u0131kl\u0131l\u0131k sa\u011flar ve zaman i\u00e7inde g\u00fczel bir patina geli\u015ftirerek <strong>Erkek S\u00fcet Loafer<\/strong> ger\u00e7ekten e\u015fsiz. \u0130\u00e7 k\u0131sm\u0131 yumu\u015fak, nefes alabilen Ke\u00e7i Derisi ile astarlanm\u0131\u015ft\u0131r, ola\u011fan\u00fcst\u00fc konfor sunar ve uzun s\u00fcreli kullan\u0131mlarda bile sa\u011fl\u0131kl\u0131 ayak havaland\u0131rmas\u0131n\u0131 destekler.<\/p>\n<p>Titizlikle tasarlanm\u0131\u015f bu \u00fcr\u00fcnlerle rahats\u0131zl\u0131\u011fa veda edin ve g\u00fcn boyu rahatl\u0131\u011fa merhaba deyin <strong>Erkek S\u00fcet Loafer<\/strong>.<\/p>\n<p><h3>G\u00fcnl\u00fck Kullan\u0131m i\u00e7in Hafif Tasar\u0131m<\/h3>\n<\/p>\n<p>Bu ola\u011fan\u00fcst\u00fc eserlerin temeli <strong>Erkek S\u00fcet Loafer<\/strong> hafif ancak son derece dayan\u0131kl\u0131 bir EVA taband\u0131r. Bu geli\u015fmi\u015f taban teknolojisi m\u00fckemmel yast\u0131klama ve \u015fok emilimi sa\u011flayarak her ad\u0131mda rahat bir y\u00fcr\u00fcy\u00fc\u015f sa\u011flar. \u0130ster \u015fehir sokaklar\u0131nda geziniyor, ister g\u00fcndelik bir i\u015f toplant\u0131s\u0131na kat\u0131l\u0131yor ya da bir hafta sonu ka\u00e7ama\u011f\u0131n\u0131n tad\u0131n\u0131 \u00e7\u0131kar\u0131yor olun, bu <strong>Erkek S\u00fcet Loafer<\/strong> destek ve esnekli\u011fin m\u00fckemmel bir kar\u0131\u015f\u0131m\u0131n\u0131 sunar.<\/p>\n<p>Klasik loafer silueti, ince diki\u015f detaylar\u0131yla birle\u015ferek bu \u00e7ok y\u00f6nl\u00fc ayakkab\u0131ya zamans\u0131z bir \u00e7ekicilik kat\u0131yor <strong>Erkek S\u00fcet Loafer<\/strong>.<\/p>\n<p><h3>\u00c7ok Y\u00f6nl\u00fcl\u00fck ve Stil<\/h3>\n<\/p>\n<p>Canl\u0131 mavi ve toprak rengi zeytin de dahil olmak \u00fczere bir dizi sofistike renkte mevcuttur. <strong>Erkek S\u00fcet Loafer<\/strong> \u00e7ok \u00e7e\u015fitli k\u0131yafetleri tamamlayacak \u015fekilde tasarlanm\u0131\u015ft\u0131r. \u015e\u0131k ve rahat bir g\u00f6r\u00fcn\u00fcm i\u00e7in chino pantolonlarla, rahat bir hava i\u00e7in jean pantolonlarla ve hatta y\u00fcksek bir yaz kombini i\u00e7in \u00f6zel dikim \u015fortlarla e\u015fle\u015ftirin. Bunlar\u0131n abart\u0131s\u0131z \u015f\u0131kl\u0131\u011f\u0131 <strong>Erkek S\u00fcet Loafer<\/strong> son derece \u00e7ok y\u00f6nl\u00fcd\u00fcr, g\u00fcnd\u00fcz gezmelerinden ak\u015fam toplant\u0131lar\u0131na kadar \u00e7e\u015fitli durumlar i\u00e7in uygundur.<\/p>\n<p>39 ila 45 beden aras\u0131nda mevcut olan bu temel \u00fcr\u00fcnlere m\u00fckemmel uyumunuzu bulmak i\u00e7in <strong>Erkek S\u00fcet Loafer<\/strong> basit.<\/p>\n<p><h3>Toptan Sat\u0131\u015f F\u0131rsat\u0131<\/h3>\n<\/p>\n<p>\u0130\u015fletmelerin ihtiya\u00e7lar\u0131n\u0131 anl\u0131yor ve \u015fu istisnai hizmetleri sunuyoruz <strong>Erkek S\u00fcet Loafer<\/strong> toptan al\u0131m i\u00e7in. Sadece 8 \u00e7iftlik minimum sipari\u015f miktar\u0131yla, bu \u00e7ok aranan \u00fcr\u00fcnleri kolayca stoklayabilirsiniz <strong>Erkek S\u00fcet Loafer<\/strong> m\u00fc\u015fteri talebini kar\u015f\u0131lamak i\u00e7in. Envanterinizin verimli bir \u015fekilde yenilenmesini sa\u011flayarak 12 g\u00fcn i\u00e7inde g\u00fcvenilir teslimat ve nakliye deneyimi ya\u015fay\u0131n.<\/p>\n<p>Premium koleksiyonumuzla m\u00fc\u015fterilerinizin sevece\u011fi kalite, konfor ve stile yat\u0131r\u0131m yap\u0131n <strong>Erkek S\u00fcet Loafer<\/strong>.<\/p>","protected":false},"excerpt":{"rendered":"<ul>\n<li>Zarif bir g\u00f6r\u00fcn\u00fcm i\u00e7in l\u00fcks S\u00fcet Dana Derisi d\u0131\u015f y\u00fczeyden \u00fcretilmi\u015ftir.<\/li>\n<li>\u00dcst\u00fcn konfor i\u00e7in yumu\u015fak, nefes alabilen Ke\u00e7i Derisi i\u00e7 astara sahiptir.<\/li>\n<li>\u00dcst\u00fcn yast\u0131klama ve esneklik i\u00e7in hafif ve dayan\u0131kl\u0131 EVA taban ile donat\u0131lm\u0131\u015ft\u0131r.<\/li>\n<li>39'dan 45'e kadar kapsaml\u0131 bir beden aral\u0131\u011f\u0131nda mevcuttur.<\/li>\n<li>Minimum sipari\u015f miktar\u0131: 8 \u00e7ift, toptan ve toplu al\u0131mlar i\u00e7in idealdir.<\/li>\n<li>12 g\u00fcn i\u00e7inde teslimat + nakliye.<\/li>\n<\/ul>","protected":false},"featured_media":4038,"template":"","meta":{"_acf_changed":false,"_uag_custom_page_level_css":"","site-sidebar-layout":"default","site-content-layout":"","ast-site-content-layout":"default","site-content-style":"default","site-sidebar-style":"default","ast-global-header-display":"","ast-banner-title-visibility":"","ast-main-header-display":"","ast-hfb-above-header-display":"","ast-hfb-below-header-display":"","ast-hfb-mobile-header-display":"","site-post-title":"","ast-breadcrumbs-content":"","ast-featured-img":"","footer-sml-layout":"","ast-disable-related-posts":"","theme-transparent-header-meta":"","adv-header-id-meta":"","stick-header-meta":"","header-above-stick-meta":"","header-main-stick-meta":"","header-below-stick-meta":"","astra-migrate-meta-layouts":"default","ast-page-background-enabled":"default","ast-page-background-meta":{"desktop":{"background-color":"var(--ast-global-color-4)","background-image":"","background-repeat":"repeat","background-position":"center center","background-size":"auto","background-attachment":"scroll","background-type":"","background-media":"","overlay-type":"","overlay-color":"","overlay-opacity":"","overlay-gradient":""},"tablet":{"background-color":"","background-image":"","background-repeat":"repeat","background-position":"center center","background-size":"auto","background-attachment":"scroll","background-type":"","background-media":"","overlay-type":"","overlay-color":"","overlay-opacity":"","overlay-gradient":""},"mobile":{"background-color":"","background-image":"","background-repeat":"repeat","background-position":"center center","background-size":"auto","background-attachment":"scroll","background-type":"","background-media":"","overlay-type":"","overlay-color":"","overlay-opacity":"","overlay-gradient":""}},"ast-content-background-meta":{"desktop":{"background-color":"var(--ast-global-color-5)","background-image":"","background-repeat":"repeat","background-position":"center center","background-size":"auto","background-attachment":"scroll","background-type":"","background-media":"","overlay-type":"","overlay-color":"","overlay-opacity":"","overlay-gradient":""},"tablet":{"background-color":"var(--ast-global-color-5)","background-image":"","background-repeat":"repeat","background-position":"center center","background-size":"auto","background-attachment":"scroll","background-type":"","background-media":"","overlay-type":"","overlay-color":"","overlay-opacity":"","overlay-gradient":""},"mobile":{"background-color":"var(--ast-global-color-5)","background-image":"","background-repeat":"repeat","background-position":"center center","background-size":"auto","background-attachment":"scroll","background-type":"","background-media":"","overlay-type":"","overlay-color":"","overlay-opacity":"","overlay-gradient":""}}},"product_brand":[],"product_cat":[48,49,430,40],"product_tag":[317,453,185,512,220,438,189,762,384,1137,921,1138,184,280,1136,281],"class_list":{"0":"post-6048","1":"product","2":"type-product","3":"status-publish","4":"has-post-thumbnail","6":"product_cat-casual","7":"product_cat-loafer","8":"product_cat-men","9":"product_cat-mens-shoes","10":"product_tag-blue-suede-shoes","11":"product_tag-bulk-footwear","12":"product_tag-calf-leather-shoes","13":"product_tag-casual-loafers","14":"product_tag-comfortable-loafers","15":"product_tag-eva-sole","16":"product_tag-goat-leather-lining","17":"product_tag-loafer-shoes","18":"product_tag-luxury-loafers","19":"product_tag-mens-driving-shoes","20":"product_tag-mens-suede-loafers","21":"product_tag-olive-suede-shoes","22":"product_tag-slip-on-shoes","23":"product_tag-smart-casual-shoes","24":"product_tag-suede-leather-shoes","25":"product_tag-wholesale-shoes","26":"desktop-align-center","27":"tablet-align-center","28":"mobile-align-center","30":"first","31":"instock","32":"shipping-taxable","33":"purchasable","34":"product-type-variable","35":"has-default-attributes"},"acf":[],"uagb_featured_image_src":{"full":["https:\/\/turkishtrade.co\/wp-content\/uploads\/2026\/01\/2400EJOMN00218-GREEN-X_7802-7-USD.png",453,250,false],"thumbnail":["https:\/\/turkishtrade.co\/wp-content\/uploads\/2026\/01\/2400EJOMN00218-GREEN-X_7802-7-USD-150x150.png",150,150,true],"medium":["https:\/\/turkishtrade.co\/wp-content\/uploads\/2026\/01\/2400EJOMN00218-GREEN-X_7802-7-USD-300x166.png",300,166,true],"medium_large":["https:\/\/turkishtrade.co\/wp-content\/uploads\/2026\/01\/2400EJOMN00218-GREEN-X_7802-7-USD.png",453,250,false],"large":["https:\/\/turkishtrade.co\/wp-content\/uploads\/2026\/01\/2400EJOMN00218-GREEN-X_7802-7-USD.png",453,250,false],"1536x1536":["https:\/\/turkishtrade.co\/wp-content\/uploads\/2026\/01\/2400EJOMN00218-GREEN-X_7802-7-USD.png",453,250,false],"2048x2048":["https:\/\/turkishtrade.co\/wp-content\/uploads\/2026\/01\/2400EJOMN00218-GREEN-X_7802-7-USD.png",453,250,false],"trp-custom-language-flag":["https:\/\/turkishtrade.co\/wp-content\/uploads\/2026\/01\/2400EJOMN00218-GREEN-X_7802-7-USD-18x10.png",18,10,true],"woocommerce_thumbnail":["https:\/\/turkishtrade.co\/wp-content\/uploads\/2026\/01\/2400EJOMN00218-GREEN-X_7802-7-USD-400x250.png",400,250,true],"woocommerce_single":["https:\/\/turkishtrade.co\/wp-content\/uploads\/2026\/01\/2400EJOMN00218-GREEN-X_7802-7-USD.png",453,250,false],"woocommerce_gallery_thumbnail":["https:\/\/turkishtrade.co\/wp-content\/uploads\/2026\/01\/2400EJOMN00218-GREEN-X_7802-7-USD-100x100.png",100,100,true]},"uagb_author_info":{"display_name":"yaser olabi","author_link":"https:\/\/turkishtrade.co\/tr\/author\/"},"uagb_comment_info":0,"uagb_excerpt":"Crafted from luxurious Suede Calf Leather exterior for a refined look. Features a soft, breathable Goat Leather interior lining for ultimate comfort. Equipped with a lightweight and durable EVA sole for superior cushioning and flexibility. Available in a comprehensive size range from 39 to 45. Minimum order quantity: 8 pairs, ideal for wholesale and bulk&hellip;","_links":{"self":[{"href":"https:\/\/turkishtrade.co\/tr\/wp-json\/wp\/v2\/product\/6048","targetHints":{"allow":["GET"]}}],"collection":[{"href":"https:\/\/turkishtrade.co\/tr\/wp-json\/wp\/v2\/product"}],"about":[{"href":"https:\/\/turkishtrade.co\/tr\/wp-json\/wp\/v2\/types\/product"}],"wp:featuredmedia":[{"embeddable":true,"href":"https:\/\/turkishtrade.co\/tr\/wp-json\/wp\/v2\/media\/4038"}],"wp:attachment":[{"href":"https:\/\/turkishtrade.co\/tr\/wp-json\/wp\/v2\/media?parent=6048"}],"wp:term":[{"taxonomy":"product_brand","embeddable":true,"href":"https:\/\/turkishtrade.co\/tr\/wp-json\/wp\/v2\/product_brand?post=6048"},{"taxonomy":"product_cat","embeddable":true,"href":"https:\/\/turkishtrade.co\/tr\/wp-json\/wp\/v2\/product_cat?post=6048"},{"taxonomy":"product_tag","embeddable":true,"href":"https:\/\/turkishtrade.co\/tr\/wp-json\/wp\/v2\/product_tag?post=6048"}],"curies":[{"name":"wp","href":"https:\/\/api.w.org\/{rel}","templated":true}]}}