{"id":6046,"date":"2026-01-14T14:02:02","date_gmt":"2026-01-14T14:02:02","guid":{"rendered":"https:\/\/turkishtrade.co\/product\/men-s-suede-casual-shoes-2\/"},"modified":"2026-04-09T19:15:29","modified_gmt":"2026-04-09T19:15:29","slug":"mens-suede-casual-shoes","status":"publish","type":"product","link":"https:\/\/turkishtrade.co\/tr\/shop\/mens-suede-casual-shoes\/","title":{"rendered":"Erkek S\u00fcet Moc-Toe Comfort Derby Ayakkab\u0131"},"content":{"rendered":"<p><strong>Erkek S\u00fcet G\u00fcnl\u00fck Ayakkab\u0131<\/strong><\/p>\n<p>Enfes koleksiyonumuzla benzersiz bir stil ve konfora ad\u0131m at\u0131n <b>erkek s\u00fcet g\u00fcnl\u00fck ayakkabi<\/b>. Se\u00e7kin bireyler i\u00e7in tasarlanan bu ayakkab\u0131lar, klasik sofistikeli\u011fi \u00e7a\u011fda\u015f rahatl\u0131kla harmanlayarak her gard\u0131rop i\u00e7in vazge\u00e7ilmez bir eklenti haline getiriyor. En iyi malzemelerden \u00fcretilen bu ayakkab\u0131lar hem dayan\u0131kl\u0131l\u0131k hem de g\u00fcn boyu s\u00fcren l\u00fcks bir his sunar.<\/p>\n<p>Bu s\u0131ra d\u0131\u015f\u0131 ayakkab\u0131lar\u0131n d\u0131\u015f y\u00fczeyinde yumu\u015fak dokusu, zarif g\u00f6r\u00fcn\u00fcm\u00fc ve sa\u011flam kalitesiyle tan\u0131nan birinci s\u0131n\u0131f dana derisi s\u00fcet kullan\u0131lm\u0131\u015ft\u0131r. Bu y\u00fcksek kaliteli s\u00fcet sadece sofistike bir g\u00f6r\u00fcn\u00fcm sa\u011flamakla kalmaz, ayn\u0131 zamanda zaman i\u00e7inde aya\u011f\u0131n\u0131za g\u00fczel bir \u015fekilde uyum sa\u011flayarak uzun s\u00fcreli a\u015f\u0131nma sa\u011flar. Zengin kahverengi ve a\u00e7\u0131k bej\/gri gibi \u00e7ok y\u00f6nl\u00fc tonlarda mevcut olan bu <b>erkek s\u00fcet g\u00fcnl\u00fck ayakkabi<\/b> chino ve kot pantolonlardan daha \u00f6zel g\u00fcndelik pantolonlara kadar \u00e7ok \u00e7e\u015fitli k\u0131yafetlerle koordine etmek i\u00e7in m\u00fckemmeldir.<\/p>\n<p><h3>Rakipsiz Konfor ve \u0130\u015f\u00e7ilik<\/h3>\n<\/p>\n<p>Pel\u00fc\u015f ke\u00e7i derisi i\u00e7 astar sayesinde her ad\u0131mda ger\u00e7ek konforu ya\u015fay\u0131n. Bu do\u011fal malzeme y\u00fcksek oranda nefes alabilir ve uzun s\u00fcreli kullan\u0131mlarda bile ayaklar\u0131n\u0131z\u0131n serin ve kuru kalmas\u0131n\u0131 sa\u011flar. \u0130\u00e7 astar aya\u011f\u0131n\u0131z\u0131 yumu\u015fakl\u0131kla sararak tahri\u015fi \u00f6nler ve genel konfor deneyimini art\u0131r\u0131r.<\/p>\n<p>L\u00fcks i\u00e7 mekan\u0131 tamamlayan hafif ve esnek EVA taban, m\u00fckemmel yast\u0131klama ve \u015fok emilimi sa\u011flar. Topuk y\u00fcksekli\u011fi 1-3 cm aras\u0131nda de\u011fi\u015fen bu ayakkab\u0131lar, \u015f\u0131k ve rahat profilinden \u00f6d\u00fcn vermeden dengeli bir destek sunar.<\/p>\n<p>Klasik Derby siluetine sahip tasar\u0131m, kendine \u00f6zg\u00fc moc-toe diki\u015fleriyle zamans\u0131z bir stile modern bir dokunu\u015f sunuyor. Bu \u00f6zenli yap\u0131, rahat bir uyum sa\u011flar ve zanaatkar bir cazibe katar. \u0130ster g\u00fcndelik bir i\u015f toplant\u0131s\u0131na gidiyor olun, ister bir hafta sonu ka\u00e7ama\u011f\u0131n\u0131n tad\u0131n\u0131 \u00e7\u0131kar\u0131n ya da sadece zarif g\u00fcnl\u00fck ayakkab\u0131lar ar\u0131yor olun, bu <b>erkek s\u00fcet g\u00fcnl\u00fck ayakkabi<\/b> ideal se\u00e7iminizdir.<\/p>\n<p>Toptan m\u00fc\u015fterilere hitap ediyor ve bu y\u00fcksek kaliteli ayakkab\u0131lar\u0131 39'dan 45'e kadar tam bir beden yelpazesinde sunuyoruz. Minimum sipari\u015f miktar\u0131 sadece 8 \u00e7ift olan i\u015fletmeler, bu pop\u00fcler ve \u015f\u0131k ayakkab\u0131lar\u0131 kolayca stoklayabilir. Verimli \u00fcretim s\u00fcrecimiz, 12 g\u00fcnl\u00fck teslimat s\u00fcresi ve nakliye ile envanterinizi birinci s\u0131n\u0131f ayakkab\u0131larla h\u0131zl\u0131 bir \u015fekilde yenilemenizi sa\u011flar.<\/p>\n<p>Koleksiyonunuzu geli\u015ftirin ve m\u00fc\u015fterilerinize kalite, konfor ve kal\u0131c\u0131 stil a\u00e7\u0131s\u0131ndan ger\u00e7ekten \u00f6ne \u00e7\u0131kan ayakkab\u0131lar sunun.<\/p>","protected":false},"excerpt":{"rendered":"<ul>\n<li>Premium Dana Derisi S\u00fcet D\u0131\u015f Y\u00fczey<\/li>\n<li>Nefes alabilirlik i\u00e7in Yumu\u015fak Ke\u00e7i Derisi \u0130\u00e7 Astar<\/li>\n<li>Hafif ve Esnek EVA Taban (1-3 cm topuk y\u00fcksekli\u011fi)<\/li>\n<li>39-45 bedenlerde mevcuttur<\/li>\n<li>\u00c7ok Y\u00f6nl\u00fc Moc-Toe Derby Stili<\/li>\n<li>Toptan Minimum Sipari\u015f: 8 \u00c7ift<\/li>\n<li>\u00dcretim ve Teslimat: 12 g\u00fcn + nakliye<\/li>\n<\/ul>","protected":false},"featured_media":4036,"template":"","meta":{"_acf_changed":false,"_uag_custom_page_level_css":"","site-sidebar-layout":"default","site-content-layout":"","ast-site-content-layout":"default","site-content-style":"default","site-sidebar-style":"default","ast-global-header-display":"","ast-banner-title-visibility":"","ast-main-header-display":"","ast-hfb-above-header-display":"","ast-hfb-below-header-display":"","ast-hfb-mobile-header-display":"","site-post-title":"","ast-breadcrumbs-content":"","ast-featured-img":"","footer-sml-layout":"","ast-disable-related-posts":"","theme-transparent-header-meta":"","adv-header-id-meta":"","stick-header-meta":"","header-above-stick-meta":"","header-main-stick-meta":"","header-below-stick-meta":"","astra-migrate-meta-layouts":"default","ast-page-background-enabled":"default","ast-page-background-meta":{"desktop":{"background-color":"var(--ast-global-color-4)","background-image":"","background-repeat":"repeat","background-position":"center center","background-size":"auto","background-attachment":"scroll","background-type":"","background-media":"","overlay-type":"","overlay-color":"","overlay-opacity":"","overlay-gradient":""},"tablet":{"background-color":"","background-image":"","background-repeat":"repeat","background-position":"center center","background-size":"auto","background-attachment":"scroll","background-type":"","background-media":"","overlay-type":"","overlay-color":"","overlay-opacity":"","overlay-gradient":""},"mobile":{"background-color":"","background-image":"","background-repeat":"repeat","background-position":"center center","background-size":"auto","background-attachment":"scroll","background-type":"","background-media":"","overlay-type":"","overlay-color":"","overlay-opacity":"","overlay-gradient":""}},"ast-content-background-meta":{"desktop":{"background-color":"var(--ast-global-color-5)","background-image":"","background-repeat":"repeat","background-position":"center center","background-size":"auto","background-attachment":"scroll","background-type":"","background-media":"","overlay-type":"","overlay-color":"","overlay-opacity":"","overlay-gradient":""},"tablet":{"background-color":"var(--ast-global-color-5)","background-image":"","background-repeat":"repeat","background-position":"center center","background-size":"auto","background-attachment":"scroll","background-type":"","background-media":"","overlay-type":"","overlay-color":"","overlay-opacity":"","overlay-gradient":""},"mobile":{"background-color":"var(--ast-global-color-5)","background-image":"","background-repeat":"repeat","background-position":"center center","background-size":"auto","background-attachment":"scroll","background-type":"","background-media":"","overlay-type":"","overlay-color":"","overlay-opacity":"","overlay-gradient":""}}},"product_brand":[],"product_cat":[48,49,430,40],"product_tag":[582,211,212,438,583,198,1135,283,281],"class_list":{"0":"post-6046","1":"product","2":"type-product","3":"status-publish","4":"has-post-thumbnail","6":"product_cat-casual","7":"product_cat-loafer","8":"product_cat-men","9":"product_cat-mens-shoes","10":"product_tag-calfskin","11":"product_tag-comfort-footwear","12":"product_tag-derby-shoes","13":"product_tag-eva-sole","14":"product_tag-goatskin","15":"product_tag-mens-fashion","16":"product_tag-moc-toe-loafers","17":"product_tag-suede-shoes","18":"product_tag-wholesale-shoes","19":"desktop-align-center","20":"tablet-align-center","21":"mobile-align-center","23":"first","24":"instock","25":"shipping-taxable","26":"purchasable","27":"product-type-variable","28":"has-default-attributes"},"acf":[],"uagb_featured_image_src":{"full":["https:\/\/turkishtrade.co\/wp-content\/uploads\/2026\/01\/2400EJOMN00217-STONE-X_082-4-USD.png",453,250,false],"thumbnail":["https:\/\/turkishtrade.co\/wp-content\/uploads\/2026\/01\/2400EJOMN00217-STONE-X_082-4-USD-150x150.png",150,150,true],"medium":["https:\/\/turkishtrade.co\/wp-content\/uploads\/2026\/01\/2400EJOMN00217-STONE-X_082-4-USD-300x166.png",300,166,true],"medium_large":["https:\/\/turkishtrade.co\/wp-content\/uploads\/2026\/01\/2400EJOMN00217-STONE-X_082-4-USD.png",453,250,false],"large":["https:\/\/turkishtrade.co\/wp-content\/uploads\/2026\/01\/2400EJOMN00217-STONE-X_082-4-USD.png",453,250,false],"1536x1536":["https:\/\/turkishtrade.co\/wp-content\/uploads\/2026\/01\/2400EJOMN00217-STONE-X_082-4-USD.png",453,250,false],"2048x2048":["https:\/\/turkishtrade.co\/wp-content\/uploads\/2026\/01\/2400EJOMN00217-STONE-X_082-4-USD.png",453,250,false],"trp-custom-language-flag":["https:\/\/turkishtrade.co\/wp-content\/uploads\/2026\/01\/2400EJOMN00217-STONE-X_082-4-USD-18x10.png",18,10,true],"woocommerce_thumbnail":["https:\/\/turkishtrade.co\/wp-content\/uploads\/2026\/01\/2400EJOMN00217-STONE-X_082-4-USD-400x250.png",400,250,true],"woocommerce_single":["https:\/\/turkishtrade.co\/wp-content\/uploads\/2026\/01\/2400EJOMN00217-STONE-X_082-4-USD.png",453,250,false],"woocommerce_gallery_thumbnail":["https:\/\/turkishtrade.co\/wp-content\/uploads\/2026\/01\/2400EJOMN00217-STONE-X_082-4-USD-100x100.png",100,100,true]},"uagb_author_info":{"display_name":"yaser olabi","author_link":"https:\/\/turkishtrade.co\/tr\/author\/"},"uagb_comment_info":0,"uagb_excerpt":"Premium Calfskin Suede Exterior Soft Goatskin Interior Lining for breathability Lightweight &amp; Flexible EVA Sole (1-3 cm heel height) Available in sizes 39-45 Versatile Moc-Toe Derby Style Wholesale Minimum Order: 8 Pairs Production &amp; Delivery: 12 days + shipping","_links":{"self":[{"href":"https:\/\/turkishtrade.co\/tr\/wp-json\/wp\/v2\/product\/6046","targetHints":{"allow":["GET"]}}],"collection":[{"href":"https:\/\/turkishtrade.co\/tr\/wp-json\/wp\/v2\/product"}],"about":[{"href":"https:\/\/turkishtrade.co\/tr\/wp-json\/wp\/v2\/types\/product"}],"wp:featuredmedia":[{"embeddable":true,"href":"https:\/\/turkishtrade.co\/tr\/wp-json\/wp\/v2\/media\/4036"}],"wp:attachment":[{"href":"https:\/\/turkishtrade.co\/tr\/wp-json\/wp\/v2\/media?parent=6046"}],"wp:term":[{"taxonomy":"product_brand","embeddable":true,"href":"https:\/\/turkishtrade.co\/tr\/wp-json\/wp\/v2\/product_brand?post=6046"},{"taxonomy":"product_cat","embeddable":true,"href":"https:\/\/turkishtrade.co\/tr\/wp-json\/wp\/v2\/product_cat?post=6046"},{"taxonomy":"product_tag","embeddable":true,"href":"https:\/\/turkishtrade.co\/tr\/wp-json\/wp\/v2\/product_tag?post=6046"}],"curies":[{"name":"wp","href":"https:\/\/api.w.org\/{rel}","templated":true}]}}