{"id":6043,"date":"2026-01-14T14:01:42","date_gmt":"2026-01-14T14:01:42","guid":{"rendered":"https:\/\/turkishtrade.co\/product\/mens-suede-loafer-shoes-2\/"},"modified":"2026-04-09T19:15:37","modified_gmt":"2026-04-09T19:15:37","slug":"mens-suede-loafer-shoes-2","status":"publish","type":"product","link":"https:\/\/turkishtrade.co\/tr\/shop\/mens-suede-loafer-shoes-2\/","title":{"rendered":"Hafif EVA Tabanl\u0131 Premium Erkek S\u00fcet Deri Loafer Ayakkab\u0131"},"content":{"rendered":"<p><strong>Erkek S\u00fcet Loafer Ayakkab\u0131<\/strong><\/p>\n<p>Enfes koleksiyonumuzla benzersiz konfora ve zamans\u0131z stile ad\u0131m at\u0131n <b>erkek s\u00fcet mokasen ayakkabi<\/b>. Se\u00e7kin beyefendiler i\u00e7in tasarlanan bu mokasen ayakkab\u0131lar, sofistike esteti\u011fi g\u00fcnl\u00fck giyilebilirlikle m\u00fckemmel bir \u015fekilde harmanlayarak her modern gard\u0131rop i\u00e7in vazge\u00e7ilmez bir eklenti haline geliyor. \u0130ster g\u00fcndelik bir brunch'a ister yar\u0131 resmi bir etkinli\u011fe gidiyor olun, bu \u00e7ok y\u00f6nl\u00fc ayakkab\u0131lar g\u00f6r\u00fcn\u00fcm\u00fcn\u00fcz\u00fc zahmetsiz bir \u00e7ekicilikle y\u00fckseltecek.<\/p>\n<p><h3>Rakipsiz \u0130\u015f\u00e7ilik ve Birinci S\u0131n\u0131f Malzemeler<\/h3>\n<\/p>\n<p>Her bir \u00e7iftimiz <b>erkek s\u00fcet mokasen ayakkabi<\/b> yaln\u0131zca en iyi malzemeler kullan\u0131larak titizlikle \u00fcretilmi\u015ftir. Orijinal dana derisi s\u00fcet d\u0131\u015f y\u00fczeyi, zengin bir doku ve g\u00fczel bir \u015fekilde eskiyen l\u00fcks bir his sunar. Bu birinci s\u0131n\u0131f d\u0131\u015f katman, yumu\u015fak ve zarif g\u00f6r\u00fcn\u00fcm\u00fcn\u00fc korurken ola\u011fan\u00fcst\u00fc dayan\u0131kl\u0131l\u0131k sa\u011flar.<\/p>\n<p>\u0130\u00e7 k\u0131s\u0131mda, ayaklar\u0131n\u0131z inan\u0131lmaz yumu\u015fakl\u0131\u011f\u0131 ve nefes alabilirli\u011fi ile tan\u0131nan esnek ke\u00e7i derisi ile sar\u0131l\u0131r. Bu do\u011fal astar, nemi ustal\u0131kla uzakla\u015ft\u0131rarak y\u00fcksek kaliteli ayakkab\u0131lar i\u00e7in \u00e7ok \u00f6nemli bir \u00f6zellik olan uzun s\u00fcreli kullan\u0131mda bile maksimum konfor ve ferahl\u0131k hissi sa\u011flar.<\/p>\n<p><h3>EVA Taban Teknolojisi ile Hafif Konfor<\/h3>\n<\/p>\n<p>\u00dcst\u00fcn deri yap\u0131y\u0131 tamamlayan hafif ve son derece esnek EVA taban. Geleneksel a\u011f\u0131r tabanlardan farkl\u0131 olarak, geli\u015fmi\u015f EVA malzeme m\u00fckemmel \u015fok emilimi sa\u011flayarak yorgunlu\u011fu \u00f6nemli \u00f6l\u00e7\u00fcde azalt\u0131r ve g\u00fcn boyunca yayl\u0131, rahat bir ad\u0131m sunar. \u0130ster kalabal\u0131k \u015fehir sokaklar\u0131nda geziniyor ister rahat bir hafta sonu y\u00fcr\u00fcy\u00fc\u015f\u00fcn\u00fcn tad\u0131n\u0131 \u00e7\u0131kar\u0131yor olun, bu ayakkab\u0131n\u0131n sa\u011flam ancak \u00e7evik taban\u0131 <b>erkek s\u00fcet mokasen ayakkabi<\/b> konfor ve dengeyi garanti ederek g\u00fcvenle ve kolayl\u0131kla hareket etmenizi sa\u011flar.<\/p>\n<p><h3>Her Durum i\u00e7in \u00c7ok Y\u00f6nl\u00fc Stil<\/h3>\n<\/p>\n<p>Klasik loafer silueti zahmetsizce \u00e7ok y\u00f6nl\u00fcd\u00fcr ve bu ayakkab\u0131lar\u0131 bir\u00e7ok durum i\u00e7in uygun hale getirir. Zarif bir yar\u0131 resmi toplant\u0131 i\u00e7in chino pantolon ve \u015f\u0131k bir g\u00f6mlekle giydirin veya rahat ama g\u00f6steri\u015fli bir g\u00fcndelik g\u00f6r\u00fcn\u00fcm i\u00e7in en sevdi\u011finiz kot pantolon ve polo ti\u015f\u00f6rt ile e\u015fle\u015ftirin.<\/p>\n<p>Zengin kahverengi ve zarif lacivert dahil olmak \u00fczere sofistike tonlarda mevcut olan bu <b>erkekler i\u00e7in s\u00fcet loafer ayakkab\u0131<\/b> her k\u0131yafeti tamamlamak i\u00e7in uyarlanabilirlik sunar. 39'dan 45'e kadar de\u011fi\u015fen bedenlerle, m\u00fckemmel uyumunuzu bulmak kolayd\u0131r ve her erke\u011fin l\u00fcks ve konforu deneyimleyebilmesini sa\u011flar.<\/p>\n<p><h3>Toptan Sat\u0131\u015f F\u0131rsat\u0131 ve Kalite G\u00fcvencesi<\/h3>\n<\/p>\n<p>Ola\u011fan\u00fcst\u00fc i\u015f\u00e7ilik ve detaylara g\u00f6sterilen sars\u0131lmaz \u00f6zenle gurur duyuyor, her bir \u00e7iftin <b>erkek s\u00fcet mokasen ayakkabi<\/b> en y\u00fcksek kalite ve dayan\u0131kl\u0131l\u0131k standartlar\u0131n\u0131 kar\u015f\u0131lamaktad\u0131r. Birinci s\u0131n\u0131f ayakkab\u0131 stoklamak isteyen i\u015fletmeler ve perakendeciler i\u00e7in bu zarif mokasen ayakkab\u0131lar, minimum 8 \u00e7iftlik uygun bir miktarla toptan sipari\u015fler i\u00e7in mevcuttur. De\u011ferli m\u00fc\u015fterileriniz i\u00e7in zaman\u0131nda stoklama sa\u011flayarak 12 g\u00fcn art\u0131 nakliye i\u00e7inde verimli teslimat\u0131 garanti ediyoruz.<\/p>\n<p>Kal\u0131c\u0131 stil, benzersiz konfor ve \u00fcst\u00fcn kalite vaadi sunan ayakkab\u0131lara yat\u0131r\u0131m yap\u0131n.<\/p>","protected":false},"excerpt":{"rendered":"<ul>\n<li>L\u00fcks bir d\u0131\u015f y\u00fczey i\u00e7in hakiki dana derisi s\u00fcetten el yap\u0131m\u0131.<\/li>\n<li>\u00dcst\u00fcn konfor i\u00e7in yumu\u015fak, nefes alabilen ke\u00e7i derisi astar.<\/li>\n<li>T\u00fcm g\u00fcn kullan\u0131m i\u00e7in hafif ve esnek EVA taban.<\/li>\n<li>Klasik loafer tasar\u0131m\u0131 g\u00fcndelik ve yar\u0131 resmi durumlar i\u00e7in m\u00fckemmeldir.<\/li>\n<li>Bu erkek s\u00fcet loafer ayakkab\u0131lara m\u00fckemmel uyum sa\u011flamak i\u00e7in 39-45 bedenleri mevcuttur.<\/li>\n<li>Toptan sipari\u015fler kabul edilir: Minimum 8 \u00e7ift. 12 g\u00fcn i\u00e7inde teslimat + nakliye.<\/li>\n<\/ul>","protected":false},"featured_media":4034,"template":"","meta":{"_acf_changed":false,"_uag_custom_page_level_css":"","site-sidebar-layout":"default","site-content-layout":"","ast-site-content-layout":"default","site-content-style":"default","site-sidebar-style":"default","ast-global-header-display":"","ast-banner-title-visibility":"","ast-main-header-display":"","ast-hfb-above-header-display":"","ast-hfb-below-header-display":"","ast-hfb-mobile-header-display":"","site-post-title":"","ast-breadcrumbs-content":"","ast-featured-img":"","footer-sml-layout":"","ast-disable-related-posts":"","theme-transparent-header-meta":"","adv-header-id-meta":"","stick-header-meta":"","header-above-stick-meta":"","header-main-stick-meta":"","header-below-stick-meta":"","astra-migrate-meta-layouts":"default","ast-page-background-enabled":"default","ast-page-background-meta":{"desktop":{"background-color":"var(--ast-global-color-4)","background-image":"","background-repeat":"repeat","background-position":"center center","background-size":"auto","background-attachment":"scroll","background-type":"","background-media":"","overlay-type":"","overlay-color":"","overlay-opacity":"","overlay-gradient":""},"tablet":{"background-color":"","background-image":"","background-repeat":"repeat","background-position":"center center","background-size":"auto","background-attachment":"scroll","background-type":"","background-media":"","overlay-type":"","overlay-color":"","overlay-opacity":"","overlay-gradient":""},"mobile":{"background-color":"","background-image":"","background-repeat":"repeat","background-position":"center center","background-size":"auto","background-attachment":"scroll","background-type":"","background-media":"","overlay-type":"","overlay-color":"","overlay-opacity":"","overlay-gradient":""}},"ast-content-background-meta":{"desktop":{"background-color":"var(--ast-global-color-5)","background-image":"","background-repeat":"repeat","background-position":"center center","background-size":"auto","background-attachment":"scroll","background-type":"","background-media":"","overlay-type":"","overlay-color":"","overlay-opacity":"","overlay-gradient":""},"tablet":{"background-color":"var(--ast-global-color-5)","background-image":"","background-repeat":"repeat","background-position":"center center","background-size":"auto","background-attachment":"scroll","background-type":"","background-media":"","overlay-type":"","overlay-color":"","overlay-opacity":"","overlay-gradient":""},"mobile":{"background-color":"var(--ast-global-color-5)","background-image":"","background-repeat":"repeat","background-position":"center center","background-size":"auto","background-attachment":"scroll","background-type":"","background-media":"","overlay-type":"","overlay-color":"","overlay-opacity":"","overlay-gradient":""}}},"product_brand":[],"product_cat":[48,49,430,40],"product_tag":[147,566,449,220,438,556,215,148,198,557,184,380,149],"class_list":{"0":"post-6043","1":"product","2":"type-product","3":"status-publish","4":"has-post-thumbnail","6":"product_cat-casual","7":"product_cat-loafer","8":"product_cat-men","9":"product_cat-mens-shoes","10":"product_tag-brown-loafers","11":"product_tag-calfskin-shoes","12":"product_tag-casual-shoes","13":"product_tag-comfortable-loafers","14":"product_tag-eva-sole","15":"product_tag-goatskin-lining","16":"product_tag-leather-loafers","17":"product_tag-loafers","18":"product_tag-mens-fashion","19":"product_tag-navy-loafers","20":"product_tag-slip-on-shoes","21":"product_tag-smart-casual-footwear","22":"product_tag-suede-loafers","23":"desktop-align-center","24":"tablet-align-center","25":"mobile-align-center","27":"first","28":"instock","29":"shipping-taxable","30":"purchasable","31":"product-type-variable","32":"has-default-attributes"},"acf":[],"uagb_featured_image_src":{"full":["https:\/\/turkishtrade.co\/wp-content\/uploads\/2026\/01\/2400EJOMN00215-DARK-BLUE-X_1343-Fusped-1-usd.png",453,250,false],"thumbnail":["https:\/\/turkishtrade.co\/wp-content\/uploads\/2026\/01\/2400EJOMN00215-DARK-BLUE-X_1343-Fusped-1-usd-150x150.png",150,150,true],"medium":["https:\/\/turkishtrade.co\/wp-content\/uploads\/2026\/01\/2400EJOMN00215-DARK-BLUE-X_1343-Fusped-1-usd-300x166.png",300,166,true],"medium_large":["https:\/\/turkishtrade.co\/wp-content\/uploads\/2026\/01\/2400EJOMN00215-DARK-BLUE-X_1343-Fusped-1-usd.png",453,250,false],"large":["https:\/\/turkishtrade.co\/wp-content\/uploads\/2026\/01\/2400EJOMN00215-DARK-BLUE-X_1343-Fusped-1-usd.png",453,250,false],"1536x1536":["https:\/\/turkishtrade.co\/wp-content\/uploads\/2026\/01\/2400EJOMN00215-DARK-BLUE-X_1343-Fusped-1-usd.png",453,250,false],"2048x2048":["https:\/\/turkishtrade.co\/wp-content\/uploads\/2026\/01\/2400EJOMN00215-DARK-BLUE-X_1343-Fusped-1-usd.png",453,250,false],"trp-custom-language-flag":["https:\/\/turkishtrade.co\/wp-content\/uploads\/2026\/01\/2400EJOMN00215-DARK-BLUE-X_1343-Fusped-1-usd-18x10.png",18,10,true],"woocommerce_thumbnail":["https:\/\/turkishtrade.co\/wp-content\/uploads\/2026\/01\/2400EJOMN00215-DARK-BLUE-X_1343-Fusped-1-usd-400x250.png",400,250,true],"woocommerce_single":["https:\/\/turkishtrade.co\/wp-content\/uploads\/2026\/01\/2400EJOMN00215-DARK-BLUE-X_1343-Fusped-1-usd.png",453,250,false],"woocommerce_gallery_thumbnail":["https:\/\/turkishtrade.co\/wp-content\/uploads\/2026\/01\/2400EJOMN00215-DARK-BLUE-X_1343-Fusped-1-usd-100x100.png",100,100,true]},"uagb_author_info":{"display_name":"yaser olabi","author_link":"https:\/\/turkishtrade.co\/tr\/author\/"},"uagb_comment_info":0,"uagb_excerpt":"Handcrafted from genuine calfskin suede for a luxurious exterior. Soft, breathable goatskin leather lining for ultimate comfort. Lightweight and flexible EVA sole for all-day wear. Classic loafer design perfect for casual and semi-formal occasions. Available in sizes 39-45 to ensure the perfect fit for these men's suede loafer shoes. Wholesale orders welcome: Minimum 8 pairs.&hellip;","_links":{"self":[{"href":"https:\/\/turkishtrade.co\/tr\/wp-json\/wp\/v2\/product\/6043","targetHints":{"allow":["GET"]}}],"collection":[{"href":"https:\/\/turkishtrade.co\/tr\/wp-json\/wp\/v2\/product"}],"about":[{"href":"https:\/\/turkishtrade.co\/tr\/wp-json\/wp\/v2\/types\/product"}],"wp:featuredmedia":[{"embeddable":true,"href":"https:\/\/turkishtrade.co\/tr\/wp-json\/wp\/v2\/media\/4034"}],"wp:attachment":[{"href":"https:\/\/turkishtrade.co\/tr\/wp-json\/wp\/v2\/media?parent=6043"}],"wp:term":[{"taxonomy":"product_brand","embeddable":true,"href":"https:\/\/turkishtrade.co\/tr\/wp-json\/wp\/v2\/product_brand?post=6043"},{"taxonomy":"product_cat","embeddable":true,"href":"https:\/\/turkishtrade.co\/tr\/wp-json\/wp\/v2\/product_cat?post=6043"},{"taxonomy":"product_tag","embeddable":true,"href":"https:\/\/turkishtrade.co\/tr\/wp-json\/wp\/v2\/product_tag?post=6043"}],"curies":[{"name":"wp","href":"https:\/\/api.w.org\/{rel}","templated":true}]}}