{"id":6038,"date":"2026-01-14T14:01:20","date_gmt":"2026-01-14T14:01:20","guid":{"rendered":"https:\/\/turkishtrade.co\/product\/men-s-suede-casual-loafers-3\/"},"modified":"2026-04-09T19:15:51","modified_gmt":"2026-04-09T19:15:51","slug":"mens-suede-casual-loafers-5","status":"publish","type":"product","link":"https:\/\/turkishtrade.co\/tr\/shop\/mens-suede-casual-loafers-5\/","title":{"rendered":"Premium Erkek S\u00fcet G\u00fcnl\u00fck Loafer"},"content":{"rendered":"<p><strong>Erkek S\u00fcet G\u00fcnl\u00fck Loafer<\/strong><\/p>\n<p>Koleksiyonumuzla benzersiz konfora ve zamans\u0131z stile ad\u0131m at\u0131n <strong>Erkek S\u00fcet G\u00fcnl\u00fck Loafer<\/strong>. Hem \u015f\u0131kl\u0131\u011fa hem de g\u00fcnl\u00fck giyilebilirli\u011fe de\u011fer veren se\u00e7ici bireyler i\u00e7in tasarlanan bu mokasen ayakkab\u0131lar, \u00fcst\u00fcn i\u015f\u00e7ilik ve y\u00fcksek kaliteli malzemelerin bir kan\u0131t\u0131d\u0131r. \u015e\u0131k g\u00fcndelik k\u0131yafetlerden rahat i\u015f k\u0131yafetlerine kadar \u00e7ok \u00e7e\u015fitli k\u0131yafetleri tamamlamak i\u00e7in m\u00fckemmel olan bu mokasen ayakkab\u0131lar, her modern gard\u0131rop i\u00e7in vazge\u00e7ilmez bir eklentidir.<\/p>\n<h3>E\u015fsiz Kalite ve \u0130\u015f\u00e7ilik<\/h3>\n<p>Her bir \u00e7iftimiz <strong>Erkek S\u00fcet G\u00fcnl\u00fck Loafer<\/strong> birinci s\u0131n\u0131f malzemeler kullan\u0131larak titizlikle \u00fcretilmi\u015ftir. D\u0131\u015f y\u00fczeyi yumu\u015fak dokusu, l\u00fcks hissi ve sofistike g\u00f6r\u00fcn\u00fcm\u00fcyle bilinen zarif dana s\u00fcetinden yap\u0131lm\u0131\u015ft\u0131r. Bu dayan\u0131kl\u0131 ancak esnek deri, uzun \u00f6m\u00fcrl\u00fcl\u00fck ve yaln\u0131zca ya\u015fland\u0131k\u00e7a geli\u015fen zengin bir estetik sa\u011flar.<\/p>\n<p>\u0130\u00e7 k\u0131s\u0131mda ayaklar\u0131n\u0131z\u0131 saran p\u00fcr\u00fczs\u00fcz ve nefes alabilen ke\u00e7i derisi astar, ola\u011fan\u00fcst\u00fc konfor sa\u011flar ve s\u0131cakl\u0131\u011f\u0131 d\u00fczenlemeye yard\u0131mc\u0131 olarak bu ayakkab\u0131lar\u0131 her mevsim i\u00e7in ideal hale getirir. Dana s\u00fcet ve ke\u00e7i derisi kombinasyonu, aya\u011f\u0131n\u0131za ge\u00e7irdi\u011finiz andan itibaren \u00fcst\u00fcn bir kullan\u0131m deneyimini garanti eder.<\/p>\n<h3>Modern Konfor ve Stil i\u00e7in Tasarland\u0131<\/h3>\n<p>G\u00fcnl\u00fck makosen ayakkab\u0131lar\u0131m\u0131z, stilden \u00f6d\u00fcn vermeden m\u00fckemmel yast\u0131klama ve destek sa\u011flamak \u00fczere tasarlanm\u0131\u015f hafif ve esnek bir EVA tabana sahiptir. Klasik 1-3 cm topuk y\u00fcksekli\u011fi, geleneksel loafer sil\u00fcetini koruyarak ince bir y\u00fckselti sunar ve uzun s\u00fcreli kullan\u0131m i\u00e7in konfor sa\u011flar. Slip-on tasar\u0131m rahatl\u0131k ve kolayl\u0131k sa\u011flarken, zarif diki\u015fler ve temiz \u00e7izgiler kalite ve detaylara g\u00f6sterilen \u00f6zen hakk\u0131nda \u00e7ok \u015fey anlat\u0131r.<\/p>\n<p>EU 39'dan 45'e kadar kapsaml\u0131 bir beden yelpazesinde sunulan bu mokasen ayakkab\u0131lar, geni\u015f bir m\u00fc\u015fteri kitlesine m\u00fckemmel uyum sa\u011flayacak \u015fekilde tasarlanm\u0131\u015ft\u0131r ve y\u00fcksek talep g\u00f6ren ayakkab\u0131lar\u0131 stoklamak isteyen t\u00fcm perakendeciler i\u00e7in \u00e7ok y\u00f6nl\u00fc bir se\u00e7imdir.<\/p>\n<h3>Toptan Sat\u0131\u015f Avantaj\u0131: Envanterinizi Y\u00fckseltin<\/h3>\n<p>Ola\u011fan\u00fcst\u00fc ayakkab\u0131lar sunmak isteyen perakendeciler ve i\u015fletmeler i\u00e7in <strong>Erkek S\u00fcet G\u00fcnl\u00fck Loafer<\/strong> m\u00fckemmel bir toptan sat\u0131\u015f f\u0131rsat\u0131n\u0131 temsil eder. Minimum sipari\u015f miktar\u0131 sadece 8 \u00e7ift oldu\u011fundan, bu aranan stilleri stoklamak kolayd\u0131r. Yakla\u015f\u0131k 12 g\u00fcnl\u00fck teslim s\u00fcresi ve nakliye ile verimli \u00fcretim ve teslimat konusunda kendimizle gurur duyuyoruz.<\/p>\n<p>Bu, envanterinizi h\u0131zla yenilemenizi ve m\u00fc\u015fteri talebini kar\u015f\u0131laman\u0131z\u0131 sa\u011flar. M\u00fc\u015fterilerinize klasik tasar\u0131m, l\u00fcks malzemeler ve koleksiyonunuzu di\u011ferlerinden ay\u0131ran g\u00fcnl\u00fck konforun bir kar\u0131\u015f\u0131m\u0131n\u0131 sunun. Rekabet\u00e7i fiyatland\u0131rma ve beklentileri s\u00fcrekli olarak a\u015fan bir \u00fcr\u00fcn i\u00e7in bizimle i\u015f ortakl\u0131\u011f\u0131 yap\u0131n.<\/p>","protected":false},"excerpt":{"rendered":"<ul>\n<li style=\"list-style-type: none;\">\n<ul>\n<li>Upper Material: Luxurious Calf Suede for a sophisticated look.<\/li>\n<li>Inner Lining: Soft and breathable Goat Leather for superior comfort.<\/li>\n<li>Sole: Lightweight and flexible EVA sole for all-day wear.<\/li>\n<li>Heel Height: Classic 1-3 cm for a traditional loafer profile.<\/li>\n<li>Available Sizes:EU 39, 40, 41, 42, 43, 44, 45.<\/li>\n<li>Bulk Availability: Minimum order of 8 pairs.<\/li>\n<li>Delivery: Lead time of 12 days + shipping for wholesale orders.<\/li>\n<\/ul>\n<\/li>\n<\/ul>","protected":false},"featured_media":4032,"template":"","meta":{"_acf_changed":false,"_uag_custom_page_level_css":"","site-sidebar-layout":"default","site-content-layout":"","ast-site-content-layout":"default","site-content-style":"default","site-sidebar-style":"default","ast-global-header-display":"","ast-banner-title-visibility":"","ast-main-header-display":"","ast-hfb-above-header-display":"","ast-hfb-below-header-display":"","ast-hfb-mobile-header-display":"","site-post-title":"","ast-breadcrumbs-content":"","ast-featured-img":"","footer-sml-layout":"","ast-disable-related-posts":"","theme-transparent-header-meta":"default","adv-header-id-meta":"","stick-header-meta":"","header-above-stick-meta":"","header-main-stick-meta":"","header-below-stick-meta":"","astra-migrate-meta-layouts":"set","ast-page-background-enabled":"default","ast-page-background-meta":{"desktop":{"background-color":"var(--ast-global-color-4)","background-image":"","background-repeat":"repeat","background-position":"center center","background-size":"auto","background-attachment":"scroll","background-type":"","background-media":"","overlay-type":"","overlay-color":"","overlay-opacity":"","overlay-gradient":""},"tablet":{"background-color":"","background-image":"","background-repeat":"repeat","background-position":"center center","background-size":"auto","background-attachment":"scroll","background-type":"","background-media":"","overlay-type":"","overlay-color":"","overlay-opacity":"","overlay-gradient":""},"mobile":{"background-color":"","background-image":"","background-repeat":"repeat","background-position":"center center","background-size":"auto","background-attachment":"scroll","background-type":"","background-media":"","overlay-type":"","overlay-color":"","overlay-opacity":"","overlay-gradient":""}},"ast-content-background-meta":{"desktop":{"background-color":"var(--ast-global-color-5)","background-image":"","background-repeat":"repeat","background-position":"center center","background-size":"auto","background-attachment":"scroll","background-type":"","background-media":"","overlay-type":"","overlay-color":"","overlay-opacity":"","overlay-gradient":""},"tablet":{"background-color":"var(--ast-global-color-5)","background-image":"","background-repeat":"repeat","background-position":"center center","background-size":"auto","background-attachment":"scroll","background-type":"","background-media":"","overlay-type":"","overlay-color":"","overlay-opacity":"","overlay-gradient":""},"mobile":{"background-color":"var(--ast-global-color-5)","background-image":"","background-repeat":"repeat","background-position":"center center","background-size":"auto","background-attachment":"scroll","background-type":"","background-media":"","overlay-type":"","overlay-color":"","overlay-opacity":"","overlay-gradient":""}}},"product_brand":[],"product_cat":[48,49,430,40],"product_tag":[1028,449,438,922,437,215,186,184,149,254],"class_list":{"0":"post-6038","1":"product","2":"type-product","3":"status-publish","4":"has-post-thumbnail","6":"product_cat-casual","7":"product_cat-loafer","8":"product_cat-men","9":"product_cat-mens-shoes","10":"product_tag-calf-suede","11":"product_tag-casual-shoes","12":"product_tag-eva-sole","13":"product_tag-fashion-loafers","14":"product_tag-goat-leather","15":"product_tag-leather-loafers","16":"product_tag-mens-loafers","17":"product_tag-slip-on-shoes","18":"product_tag-suede-loafers","19":"product_tag-wholesale-footwear","20":"desktop-align-center","21":"tablet-align-center","22":"mobile-align-center","24":"first","25":"instock","26":"shipping-taxable","27":"purchasable","28":"product-type-variable","29":"has-default-attributes"},"acf":[],"uagb_featured_image_src":{"full":["https:\/\/turkishtrade.co\/wp-content\/uploads\/2026\/01\/2400EJOMN00214-LIGHT-BROWN-X_7804-1-usd-1.png",453,250,false],"thumbnail":["https:\/\/turkishtrade.co\/wp-content\/uploads\/2026\/01\/2400EJOMN00214-LIGHT-BROWN-X_7804-1-usd-1-150x150.png",150,150,true],"medium":["https:\/\/turkishtrade.co\/wp-content\/uploads\/2026\/01\/2400EJOMN00214-LIGHT-BROWN-X_7804-1-usd-1-300x166.png",300,166,true],"medium_large":["https:\/\/turkishtrade.co\/wp-content\/uploads\/2026\/01\/2400EJOMN00214-LIGHT-BROWN-X_7804-1-usd-1.png",453,250,false],"large":["https:\/\/turkishtrade.co\/wp-content\/uploads\/2026\/01\/2400EJOMN00214-LIGHT-BROWN-X_7804-1-usd-1.png",453,250,false],"1536x1536":["https:\/\/turkishtrade.co\/wp-content\/uploads\/2026\/01\/2400EJOMN00214-LIGHT-BROWN-X_7804-1-usd-1.png",453,250,false],"2048x2048":["https:\/\/turkishtrade.co\/wp-content\/uploads\/2026\/01\/2400EJOMN00214-LIGHT-BROWN-X_7804-1-usd-1.png",453,250,false],"trp-custom-language-flag":["https:\/\/turkishtrade.co\/wp-content\/uploads\/2026\/01\/2400EJOMN00214-LIGHT-BROWN-X_7804-1-usd-1-18x10.png",18,10,true],"woocommerce_thumbnail":["https:\/\/turkishtrade.co\/wp-content\/uploads\/2026\/01\/2400EJOMN00214-LIGHT-BROWN-X_7804-1-usd-1-400x250.png",400,250,true],"woocommerce_single":["https:\/\/turkishtrade.co\/wp-content\/uploads\/2026\/01\/2400EJOMN00214-LIGHT-BROWN-X_7804-1-usd-1.png",453,250,false],"woocommerce_gallery_thumbnail":["https:\/\/turkishtrade.co\/wp-content\/uploads\/2026\/01\/2400EJOMN00214-LIGHT-BROWN-X_7804-1-usd-1-100x100.png",100,100,true]},"uagb_author_info":{"display_name":"yaser olabi","author_link":"https:\/\/turkishtrade.co\/tr\/author\/"},"uagb_comment_info":0,"uagb_excerpt":"Upper Material: Luxurious Calf Suede for a sophisticated look. Inner Lining: Soft and breathable Goat Leather for superior comfort. Sole: Lightweight and flexible EVA sole for all-day wear. Heel Height: Classic 1-3 cm for a traditional loafer profile. Available Sizes:EU 39, 40, 41, 42, 43, 44, 45. Bulk Availability: Minimum order of 8 pairs. Delivery:&hellip;","_links":{"self":[{"href":"https:\/\/turkishtrade.co\/tr\/wp-json\/wp\/v2\/product\/6038","targetHints":{"allow":["GET"]}}],"collection":[{"href":"https:\/\/turkishtrade.co\/tr\/wp-json\/wp\/v2\/product"}],"about":[{"href":"https:\/\/turkishtrade.co\/tr\/wp-json\/wp\/v2\/types\/product"}],"wp:featuredmedia":[{"embeddable":true,"href":"https:\/\/turkishtrade.co\/tr\/wp-json\/wp\/v2\/media\/4032"}],"wp:attachment":[{"href":"https:\/\/turkishtrade.co\/tr\/wp-json\/wp\/v2\/media?parent=6038"}],"wp:term":[{"taxonomy":"product_brand","embeddable":true,"href":"https:\/\/turkishtrade.co\/tr\/wp-json\/wp\/v2\/product_brand?post=6038"},{"taxonomy":"product_cat","embeddable":true,"href":"https:\/\/turkishtrade.co\/tr\/wp-json\/wp\/v2\/product_cat?post=6038"},{"taxonomy":"product_tag","embeddable":true,"href":"https:\/\/turkishtrade.co\/tr\/wp-json\/wp\/v2\/product_tag?post=6038"}],"curies":[{"name":"wp","href":"https:\/\/api.w.org\/{rel}","templated":true}]}}