{"id":6033,"date":"2026-01-14T14:00:36","date_gmt":"2026-01-14T14:00:36","guid":{"rendered":"https:\/\/turkishtrade.co\/product\/men-s-suede-casual-loafers-2\/"},"modified":"2026-04-09T19:16:05","modified_gmt":"2026-04-09T19:16:05","slug":"mens-suede-casual-loafers-6","status":"publish","type":"product","link":"https:\/\/turkishtrade.co\/tr\/shop\/mens-suede-casual-loafers-6\/","title":{"rendered":"EVA Tabanl\u0131 Premium Erkek S\u00fcet G\u00fcnl\u00fck Loafer"},"content":{"rendered":"<p><strong>Erkek S\u00fcet G\u00fcnl\u00fck Loafer<\/strong><\/p>\n<p>Enfes koleksiyonumuzla g\u00fcnl\u00fck stilinizi y\u00fckseltin <strong>erkek s\u00fcet g\u00fcnl\u00fck mokasen<\/strong>. Hem sofistike esteti\u011fe hem de benzersiz konfora de\u011fer veren modern erkekler i\u00e7in tasarlanan bu mokasen ayakkab\u0131lar, \u00fcst\u00fcn i\u015f\u00e7ili\u011fin bir kan\u0131t\u0131d\u0131r. Bu ola\u011fan\u00fcst\u00fc ayakkab\u0131lar\u0131n her bir \u00e7ifti <strong>erkek s\u00fcet g\u00fcnl\u00fck mokasen<\/strong> en iyi malzemeler kullan\u0131larak titizlikle \u00fcretilmi\u015ftir ve giydi\u011finiz andan itibaren l\u00fcks bir deneyim ya\u015faman\u0131z\u0131 sa\u011flar.<\/p>\n<p>D\u0131\u015f y\u00fczeyi, yumu\u015fak dokunu\u015fu, zengin dokusu ve kal\u0131c\u0131 kalitesiyle tan\u0131nan birinci s\u0131n\u0131f dana derisi s\u00fcete sahiptir. Bu zarif s\u00fcet, rahat bir hafta sonu gezisinden \u015f\u0131k ve g\u00fcndelik bir ofis ortam\u0131na zahmetsizce ge\u00e7i\u015f yapabilen rafine bir g\u00f6r\u00fcn\u00fcm sunar. D\u0131\u015f g\u00fczelli\u011fi tamamlayan i\u00e7 k\u0131s\u0131m, ola\u011fan\u00fcst\u00fc nefes alabilirlik ve aya\u011fa p\u00fcr\u00fczs\u00fcz, rahat bir his veren esnek ke\u00e7i derisi ile astarlanm\u0131\u015ft\u0131r.<\/p>\n<p>Bu \u00f6zenli i\u00e7 malzeme se\u00e7imi ayaklar\u0131n\u0131z\u0131n serin ve kuru kalmas\u0131na yard\u0131mc\u0131 olur. <strong>erkek s\u00fcet g\u00fcnl\u00fck mokasen<\/strong> uzun s\u00fcreli kullan\u0131m i\u00e7in ideal bir se\u00e7imdir.<\/p>\n<h3>Rakipsiz Konfor ve \u00c7ok Y\u00f6nl\u00fc Stil<\/h3>\n<p>Bu l\u00fcks tasar\u0131m\u0131n temelinde sa\u011flam ancak son derece hafif EVA taban yer al\u0131r. Bu geli\u015fmi\u015f taban teknolojisi \u00fcst\u00fcn yast\u0131klama ve \u015fok emilimi sa\u011flayarak her ad\u0131m\u0131n bir zevk olmas\u0131n\u0131 sa\u011flar. Al\u00e7ak, klasik topuk y\u00fcksekli\u011fi (yakla\u015f\u0131k 1-3 cm) genel g\u00fcndelik \u015f\u0131kl\u0131\u011fa ve konfora katk\u0131da bulunarak bu moc-toe derby tarz\u0131 ayakkab\u0131lar\u0131 yorulmadan t\u00fcm g\u00fcn giymek i\u00e7in m\u00fckemmel hale getirir.<\/p>\n<p>Karma\u015f\u0131k moc-toe diki\u015fi ve klasik ba\u011fc\u0131kl\u0131 tasar\u0131m\u0131 zamans\u0131z bir \u00e7ekicilik katarak bu <strong>erkek s\u00fcet g\u00fcnl\u00fck mokasen<\/strong> her gard\u0131rop i\u00e7in \u00e7ok y\u00f6nl\u00fc bir eklentidir.<\/p>\n<h3>\u0130\u015f Ortaklar\u0131 i\u00e7in Toptan Sat\u0131\u015f Avantaj\u0131<\/h3>\n<p>Toptan sat\u0131\u015f ortaklar\u0131m\u0131z\u0131n ihtiya\u00e7lar\u0131n\u0131 anl\u0131yoruz. Bu premium <strong>erkek s\u00fcet g\u00fcnl\u00fck mokasen<\/strong> minimum 8 \u00e7ift miktar\u0131nda toplu sipari\u015fler i\u00e7in mevcuttur. Rekabet\u00e7i fiyatlar sunuyoruz ve verimli \u00fcretimimiz yakla\u015f\u0131k 12 g\u00fcn i\u00e7inde teslimat art\u0131 nakliye sa\u011fl\u0131yor.<\/p>\n<p>39'dan 45'e kadar kapsaml\u0131 bir AB beden yelpazesinde sunulan bu mokasen ayakkab\u0131lar geni\u015f bir m\u00fc\u015fteri kitlesine hitap ediyor. Kal\u0131c\u0131 stil, ola\u011fan\u00fcst\u00fc konfor ve pratik dayan\u0131kl\u0131l\u0131\u011f\u0131 bir araya getiren ayakkab\u0131lara yat\u0131r\u0131m yap\u0131n. Bizimkileri se\u00e7in <strong>erkek s\u00fcet g\u00fcnl\u00fck mokasen<\/strong> ger\u00e7ekten \u00f6ne \u00e7\u0131kan se\u00e7kin bir g\u00f6r\u00fcn\u00fcm ve his i\u00e7in.<\/p>","protected":false},"excerpt":{"rendered":"<ul>\n<li>Sofistike bir g\u00f6r\u00fcn\u00fcm i\u00e7in birinci s\u0131n\u0131f dana derisi s\u00fcet \u00fcst k\u0131s\u0131mdan \u00fcretilmi\u015ftir.<\/li>\n<li>L\u00fcks ke\u00e7i derisi astar, \u00fcst\u00fcn nefes alabilirlik ve konfor sa\u011flar.<\/li>\n<li>Hafif ve esnek EVA taban, t\u00fcm g\u00fcn kullan\u0131m i\u00e7in ola\u011fan\u00fcst\u00fc yast\u0131klama sa\u011flar.<\/li>\n<li>Klasik moc-toe diki\u015fe ve 1-3 cm rahat topuk y\u00fcksekli\u011fine sahiptir.<\/li>\n<li>Geni\u015f bir m\u00fc\u015fteri yelpazesine uymas\u0131 i\u00e7in 39-45 AB bedenlerinde mevcuttur.<\/li>\n<li>Minimum sipari\u015f miktar\u0131: 8 \u00e7ift, toptan ve toplu al\u0131mlar i\u00e7in idealdir.<\/li>\n<li>Teslimat s\u00fcresi: Yakla\u015f\u0131k 12 g\u00fcn + nakliye.<\/li>\n<\/ul>","protected":false},"featured_media":4025,"template":"","meta":{"_acf_changed":false,"_uag_custom_page_level_css":"","site-sidebar-layout":"default","site-content-layout":"","ast-site-content-layout":"default","site-content-style":"default","site-sidebar-style":"default","ast-global-header-display":"","ast-banner-title-visibility":"","ast-main-header-display":"","ast-hfb-above-header-display":"","ast-hfb-below-header-display":"","ast-hfb-mobile-header-display":"","site-post-title":"","ast-breadcrumbs-content":"","ast-featured-img":"","footer-sml-layout":"","ast-disable-related-posts":"","theme-transparent-header-meta":"default","adv-header-id-meta":"","stick-header-meta":"","header-above-stick-meta":"","header-main-stick-meta":"","header-below-stick-meta":"","astra-migrate-meta-layouts":"set","ast-page-background-enabled":"default","ast-page-background-meta":{"desktop":{"background-color":"var(--ast-global-color-4)","background-image":"","background-repeat":"repeat","background-position":"center center","background-size":"auto","background-attachment":"scroll","background-type":"","background-media":"","overlay-type":"","overlay-color":"","overlay-opacity":"","overlay-gradient":""},"tablet":{"background-color":"","background-image":"","background-repeat":"repeat","background-position":"center center","background-size":"auto","background-attachment":"scroll","background-type":"","background-media":"","overlay-type":"","overlay-color":"","overlay-opacity":"","overlay-gradient":""},"mobile":{"background-color":"","background-image":"","background-repeat":"repeat","background-position":"center center","background-size":"auto","background-attachment":"scroll","background-type":"","background-media":"","overlay-type":"","overlay-color":"","overlay-opacity":"","overlay-gradient":""}},"ast-content-background-meta":{"desktop":{"background-color":"var(--ast-global-color-5)","background-image":"","background-repeat":"repeat","background-position":"center center","background-size":"auto","background-attachment":"scroll","background-type":"","background-media":"","overlay-type":"","overlay-color":"","overlay-opacity":"","overlay-gradient":""},"tablet":{"background-color":"var(--ast-global-color-5)","background-image":"","background-repeat":"repeat","background-position":"center center","background-size":"auto","background-attachment":"scroll","background-type":"","background-media":"","overlay-type":"","overlay-color":"","overlay-opacity":"","overlay-gradient":""},"mobile":{"background-color":"var(--ast-global-color-5)","background-image":"","background-repeat":"repeat","background-position":"center center","background-size":"auto","background-attachment":"scroll","background-type":"","background-media":"","overlay-type":"","overlay-color":"","overlay-opacity":"","overlay-gradient":""}}},"product_brand":[],"product_cat":[48,49,430,40],"product_tag":[629,1133,449,222,212,756,438,556,1096,1134,198,186,208,283,254],"class_list":{"0":"post-6033","1":"product","2":"type-product","3":"status-publish","4":"has-post-thumbnail","6":"product_cat-casual","7":"product_cat-loafer","8":"product_cat-men","9":"product_cat-mens-shoes","10":"product_tag-bulk-order-shoes","11":"product_tag-calfskin-suede","12":"product_tag-casual-shoes","13":"product_tag-comfortable-shoes","14":"product_tag-derby-shoes","15":"product_tag-european-sizes","16":"product_tag-eva-sole","17":"product_tag-goatskin-lining","18":"product_tag-grey-loafers","19":"product_tag-light-grey-shoes","20":"product_tag-mens-fashion","21":"product_tag-mens-loafers","22":"product_tag-moc-toe","23":"product_tag-suede-shoes","24":"product_tag-wholesale-footwear","25":"desktop-align-center","26":"tablet-align-center","27":"mobile-align-center","29":"first","30":"instock","31":"shipping-taxable","32":"purchasable","33":"product-type-variable","34":"has-default-attributes"},"acf":[],"uagb_featured_image_src":{"full":["https:\/\/turkishtrade.co\/wp-content\/uploads\/2026\/01\/2400EJOMN00212-STONE-X_1343-Fusped-1-usd.png",453,250,false],"thumbnail":["https:\/\/turkishtrade.co\/wp-content\/uploads\/2026\/01\/2400EJOMN00212-STONE-X_1343-Fusped-1-usd-150x150.png",150,150,true],"medium":["https:\/\/turkishtrade.co\/wp-content\/uploads\/2026\/01\/2400EJOMN00212-STONE-X_1343-Fusped-1-usd-300x166.png",300,166,true],"medium_large":["https:\/\/turkishtrade.co\/wp-content\/uploads\/2026\/01\/2400EJOMN00212-STONE-X_1343-Fusped-1-usd.png",453,250,false],"large":["https:\/\/turkishtrade.co\/wp-content\/uploads\/2026\/01\/2400EJOMN00212-STONE-X_1343-Fusped-1-usd.png",453,250,false],"1536x1536":["https:\/\/turkishtrade.co\/wp-content\/uploads\/2026\/01\/2400EJOMN00212-STONE-X_1343-Fusped-1-usd.png",453,250,false],"2048x2048":["https:\/\/turkishtrade.co\/wp-content\/uploads\/2026\/01\/2400EJOMN00212-STONE-X_1343-Fusped-1-usd.png",453,250,false],"trp-custom-language-flag":["https:\/\/turkishtrade.co\/wp-content\/uploads\/2026\/01\/2400EJOMN00212-STONE-X_1343-Fusped-1-usd-18x10.png",18,10,true],"woocommerce_thumbnail":["https:\/\/turkishtrade.co\/wp-content\/uploads\/2026\/01\/2400EJOMN00212-STONE-X_1343-Fusped-1-usd-400x250.png",400,250,true],"woocommerce_single":["https:\/\/turkishtrade.co\/wp-content\/uploads\/2026\/01\/2400EJOMN00212-STONE-X_1343-Fusped-1-usd.png",453,250,false],"woocommerce_gallery_thumbnail":["https:\/\/turkishtrade.co\/wp-content\/uploads\/2026\/01\/2400EJOMN00212-STONE-X_1343-Fusped-1-usd-100x100.png",100,100,true]},"uagb_author_info":{"display_name":"yaser olabi","author_link":"https:\/\/turkishtrade.co\/tr\/author\/"},"uagb_comment_info":0,"uagb_excerpt":"Crafted from premium calfskin suede upper for a sophisticated look. Luxurious goatskin leather lining ensures superior breathability and comfort. Lightweight and flexible EVA sole provides exceptional cushioning for all-day wear. Features a classic moc-toe stitching and a comfortable 1-3 cm heel height. Available in EU sizes 39-45 to fit a wide range of customers. Minimum&hellip;","_links":{"self":[{"href":"https:\/\/turkishtrade.co\/tr\/wp-json\/wp\/v2\/product\/6033","targetHints":{"allow":["GET"]}}],"collection":[{"href":"https:\/\/turkishtrade.co\/tr\/wp-json\/wp\/v2\/product"}],"about":[{"href":"https:\/\/turkishtrade.co\/tr\/wp-json\/wp\/v2\/types\/product"}],"wp:featuredmedia":[{"embeddable":true,"href":"https:\/\/turkishtrade.co\/tr\/wp-json\/wp\/v2\/media\/4025"}],"wp:attachment":[{"href":"https:\/\/turkishtrade.co\/tr\/wp-json\/wp\/v2\/media?parent=6033"}],"wp:term":[{"taxonomy":"product_brand","embeddable":true,"href":"https:\/\/turkishtrade.co\/tr\/wp-json\/wp\/v2\/product_brand?post=6033"},{"taxonomy":"product_cat","embeddable":true,"href":"https:\/\/turkishtrade.co\/tr\/wp-json\/wp\/v2\/product_cat?post=6033"},{"taxonomy":"product_tag","embeddable":true,"href":"https:\/\/turkishtrade.co\/tr\/wp-json\/wp\/v2\/product_tag?post=6033"}],"curies":[{"name":"wp","href":"https:\/\/api.w.org\/{rel}","templated":true}]}}