{"id":6027,"date":"2026-01-14T13:59:57","date_gmt":"2026-01-14T13:59:57","guid":{"rendered":"https:\/\/turkishtrade.co\/product\/mens-casual-suede-loafers\/"},"modified":"2026-04-09T19:16:18","modified_gmt":"2026-04-09T19:16:18","slug":"mens-casual-suede-loafers","status":"publish","type":"product","link":"https:\/\/turkishtrade.co\/tr\/shop\/mens-casual-suede-loafers\/","title":{"rendered":"EVA Tabanl\u0131 Premium Erkek G\u00fcnl\u00fck S\u00fcet Loafer'lar"},"content":{"rendered":"<p><strong>Erkek G\u00fcnl\u00fck S\u00fcet Loafer<\/strong><\/p>\n<p>Enfes koleksiyonumuzla benzersiz konfora ve sofistike stile ad\u0131m at\u0131n <strong>Erkek G\u00fcnl\u00fck S\u00fcet Loafer<\/strong>. Hem \u015f\u0131kl\u0131\u011fa hem de rahatl\u0131\u011fa de\u011fer veren modern beyefendiler i\u00e7in tasarlanan bu mokasen ayakkab\u0131lar, \u00fcst\u00fcn i\u015f\u00e7ili\u011fin ve l\u00fcks malzemelerin bir kan\u0131t\u0131d\u0131r. \u0130ster \u015fehir sokaklar\u0131nda geziniyor, ister rahat bir hafta sonunun tad\u0131n\u0131 \u00e7\u0131kar\u0131yor ya da g\u00fcndelik bir i\u015f toplant\u0131s\u0131na kat\u0131l\u0131yor olun, s\u00fcet mokasen ayakkab\u0131lar\u0131m\u0131z zarafet ve rahat cazibenin m\u00fckemmel bir kar\u0131\u015f\u0131m\u0131n\u0131 sunar.<\/p>\n<p><h3>E\u015fsiz Kalite ve \u0130\u015f\u00e7ilik<\/h3>\n<\/p>\n<p>Her bir \u00e7iftimiz <strong>Erkek G\u00fcnl\u00fck S\u00fcet Loafer<\/strong> Yumu\u015fak dokusu ve kal\u0131c\u0131 kalitesi i\u00e7in titizlikle se\u00e7ilen d\u0131\u015f y\u00fczey i\u00e7in birinci s\u0131n\u0131f dana derisi ile ba\u015flar. Zengin s\u00fcet kaplama sadece farkl\u0131 bir g\u00f6rsel \u00e7ekicilik sunmakla kalmaz, ayn\u0131 zamanda zaman i\u00e7inde aya\u011f\u0131n\u0131za g\u00fczelce \u015fekil veren rahat bir uyum sa\u011flar. \u0130\u00e7 k\u0131s\u0131mda, nefes alabilirli\u011fi ve ipeksi p\u00fcr\u00fczs\u00fczl\u00fck hissiyle tan\u0131nan ke\u00e7i derisi astar ayaklar\u0131n\u0131z\u0131 sararak rahats\u0131zl\u0131\u011f\u0131 \u00f6nler ve ayaklar\u0131n\u0131z\u0131 g\u00fcn boyunca ferah tutar.<\/p>\n<p>Bu \u00f6zenli malzeme kombinasyonu, ola\u011fan\u00fcst\u00fc ayakkab\u0131lar \u00fcretme konusundaki kararl\u0131l\u0131\u011f\u0131m\u0131z\u0131 ortaya koymaktad\u0131r.<\/p>\n<p><h3>T\u00fcm G\u00fcn Konfor ve Stil i\u00e7in Tasarland\u0131<\/h3>\n<\/p>\n<p>EVA taban\u0131n yaratt\u0131\u011f\u0131 fark\u0131 deneyimleyin. Hafif ancak son derece dayan\u0131kl\u0131 olan EVA taban, her ad\u0131mda darbeyi emerek \u00fcst\u00fcn yast\u0131klama sa\u011flar. Bu yenilik\u00e7i taban teknolojisi, ayakkab\u0131m\u0131z\u0131n <strong>Erkek G\u00fcnl\u00fck S\u00fcet Loafer<\/strong> sadece \u015f\u0131k de\u011fil, ayn\u0131 zamanda uzun s\u00fcreli kullan\u0131m i\u00e7in inan\u0131lmaz derecede rahatt\u0131r.<\/p>\n<p>1-3 cm'lik zevkli bir topukla tamamlanan klasik loafer silueti, g\u00fcndelik \u00e7ekicilikten \u00f6d\u00fcn vermeden zamans\u0131z bir sofistike dokunu\u015f kat\u0131yor. \u0130nce diki\u015fler ve benzersiz taban detay\u0131yla vurgulanan canl\u0131 mavi, koyu lacivert ve zengin kahverengi s\u00fcet se\u00e7enekleri, bu mokasenleri \u00e7e\u015fitli k\u0131yafetler ve durumlar i\u00e7in \u00e7ok y\u00f6nl\u00fc hale getirir.<\/p>\n<p><h3>Her Durum i\u00e7in \u00c7ok Y\u00f6nl\u00fcl\u00fck<\/h3>\n<\/p>\n<p>Bunlar sadece ayakkab\u0131 de\u011fil; gard\u0131robunuz i\u00e7in vazge\u00e7ilmez bir eklenti. \u015e\u0131k ve rahat bir g\u00f6r\u00fcn\u00fcm i\u00e7in chino pantolonlarla e\u015fle\u015ftirin, rahat bir hava i\u00e7in denimle giydirin veya keten pantolonlarla daha g\u00f6steri\u015fli bir kombine entegre edin. 39'dan 45'e kadar kapsaml\u0131 bir beden yelpazesinde mevcut oldu\u011fundan, m\u00fckemmel uyumunuzu bulmak zahmetsizdir.<\/p>\n<p>Perakendeciler ve i\u015fletmeler i\u00e7in, minimum 8 \u00e7ift sipari\u015fle rekabet\u00e7i toptan fiyatland\u0131rma sunuyoruz ve bu \u00e7ok aranan erkek g\u00fcndelik s\u00fcet mokasenleri stoklayabilmenizi sa\u011fl\u0131yoruz. Teslimat h\u0131zl\u0131d\u0131r, genellikle 12 g\u00fcn i\u00e7inde art\u0131 nakliye, envanterinizi \u00fcst\u00fcn kaliteli ayakkab\u0131larla h\u0131zl\u0131 bir \u015fekilde geli\u015ftirmenize olanak tan\u0131r.<\/p>\n<p>Trendlerin \u00f6tesine ge\u00e7en, kal\u0131c\u0131 konfor ve stil sunan ayakkab\u0131lara yat\u0131r\u0131m yap\u0131n. Birinci s\u0131n\u0131f erkek g\u00fcnl\u00fck s\u00fcet mokasen ayakkab\u0131lar\u0131m\u0131z bir ayakkab\u0131dan daha fazlas\u0131d\u0131r - bir ifadedir.<\/p>","protected":false},"excerpt":{"rendered":"<ul>\n<li><strong>Premium S\u00fcet D\u0131\u015f Y\u00fczey:<\/strong> L\u00fcks bir g\u00f6r\u00fcn\u00fcm ve yumu\u015fak, kal\u0131c\u0131 bir his i\u00e7in y\u00fcksek kaliteli dana derisinden \u00fcretilmi\u015ftir.<\/li>\n<li><strong>Konfor \u00d6ncelikli \u0130\u00e7 Mekan:<\/strong> Esnek ke\u00e7i derisi ile astarlanm\u0131\u015ft\u0131r, ola\u011fan\u00fcst\u00fc nefes alabilirlik ve g\u00fcn boyu konfor sa\u011flar.<\/li>\n<li><strong>Hafif EVA Taban:<\/strong> \u00dcst\u00fcn yast\u0131klama ve sa\u011flam tutu\u015f sa\u011flar, klasik \u00e7ekicilik i\u00e7in 1-3 cm'lik ince bir topu\u011fa sahiptir.<\/li>\n<li><strong>\u00c7ok Y\u00f6nl\u00fc Stil Se\u00e7enekleri:<\/strong> Zengin mavi, koyu mavi ve s\u0131cak kahverengi s\u00fcet renkleriyle g\u00fcndelik veya \u015f\u0131k k\u0131yafetlerinizi tamamlar.<\/li>\n<li><strong>Kapsaml\u0131 Boyut Aral\u0131\u011f\u0131:<\/strong> M\u00fckemmel uyum i\u00e7in 39, 40, 41, 42, 43, 44, 45 bedenlerde sunulmaktad\u0131r.<\/li>\n<li><strong>Toplu Sipari\u015f Kullan\u0131labilirli\u011fi:<\/strong> Minimum sipari\u015f miktar\u0131 8 \u00e7ift, teslimat s\u00fcresi 12 g\u00fcn art\u0131 nakliye, toptan sat\u0131\u015f ortaklar\u0131 i\u00e7in ideal.<\/li>\n<\/ul>","protected":false},"featured_media":4023,"template":"","meta":{"_acf_changed":false,"_uag_custom_page_level_css":"","site-sidebar-layout":"default","site-content-layout":"","ast-site-content-layout":"default","site-content-style":"default","site-sidebar-style":"default","ast-global-header-display":"","ast-banner-title-visibility":"","ast-main-header-display":"","ast-hfb-above-header-display":"","ast-hfb-below-header-display":"","ast-hfb-mobile-header-display":"","site-post-title":"","ast-breadcrumbs-content":"","ast-featured-img":"","footer-sml-layout":"","ast-disable-related-posts":"","theme-transparent-header-meta":"","adv-header-id-meta":"","stick-header-meta":"","header-above-stick-meta":"","header-main-stick-meta":"","header-below-stick-meta":"","astra-migrate-meta-layouts":"default","ast-page-background-enabled":"default","ast-page-background-meta":{"desktop":{"background-color":"var(--ast-global-color-4)","background-image":"","background-repeat":"repeat","background-position":"center center","background-size":"auto","background-attachment":"scroll","background-type":"","background-media":"","overlay-type":"","overlay-color":"","overlay-opacity":"","overlay-gradient":""},"tablet":{"background-color":"","background-image":"","background-repeat":"repeat","background-position":"center center","background-size":"auto","background-attachment":"scroll","background-type":"","background-media":"","overlay-type":"","overlay-color":"","overlay-opacity":"","overlay-gradient":""},"mobile":{"background-color":"","background-image":"","background-repeat":"repeat","background-position":"center center","background-size":"auto","background-attachment":"scroll","background-type":"","background-media":"","overlay-type":"","overlay-color":"","overlay-opacity":"","overlay-gradient":""}},"ast-content-background-meta":{"desktop":{"background-color":"var(--ast-global-color-5)","background-image":"","background-repeat":"repeat","background-position":"center center","background-size":"auto","background-attachment":"scroll","background-type":"","background-media":"","overlay-type":"","overlay-color":"","overlay-opacity":"","overlay-gradient":""},"tablet":{"background-color":"var(--ast-global-color-5)","background-image":"","background-repeat":"repeat","background-position":"center center","background-size":"auto","background-attachment":"scroll","background-type":"","background-media":"","overlay-type":"","overlay-color":"","overlay-opacity":"","overlay-gradient":""},"mobile":{"background-color":"var(--ast-global-color-5)","background-image":"","background-repeat":"repeat","background-position":"center center","background-size":"auto","background-attachment":"scroll","background-type":"","background-media":"","overlay-type":"","overlay-color":"","overlay-opacity":"","overlay-gradient":""}}},"product_brand":[],"product_cat":[48,49,430,40],"product_tag":[635,147,185,449,220,438,189,1132,186,280,546,149],"class_list":{"0":"post-6027","1":"product","2":"type-product","3":"status-publish","4":"has-post-thumbnail","6":"product_cat-casual","7":"product_cat-loafer","8":"product_cat-men","9":"product_cat-mens-shoes","10":"product_tag-blue-loafers","11":"product_tag-brown-loafers","12":"product_tag-calf-leather-shoes","13":"product_tag-casual-shoes","14":"product_tag-comfortable-loafers","15":"product_tag-eva-sole","16":"product_tag-goat-leather-lining","17":"product_tag-loafer-fashion","18":"product_tag-mens-loafers","19":"product_tag-smart-casual-shoes","20":"product_tag-stylish-mens-shoes","21":"product_tag-suede-loafers","22":"desktop-align-center","23":"tablet-align-center","24":"mobile-align-center","26":"first","27":"instock","28":"shipping-taxable","29":"purchasable","30":"product-type-variable","31":"has-default-attributes"},"acf":[],"uagb_featured_image_src":{"full":["https:\/\/turkishtrade.co\/wp-content\/uploads\/2026\/01\/2400EJOMN00210-STONE-DKS_419-4-USD.png",453,250,false],"thumbnail":["https:\/\/turkishtrade.co\/wp-content\/uploads\/2026\/01\/2400EJOMN00210-STONE-DKS_419-4-USD-150x150.png",150,150,true],"medium":["https:\/\/turkishtrade.co\/wp-content\/uploads\/2026\/01\/2400EJOMN00210-STONE-DKS_419-4-USD-300x166.png",300,166,true],"medium_large":["https:\/\/turkishtrade.co\/wp-content\/uploads\/2026\/01\/2400EJOMN00210-STONE-DKS_419-4-USD.png",453,250,false],"large":["https:\/\/turkishtrade.co\/wp-content\/uploads\/2026\/01\/2400EJOMN00210-STONE-DKS_419-4-USD.png",453,250,false],"1536x1536":["https:\/\/turkishtrade.co\/wp-content\/uploads\/2026\/01\/2400EJOMN00210-STONE-DKS_419-4-USD.png",453,250,false],"2048x2048":["https:\/\/turkishtrade.co\/wp-content\/uploads\/2026\/01\/2400EJOMN00210-STONE-DKS_419-4-USD.png",453,250,false],"trp-custom-language-flag":["https:\/\/turkishtrade.co\/wp-content\/uploads\/2026\/01\/2400EJOMN00210-STONE-DKS_419-4-USD-18x10.png",18,10,true],"woocommerce_thumbnail":["https:\/\/turkishtrade.co\/wp-content\/uploads\/2026\/01\/2400EJOMN00210-STONE-DKS_419-4-USD-400x250.png",400,250,true],"woocommerce_single":["https:\/\/turkishtrade.co\/wp-content\/uploads\/2026\/01\/2400EJOMN00210-STONE-DKS_419-4-USD.png",453,250,false],"woocommerce_gallery_thumbnail":["https:\/\/turkishtrade.co\/wp-content\/uploads\/2026\/01\/2400EJOMN00210-STONE-DKS_419-4-USD-100x100.png",100,100,true]},"uagb_author_info":{"display_name":"yaser olabi","author_link":"https:\/\/turkishtrade.co\/tr\/author\/"},"uagb_comment_info":0,"uagb_excerpt":"Premium Suede Exterior: Crafted from high-quality calf leather for a luxurious look and soft, enduring feel. Comfort-First Interior: Lined with supple goat leather, ensuring exceptional breathability and all-day comfort. Lightweight EVA Sole: Provides superior cushioning and robust traction, featuring a subtle 1-3 cm heel for classic appeal. Versatile Style Options: Available in rich blue, dark&hellip;","_links":{"self":[{"href":"https:\/\/turkishtrade.co\/tr\/wp-json\/wp\/v2\/product\/6027","targetHints":{"allow":["GET"]}}],"collection":[{"href":"https:\/\/turkishtrade.co\/tr\/wp-json\/wp\/v2\/product"}],"about":[{"href":"https:\/\/turkishtrade.co\/tr\/wp-json\/wp\/v2\/types\/product"}],"wp:featuredmedia":[{"embeddable":true,"href":"https:\/\/turkishtrade.co\/tr\/wp-json\/wp\/v2\/media\/4023"}],"wp:attachment":[{"href":"https:\/\/turkishtrade.co\/tr\/wp-json\/wp\/v2\/media?parent=6027"}],"wp:term":[{"taxonomy":"product_brand","embeddable":true,"href":"https:\/\/turkishtrade.co\/tr\/wp-json\/wp\/v2\/product_brand?post=6027"},{"taxonomy":"product_cat","embeddable":true,"href":"https:\/\/turkishtrade.co\/tr\/wp-json\/wp\/v2\/product_cat?post=6027"},{"taxonomy":"product_tag","embeddable":true,"href":"https:\/\/turkishtrade.co\/tr\/wp-json\/wp\/v2\/product_tag?post=6027"}],"curies":[{"name":"wp","href":"https:\/\/api.w.org\/{rel}","templated":true}]}}