{"id":6021,"date":"2026-01-14T13:59:16","date_gmt":"2026-01-14T13:59:16","guid":{"rendered":"https:\/\/turkishtrade.co\/product\/mens-suede-tassel-loafers-2\/"},"modified":"2026-04-09T19:16:33","modified_gmt":"2026-04-09T19:16:33","slug":"mens-suede-tassel-loafers-2","status":"publish","type":"product","link":"https:\/\/turkishtrade.co\/tr\/shop\/mens-suede-tassel-loafers-2\/","title":{"rendered":"EVA Tabanl\u0131 Klasik Buza\u011f\u0131 S\u00fcet P\u00fcsk\u00fcll\u00fc Loafer"},"content":{"rendered":"<p><strong>Erkek S\u00fcet P\u00fcsk\u00fcll\u00fc Loafer<\/strong><\/p>\n<p><h3>Konfor ve Tarzda Son Noktay\u0131 Ke\u015ffedin: Erkek S\u00fcet P\u00fcsk\u00fcll\u00fc Loafer'lar<\/h3>\n<\/p>\n<p>Enfes tasar\u0131m\u0131m\u0131zla benzersiz konfora ve sofistike stile ad\u0131m at\u0131n <strong>Erkek S\u00fcet P\u00fcsk\u00fcll\u00fc Loafer<\/strong>. Se\u00e7kin bireyler i\u00e7in tasarlanan bu klasik mokasen ayakkab\u0131lar, zamans\u0131z \u015f\u0131kl\u0131\u011f\u0131 modern konforla harmanlayarak her gard\u0131rop i\u00e7in vazge\u00e7ilmez bir eklenti haline geliyor. Detaylara titizlikle \u00f6zen g\u00f6sterilerek \u00fcretilen bu ayakkab\u0131lar, kaliteli ayakkab\u0131n\u0131n \u00f6z\u00fcd\u00fcr ve \u00e7e\u015fitli ak\u0131ll\u0131 g\u00fcndelik ve g\u00fcnl\u00fck ortamlar i\u00e7in m\u00fckemmeldir.<\/p>\n<p><h3>\u00dcst\u00fcn \u0130\u015f\u00e7ilik ve Malzemeler<\/h3>\n<\/p>\n<p>Bunlar\u0131n her bir \u00e7ifti <strong>premium erkek s\u00fcet p\u00fcsk\u00fcll\u00fc mokasen<\/strong> hakiki dana s\u00fcet deriden yap\u0131lm\u0131\u015f l\u00fcks bir d\u0131\u015f y\u00fczeye sahiptir. Bu birinci s\u0131n\u0131f malzeme sadece yumu\u015fak, zengin bir doku sunmakla kalmaz, ayn\u0131 zamanda dayan\u0131kl\u0131l\u0131k ve zarif bir estetik vaat eder. \u0130\u00e7 k\u0131sm\u0131, ola\u011fan\u00fcst\u00fc yumu\u015fakl\u0131\u011f\u0131 ve nefes alabilirli\u011fi ile tan\u0131nan ke\u00e7i derisi ile astarlanm\u0131\u015ft\u0131r ve ayaklar\u0131n\u0131z\u0131n g\u00fcn boyunca rahat ve ferah kalmas\u0131n\u0131 sa\u011flar.<\/p>\n<p>\u0130lk kullan\u0131mdan itibaren, ince do\u011fal malzemelerin nazik kucaklamas\u0131n\u0131 takdir edeceksiniz.<\/p>\n<p><h3>\u00dcst\u00fcn Konfor i\u00e7in Yenilik\u00e7i EVA Taban<\/h3>\n<\/p>\n<p>Hafif ve esnek EVA taban\u0131m\u0131zla zahmetsiz bir y\u00fcr\u00fcy\u00fc\u015f deneyimi ya\u015fay\u0131n. Geleneksel a\u011f\u0131r tabanlardan farkl\u0131 olarak, EVA taban \u00fcst\u00fcn yast\u0131klama, \u015fok emilimi ve m\u00fckemmel \u00e7eki\u015f g\u00fcc\u00fc sa\u011flayarak bu mokasenleri uzun s\u00fcreli kullan\u0131m i\u00e7in ideal hale getirir. Tipik olarak 1-3 cm aras\u0131nda olan ince topuk y\u00fcksekli\u011fi, rahat ve klasik bir profil i\u00e7in do\u011fru y\u00fcksekli\u011fi sunar.<\/p>\n<p>Taban\u0131n etraf\u0131ndaki belirgin vurgu \u015feridi \u00e7a\u011fda\u015f bir dokunu\u015f katar, taba\/ konyak stili i\u00e7in canl\u0131 turuncu veya lacivert se\u00e7ene\u011fi i\u00e7in sofistike ye\u015fil gibi tamamlay\u0131c\u0131 renklerde mevcuttur. <strong>erkek s\u00fcet p\u00fcsk\u00fcll\u00fc loafer<\/strong> e\u015fsiz bir \u00e7ekicilik.<\/p>\n<p><h3>Klasik Tasar\u0131m, Modern \u00c7ok Y\u00f6nl\u00fcl\u00fck<\/h3>\n<\/p>\n<p>Bu mokasen ayakkab\u0131lar\u0131n ikonik p\u00fcsk\u00fcl detay\u0131, onlar\u0131 g\u00fcndelik ayakkab\u0131lar\u0131n \u00f6tesine ta\u015f\u0131yarak \u015f\u0131k bir cazibe kat\u0131yor. \u0130ster taba\/konyak renginin s\u0131cak, toprak tonlar\u0131n\u0131 ister lacivertin derin ve zarif tonunu se\u00e7in, bu <strong>klasik erkek s\u00fcet mokasen ayakkab\u0131lar<\/strong> inan\u0131lmaz derecede \u00e7ok y\u00f6nl\u00fcd\u00fcr. Sofistike bir hafta sonu g\u00f6r\u00fcn\u00fcm\u00fc i\u00e7in \u00f6zel dikim chino pantolonlarla e\u015fle\u015ftirin, i\u015f hayat\u0131nda rahat bir kombin i\u00e7in \u015f\u0131k pantolonlarla giydirin veya rahat ama g\u00f6steri\u015fli bir ifade i\u00e7in kot pantolonlarla kullan\u0131n.<\/p>\n<p><h3>Toptan Sat\u0131\u015f F\u0131rsatlar\u0131<\/h3>\n<\/p>\n<p>Y\u00fcksek kaliteli ayakkab\u0131 stoklamak isteyen i\u015fletmeler i\u00e7in bu <strong>erkek s\u00fcet p\u00fcsk\u00fcll\u00fc mokasen<\/strong> toplu al\u0131m i\u00e7in mevcuttur. Minimum sipari\u015f miktar\u0131 8 \u00e7ifttir ve tahmini teslimat s\u00fcresi 12 g\u00fcn art\u0131 nakliye \u015feklindedir. Rekabet\u00e7i fiyatland\u0131rmam\u0131z, toptan sat\u0131\u015f ihtiya\u00e7lar\u0131n\u0131z\u0131 kar\u015f\u0131layan ayr\u0131nt\u0131l\u0131 fiyat listemizde mevcuttur.<\/p>\n<p>Kalite, konfor ve stil a\u00e7\u0131s\u0131ndan ger\u00e7ekten \u00f6ne \u00e7\u0131kan bir \u00e7ift makosen ayakkab\u0131ya yat\u0131r\u0131m yap\u0131n. Bizim <strong>Erkek S\u00fcet P\u00fcsk\u00fcll\u00fc Loafer<\/strong> sadece ayakkab\u0131 de\u011fildir; rafine bir zevkin ve ola\u011fan\u00fcst\u00fc bir i\u015f\u00e7ili\u011fin ifadesidir. M\u00fckemmel \u00e7iftinizi bug\u00fcn ke\u015ffedin.<\/p>","protected":false},"excerpt":{"rendered":"<ul>\n<li>L\u00fcks bir g\u00f6r\u00fcn\u00fcm i\u00e7in hakiki dana s\u00fcet deriden el yap\u0131m\u0131 olarak \u00fcretilmi\u015ftir.<\/li>\n<li>Yumu\u015fak ke\u00e7i derisi astar g\u00fcn boyu \u00fcst\u00fcn konfor sa\u011flar.<\/li>\n<li>Hafif ve esnek EVA taban m\u00fckemmel yast\u0131klama ve tutu\u015f sa\u011flar.<\/li>\n<li>Klasik p\u00fcsk\u00fcll\u00fc loafer tasar\u0131m\u0131, \u015f\u0131k ve rahat ortamlar i\u00e7in m\u00fckemmeldir.<\/li>\n<li>39-45 AB bedenlerinde mevcuttur.<\/li>\n<li>Minimum sipari\u015f miktar\u0131: 8 \u00e7ift.<\/li>\n<li>Tahmini teslimat s\u00fcresi 12 g\u00fcn art\u0131 nakliye.<\/li>\n<\/ul>","protected":false},"featured_media":4017,"template":"","meta":{"_acf_changed":false,"_uag_custom_page_level_css":"","site-sidebar-layout":"default","site-content-layout":"","ast-site-content-layout":"default","site-content-style":"default","site-sidebar-style":"default","ast-global-header-display":"","ast-banner-title-visibility":"","ast-main-header-display":"","ast-hfb-above-header-display":"","ast-hfb-below-header-display":"","ast-hfb-mobile-header-display":"","site-post-title":"","ast-breadcrumbs-content":"","ast-featured-img":"","footer-sml-layout":"","ast-disable-related-posts":"","theme-transparent-header-meta":"","adv-header-id-meta":"","stick-header-meta":"","header-above-stick-meta":"","header-main-stick-meta":"","header-below-stick-meta":"","astra-migrate-meta-layouts":"default","ast-page-background-enabled":"default","ast-page-background-meta":{"desktop":{"background-color":"var(--ast-global-color-4)","background-image":"","background-repeat":"repeat","background-position":"center center","background-size":"auto","background-attachment":"scroll","background-type":"","background-media":"","overlay-type":"","overlay-color":"","overlay-opacity":"","overlay-gradient":""},"tablet":{"background-color":"","background-image":"","background-repeat":"repeat","background-position":"center center","background-size":"auto","background-attachment":"scroll","background-type":"","background-media":"","overlay-type":"","overlay-color":"","overlay-opacity":"","overlay-gradient":""},"mobile":{"background-color":"","background-image":"","background-repeat":"repeat","background-position":"center center","background-size":"auto","background-attachment":"scroll","background-type":"","background-media":"","overlay-type":"","overlay-color":"","overlay-opacity":"","overlay-gradient":""}},"ast-content-background-meta":{"desktop":{"background-color":"var(--ast-global-color-5)","background-image":"","background-repeat":"repeat","background-position":"center center","background-size":"auto","background-attachment":"scroll","background-type":"","background-media":"","overlay-type":"","overlay-color":"","overlay-opacity":"","overlay-gradient":""},"tablet":{"background-color":"var(--ast-global-color-5)","background-image":"","background-repeat":"repeat","background-position":"center center","background-size":"auto","background-attachment":"scroll","background-type":"","background-media":"","overlay-type":"","overlay-color":"","overlay-opacity":"","overlay-gradient":""},"mobile":{"background-color":"var(--ast-global-color-5)","background-image":"","background-repeat":"repeat","background-position":"center center","background-size":"auto","background-attachment":"scroll","background-type":"","background-media":"","overlay-type":"","overlay-color":"","overlay-opacity":"","overlay-gradient":""}}},"product_brand":[],"product_cat":[48,49,430,40],"product_tag":[674,339,512,220,438,189,953,186,406,280,149,349,281],"class_list":{"0":"post-6021","1":"product","2":"type-product","3":"status-publish","4":"has-post-thumbnail","6":"product_cat-casual","7":"product_cat-loafer","8":"product_cat-men","9":"product_cat-mens-shoes","10":"product_tag-bulk-shoes","11":"product_tag-calf-suede-shoes","12":"product_tag-casual-loafers","13":"product_tag-comfortable-loafers","14":"product_tag-eva-sole","15":"product_tag-goat-leather-lining","16":"product_tag-mens-dress-casual","17":"product_tag-mens-loafers","18":"product_tag-premium-shoes","19":"product_tag-smart-casual-shoes","20":"product_tag-suede-loafers","21":"product_tag-tassel-loafers","22":"product_tag-wholesale-shoes","23":"desktop-align-center","24":"tablet-align-center","25":"mobile-align-center","27":"first","28":"instock","29":"shipping-taxable","30":"purchasable","31":"product-type-variable","32":"has-default-attributes"},"acf":[],"uagb_featured_image_src":{"full":["https:\/\/turkishtrade.co\/wp-content\/uploads\/2026\/01\/2400EJOMN00208-DARK-BLUE-X_432-2-4-USD.png",453,250,false],"thumbnail":["https:\/\/turkishtrade.co\/wp-content\/uploads\/2026\/01\/2400EJOMN00208-DARK-BLUE-X_432-2-4-USD.png",150,83,false],"medium":["https:\/\/turkishtrade.co\/wp-content\/uploads\/2026\/01\/2400EJOMN00208-DARK-BLUE-X_432-2-4-USD.png",300,166,false],"medium_large":["https:\/\/turkishtrade.co\/wp-content\/uploads\/2026\/01\/2400EJOMN00208-DARK-BLUE-X_432-2-4-USD.png",453,250,false],"large":["https:\/\/turkishtrade.co\/wp-content\/uploads\/2026\/01\/2400EJOMN00208-DARK-BLUE-X_432-2-4-USD.png",453,250,false],"1536x1536":["https:\/\/turkishtrade.co\/wp-content\/uploads\/2026\/01\/2400EJOMN00208-DARK-BLUE-X_432-2-4-USD.png",453,250,false],"2048x2048":["https:\/\/turkishtrade.co\/wp-content\/uploads\/2026\/01\/2400EJOMN00208-DARK-BLUE-X_432-2-4-USD.png",453,250,false],"trp-custom-language-flag":["https:\/\/turkishtrade.co\/wp-content\/uploads\/2026\/01\/2400EJOMN00208-DARK-BLUE-X_432-2-4-USD.png",18,10,false],"woocommerce_thumbnail":["https:\/\/turkishtrade.co\/wp-content\/uploads\/2026\/01\/2400EJOMN00208-DARK-BLUE-X_432-2-4-USD-400x250.png",400,250,true],"woocommerce_single":["https:\/\/turkishtrade.co\/wp-content\/uploads\/2026\/01\/2400EJOMN00208-DARK-BLUE-X_432-2-4-USD.png",453,250,false],"woocommerce_gallery_thumbnail":["https:\/\/turkishtrade.co\/wp-content\/uploads\/2026\/01\/2400EJOMN00208-DARK-BLUE-X_432-2-4-USD-100x100.png",100,100,true]},"uagb_author_info":{"display_name":"yaser olabi","author_link":"https:\/\/turkishtrade.co\/tr\/author\/"},"uagb_comment_info":0,"uagb_excerpt":"Handcrafted from genuine calf suede leather for a luxurious finish. Soft goat leather lining ensures supreme all-day comfort. Lightweight and flexible EVA sole provides excellent cushioning and traction. Classic tassel loafer design, perfect for smart-casual occasions. Available in EU sizes 39-45. Minimum order quantity: 8 pairs. Estimated delivery within 12 days plus shipping.","_links":{"self":[{"href":"https:\/\/turkishtrade.co\/tr\/wp-json\/wp\/v2\/product\/6021","targetHints":{"allow":["GET"]}}],"collection":[{"href":"https:\/\/turkishtrade.co\/tr\/wp-json\/wp\/v2\/product"}],"about":[{"href":"https:\/\/turkishtrade.co\/tr\/wp-json\/wp\/v2\/types\/product"}],"wp:featuredmedia":[{"embeddable":true,"href":"https:\/\/turkishtrade.co\/tr\/wp-json\/wp\/v2\/media\/4017"}],"wp:attachment":[{"href":"https:\/\/turkishtrade.co\/tr\/wp-json\/wp\/v2\/media?parent=6021"}],"wp:term":[{"taxonomy":"product_brand","embeddable":true,"href":"https:\/\/turkishtrade.co\/tr\/wp-json\/wp\/v2\/product_brand?post=6021"},{"taxonomy":"product_cat","embeddable":true,"href":"https:\/\/turkishtrade.co\/tr\/wp-json\/wp\/v2\/product_cat?post=6021"},{"taxonomy":"product_tag","embeddable":true,"href":"https:\/\/turkishtrade.co\/tr\/wp-json\/wp\/v2\/product_tag?post=6021"}],"curies":[{"name":"wp","href":"https:\/\/api.w.org\/{rel}","templated":true}]}}