{"id":6018,"date":"2026-01-14T13:58:53","date_gmt":"2026-01-14T13:58:53","guid":{"rendered":"https:\/\/turkishtrade.co\/product\/mens-premium-leather-sneakers\/"},"modified":"2026-04-09T19:16:41","modified_gmt":"2026-04-09T19:16:41","slug":"mens-premium-leather-sneakers","status":"publish","type":"product","link":"https:\/\/turkishtrade.co\/tr\/shop\/mens-premium-leather-sneakers\/","title":{"rendered":"Elevate Erkek Premium Deri G\u00fcnl\u00fck Spor Ayakkab\u0131"},"content":{"rendered":"<p><strong>Erkek Premium Deri Spor Ayakkab\u0131<\/strong><\/p>\n<p>E\u015fsiz konfora ve sofistike stile ad\u0131m atmak i\u00e7in <strong>erkek premium deri\u0307 spor ayakkabi<\/strong>. Hem \u015f\u0131kl\u0131\u011fa hem de g\u00fcnl\u00fck pratikli\u011fe de\u011fer veren modern erkekler i\u00e7in tasarlanan bu spor ayakkab\u0131lar, g\u00fcndelik ayakkab\u0131lar\u0131 yeniden tan\u0131ml\u0131yor. Her bir \u00e7ift, dayan\u0131kl\u0131l\u0131k, nefes alabilirlik ve l\u00fcks \u00e7ekicili\u011fin m\u00fckemmel bir kar\u0131\u015f\u0131m\u0131n\u0131 sa\u011flamak i\u00e7in titizlikle \u00fcretilmi\u015ftir ve onlar\u0131 her se\u00e7kin gard\u0131rop i\u00e7in vazge\u00e7ilmez bir katk\u0131 haline getirir.<\/p>\n<p><h3>Ola\u011fan\u00fcst\u00fc \u0130\u015f\u00e7ilik ve \u00dcst\u00fcn Malzemeler<\/h3>\n<\/p>\n<p>Bu ola\u011fan\u00fcst\u00fc olaylar\u0131n merkezinde <strong>erkek premium deri\u0307 spor ayakkabi<\/strong> kaliteye olan ba\u011fl\u0131l\u0131k yatar. D\u0131\u015f y\u00fczeyi, kal\u0131c\u0131 sa\u011flaml\u0131\u011f\u0131 ve zarif dokusuyla bilinen zengin, esnek dana derisinden \u00fcretilmi\u015ftir. Bu birinci s\u0131n\u0131f d\u0131\u015f katman sadece \u015f\u0131k bir g\u00f6r\u00fcn\u00fcm sa\u011flamakla kalmaz, ayn\u0131 zamanda zaman i\u00e7inde benzersiz bir patina geli\u015ftirerek g\u00fczel bir \u015fekilde ya\u015flanmay\u0131 da vaat eder.<\/p>\n<p>\u0130ster \u015fehir sokaklar\u0131nda geziniyor ister rahat bir hafta sonunun tad\u0131n\u0131 \u00e7\u0131kar\u0131yor olun, ayaklar\u0131n\u0131z inan\u0131lmaz yumu\u015fak ve nefes alabilen ke\u00e7i derisi astarla sar\u0131lacak ve g\u00fcn boyunca maksimum konfor sa\u011flayacakt\u0131r.<\/p>\n<p>Sa\u011flam ancak hafif EVA taban, ola\u011fan\u00fcst\u00fc yast\u0131klama ve destek sunarak her ad\u0131mda darbeyi emer ve sabahtan ak\u015fama kadar rahat bir y\u00fcr\u00fcy\u00fc\u015f deneyimi sa\u011flar.<\/p>\n<p><h3>Her Durum i\u00e7in \u00c7ok Y\u00f6nl\u00fc Stil<\/h3>\n<\/p>\n<p>Bizim <strong>erkek premium deri\u0307 spor ayakkabi<\/strong> ayakkab\u0131dan daha fazlas\u0131d\u0131r; abart\u0131s\u0131z bir l\u00fcks\u00fcn ifadesidir. Klasik siyah ve s\u0131cak kahverengi gibi \u00e7ok y\u00f6nl\u00fc tonlarda mevcut olan bu ayakkab\u0131lar, \u00e7ok \u00e7e\u015fitli k\u0131yafetleri zahmetsizce tamamlar. \u015e\u0131k ve rahat bir ofis g\u00f6r\u00fcn\u00fcm\u00fc i\u00e7in \u00f6zel dikim pantolonlarla, y\u00fcksek bir hafta sonu kombini i\u00e7in koyu renk kot pantolonlarla ve hatta g\u00f6steri\u015fli bir yaz havas\u0131 i\u00e7in \u015fortlarla e\u015fle\u015ftirin.<\/p>\n<p>\u015e\u0131k profili ve zarif detaylar\u0131, konfordan \u00f6d\u00fcn vermeden her zaman \u015f\u0131k g\u00f6r\u00fcnmenizi sa\u011flar. 1-3 cm'lik ince topuk y\u00fcksekli\u011fi ile uzun s\u00fcreli kullan\u0131m i\u00e7in m\u00fckemmel olan rahat bir y\u00fckselti sunar.<\/p>\n<p><h3>Kal\u0131c\u0131 Konfor ve \u015e\u0131kl\u0131\u011fa Yat\u0131r\u0131m Yap\u0131n<\/h3>\n<\/p>\n<p>Birinci s\u0131n\u0131f deri spor ayakkab\u0131lar\u0131m\u0131z\u0131 se\u00e7mek, hem stil hem de yap\u0131 olarak zaman\u0131n testine dayanan ayakkab\u0131lara yat\u0131r\u0131m yapmak anlam\u0131na gelir. Dana derisi, ke\u00e7i derisi ve EVA taban\u0131n birle\u015fimi, sadece g\u00f6rsel olarak \u00e7ekici de\u011fil ayn\u0131 zamanda inan\u0131lmaz derecede dayan\u0131kl\u0131 ve rahat bir ayakkab\u0131 ortaya \u00e7\u0131kar\u0131r. Kalite ve bulunabilirlik ihtiyac\u0131n\u0131n fark\u0131nday\u0131z, bu nedenle bu zarif spor ayakkab\u0131lar, perakende veya ki\u015fisel koleksiyonunuzun her zaman iyi stoklanmas\u0131n\u0131 sa\u011flamak i\u00e7in minimum 8 \u00e7iftlik toplu sipari\u015fler i\u00e7in mevcuttur.<\/p>\n<p>Ger\u00e7ek i\u015f\u00e7ili\u011fin yaratt\u0131\u011f\u0131 fark\u0131 deneyimleyin ve bu ola\u011fan\u00fcst\u00fc erkek premium deri spor ayakkab\u0131 ile g\u00fcnl\u00fck stilinizi y\u00fckseltin.<\/p>","protected":false},"excerpt":{"rendered":"<ul>\n<li>Birinci s\u0131n\u0131f dana derisi d\u0131\u015f y\u00fczey ve yumu\u015fak ke\u00e7i derisi astardan \u00fcretilmi\u015ftir.<\/li>\n<li>Hafif ve rahat EVA taban, 1-3 cm ince topuk y\u00fcksekli\u011fi sa\u011flar.<\/li>\n<li>\u015e\u0131k tasar\u0131m, g\u00fcndelik ve smart-casual k\u0131yafetleri y\u00fckseltmek i\u00e7in m\u00fckemmeldir.<\/li>\n<li>\u00c7ok \u00e7e\u015fitli AB bedenlerinde mevcuttur: 39, 40, 41, 42, 43, 44, 45.<\/li>\n<li>Toptan sat\u0131\u015f i\u00e7in minimum sipari\u015f miktar\u0131: 8 \u00e7ift.<\/li>\n<li>Teslimat S\u00fcresi: 12 G\u00fcn + Kargo.<\/li>\n<\/ul>","protected":false},"featured_media":4014,"template":"","meta":{"_acf_changed":false,"_uag_custom_page_level_css":"","site-sidebar-layout":"default","site-content-layout":"","ast-site-content-layout":"default","site-content-style":"default","site-sidebar-style":"default","ast-global-header-display":"","ast-banner-title-visibility":"","ast-main-header-display":"","ast-hfb-above-header-display":"","ast-hfb-below-header-display":"","ast-hfb-mobile-header-display":"","site-post-title":"","ast-breadcrumbs-content":"","ast-featured-img":"","footer-sml-layout":"","ast-disable-related-posts":"","theme-transparent-header-meta":"","adv-header-id-meta":"","stick-header-meta":"","header-above-stick-meta":"","header-main-stick-meta":"","header-below-stick-meta":"","astra-migrate-meta-layouts":"default","ast-page-background-enabled":"default","ast-page-background-meta":{"desktop":{"background-color":"var(--ast-global-color-4)","background-image":"","background-repeat":"repeat","background-position":"center center","background-size":"auto","background-attachment":"scroll","background-type":"","background-media":"","overlay-type":"","overlay-color":"","overlay-opacity":"","overlay-gradient":""},"tablet":{"background-color":"","background-image":"","background-repeat":"repeat","background-position":"center center","background-size":"auto","background-attachment":"scroll","background-type":"","background-media":"","overlay-type":"","overlay-color":"","overlay-opacity":"","overlay-gradient":""},"mobile":{"background-color":"","background-image":"","background-repeat":"repeat","background-position":"center center","background-size":"auto","background-attachment":"scroll","background-type":"","background-media":"","overlay-type":"","overlay-color":"","overlay-opacity":"","overlay-gradient":""}},"ast-content-background-meta":{"desktop":{"background-color":"var(--ast-global-color-5)","background-image":"","background-repeat":"repeat","background-position":"center center","background-size":"auto","background-attachment":"scroll","background-type":"","background-media":"","overlay-type":"","overlay-color":"","overlay-opacity":"","overlay-gradient":""},"tablet":{"background-color":"var(--ast-global-color-5)","background-image":"","background-repeat":"repeat","background-position":"center center","background-size":"auto","background-attachment":"scroll","background-type":"","background-media":"","overlay-type":"","overlay-color":"","overlay-opacity":"","overlay-gradient":""},"mobile":{"background-color":"var(--ast-global-color-5)","background-image":"","background-repeat":"repeat","background-position":"center center","background-size":"auto","background-attachment":"scroll","background-type":"","background-media":"","overlay-type":"","overlay-color":"","overlay-opacity":"","overlay-gradient":""}}},"product_brand":[],"product_cat":[48,49,430,40,50],"product_tag":[1120,1130,200,202,449,1117,438,459,437,224,365,964,214,250,210],"class_list":{"0":"post-6018","1":"product","2":"type-product","3":"status-publish","4":"has-post-thumbnail","6":"product_cat-casual","7":"product_cat-loafer","8":"product_cat-men","9":"product_cat-mens-shoes","10":"product_cat-sneakers","11":"product_tag-black-sneakers","12":"product_tag-brown-sneakers","13":"product_tag-business-casual","14":"product_tag-calf-leather","15":"product_tag-casual-shoes","16":"product_tag-comfortable-sneakers","17":"product_tag-eva-sole","18":"product_tag-everyday-shoes","19":"product_tag-goat-leather","20":"product_tag-leather-sneakers","21":"product_tag-luxury-sneakers","22":"product_tag-mens-casual-footwear","23":"product_tag-mens-sneakers","24":"product_tag-premium-leather","25":"product_tag-smart-casual","26":"desktop-align-center","27":"tablet-align-center","28":"mobile-align-center","30":"first","31":"instock","32":"shipping-taxable","33":"purchasable","34":"product-type-variable","35":"has-default-attributes"},"acf":[],"uagb_featured_image_src":{"full":["https:\/\/turkishtrade.co\/wp-content\/uploads\/2026\/01\/2400EJOMN00207-BLACK-Y_407-7-USD.png",453,250,false],"thumbnail":["https:\/\/turkishtrade.co\/wp-content\/uploads\/2026\/01\/2400EJOMN00207-BLACK-Y_407-7-USD-150x150.png",150,150,true],"medium":["https:\/\/turkishtrade.co\/wp-content\/uploads\/2026\/01\/2400EJOMN00207-BLACK-Y_407-7-USD-300x166.png",300,166,true],"medium_large":["https:\/\/turkishtrade.co\/wp-content\/uploads\/2026\/01\/2400EJOMN00207-BLACK-Y_407-7-USD.png",453,250,false],"large":["https:\/\/turkishtrade.co\/wp-content\/uploads\/2026\/01\/2400EJOMN00207-BLACK-Y_407-7-USD.png",453,250,false],"1536x1536":["https:\/\/turkishtrade.co\/wp-content\/uploads\/2026\/01\/2400EJOMN00207-BLACK-Y_407-7-USD.png",453,250,false],"2048x2048":["https:\/\/turkishtrade.co\/wp-content\/uploads\/2026\/01\/2400EJOMN00207-BLACK-Y_407-7-USD.png",453,250,false],"trp-custom-language-flag":["https:\/\/turkishtrade.co\/wp-content\/uploads\/2026\/01\/2400EJOMN00207-BLACK-Y_407-7-USD-18x10.png",18,10,true],"woocommerce_thumbnail":["https:\/\/turkishtrade.co\/wp-content\/uploads\/2026\/01\/2400EJOMN00207-BLACK-Y_407-7-USD-400x250.png",400,250,true],"woocommerce_single":["https:\/\/turkishtrade.co\/wp-content\/uploads\/2026\/01\/2400EJOMN00207-BLACK-Y_407-7-USD.png",453,250,false],"woocommerce_gallery_thumbnail":["https:\/\/turkishtrade.co\/wp-content\/uploads\/2026\/01\/2400EJOMN00207-BLACK-Y_407-7-USD-100x100.png",100,100,true]},"uagb_author_info":{"display_name":"yaser olabi","author_link":"https:\/\/turkishtrade.co\/tr\/author\/"},"uagb_comment_info":0,"uagb_excerpt":"Crafted from premium calf leather exterior and soft goat leather lining. Lightweight and comfortable EVA sole, providing a 1-3cm subtle heel height. Stylish design, perfect for elevating casual and smart-casual outfits. Available in a wide range of EU sizes: 39, 40, 41, 42, 43, 44, 45. Minimum order quantity for wholesale: 8 pairs. Delivery Time:&hellip;","_links":{"self":[{"href":"https:\/\/turkishtrade.co\/tr\/wp-json\/wp\/v2\/product\/6018","targetHints":{"allow":["GET"]}}],"collection":[{"href":"https:\/\/turkishtrade.co\/tr\/wp-json\/wp\/v2\/product"}],"about":[{"href":"https:\/\/turkishtrade.co\/tr\/wp-json\/wp\/v2\/types\/product"}],"wp:featuredmedia":[{"embeddable":true,"href":"https:\/\/turkishtrade.co\/tr\/wp-json\/wp\/v2\/media\/4014"}],"wp:attachment":[{"href":"https:\/\/turkishtrade.co\/tr\/wp-json\/wp\/v2\/media?parent=6018"}],"wp:term":[{"taxonomy":"product_brand","embeddable":true,"href":"https:\/\/turkishtrade.co\/tr\/wp-json\/wp\/v2\/product_brand?post=6018"},{"taxonomy":"product_cat","embeddable":true,"href":"https:\/\/turkishtrade.co\/tr\/wp-json\/wp\/v2\/product_cat?post=6018"},{"taxonomy":"product_tag","embeddable":true,"href":"https:\/\/turkishtrade.co\/tr\/wp-json\/wp\/v2\/product_tag?post=6018"}],"curies":[{"name":"wp","href":"https:\/\/api.w.org\/{rel}","templated":true}]}}