{"id":6013,"date":"2026-01-14T13:58:06","date_gmt":"2026-01-14T13:58:06","guid":{"rendered":"https:\/\/turkishtrade.co\/product\/premium-brown-calf-leather-sneakers\/"},"modified":"2026-04-09T19:16:51","modified_gmt":"2026-04-09T19:16:51","slug":"premium-brown-calf-leather-sneakers","status":"publish","type":"product","link":"https:\/\/turkishtrade.co\/tr\/shop\/premium-brown-calf-leather-sneakers\/","title":{"rendered":"Premium Kahverengi Dana Derisi Erkek G\u00fcnl\u00fck Spor Ayakkab\u0131"},"content":{"rendered":"<p><strong>premium kahverengi dana derisi spor ayakkab\u0131<\/strong><\/p>\n<p>Enfes tasar\u0131m\u0131m\u0131zla benzersiz bir stil ve konfora ad\u0131m at\u0131n <strong>premium kahverengi dana derisi spor ayakkab\u0131<\/strong>. Hem l\u00fckse hem de pratikli\u011fe de\u011fer veren modern erkekler i\u00e7in tasarlanan bu <strong>premium kahverengi dana derisi spor ayakkab\u0131<\/strong> sofistike g\u00fcndelik giyimin \u00f6z\u00fcd\u00fcr. Detaylara titizlikle \u00f6zen g\u00f6sterilerek haz\u0131rlanan bu \u00fcr\u00fcnler, zamans\u0131z \u015f\u0131kl\u0131k ve \u00e7a\u011fda\u015f tasar\u0131m\u0131n bir kar\u0131\u015f\u0131m\u0131n\u0131 sunarak her se\u00e7kin gard\u0131robun olmazsa olmaz\u0131d\u0131r.<\/p>\n<p>Bunlar herhangi bir ayakkab\u0131 de\u011fil; kal\u0131c\u0131 stil ve konfora yap\u0131lan bir yat\u0131r\u0131m.<\/p>\n<p>Bu ola\u011fan\u00fcst\u00fc binan\u0131n d\u0131\u015f cephesi <strong>premium kahverengi dana derisi spor ayakkab\u0131<\/strong> y\u00fcksek kaliteli hakiki dana derisinden \u00fcretilmi\u015ftir ve hem \u00e7ok y\u00f6nl\u00fc hem de g\u00f6rsel olarak \u00e7arp\u0131c\u0131 zengin bir kahverengi tonu sunar. Bu malzeme se\u00e7imi sadece l\u00fcks bir g\u00f6r\u00fcn\u00fcm sa\u011flamakla kalmaz, ayn\u0131 zamanda uzun s\u00fcreli dayan\u0131kl\u0131l\u0131k ve zaman i\u00e7inde aya\u011f\u0131n\u0131za uyum sa\u011flayan esnek bir his sa\u011flar. Bunu tamamlayan i\u00e7 k\u0131s\u0131m, her ad\u0131mda \u00fcst\u00fcn konforu garanti eden yumu\u015fak, nefes alabilen ke\u00e7i derisi astara sahiptir.<\/p>\n<p>Hafif ancak sa\u011flam EVA taban\u0131 m\u00fckemmel yast\u0131klama ve destek sa\u011flayarak bu <strong>premium kahverengi dana derisi spor ayakkab\u0131<\/strong> \u0130ster \u015fehir sokaklar\u0131nda geziniyor ister rahat bir hafta sonunun tad\u0131n\u0131 \u00e7\u0131kar\u0131yor olun, t\u00fcm g\u00fcn giymek i\u00e7in m\u00fckemmeldir.<\/p>\n<p><h3>Rakipsiz Konfor ve Zamans\u0131z Tasar\u0131m<\/h3>\n<\/p>\n<p>Klasik 1-3 cm topuk y\u00fcksekli\u011fine sahip bu <strong>premium kahverengi dana derisi spor ayakkab\u0131<\/strong> rahatl\u0131k ve ince bir y\u00fckseli\u015f aras\u0131nda m\u00fckemmel bir denge kurar, zahmetsizce \u015f\u0131k bir g\u00f6r\u00fcn\u00fcm sa\u011flamak i\u00e7in idealdir. Ak\u0131ll\u0131 rahat ofis ortamlar\u0131ndan hafta sonu gezmelerine sorunsuz bir \u015fekilde ge\u00e7i\u015f yaparak, \u00f6zel pantolonlar ve chino pantolonlardan koyu y\u0131kamal\u0131 kotlara kadar her \u015feyle g\u00fczel bir \u015fekilde e\u015fle\u015fir. Bu ayakkab\u0131lar\u0131n \u00fcst\u00fcn kalitesini ve tasar\u0131m\u0131n\u0131 deneyimleyin <strong>premium kahverengi dana derisi spor ayakkab\u0131<\/strong> di\u011ferlerinden ay\u0131rarak, temel bir unsur olarak yerlerini sa\u011flamla\u015ft\u0131rd\u0131lar. <strong>premium kahverengi dana derisi spor ayakkab\u0131<\/strong> koleksiyonunuzda.<\/p>\n<p><h3>Toptan Sat\u0131\u015f F\u0131rsatlar\u0131 ve G\u00fcvenilir Hizmet<\/h3>\n<\/p>\n<p>AB 39'dan 45'e kadar kapsaml\u0131 bir beden yelpazesinde mevcut olup, geni\u015f bir m\u00fc\u015fteri yelpazesi i\u00e7in m\u00fckemmel bir uyum sa\u011flar. Perakendeciler ve i\u015fletmeler i\u00e7in bunlar <strong>premium kahverengi dana derisi spor ayakkab\u0131<\/strong> minimum 8 \u00e7ift sipari\u015f miktar\u0131 ile toplu sat\u0131n al\u0131m i\u00e7in mevcuttur. Sipari\u015finizin en k\u0131sa s\u00fcrede ula\u015fmas\u0131n\u0131 sa\u011flamak i\u00e7in tahmini \u00fcretim s\u00fcresi 12 g\u00fcn art\u0131 nakliye ile verimli hizmet vermekten gurur duyuyoruz.<\/p>\n<p>Bu ola\u011fan\u00fcst\u00fc ayakkab\u0131larla ayakkab\u0131 koleksiyonunuzu geli\u015ftirin veya perakende sat\u0131\u015flar\u0131n\u0131z\u0131 geni\u015fletin <strong>premium kahverengi dana derisi spor ayakkab\u0131<\/strong>.<\/p>","protected":false},"excerpt":{"rendered":"<ul>\n<li><strong>\u00dcst\u00fcn Malzemeler:<\/strong> D\u0131\u015f k\u0131sm\u0131 hakiki Dana Derisinden \u00fcretilmi\u015ftir, i\u00e7 k\u0131sm\u0131 ise \u00fcst\u00fcn konfor i\u00e7in yumu\u015fak Ke\u00e7i Derisi ile astarlanm\u0131\u015ft\u0131r.<\/li>\n<li><strong>Rahat Taban:<\/strong> M\u00fckemmel yast\u0131klama i\u00e7in hafif ve dayan\u0131kl\u0131 EVA tabana sahiptir.<\/li>\n<li><strong>\u00c7ok Y\u00f6nl\u00fc Stil:<\/strong> \u0130nce 1-3 cm topuk y\u00fcksekli\u011fine sahip klasik tasar\u0131m, g\u00fcnl\u00fck g\u00fcndelik kullan\u0131m i\u00e7in idealdir.<\/li>\n<li><strong>Mevcut Boyutlar:<\/strong> M\u00fckemmel bir uyum sa\u011flamak i\u00e7in 39, 40, 41, 42, 43, 44, 45 AB bedenlerinde sunulmaktad\u0131r.<\/li>\n<li><strong>Toplu Bulunabilirlik:<\/strong> Toptan sat\u0131\u015f i\u00e7in minimum 8 \u00e7ift sipari\u015f miktar\u0131 mevcuttur.<\/li>\n<li><strong>Etkili Teslimat:<\/strong> Tahmini 12 g\u00fcn \u00fcretim s\u00fcresi art\u0131 nakliye.<\/li>\n<\/ul>","protected":false},"featured_media":4012,"template":"","meta":{"_acf_changed":false,"_uag_custom_page_level_css":"","site-sidebar-layout":"default","site-content-layout":"","ast-site-content-layout":"default","site-content-style":"default","site-sidebar-style":"default","ast-global-header-display":"","ast-banner-title-visibility":"","ast-main-header-display":"","ast-hfb-above-header-display":"","ast-hfb-below-header-display":"","ast-hfb-mobile-header-display":"","site-post-title":"","ast-breadcrumbs-content":"","ast-featured-img":"","footer-sml-layout":"","ast-disable-related-posts":"","theme-transparent-header-meta":"","adv-header-id-meta":"","stick-header-meta":"","header-above-stick-meta":"","header-main-stick-meta":"","header-below-stick-meta":"","astra-migrate-meta-layouts":"default","ast-page-background-enabled":"default","ast-page-background-meta":{"desktop":{"background-color":"var(--ast-global-color-4)","background-image":"","background-repeat":"repeat","background-position":"center center","background-size":"auto","background-attachment":"scroll","background-type":"","background-media":"","overlay-type":"","overlay-color":"","overlay-opacity":"","overlay-gradient":""},"tablet":{"background-color":"","background-image":"","background-repeat":"repeat","background-position":"center center","background-size":"auto","background-attachment":"scroll","background-type":"","background-media":"","overlay-type":"","overlay-color":"","overlay-opacity":"","overlay-gradient":""},"mobile":{"background-color":"","background-image":"","background-repeat":"repeat","background-position":"center center","background-size":"auto","background-attachment":"scroll","background-type":"","background-media":"","overlay-type":"","overlay-color":"","overlay-opacity":"","overlay-gradient":""}},"ast-content-background-meta":{"desktop":{"background-color":"var(--ast-global-color-5)","background-image":"","background-repeat":"repeat","background-position":"center center","background-size":"auto","background-attachment":"scroll","background-type":"","background-media":"","overlay-type":"","overlay-color":"","overlay-opacity":"","overlay-gradient":""},"tablet":{"background-color":"var(--ast-global-color-5)","background-image":"","background-repeat":"repeat","background-position":"center center","background-size":"auto","background-attachment":"scroll","background-type":"","background-media":"","overlay-type":"","overlay-color":"","overlay-opacity":"","overlay-gradient":""},"mobile":{"background-color":"var(--ast-global-color-5)","background-image":"","background-repeat":"repeat","background-position":"center center","background-size":"auto","background-attachment":"scroll","background-type":"","background-media":"","overlay-type":"","overlay-color":"","overlay-opacity":"","overlay-gradient":""}}},"product_brand":[],"product_cat":[48,49,430,40,50],"product_tag":[292,1130,202,1056,1117,438,189,224,198,362,1123],"class_list":{"0":"post-6013","1":"product","2":"type-product","3":"status-publish","4":"has-post-thumbnail","6":"product_cat-casual","7":"product_cat-loafer","8":"product_cat-men","9":"product_cat-mens-shoes","10":"product_cat-sneakers","11":"product_tag-brown-leather-shoes","12":"product_tag-brown-sneakers","13":"product_tag-calf-leather","14":"product_tag-casual-elegance","15":"product_tag-comfortable-sneakers","16":"product_tag-eva-sole","17":"product_tag-goat-leather-lining","18":"product_tag-leather-sneakers","19":"product_tag-mens-fashion","20":"product_tag-premium-footwear","21":"product_tag-wholesale-sneakers","22":"desktop-align-center","23":"tablet-align-center","24":"mobile-align-center","26":"first","27":"instock","28":"shipping-taxable","29":"purchasable","30":"product-type-variable","31":"has-default-attributes"},"acf":[],"uagb_featured_image_src":{"full":["https:\/\/turkishtrade.co\/wp-content\/uploads\/2026\/01\/2400EJOMN00205-BROWN-X_1320-4-USD.png",453,250,false],"thumbnail":["https:\/\/turkishtrade.co\/wp-content\/uploads\/2026\/01\/2400EJOMN00205-BROWN-X_1320-4-USD-150x150.png",150,150,true],"medium":["https:\/\/turkishtrade.co\/wp-content\/uploads\/2026\/01\/2400EJOMN00205-BROWN-X_1320-4-USD-300x166.png",300,166,true],"medium_large":["https:\/\/turkishtrade.co\/wp-content\/uploads\/2026\/01\/2400EJOMN00205-BROWN-X_1320-4-USD.png",453,250,false],"large":["https:\/\/turkishtrade.co\/wp-content\/uploads\/2026\/01\/2400EJOMN00205-BROWN-X_1320-4-USD.png",453,250,false],"1536x1536":["https:\/\/turkishtrade.co\/wp-content\/uploads\/2026\/01\/2400EJOMN00205-BROWN-X_1320-4-USD.png",453,250,false],"2048x2048":["https:\/\/turkishtrade.co\/wp-content\/uploads\/2026\/01\/2400EJOMN00205-BROWN-X_1320-4-USD.png",453,250,false],"trp-custom-language-flag":["https:\/\/turkishtrade.co\/wp-content\/uploads\/2026\/01\/2400EJOMN00205-BROWN-X_1320-4-USD-18x10.png",18,10,true],"woocommerce_thumbnail":["https:\/\/turkishtrade.co\/wp-content\/uploads\/2026\/01\/2400EJOMN00205-BROWN-X_1320-4-USD-400x250.png",400,250,true],"woocommerce_single":["https:\/\/turkishtrade.co\/wp-content\/uploads\/2026\/01\/2400EJOMN00205-BROWN-X_1320-4-USD.png",453,250,false],"woocommerce_gallery_thumbnail":["https:\/\/turkishtrade.co\/wp-content\/uploads\/2026\/01\/2400EJOMN00205-BROWN-X_1320-4-USD-100x100.png",100,100,true]},"uagb_author_info":{"display_name":"yaser olabi","author_link":"https:\/\/turkishtrade.co\/tr\/author\/"},"uagb_comment_info":0,"uagb_excerpt":"Superior Materials: Outer crafted from genuine Calf Leather, inner lined with soft Goat Leather for ultimate comfort. Comfortable Sole: Features a lightweight and durable EVA sole for excellent cushioning. Versatile Style: Classic design with a subtle 1-3 cm heel height, ideal for everyday casual wear. Available Sizes: Offered in EU sizes 39, 40, 41, 42,&hellip;","_links":{"self":[{"href":"https:\/\/turkishtrade.co\/tr\/wp-json\/wp\/v2\/product\/6013","targetHints":{"allow":["GET"]}}],"collection":[{"href":"https:\/\/turkishtrade.co\/tr\/wp-json\/wp\/v2\/product"}],"about":[{"href":"https:\/\/turkishtrade.co\/tr\/wp-json\/wp\/v2\/types\/product"}],"wp:featuredmedia":[{"embeddable":true,"href":"https:\/\/turkishtrade.co\/tr\/wp-json\/wp\/v2\/media\/4012"}],"wp:attachment":[{"href":"https:\/\/turkishtrade.co\/tr\/wp-json\/wp\/v2\/media?parent=6013"}],"wp:term":[{"taxonomy":"product_brand","embeddable":true,"href":"https:\/\/turkishtrade.co\/tr\/wp-json\/wp\/v2\/product_brand?post=6013"},{"taxonomy":"product_cat","embeddable":true,"href":"https:\/\/turkishtrade.co\/tr\/wp-json\/wp\/v2\/product_cat?post=6013"},{"taxonomy":"product_tag","embeddable":true,"href":"https:\/\/turkishtrade.co\/tr\/wp-json\/wp\/v2\/product_tag?post=6013"}],"curies":[{"name":"wp","href":"https:\/\/api.w.org\/{rel}","templated":true}]}}