{"id":6011,"date":"2026-01-14T13:57:42","date_gmt":"2026-01-14T13:57:42","guid":{"rendered":"https:\/\/turkishtrade.co\/product\/navy-leather-casual-sneakers\/"},"modified":"2026-04-09T19:16:55","modified_gmt":"2026-04-09T19:16:55","slug":"navy-leather-casual-sneakers","status":"publish","type":"product","link":"https:\/\/turkishtrade.co\/tr\/shop\/navy-leather-casual-sneakers\/","title":{"rendered":"Elite Lacivert Deri G\u00fcnl\u00fck Spor Ayakkab\u0131"},"content":{"rendered":"<p><strong>Lacivert Deri G\u00fcnl\u00fck Spor Ayakkab\u0131<\/strong><\/p>\n<p>Elite ile sofistike ve g\u00fcnl\u00fck konforun m\u00fckemmel kar\u0131\u015f\u0131m\u0131n\u0131 ke\u015ffedin <strong>Lacivert Deri G\u00fcnl\u00fck Spor Ayakkab\u0131<\/strong>. Hem stile hem de \u00f6ze de\u011fer veren modern erkek i\u00e7in tasarlanan bu spor ayakkab\u0131lar, her t\u00fcrl\u00fc g\u00fcndelik kombini y\u00fckseltir. Detaylara titizlikle \u00f6zen g\u00f6sterilerek \u00fcretilen bu ayakkab\u0131lar, kaliteli ayakkab\u0131n\u0131n zirvesini temsil eder ve her se\u00e7kin gard\u0131robun vazge\u00e7ilmez bir par\u00e7as\u0131d\u0131r.<\/p>\n<p>Zengin lacivert renk tonu, ince dokular ve klasik siluet ile birle\u015fti\u011finde bu ayakkab\u0131lar\u0131n \u015f\u0131k oldu\u011fu kadar \u00e7ok y\u00f6nl\u00fc olmas\u0131n\u0131 da sa\u011flar.<\/p>\n<p><h3>Rakipsiz Konfor ve Birinci S\u0131n\u0131f Malzemeler<\/h3>\n<\/p>\n<p>Bu zarif ayakkab\u0131lar\u0131n i\u00e7ine girdi\u011finiz andan itibaren benzersiz bir konfor ya\u015fay\u0131n <strong>Lacivert Deri G\u00fcnl\u00fck Spor Ayakkab\u0131<\/strong>. D\u0131\u015f y\u00fczeyi, esnek hissi, dayan\u0131kl\u0131l\u0131\u011f\u0131 ve zarif y\u00fczeyiyle bilinen 100% hakiki dana derisinden \u00fcretilmi\u015ftir. Bu birinci s\u0131n\u0131f malzeme sadece l\u00fcks bir g\u00f6r\u00fcn\u00fcm sa\u011flamakla kalmaz, ayn\u0131 zamanda uzun \u00f6m\u00fcrl\u00fc kullan\u0131m sa\u011flar.<\/p>\n<p>Aya\u011f\u0131n\u0131z\u0131 saran yumu\u015fak ke\u00e7i derisi, nefes alabilen ve son derece p\u00fcr\u00fczs\u00fcz bir ortam sunarak saatler s\u00fcren kullan\u0131mdan sonra bile rahats\u0131zl\u0131\u011f\u0131 \u00f6nler. Bu ola\u011fan\u00fcst\u00fc ayakkab\u0131lar\u0131n temelini, her ad\u0131mda \u00fcst\u00fcn yast\u0131klama ve destek sa\u011flamak \u00fczere tasarlanm\u0131\u015f hafif EVA taban olu\u015fturur. Bu yenilik\u00e7i taban malzemesi darbeyi emerek yorgunlu\u011fu azalt\u0131r ve ister \u015fehir sokaklar\u0131nda geziniyor ister rahat bir hafta sonunun tad\u0131n\u0131 \u00e7\u0131kar\u0131yor olun, bu spor ayakkab\u0131lar\u0131 uzun s\u00fcreli kullan\u0131m i\u00e7in m\u00fckemmel hale getirir.<\/p>\n<p><h3>Zamans\u0131z Stil ve \u00c7ok Y\u00f6nl\u00fc Cazibe<\/h3>\n<\/p>\n<p>Tasar\u0131m\u0131m\u0131z <strong>Lacivert Deri G\u00fcnl\u00fck Spor Ayakkab\u0131<\/strong> Klasik bir loafer ile modern bir sneaker aras\u0131nda uyumlu bir denge kurarak zahmetsizce \u015f\u0131k bir ayakkab\u0131 ortaya \u00e7\u0131kar\u0131r. Sade lacivert rengi, bu ayakkab\u0131y\u0131 inan\u0131lmaz derecede \u00e7ok y\u00f6nl\u00fc k\u0131lar; \u015f\u0131k bir chino pantolon ve d\u00fc\u011fmeli g\u00f6mlekten en sevdi\u011finiz kot pantolon ve rahat bir ti\u015f\u00f6rte kadar her \u015feyle kolayca e\u015fle\u015fir. 1-3 cm topuk, rahat esteti\u011fi korurken hafif bir y\u00fckselme sa\u011flar.<\/p>\n<p>Zarif ba\u011fc\u0131klar\u0131 ve gizli delikleri ile bu ayakkab\u0131lar, ge\u00e7ici trendlerin \u00f6tesine ge\u00e7en sofistike bir karaktere sahiptir ve y\u0131llarca tercih edilmelerini sa\u011flar. Bu ayakkab\u0131lar bir ayakkab\u0131dan \u00e7ok daha fazlas\u0131d\u0131r; ki\u015fisel tarz\u0131n\u0131za ve konforunuza yap\u0131lan bir yat\u0131r\u0131md\u0131r.<\/p>\n<p><h3>Toptan Sat\u0131\u015f F\u0131rsat\u0131 ve Kalite G\u00fcvencesi<\/h3>\n<\/p>\n<p>M\u00fc\u015fterilerine \u00fcst\u00fcn kalite ve tasar\u0131m sunmak isteyen i\u015fletmeler i\u00e7in bu <strong>Lacivert Deri G\u00fcnl\u00fck Spor Ayakkab\u0131<\/strong> minimum 8 \u00e7ift olmak \u00fczere toptan sipari\u015fler i\u00e7in mevcuttur. Her bir \u00e7ift, en y\u00fcksek i\u015f\u00e7ilik ve malzeme b\u00fct\u00fcnl\u00fc\u011f\u00fc standartlar\u0131n\u0131 kar\u015f\u0131lamak \u00fczere titizlikle denetlenir. Envanterinizin verimli bir \u015fekilde yenilenmesini sa\u011flamak i\u00e7in yakla\u015f\u0131k 12 g\u00fcn art\u0131 nakliye teslimat s\u00fcresinin keyfini \u00e7\u0131kar\u0131n.<\/p>\n<p>39'dan 45'e kadar kapsaml\u0131 bir beden yelpazesinde sunulan bu spor ayakkab\u0131lar geni\u015f bir m\u00fc\u015fteri kitlesine hitap ediyor. Bu ola\u011fan\u00fcst\u00fc ayakkab\u0131lara yat\u0131r\u0131m yap\u0131n ve m\u00fc\u015fterilerinize kalite, konfor ve kal\u0131c\u0131 stil a\u00e7\u0131s\u0131ndan ger\u00e7ekten \u00f6ne \u00e7\u0131kan ayakkab\u0131lar sa\u011flay\u0131n.<\/p>","protected":false},"excerpt":{"rendered":"<ul>\n<li>L\u00fcks \u00e7ekicilik i\u00e7in birinci s\u0131n\u0131f dana derisi d\u0131\u015f y\u00fczey<\/li>\n<li>Yumu\u015fak ke\u00e7i derisi i\u00e7 k\u0131s\u0131m ola\u011fan\u00fcst\u00fc konfor sa\u011flar<\/li>\n<li>T\u00fcm g\u00fcn kullan\u0131m i\u00e7in hafif ve yast\u0131kl\u0131 EVA taban<\/li>\n<li>M\u00fckemmel uyum i\u00e7in 39-45 bedenleri mevcuttur<\/li>\n<li>Minimum 8 \u00e7iftlik toptan sipari\u015fler i\u00e7in ideal<\/li>\n<li>\u0130nce dokusal detaylara sahip sofistike lacivert renk<\/li>\n<\/ul>","protected":false},"featured_media":4011,"template":"","meta":{"_acf_changed":false,"_uag_custom_page_level_css":"","site-sidebar-layout":"default","site-content-layout":"","ast-site-content-layout":"default","site-content-style":"default","site-sidebar-style":"default","ast-global-header-display":"","ast-banner-title-visibility":"","ast-main-header-display":"","ast-hfb-above-header-display":"","ast-hfb-below-header-display":"","ast-hfb-mobile-header-display":"","site-post-title":"","ast-breadcrumbs-content":"","ast-featured-img":"","footer-sml-layout":"","ast-disable-related-posts":"","theme-transparent-header-meta":"","adv-header-id-meta":"","stick-header-meta":"","header-above-stick-meta":"","header-main-stick-meta":"","header-below-stick-meta":"","astra-migrate-meta-layouts":"default","ast-page-background-enabled":"default","ast-page-background-meta":{"desktop":{"background-color":"var(--ast-global-color-4)","background-image":"","background-repeat":"repeat","background-position":"center center","background-size":"auto","background-attachment":"scroll","background-type":"","background-media":"","overlay-type":"","overlay-color":"","overlay-opacity":"","overlay-gradient":""},"tablet":{"background-color":"","background-image":"","background-repeat":"repeat","background-position":"center center","background-size":"auto","background-attachment":"scroll","background-type":"","background-media":"","overlay-type":"","overlay-color":"","overlay-opacity":"","overlay-gradient":""},"mobile":{"background-color":"","background-image":"","background-repeat":"repeat","background-position":"center center","background-size":"auto","background-attachment":"scroll","background-type":"","background-media":"","overlay-type":"","overlay-color":"","overlay-opacity":"","overlay-gradient":""}},"ast-content-background-meta":{"desktop":{"background-color":"var(--ast-global-color-5)","background-image":"","background-repeat":"repeat","background-position":"center center","background-size":"auto","background-attachment":"scroll","background-type":"","background-media":"","overlay-type":"","overlay-color":"","overlay-opacity":"","overlay-gradient":""},"tablet":{"background-color":"var(--ast-global-color-5)","background-image":"","background-repeat":"repeat","background-position":"center center","background-size":"auto","background-attachment":"scroll","background-type":"","background-media":"","overlay-type":"","overlay-color":"","overlay-opacity":"","overlay-gradient":""},"mobile":{"background-color":"var(--ast-global-color-5)","background-image":"","background-repeat":"repeat","background-position":"center center","background-size":"auto","background-attachment":"scroll","background-type":"","background-media":"","overlay-type":"","overlay-color":"","overlay-opacity":"","overlay-gradient":""}}},"product_brand":[],"product_cat":[48,49,430,40,50],"product_tag":[1129,566,457,272,438,959,556,224,365,198,1121,254],"class_list":{"0":"post-6011","1":"product","2":"type-product","3":"status-publish","4":"has-post-thumbnail","6":"product_cat-casual","7":"product_cat-loafer","8":"product_cat-men","9":"product_cat-mens-shoes","10":"product_cat-sneakers","11":"product_tag-39-45-sizes","12":"product_tag-calfskin-shoes","13":"product_tag-classic-loafers","14":"product_tag-comfort-shoes","15":"product_tag-eva-sole","16":"product_tag-formal-casual-shoes","17":"product_tag-goatskin-lining","18":"product_tag-leather-sneakers","19":"product_tag-luxury-sneakers","20":"product_tag-mens-fashion","21":"product_tag-navy-sneakers","22":"product_tag-wholesale-footwear","23":"desktop-align-center","24":"tablet-align-center","25":"mobile-align-center","27":"first","28":"instock","29":"shipping-taxable","30":"purchasable","31":"product-type-variable","32":"has-default-attributes"},"acf":[],"uagb_featured_image_src":{"full":["https:\/\/turkishtrade.co\/wp-content\/uploads\/2026\/01\/2400EJOMN00204-DARK-BLUE-7264-7-USD.png",453,250,false],"thumbnail":["https:\/\/turkishtrade.co\/wp-content\/uploads\/2026\/01\/2400EJOMN00204-DARK-BLUE-7264-7-USD-150x150.png",150,150,true],"medium":["https:\/\/turkishtrade.co\/wp-content\/uploads\/2026\/01\/2400EJOMN00204-DARK-BLUE-7264-7-USD-300x166.png",300,166,true],"medium_large":["https:\/\/turkishtrade.co\/wp-content\/uploads\/2026\/01\/2400EJOMN00204-DARK-BLUE-7264-7-USD.png",453,250,false],"large":["https:\/\/turkishtrade.co\/wp-content\/uploads\/2026\/01\/2400EJOMN00204-DARK-BLUE-7264-7-USD.png",453,250,false],"1536x1536":["https:\/\/turkishtrade.co\/wp-content\/uploads\/2026\/01\/2400EJOMN00204-DARK-BLUE-7264-7-USD.png",453,250,false],"2048x2048":["https:\/\/turkishtrade.co\/wp-content\/uploads\/2026\/01\/2400EJOMN00204-DARK-BLUE-7264-7-USD.png",453,250,false],"trp-custom-language-flag":["https:\/\/turkishtrade.co\/wp-content\/uploads\/2026\/01\/2400EJOMN00204-DARK-BLUE-7264-7-USD-18x10.png",18,10,true],"woocommerce_thumbnail":["https:\/\/turkishtrade.co\/wp-content\/uploads\/2026\/01\/2400EJOMN00204-DARK-BLUE-7264-7-USD-400x250.png",400,250,true],"woocommerce_single":["https:\/\/turkishtrade.co\/wp-content\/uploads\/2026\/01\/2400EJOMN00204-DARK-BLUE-7264-7-USD.png",453,250,false],"woocommerce_gallery_thumbnail":["https:\/\/turkishtrade.co\/wp-content\/uploads\/2026\/01\/2400EJOMN00204-DARK-BLUE-7264-7-USD-100x100.png",100,100,true]},"uagb_author_info":{"display_name":"yaser olabi","author_link":"https:\/\/turkishtrade.co\/tr\/author\/"},"uagb_comment_info":0,"uagb_excerpt":"Premium calfskin leather exterior for luxurious appeal Soft goatskin leather interior ensures exceptional comfort Lightweight and cushioned EVA sole for all-day wear Available in sizes 39-45 for a perfect fit Ideal for wholesale orders with a minimum of 8 pairs Sophisticated navy color with subtle textural details","_links":{"self":[{"href":"https:\/\/turkishtrade.co\/tr\/wp-json\/wp\/v2\/product\/6011","targetHints":{"allow":["GET"]}}],"collection":[{"href":"https:\/\/turkishtrade.co\/tr\/wp-json\/wp\/v2\/product"}],"about":[{"href":"https:\/\/turkishtrade.co\/tr\/wp-json\/wp\/v2\/types\/product"}],"wp:featuredmedia":[{"embeddable":true,"href":"https:\/\/turkishtrade.co\/tr\/wp-json\/wp\/v2\/media\/4011"}],"wp:attachment":[{"href":"https:\/\/turkishtrade.co\/tr\/wp-json\/wp\/v2\/media?parent=6011"}],"wp:term":[{"taxonomy":"product_brand","embeddable":true,"href":"https:\/\/turkishtrade.co\/tr\/wp-json\/wp\/v2\/product_brand?post=6011"},{"taxonomy":"product_cat","embeddable":true,"href":"https:\/\/turkishtrade.co\/tr\/wp-json\/wp\/v2\/product_cat?post=6011"},{"taxonomy":"product_tag","embeddable":true,"href":"https:\/\/turkishtrade.co\/tr\/wp-json\/wp\/v2\/product_tag?post=6011"}],"curies":[{"name":"wp","href":"https:\/\/api.w.org\/{rel}","templated":true}]}}