{"id":6006,"date":"2026-01-14T13:57:14","date_gmt":"2026-01-14T13:57:14","guid":{"rendered":"https:\/\/turkishtrade.co\/product\/premium-mens-leather-sneakers\/"},"modified":"2026-04-09T19:17:09","modified_gmt":"2026-04-09T19:17:09","slug":"premium-mens-leather-sneakers","status":"publish","type":"product","link":"https:\/\/turkishtrade.co\/tr\/shop\/premium-mens-leather-sneakers\/","title":{"rendered":"Y\u00fcksek Stil i\u00e7in Premium Erkek Deri Spor Ayakkab\u0131"},"content":{"rendered":"<p><strong>Premium Erkek Deri Spor Ayakkab\u0131<\/strong><\/p>\n<p>Enfes ayakkab\u0131 \u00e7e\u015fitlerimizle ayakkab\u0131 koleksiyonunuzu geli\u015ftirin <strong>Premium Erkek Deri Spor Ayakkab\u0131<\/strong>. Se\u00e7ici bireyler i\u00e7in tasarlanan bu spor ayakkab\u0131lar, \u00e7a\u011fda\u015f stili benzersiz konfor ve dayan\u0131kl\u0131l\u0131kla harmanl\u0131yor. Her bir \u00e7ift, \u00fcst\u00fcn bir y\u00fczey sa\u011flamak i\u00e7in titizlikle \u00fcretilmi\u015ftir ve y\u00fcksek kaliteli g\u00fcndelik ayakkab\u0131lar sunmak isteyen moday\u0131 takip eden perakendeciler veya butikler i\u00e7in olmazsa olmazd\u0131r.<\/p>\n<p><h3>E\u015fsiz Kalite ve \u0130\u015f\u00e7ilik<\/h3>\n<\/p>\n<p>Bizim <strong>Premium Erkek Deri Spor Ayakkab\u0131<\/strong> en iyi malzemelerden \u00fcretilmi\u015ftir. D\u0131\u015f y\u00fczey, esnek dokusu, sa\u011flaml\u0131\u011f\u0131 ve zarif g\u00f6r\u00fcn\u00fcm\u00fcyle bilinen hakiki dana derisine sahiptir. \u00dcst\u00fcn konfor ve nefes alabilirlik i\u00e7in i\u00e7 k\u0131s\u0131m yumu\u015fak ke\u00e7i derisiyle astarlanm\u0131\u015ft\u0131r ve her ad\u0131mda l\u00fcks bir his sa\u011flar.<\/p>\n<p>Hafif ancak sa\u011flam EVA taban, m\u00fckemmel yast\u0131klama ve destek sa\u011flayarak t\u00fcm g\u00fcn kullan\u0131m i\u00e7in m\u00fckemmeldir. \u0130nce topuk y\u00fcksekli\u011fi 1-3 cm olan bu spor ayakkab\u0131, hem \u015f\u0131k hem de rahat olan klasik, d\u00fc\u015f\u00fck profilli bir siluet sunar.<\/p>\n<p><h3>Her Durum i\u00e7in \u00c7ok Y\u00f6nl\u00fc Stil<\/h3>\n<\/p>\n<p>Bunlar sadece herhangi bir spor ayakkab\u0131 de\u011fil; sofistike g\u00fcndelik giyimin bir ifadesidir. Klasik siyah, zengin kahverengi ve koyu kahverenginin zamans\u0131z tonlar\u0131nda mevcut olan <strong>Premium Erkek Deri Spor Ayakkab\u0131<\/strong> \u00e7e\u015fitli zevklere hitap eder. Koleksiyon, her tasar\u0131ma benzersiz bir dokunu\u015f katan \u015f\u0131k d\u00fcz deri, dokulu \u00e7ak\u0131ll\u0131 deri ve ay\u0131rt edici timsah kabartmal\u0131 paneller gibi \u00e7e\u015fitli y\u00fczeylere sahiptir.<\/p>\n<p>M\u00fc\u015fterileriniz ister ince bir \u015f\u0131kl\u0131k ister daha cesur bir ifade tercih etsin, bu spor ayakkab\u0131lar g\u00fcnd\u00fczden geceye, i\u015f hayat\u0131ndan hafta sonu maceralar\u0131na zahmetsizce ge\u00e7i\u015f yapan \u00e7ok y\u00f6nl\u00fcl\u00fck sa\u011flar.<\/p>\n<p><h3>Perakendeciler i\u00e7in Toptan Sat\u0131\u015f F\u0131rsat\u0131<\/h3>\n<\/p>\n<p>Envanterlerini y\u00fcksek talep g\u00f6ren l\u00fcks \u00fcr\u00fcnlerle zenginle\u015ftirmek isteyen perakendeciler i\u00e7in <strong>Premium Erkek Deri Spor Ayakkab\u0131<\/strong> ola\u011fan\u00fcst\u00fc bir se\u00e7imdir. Ortaklar\u0131m\u0131za m\u00fckemmel marjlar sa\u011flamak i\u00e7in rekabet\u00e7i toptan sat\u0131\u015f fiyatlar\u0131 sunuyoruz. Minimum sipari\u015f miktar\u0131 sadece 8 \u00e7ift oldu\u011fundan, bu \u00e7ok be\u011fenilen tasar\u0131mlar\u0131 kolayca stoklayabilirsiniz.<\/p>\n<p>Verimli \u00fcretim ve teslimat s\u00fcrecimiz, sipari\u015finizin standart kargo s\u00fcresine ek olarak 12 g\u00fcn i\u00e7inde sevkiyata haz\u0131r olmas\u0131n\u0131 sa\u011flar. Hem stil hem de i\u00e7erik vaat eden ve m\u00fc\u015fteri memnuniyetini garanti eden ayakkab\u0131larla \u00fcr\u00fcn yelpazenizi geni\u015fletin.<\/p>\n<p><h3>Premium Erkek Deri Spor Ayakkab\u0131lar\u0131m\u0131zla Ayr\u0131cal\u0131\u011fa Yat\u0131r\u0131m Yap\u0131n<\/h3>\n<\/p>\n<p>Bizim se\u00e7imimiz <strong>Premium Erkek Deri Spor Ayakkab\u0131<\/strong> kaliteye, stile ve m\u00fc\u015fteri \u00e7ekicili\u011fine yat\u0131r\u0131m yapmak anlam\u0131na gelir. Dana ve ke\u00e7i derisinin l\u00fcks hissinden rahat EVA taban\u0131na ve sofistike tasar\u0131m\u0131na kadar her ayr\u0131nt\u0131 m\u00fckemmellik i\u00e7in tasarlanm\u0131\u015ft\u0131r. M\u00fc\u015fterilerinize konfor ve y\u00fcksek modan\u0131n nihai kar\u0131\u015f\u0131m\u0131n\u0131 sunun. Toptan sat\u0131\u015f fiyatlar\u0131m\u0131z hakk\u0131nda daha fazla bilgi edinmek ve ayakkab\u0131 tekliflerinizi bu ola\u011fan\u00fcst\u00fc \u00fcr\u00fcnlerle y\u00fckseltmek i\u00e7in bug\u00fcn bizimle ileti\u015fime ge\u00e7in. <strong>Premium Erkek Deri Spor Ayakkab\u0131<\/strong>.<\/p>","protected":false},"excerpt":{"rendered":"<ul>\n<li>D\u0131\u015f y\u00fczeyi birinci s\u0131n\u0131f hakiki dana derisinden, i\u00e7 k\u0131sm\u0131 yumu\u015fak ke\u00e7i derisinden \u00fcretilmi\u015ftir.<\/li>\n<li>Rahat ve hafif bir EVA tabana sahiptir.<\/li>\n<li>\u00c7ok y\u00f6nl\u00fc bir beden aral\u0131\u011f\u0131nda mevcuttur: 39, 40, 41, 42, 43, 44, 45.<\/li>\n<li>Minimum sipari\u015f miktar\u0131 8 \u00e7ifttir, toptan sat\u0131\u015f ortakl\u0131klar\u0131 i\u00e7in idealdir.<\/li>\n<li>P\u00fcr\u00fczs\u00fcz, \u00e7ak\u0131ll\u0131 ve timsah kabartmal\u0131 y\u00fczeyler dahil olmak \u00fczere \u00e7e\u015fitli doku se\u00e7enekleriyle klasik siyah, zengin kahverengi ve sofistike koyu kahverengi renklerde sunulur.<\/li>\n<\/ul>","protected":false},"featured_media":4010,"template":"","meta":{"_acf_changed":false,"_uag_custom_page_level_css":"","site-sidebar-layout":"default","site-content-layout":"","ast-site-content-layout":"default","site-content-style":"default","site-sidebar-style":"default","ast-global-header-display":"","ast-banner-title-visibility":"","ast-main-header-display":"","ast-hfb-above-header-display":"","ast-hfb-below-header-display":"","ast-hfb-mobile-header-display":"","site-post-title":"","ast-breadcrumbs-content":"","ast-featured-img":"","footer-sml-layout":"","ast-disable-related-posts":"","theme-transparent-header-meta":"","adv-header-id-meta":"","stick-header-meta":"","header-above-stick-meta":"","header-main-stick-meta":"","header-below-stick-meta":"","astra-migrate-meta-layouts":"default","ast-page-background-enabled":"default","ast-page-background-meta":{"desktop":{"background-color":"var(--ast-global-color-4)","background-image":"","background-repeat":"repeat","background-position":"center center","background-size":"auto","background-attachment":"scroll","background-type":"","background-media":"","overlay-type":"","overlay-color":"","overlay-opacity":"","overlay-gradient":""},"tablet":{"background-color":"","background-image":"","background-repeat":"repeat","background-position":"center center","background-size":"auto","background-attachment":"scroll","background-type":"","background-media":"","overlay-type":"","overlay-color":"","overlay-opacity":"","overlay-gradient":""},"mobile":{"background-color":"","background-image":"","background-repeat":"repeat","background-position":"center center","background-size":"auto","background-attachment":"scroll","background-type":"","background-media":"","overlay-type":"","overlay-color":"","overlay-opacity":"","overlay-gradient":""}},"ast-content-background-meta":{"desktop":{"background-color":"var(--ast-global-color-5)","background-image":"","background-repeat":"repeat","background-position":"center center","background-size":"auto","background-attachment":"scroll","background-type":"","background-media":"","overlay-type":"","overlay-color":"","overlay-opacity":"","overlay-gradient":""},"tablet":{"background-color":"var(--ast-global-color-5)","background-image":"","background-repeat":"repeat","background-position":"center center","background-size":"auto","background-attachment":"scroll","background-type":"","background-media":"","overlay-type":"","overlay-color":"","overlay-opacity":"","overlay-gradient":""},"mobile":{"background-color":"var(--ast-global-color-5)","background-image":"","background-repeat":"repeat","background-position":"center center","background-size":"auto","background-attachment":"scroll","background-type":"","background-media":"","overlay-type":"","overlay-color":"","overlay-opacity":"","overlay-gradient":""}}},"product_brand":[],"product_cat":[48,49,430,40,50],"product_tag":[238,375,674,185,216,731,1128,438,333,189,224,217,198,214,1116,254],"class_list":{"0":"post-6006","1":"product","2":"type-product","3":"status-publish","4":"has-post-thumbnail","6":"product_cat-casual","7":"product_cat-loafer","8":"product_cat-men","9":"product_cat-mens-shoes","10":"product_cat-sneakers","11":"product_tag-black-leather-sneakers","12":"product_tag-brown-leather-sneakers","13":"product_tag-bulk-shoes","14":"product_tag-calf-leather-shoes","15":"product_tag-casual-sneakers","16":"product_tag-crocodile-embossed","17":"product_tag-designer-sneakers","18":"product_tag-eva-sole","19":"product_tag-fashion-sneakers","20":"product_tag-goat-leather-lining","21":"product_tag-leather-sneakers","22":"product_tag-luxury-footwear","23":"product_tag-mens-fashion","24":"product_tag-mens-sneakers","25":"product_tag-premium-sneakers","26":"product_tag-wholesale-footwear","27":"desktop-align-center","28":"tablet-align-center","29":"mobile-align-center","31":"first","32":"instock","33":"shipping-taxable","34":"purchasable","35":"product-type-variable","36":"has-default-attributes"},"acf":[],"uagb_featured_image_src":{"full":["https:\/\/turkishtrade.co\/wp-content\/uploads\/2026\/01\/2400EJOMN00203-GREEN-X_1321-4-USD.png",453,250,false],"thumbnail":["https:\/\/turkishtrade.co\/wp-content\/uploads\/2026\/01\/2400EJOMN00203-GREEN-X_1321-4-USD-150x150.png",150,150,true],"medium":["https:\/\/turkishtrade.co\/wp-content\/uploads\/2026\/01\/2400EJOMN00203-GREEN-X_1321-4-USD-300x166.png",300,166,true],"medium_large":["https:\/\/turkishtrade.co\/wp-content\/uploads\/2026\/01\/2400EJOMN00203-GREEN-X_1321-4-USD.png",453,250,false],"large":["https:\/\/turkishtrade.co\/wp-content\/uploads\/2026\/01\/2400EJOMN00203-GREEN-X_1321-4-USD.png",453,250,false],"1536x1536":["https:\/\/turkishtrade.co\/wp-content\/uploads\/2026\/01\/2400EJOMN00203-GREEN-X_1321-4-USD.png",453,250,false],"2048x2048":["https:\/\/turkishtrade.co\/wp-content\/uploads\/2026\/01\/2400EJOMN00203-GREEN-X_1321-4-USD.png",453,250,false],"trp-custom-language-flag":["https:\/\/turkishtrade.co\/wp-content\/uploads\/2026\/01\/2400EJOMN00203-GREEN-X_1321-4-USD-18x10.png",18,10,true],"woocommerce_thumbnail":["https:\/\/turkishtrade.co\/wp-content\/uploads\/2026\/01\/2400EJOMN00203-GREEN-X_1321-4-USD-400x250.png",400,250,true],"woocommerce_single":["https:\/\/turkishtrade.co\/wp-content\/uploads\/2026\/01\/2400EJOMN00203-GREEN-X_1321-4-USD.png",453,250,false],"woocommerce_gallery_thumbnail":["https:\/\/turkishtrade.co\/wp-content\/uploads\/2026\/01\/2400EJOMN00203-GREEN-X_1321-4-USD-100x100.png",100,100,true]},"uagb_author_info":{"display_name":"yaser olabi","author_link":"https:\/\/turkishtrade.co\/tr\/author\/"},"uagb_comment_info":0,"uagb_excerpt":"Crafted from premium genuine calf leather exterior and soft goat leather interior. Features a comfortable and lightweight EVA sole. Available in a versatile size range: 39, 40, 41, 42, 43, 44, 45. Minimum order quantity of 8 pairs, ideal for wholesale partnerships. Offered in classic black, rich brown, and sophisticated dark brown, with various texture&hellip;","_links":{"self":[{"href":"https:\/\/turkishtrade.co\/tr\/wp-json\/wp\/v2\/product\/6006","targetHints":{"allow":["GET"]}}],"collection":[{"href":"https:\/\/turkishtrade.co\/tr\/wp-json\/wp\/v2\/product"}],"about":[{"href":"https:\/\/turkishtrade.co\/tr\/wp-json\/wp\/v2\/types\/product"}],"wp:featuredmedia":[{"embeddable":true,"href":"https:\/\/turkishtrade.co\/tr\/wp-json\/wp\/v2\/media\/4010"}],"wp:attachment":[{"href":"https:\/\/turkishtrade.co\/tr\/wp-json\/wp\/v2\/media?parent=6006"}],"wp:term":[{"taxonomy":"product_brand","embeddable":true,"href":"https:\/\/turkishtrade.co\/tr\/wp-json\/wp\/v2\/product_brand?post=6006"},{"taxonomy":"product_cat","embeddable":true,"href":"https:\/\/turkishtrade.co\/tr\/wp-json\/wp\/v2\/product_cat?post=6006"},{"taxonomy":"product_tag","embeddable":true,"href":"https:\/\/turkishtrade.co\/tr\/wp-json\/wp\/v2\/product_tag?post=6006"}],"curies":[{"name":"wp","href":"https:\/\/api.w.org\/{rel}","templated":true}]}}