{"id":6002,"date":"2026-01-14T13:56:44","date_gmt":"2026-01-14T13:56:44","guid":{"rendered":"https:\/\/turkishtrade.co\/product\/men-s-leather-casual-loafers\/"},"modified":"2026-04-09T19:17:18","modified_gmt":"2026-04-09T19:17:18","slug":"mens-leather-casual-loafers-7","status":"publish","type":"product","link":"https:\/\/turkishtrade.co\/tr\/shop\/mens-leather-casual-loafers-7\/","title":{"rendered":"EVA Tabanl\u0131 Erkek Premium Deri G\u00fcnl\u00fck Loafer'lar"},"content":{"rendered":"<p><strong>Erkek Deri G\u00fcnl\u00fck Loafer'lar<\/strong><\/p>\n<p>Enfes tasar\u0131m\u0131m\u0131zla benzersiz bir stil ve konfora ad\u0131m at\u0131n <strong>Erkek Deri G\u00fcnl\u00fck Loafer'lar<\/strong>. Hem \u015f\u0131kl\u0131\u011fa hem de rahatl\u0131\u011fa de\u011fer veren modern erkekler i\u00e7in tasarlanan bu mokasen ayakkab\u0131lar, \u00fcst\u00fcn i\u015f\u00e7ili\u011fin ve birinci s\u0131n\u0131f malzemelerin bir kan\u0131t\u0131d\u0131r. \u0130ster g\u00fcndelik bir toplant\u0131ya gidiyor olun, ister bir hafta sonu ka\u00e7ama\u011f\u0131n\u0131n tad\u0131n\u0131 \u00e7\u0131kar\u0131n ya da sadece sofistike g\u00fcnl\u00fck ayakkab\u0131lar ar\u0131yor olun, bizim <strong>Erkek Deri G\u00fcnl\u00fck Loafer'lar<\/strong> m\u00fckemmel bir se\u00e7imdir.<\/p>\n<p><h3>Rakipsiz Kalite ve \u0130\u015f\u00e7ilik<\/h3>\n<\/p>\n<p>Bu ola\u011fan\u00fcst\u00fc \u00fcr\u00fcnlerin her bir \u00e7ifti <strong>Erkek Deri G\u00fcnl\u00fck Loafer'lar<\/strong> en iyi malzemelerden titizlikle \u00fcretilmi\u015ftir. D\u0131\u015f y\u00fczeyi, dayan\u0131kl\u0131l\u0131\u011f\u0131, esnek dokusu ve zarif y\u00fczeyiyle tan\u0131nan l\u00fcks dana derisine sahiptir. Bu y\u00fcksek kaliteli deri, g\u00fczel bir \u015fekilde eskiyen zarif bir g\u00f6r\u00fcn\u00fcm sa\u011flar ve loafer'lar\u0131n\u0131z\u0131n y\u0131llarca gard\u0131robunuzda temel bir par\u00e7a olarak kalmas\u0131n\u0131 sa\u011flar.<\/p>\n<p>\u0130\u00e7 k\u0131s\u0131mda, ayaklar\u0131n\u0131z hakiki ke\u00e7i derisi astar\u0131n yumu\u015fak kuca\u011f\u0131nda nefes alabilen rahatl\u0131k ve giydi\u011finiz andan itibaren p\u00fcr\u00fczs\u00fcz, s\u00fcrt\u00fcnmesiz bir deneyim sunacak.<\/p>\n<p><h3>G\u00fcnl\u00fck Konfor ile Modern Tasar\u0131m<\/h3>\n<\/p>\n<p>Birinci s\u0131n\u0131f deri yap\u0131s\u0131n\u0131n \u00f6tesinde, bu <strong>Erkek Deri G\u00fcnl\u00fck Loafer'lar<\/strong> hafif ve esnek EVA taban ile desteklenen \u00e7a\u011fda\u015f bir tasar\u0131ma sahiptir. EVA taban sadece m\u00fckemmel yast\u0131klama ve \u015fok emilimi sa\u011flamakla kalmaz, ayn\u0131 zamanda canl\u0131 beyaz kaplamas\u0131yla ay\u0131rt edici, modern bir estetik katar. Al\u00e7ak, rahat loafer topu\u011fu (yakla\u015f\u0131k 1-3 cm) g\u00fcn boyu kullan\u0131m i\u00e7in denge ve rahatl\u0131k sa\u011flayarak bu ayakkab\u0131lar\u0131 uzun s\u00fcre ayakta kalmak i\u00e7in ideal hale getirir.<\/p>\n<p>39'dan 45'e kadar geni\u015f bir beden yelpazesinde mevcut oldu\u011fundan, m\u00fckemmel uyumunuzu bulmak zahmetsizdir.<\/p>\n<p><h3>Her Durum i\u00e7in \u00c7ok Y\u00f6nl\u00fc Stil<\/h3>\n<\/p>\n<p>Bizim <strong>Erkek Deri G\u00fcnl\u00fck Loafer'lar<\/strong> \u00e7e\u015fitli k\u0131yafetleri ve durumlar\u0131 tamamlamak i\u00e7in inan\u0131lmaz bir \u00e7ok y\u00f6nl\u00fcl\u00fck sunar. \u015e\u0131k ve sofistike bir g\u00f6r\u00fcn\u00fcm i\u00e7in zamans\u0131z siyah deri, ince ama ay\u0131rt edici bir dokunu\u015f i\u00e7in koyu lacivert deri veya daha rahat, dokulu bir \u00e7ekicilik i\u00e7in zengin kahverengi s\u00fcet aras\u0131ndan se\u00e7im yap\u0131n. Bu mokasen ayakkab\u0131lar, chino pantolonlar veya \u00f6zel dikim \u015fortlarla \u015f\u0131k g\u00fcnl\u00fck kombinlerden kot pantolonlarla daha rahat g\u00f6r\u00fcn\u00fcmlere sorunsuz bir \u015fekilde ge\u00e7i\u015f yapar.<\/p>\n<p>Her se\u00e7kin beyefendinin ayakkab\u0131 koleksiyonu i\u00e7in ger\u00e7ekten \u00e7ok y\u00f6nl\u00fc bir eklentidir.<\/p>\n<p><h3>Toptan Sat\u0131\u015f F\u0131rsatlar\u0131 ve G\u00fcvenilir Teslimat<\/h3>\n<\/p>\n<p>M\u00fc\u015fterilerine y\u00fcksek kaliteli ayakkab\u0131lar sunmak isteyen i\u015fletmeler i\u00e7in <strong>Erkek Deri G\u00fcnl\u00fck Loafer'lar<\/strong> toplu al\u0131m i\u00e7in mevcuttur. Verimli bir \u015fekilde stok yapabilmenizi sa\u011flamak i\u00e7in minimum 8 \u00e7ift sipari\u015f miktar\u0131 talep ediyoruz. Teslimat s\u00fcresi yakla\u015f\u0131k 12 g\u00fcn art\u0131 nakliye ile envanterinizi g\u00fcvenle planlayabilirsiniz.<\/p>\n<p>M\u00fc\u015fterilerinize premium \u00fcr\u00fcnler sunmak i\u00e7in bizimle i\u015f ortakl\u0131\u011f\u0131 yap\u0131n <strong>Erkek Deri G\u00fcnl\u00fck Loafer'lar<\/strong> stil, konfor ve ola\u011fan\u00fcst\u00fc kaliteyi bir araya getiriyor.<\/p>","protected":false},"excerpt":{"rendered":"<ul>\n<li>En \u00fcst d\u00fczey konforu ve stili <strong>Erkek Deri G\u00fcnl\u00fck Loafer'lar<\/strong>.<\/li>\n<li>L\u00fcks dana derisi d\u0131\u015f y\u00fczeyi ve yumu\u015fak ke\u00e7i derisi i\u00e7 k\u0131sm\u0131 ile \u00fcretilmi\u015ftir.<\/li>\n<li>T\u00fcm g\u00fcn kullan\u0131m i\u00e7in hafif ve esnek EVA tabana sahiptir.<\/li>\n<li>\u00c7e\u015fitli bedenlerde mevcuttur: 39-45.<\/li>\n<li>Minimum sipari\u015f miktar\u0131: 8 \u00e7ift.<\/li>\n<li>Teslimat S\u00fcresi: 12 g\u00fcn + nakliye.<\/li>\n<li>Toptan ve toplu al\u0131mlar i\u00e7in m\u00fckemmeldir.<\/li>\n<\/ul>","protected":false},"featured_media":4006,"template":"","meta":{"_acf_changed":false,"_uag_custom_page_level_css":"","site-sidebar-layout":"default","site-content-layout":"","ast-site-content-layout":"default","site-content-style":"default","site-sidebar-style":"default","ast-global-header-display":"","ast-banner-title-visibility":"","ast-main-header-display":"","ast-hfb-above-header-display":"","ast-hfb-below-header-display":"","ast-hfb-mobile-header-display":"","site-post-title":"","ast-breadcrumbs-content":"","ast-featured-img":"","footer-sml-layout":"","ast-disable-related-posts":"","theme-transparent-header-meta":"","adv-header-id-meta":"","stick-header-meta":"","header-above-stick-meta":"","header-main-stick-meta":"","header-below-stick-meta":"","astra-migrate-meta-layouts":"default","ast-page-background-enabled":"default","ast-page-background-meta":{"desktop":{"background-color":"var(--ast-global-color-4)","background-image":"","background-repeat":"repeat","background-position":"center center","background-size":"auto","background-attachment":"scroll","background-type":"","background-media":"","overlay-type":"","overlay-color":"","overlay-opacity":"","overlay-gradient":""},"tablet":{"background-color":"","background-image":"","background-repeat":"repeat","background-position":"center center","background-size":"auto","background-attachment":"scroll","background-type":"","background-media":"","overlay-type":"","overlay-color":"","overlay-opacity":"","overlay-gradient":""},"mobile":{"background-color":"","background-image":"","background-repeat":"repeat","background-position":"center center","background-size":"auto","background-attachment":"scroll","background-type":"","background-media":"","overlay-type":"","overlay-color":"","overlay-opacity":"","overlay-gradient":""}},"ast-content-background-meta":{"desktop":{"background-color":"var(--ast-global-color-5)","background-image":"","background-repeat":"repeat","background-position":"center center","background-size":"auto","background-attachment":"scroll","background-type":"","background-media":"","overlay-type":"","overlay-color":"","overlay-opacity":"","overlay-gradient":""},"tablet":{"background-color":"var(--ast-global-color-5)","background-image":"","background-repeat":"repeat","background-position":"center center","background-size":"auto","background-attachment":"scroll","background-type":"","background-media":"","overlay-type":"","overlay-color":"","overlay-opacity":"","overlay-gradient":""},"mobile":{"background-color":"var(--ast-global-color-5)","background-image":"","background-repeat":"repeat","background-position":"center center","background-size":"auto","background-attachment":"scroll","background-type":"","background-media":"","overlay-type":"","overlay-color":"","overlay-opacity":"","overlay-gradient":""}}},"product_brand":[],"product_cat":[48,49,430,40,50],"product_tag":[370,1126,1127,674,185,512,272,271,438,189,215,966,186,1022,557,374,280,456],"class_list":{"0":"post-6002","1":"product","2":"type-product","3":"status-publish","4":"has-post-thumbnail","6":"product_cat-casual","7":"product_cat-loafer","8":"product_cat-men","9":"product_cat-mens-shoes","10":"product_cat-sneakers","11":"product_tag-black-loafers","12":"product_tag-boat-shoes","13":"product_tag-brown-suede-loafers","14":"product_tag-bulk-shoes","15":"product_tag-calf-leather-shoes","16":"product_tag-casual-loafers","17":"product_tag-comfort-shoes","18":"product_tag-deck-shoes","19":"product_tag-eva-sole","20":"product_tag-goat-leather-lining","21":"product_tag-leather-loafers","22":"product_tag-mens-leather-casual-loafers","23":"product_tag-mens-loafers","24":"product_tag-mens-style","25":"product_tag-navy-loafers","26":"product_tag-premium-loafers","27":"product_tag-smart-casual-shoes","28":"product_tag-wholesale-loafers","29":"desktop-align-center","30":"tablet-align-center","31":"mobile-align-center","33":"first","34":"instock","35":"shipping-taxable","36":"purchasable","37":"product-type-variable","38":"has-default-attributes"},"acf":[],"uagb_featured_image_src":{"full":["https:\/\/turkishtrade.co\/wp-content\/uploads\/2026\/01\/2400EJOMN00202-DARK-BLUE-X_1322-4-USD.png",453,250,false],"thumbnail":["https:\/\/turkishtrade.co\/wp-content\/uploads\/2026\/01\/2400EJOMN00202-DARK-BLUE-X_1322-4-USD-150x150.png",150,150,true],"medium":["https:\/\/turkishtrade.co\/wp-content\/uploads\/2026\/01\/2400EJOMN00202-DARK-BLUE-X_1322-4-USD-300x166.png",300,166,true],"medium_large":["https:\/\/turkishtrade.co\/wp-content\/uploads\/2026\/01\/2400EJOMN00202-DARK-BLUE-X_1322-4-USD.png",453,250,false],"large":["https:\/\/turkishtrade.co\/wp-content\/uploads\/2026\/01\/2400EJOMN00202-DARK-BLUE-X_1322-4-USD.png",453,250,false],"1536x1536":["https:\/\/turkishtrade.co\/wp-content\/uploads\/2026\/01\/2400EJOMN00202-DARK-BLUE-X_1322-4-USD.png",453,250,false],"2048x2048":["https:\/\/turkishtrade.co\/wp-content\/uploads\/2026\/01\/2400EJOMN00202-DARK-BLUE-X_1322-4-USD.png",453,250,false],"trp-custom-language-flag":["https:\/\/turkishtrade.co\/wp-content\/uploads\/2026\/01\/2400EJOMN00202-DARK-BLUE-X_1322-4-USD-18x10.png",18,10,true],"woocommerce_thumbnail":["https:\/\/turkishtrade.co\/wp-content\/uploads\/2026\/01\/2400EJOMN00202-DARK-BLUE-X_1322-4-USD-400x250.png",400,250,true],"woocommerce_single":["https:\/\/turkishtrade.co\/wp-content\/uploads\/2026\/01\/2400EJOMN00202-DARK-BLUE-X_1322-4-USD.png",453,250,false],"woocommerce_gallery_thumbnail":["https:\/\/turkishtrade.co\/wp-content\/uploads\/2026\/01\/2400EJOMN00202-DARK-BLUE-X_1322-4-USD-100x100.png",100,100,true]},"uagb_author_info":{"display_name":"yaser olabi","author_link":"https:\/\/turkishtrade.co\/tr\/author\/"},"uagb_comment_info":0,"uagb_excerpt":"Experience ultimate comfort and style with our Men's Leather Casual Loafers. Crafted with a luxurious calf leather exterior and soft goat leather interior. Features a lightweight and flexible EVA sole for all-day wear. Available in a range of sizes: 39-45. Minimum order quantity: 8 pairs. Delivery Time: 12 days + shipping. Perfect for wholesale and&hellip;","_links":{"self":[{"href":"https:\/\/turkishtrade.co\/tr\/wp-json\/wp\/v2\/product\/6002","targetHints":{"allow":["GET"]}}],"collection":[{"href":"https:\/\/turkishtrade.co\/tr\/wp-json\/wp\/v2\/product"}],"about":[{"href":"https:\/\/turkishtrade.co\/tr\/wp-json\/wp\/v2\/types\/product"}],"wp:featuredmedia":[{"embeddable":true,"href":"https:\/\/turkishtrade.co\/tr\/wp-json\/wp\/v2\/media\/4006"}],"wp:attachment":[{"href":"https:\/\/turkishtrade.co\/tr\/wp-json\/wp\/v2\/media?parent=6002"}],"wp:term":[{"taxonomy":"product_brand","embeddable":true,"href":"https:\/\/turkishtrade.co\/tr\/wp-json\/wp\/v2\/product_brand?post=6002"},{"taxonomy":"product_cat","embeddable":true,"href":"https:\/\/turkishtrade.co\/tr\/wp-json\/wp\/v2\/product_cat?post=6002"},{"taxonomy":"product_tag","embeddable":true,"href":"https:\/\/turkishtrade.co\/tr\/wp-json\/wp\/v2\/product_tag?post=6002"}],"curies":[{"name":"wp","href":"https:\/\/api.w.org\/{rel}","templated":true}]}}