{"id":5999,"date":"2026-01-14T13:56:20","date_gmt":"2026-01-14T13:56:20","guid":{"rendered":"https:\/\/turkishtrade.co\/product\/mens-suede-casual-loafers\/"},"modified":"2026-04-09T19:17:24","modified_gmt":"2026-04-09T19:17:24","slug":"mens-suede-casual-loafers","status":"publish","type":"product","link":"https:\/\/turkishtrade.co\/tr\/shop\/mens-suede-casual-loafers\/","title":{"rendered":"Premium Erkek S\u00fcet G\u00fcnl\u00fck Loafer"},"content":{"rendered":"<p><strong>Erkek S\u00fcet G\u00fcnl\u00fck Loafer<\/strong><\/p>\n<p>Premium Erkek S\u00fcet G\u00fcnl\u00fck Loafer'lar\u0131m\u0131zla g\u00fcndelik \u015f\u0131kl\u0131\u011f\u0131n \u00f6z\u00fcn\u00fc ke\u015ffedin. Hem stil hem de konfora \u00f6nem veren modern beyefendiler i\u00e7in tasarlanan bu s\u0131ra d\u0131\u015f\u0131 mokasen ayakkab\u0131lar, her gard\u0131robun olmazsa olmaz\u0131d\u0131r. Bu l\u00fcks ayakkab\u0131lar\u0131n her bir \u00e7ifti <a href=\"\/men's-suede-casual-loafers\">erkek s\u00fcet g\u00fcnl\u00fck mokasen<\/a> geleneksel ayakkab\u0131c\u0131l\u0131k sanat\u0131n\u0131 \u00e7a\u011fda\u015f tasar\u0131m unsurlar\u0131yla harmanlayarak \u00f6ne \u00e7\u0131kan ve zarif bir g\u00f6r\u00fcn\u00fcm sunan ayakkab\u0131lar yaratmak i\u00e7in titizlikle \u00fcretilmi\u015ftir.<\/p>\n<p><h3>E\u015fsiz Konfor ve \u00dcst\u00fcn \u0130\u015f\u00e7ilik<\/h3>\n<\/p>\n<p>Bu zarif ayakkab\u0131lar\u0131 giydi\u011finiz andan itibaren benzersiz bir konfor ya\u015fay\u0131n. D\u0131\u015f y\u00fczeyi esnek kuma\u015ftan \u00fcretilmi\u015ftir. <b>dana derisi s\u00fcet<\/b>, Yumu\u015fak dokusu, dayan\u0131kl\u0131l\u0131\u011f\u0131 ve sofistike g\u00f6r\u00fcn\u00fcm\u00fcyle bilinir. Bu birinci s\u0131n\u0131f malzeme, yaln\u0131zca ger\u00e7ek s\u00fcetin sa\u011flayabilece\u011fi l\u00fcks bir his ve se\u00e7kin bir g\u00f6r\u00fcn\u00fcm sa\u011flar.<\/p>\n<p>\u0130\u00e7 k\u0131s\u0131mda son derece yumu\u015fak bir astar bulunur <b>ke\u00e7i derisi<\/b>, Uzun s\u00fcreli kullan\u0131mlarda bile ayaklar\u0131n\u0131z i\u00e7in nefes alabilen ve rahat bir ortam sunar. \u00dcst\u00fcn derileri tamamlayan geli\u015fmi\u015f <b>EVA taban<\/b> Hafif yast\u0131klama ve m\u00fckemmel \u015fok emilimi sa\u011flayan bu s\u00fcet erkek makosen ayakkab\u0131, ister \u015fehir sokaklar\u0131nda geziniyor ister rahat bir hafta sonunun tad\u0131n\u0131 \u00e7\u0131kar\u0131yor olun, t\u00fcm g\u00fcn kullan\u0131m i\u00e7in m\u00fckemmeldir.<\/p>\n<p>\u0130nce 1-3 cm topuk y\u00fcksekli\u011fi, konfordan \u00f6d\u00fcn vermeden do\u011fru miktarda y\u00fckselme sa\u011flar.<\/p>\n<p><h3>Her Durum i\u00e7in \u00c7ok Y\u00f6nl\u00fc Stil<\/h3>\n<\/p>\n<p>Erkek s\u00fcet g\u00fcnl\u00fck loafer koleksiyonumuz, zamans\u0131z bej, klasik mavi ve zengin kahverengi gibi sofistike bir renk paletine sahiptir ve \u00e7e\u015fitli k\u0131yafetlerle zahmetsizce e\u015fle\u015ftirmenize olanak tan\u0131r.<\/p>\n<p>\u00c7ok y\u00f6nl\u00fc tasar\u0131mlar\u0131 sayesinde <a href=\"\/men's-suede-casual-loafers\">g\u00fcndelik mokasen ayakkab\u0131lar<\/a> bir\u00e7ok durum i\u00e7in uygundur. \u015e\u0131k ve rahat bir kombin i\u00e7in chino pantolon ve polo ti\u015f\u00f6rt ile e\u015fle\u015ftirin ya da rahat, tatile haz\u0131r bir g\u00f6r\u00fcn\u00fcm i\u00e7in \u015fortla kombinleyin. \u0130nce detaylar ve zarif siluet, bu erkek s\u00fcet g\u00fcnl\u00fck mokasen ayakkab\u0131lar\u0131n her k\u0131yafeti y\u00fckseltmesini sa\u011flar ve zevkiniz hakk\u0131nda \u00e7ok \u015fey anlatan sade bir l\u00fcks dokunu\u015fu sunar.<\/p>\n<p>Bunlar sadece ayakkab\u0131 de\u011fil; zahmetsiz sofistike bir ifadedir.<\/p>\n<p><h3>Kalite ve Toplu Sipari\u015fler i\u00e7in Tasarland\u0131<\/h3>\n<\/p>\n<p>Erkek s\u00fcet g\u00fcnl\u00fck mokasenlerimizin her \u00e7iftinde kullan\u0131lan titiz yap\u0131 ve birinci s\u0131n\u0131f malzemelerle gurur duyuyoruz. 39'dan 45'e kadar kapsaml\u0131 bir beden yelpazesinde mevcut olup, geni\u015f bir m\u00fc\u015fteri yelpazesi i\u00e7in m\u00fckemmel bir uyum sa\u011fl\u0131yoruz. \u0130\u015fletmeler ve perakendeciler i\u00e7in, minimum 8 \u00e7ift sipari\u015f miktar\u0131 ile toplu al\u0131mlar i\u00e7in cazip se\u00e7enekler sunuyoruz.<\/p>\n<p>Verimli \u00fcretim s\u00fcrecimiz, 12 g\u00fcn i\u00e7inde teslimat\u0131 ve nakliye s\u00fcresini garanti ederek bu y\u00fcksek talep g\u00f6ren \u00fcr\u00fcnleri stoklayabilmenizi sa\u011flar <a href=\"\/men's-suede-casual-loafers\">s\u00fcet g\u00fcnl\u00fck mokasen<\/a> Hemen. Beklentileri a\u015fmak ve \u00fcst\u00fcn ayakkab\u0131lara de\u011fer veren se\u00e7ici m\u00fc\u015fterileri etkilemek i\u00e7in tasarlanm\u0131\u015f ola\u011fan\u00fcst\u00fc s\u00fcet erkek g\u00fcnl\u00fck mokasen ayakkab\u0131lar\u0131m\u0131zla kaliteye, rahatl\u0131\u011fa ve stile yat\u0131r\u0131m yap\u0131n.<\/p>","protected":false},"excerpt":{"rendered":"<ul>\n<li><b>Premium Malzemeler:<\/b> Hakiki dana derisi s\u00fcet d\u0131\u015f y\u00fczey ve yumu\u015fak, nefes alabilen ke\u00e7i derisi i\u00e7 astar ile ustal\u0131kla \u00fcretilmi\u015ftir.<\/li>\n<li><b>Hafif ve Rahat:<\/b> \u00dcst\u00fcn yast\u0131klama ve g\u00fcn boyu giyilebilirlik i\u00e7in 1-3 cm topuk y\u00fcksekli\u011fine sahip geli\u015fmi\u015f EVA tabana sahiptir.<\/li>\n<li><b>Sofistike G\u00fcnl\u00fck Stil:<\/b> Zarif bej, klasik mavi ve zengin kahverengi renklerinde sunulan zamans\u0131z tasar\u0131m, zarif ama rahat bir g\u00f6r\u00fcn\u00fcm i\u00e7in m\u00fckemmeldir.<\/li>\n<li><b>Geni\u015f Boyut Aral\u0131\u011f\u0131:<\/b> M\u00fckemmel uyumu sa\u011flamak i\u00e7in 39, 40, 41, 42, 43, 44, 45 erkek bedenlerinde sunulmaktad\u0131r.<\/li>\n<li><b>Toplu Bulunabilirlik:<\/b> Minimum sipari\u015f miktar\u0131 8 \u00e7ift ve teslimat s\u00fcresi 12 g\u00fcn + nakliye.<\/li>\n<\/ul>","protected":false},"featured_media":4003,"template":"","meta":{"_acf_changed":false,"_uag_custom_page_level_css":"","site-sidebar-layout":"default","site-content-layout":"","ast-site-content-layout":"default","site-content-style":"default","site-sidebar-style":"default","ast-global-header-display":"","ast-banner-title-visibility":"","ast-main-header-display":"","ast-hfb-above-header-display":"","ast-hfb-below-header-display":"","ast-hfb-mobile-header-display":"","site-post-title":"","ast-breadcrumbs-content":"","ast-featured-img":"","footer-sml-layout":"","ast-disable-related-posts":"","theme-transparent-header-meta":"","adv-header-id-meta":"","stick-header-meta":"","header-above-stick-meta":"","header-main-stick-meta":"","header-below-stick-meta":"","astra-migrate-meta-layouts":"default","ast-page-background-enabled":"default","ast-page-background-meta":{"desktop":{"background-color":"var(--ast-global-color-4)","background-image":"","background-repeat":"repeat","background-position":"center center","background-size":"auto","background-attachment":"scroll","background-type":"","background-media":"","overlay-type":"","overlay-color":"","overlay-opacity":"","overlay-gradient":""},"tablet":{"background-color":"","background-image":"","background-repeat":"repeat","background-position":"center center","background-size":"auto","background-attachment":"scroll","background-type":"","background-media":"","overlay-type":"","overlay-color":"","overlay-opacity":"","overlay-gradient":""},"mobile":{"background-color":"","background-image":"","background-repeat":"repeat","background-position":"center center","background-size":"auto","background-attachment":"scroll","background-type":"","background-media":"","overlay-type":"","overlay-color":"","overlay-opacity":"","overlay-gradient":""}},"ast-content-background-meta":{"desktop":{"background-color":"var(--ast-global-color-5)","background-image":"","background-repeat":"repeat","background-position":"center center","background-size":"auto","background-attachment":"scroll","background-type":"","background-media":"","overlay-type":"","overlay-color":"","overlay-opacity":"","overlay-gradient":""},"tablet":{"background-color":"var(--ast-global-color-5)","background-image":"","background-repeat":"repeat","background-position":"center center","background-size":"auto","background-attachment":"scroll","background-type":"","background-media":"","overlay-type":"","overlay-color":"","overlay-opacity":"","overlay-gradient":""},"mobile":{"background-color":"var(--ast-global-color-5)","background-image":"","background-repeat":"repeat","background-position":"center center","background-size":"auto","background-attachment":"scroll","background-type":"","background-media":"","overlay-type":"","overlay-color":"","overlay-opacity":"","overlay-gradient":""}}},"product_brand":[],"product_cat":[48,49,430,40,50],"product_tag":[275,635,147,202,512,222,271,1125,438,437,215,384,964,198,184,546,149],"class_list":{"0":"post-5999","1":"product","2":"type-product","3":"status-publish","4":"has-post-thumbnail","6":"product_cat-casual","7":"product_cat-loafer","8":"product_cat-men","9":"product_cat-mens-shoes","10":"product_cat-sneakers","11":"product_tag-beige-loafers","12":"product_tag-blue-loafers","13":"product_tag-brown-loafers","14":"product_tag-calf-leather","15":"product_tag-casual-loafers","16":"product_tag-comfortable-shoes","17":"product_tag-deck-shoes","18":"product_tag-driving-mocs","19":"product_tag-eva-sole","20":"product_tag-goat-leather","21":"product_tag-leather-loafers","22":"product_tag-luxury-loafers","23":"product_tag-mens-casual-footwear","24":"product_tag-mens-fashion","25":"product_tag-slip-on-shoes","26":"product_tag-stylish-mens-shoes","27":"product_tag-suede-loafers","28":"desktop-align-center","29":"tablet-align-center","30":"mobile-align-center","32":"first","33":"instock","34":"shipping-taxable","35":"purchasable","36":"product-type-variable","37":"has-default-attributes"},"acf":[],"uagb_featured_image_src":{"full":["https:\/\/turkishtrade.co\/wp-content\/uploads\/2026\/01\/2400EJOMN00201-SMOKED-X_13224-USD.png",453,250,false],"thumbnail":["https:\/\/turkishtrade.co\/wp-content\/uploads\/2026\/01\/2400EJOMN00201-SMOKED-X_13224-USD-150x150.png",150,150,true],"medium":["https:\/\/turkishtrade.co\/wp-content\/uploads\/2026\/01\/2400EJOMN00201-SMOKED-X_13224-USD-300x166.png",300,166,true],"medium_large":["https:\/\/turkishtrade.co\/wp-content\/uploads\/2026\/01\/2400EJOMN00201-SMOKED-X_13224-USD.png",453,250,false],"large":["https:\/\/turkishtrade.co\/wp-content\/uploads\/2026\/01\/2400EJOMN00201-SMOKED-X_13224-USD.png",453,250,false],"1536x1536":["https:\/\/turkishtrade.co\/wp-content\/uploads\/2026\/01\/2400EJOMN00201-SMOKED-X_13224-USD.png",453,250,false],"2048x2048":["https:\/\/turkishtrade.co\/wp-content\/uploads\/2026\/01\/2400EJOMN00201-SMOKED-X_13224-USD.png",453,250,false],"trp-custom-language-flag":["https:\/\/turkishtrade.co\/wp-content\/uploads\/2026\/01\/2400EJOMN00201-SMOKED-X_13224-USD-18x10.png",18,10,true],"woocommerce_thumbnail":["https:\/\/turkishtrade.co\/wp-content\/uploads\/2026\/01\/2400EJOMN00201-SMOKED-X_13224-USD-400x250.png",400,250,true],"woocommerce_single":["https:\/\/turkishtrade.co\/wp-content\/uploads\/2026\/01\/2400EJOMN00201-SMOKED-X_13224-USD.png",453,250,false],"woocommerce_gallery_thumbnail":["https:\/\/turkishtrade.co\/wp-content\/uploads\/2026\/01\/2400EJOMN00201-SMOKED-X_13224-USD-100x100.png",100,100,true]},"uagb_author_info":{"display_name":"yaser olabi","author_link":"https:\/\/turkishtrade.co\/tr\/author\/"},"uagb_comment_info":0,"uagb_excerpt":"Premium Materials: Expertly crafted with a genuine calf leather suede exterior and a soft, breathable goat leather interior lining. Lightweight &amp; Comfortable: Features an advanced EVA sole for superior cushioning and all-day wearability, with a 1-3 cm heel height. Sophisticated Casual Style: A timeless design available in elegant beige, classic blue, and rich brown, perfect&hellip;","_links":{"self":[{"href":"https:\/\/turkishtrade.co\/tr\/wp-json\/wp\/v2\/product\/5999","targetHints":{"allow":["GET"]}}],"collection":[{"href":"https:\/\/turkishtrade.co\/tr\/wp-json\/wp\/v2\/product"}],"about":[{"href":"https:\/\/turkishtrade.co\/tr\/wp-json\/wp\/v2\/types\/product"}],"wp:featuredmedia":[{"embeddable":true,"href":"https:\/\/turkishtrade.co\/tr\/wp-json\/wp\/v2\/media\/4003"}],"wp:attachment":[{"href":"https:\/\/turkishtrade.co\/tr\/wp-json\/wp\/v2\/media?parent=5999"}],"wp:term":[{"taxonomy":"product_brand","embeddable":true,"href":"https:\/\/turkishtrade.co\/tr\/wp-json\/wp\/v2\/product_brand?post=5999"},{"taxonomy":"product_cat","embeddable":true,"href":"https:\/\/turkishtrade.co\/tr\/wp-json\/wp\/v2\/product_cat?post=5999"},{"taxonomy":"product_tag","embeddable":true,"href":"https:\/\/turkishtrade.co\/tr\/wp-json\/wp\/v2\/product_tag?post=5999"}],"curies":[{"name":"wp","href":"https:\/\/api.w.org\/{rel}","templated":true}]}}