{"id":5996,"date":"2026-01-14T13:55:54","date_gmt":"2026-01-14T13:55:54","guid":{"rendered":"https:\/\/turkishtrade.co\/product\/men-s-calf-leather-sneakers\/"},"modified":"2026-04-09T19:17:31","modified_gmt":"2026-04-09T19:17:31","slug":"mens-calf-leather-sneakers","status":"publish","type":"product","link":"https:\/\/turkishtrade.co\/tr\/shop\/mens-calf-leather-sneakers\/","title":{"rendered":"Premium Erkek Dana Derisi G\u00fcnl\u00fck Spor Ayakkab\u0131"},"content":{"rendered":"<p><strong>Erkek Dana Derisi Spor Ayakkab\u0131<\/strong><\/p>\n<p>Enfes koleksiyonumuzla g\u00fcndelik \u015f\u0131kl\u0131\u011f\u0131n \u00f6z\u00fcn\u00fc ke\u015ffedin <b>Erkek Dana Derisi Spor Ayakkab\u0131<\/b>. Hem sofistike stile hem de benzersiz konfora de\u011fer veren modern erkekler i\u00e7in tasarlanan bu <b>premium dana derisi spor ayakkab\u0131<\/b> \u00fcst\u00fcn i\u015f\u00e7ili\u011fin bir kan\u0131t\u0131d\u0131r. Her bir \u00e7ift, yaln\u0131zca en iyi malzemeler kullan\u0131larak titizlikle \u00fcretilmi\u015ftir ve her ad\u0131mda dayan\u0131kl\u0131 ve l\u00fcks bir deneyim sa\u011flar.<\/p>\n<p><h3>E\u015fsiz Kalite ve \u0130\u015f\u00e7ilik<\/h3>\n<\/p>\n<p>Bizim <b>Erkek Dana Derisi Spor Ayakkab\u0131<\/b> 100% hakiki dana derisinden \u00fcretilmi\u015f sa\u011flam bir d\u0131\u015f y\u00fczeye sahiptir. Bu malzeme se\u00e7imi yaln\u0131zca \u015f\u0131k ve zarif bir g\u00f6r\u00fcn\u00fcm sa\u011flamakla kalmaz, ayn\u0131 zamanda zaman i\u00e7inde aya\u011f\u0131n\u0131za g\u00fczel bir \u015fekilde uyum sa\u011flayarak ola\u011fan\u00fcst\u00fc uzun \u00f6m\u00fcrl\u00fcl\u00fc\u011f\u00fc garanti eder. Yumu\u015fak, nefes alabilen ke\u00e7i derisinden \u00fcretilen i\u00e7 astar, uzun s\u00fcreli kullan\u0131mlarda bile rahats\u0131zl\u0131\u011f\u0131 \u00f6nleyerek aya\u011f\u0131n\u0131z\u0131 rahat\u00e7a sarar.<\/p>\n<p>Birinci s\u0131n\u0131f derilerden olu\u015fan bu kombinasyon, bu <b>erkekler i\u00e7in dana derisi spor ayakkab\u0131<\/b> Standart g\u00fcnl\u00fck ayakkab\u0131lar\u0131n \u00e7ok \u00fczerinde, hem his hem de y\u00fczey a\u00e7\u0131s\u0131ndan belirgin bir avantaj sunar.<\/p>\n<p><h3>Konfor ve \u00c7ok Y\u00f6nl\u00fcl\u00fck i\u00e7in Tasarland\u0131<\/h3>\n<\/p>\n<p>Geli\u015fmi\u015f EVA taban ile yeni bir hafiflik ve destek seviyesini deneyimleyin. Bu y\u00fcksek performansl\u0131 malzeme \u00fcst\u00fcn yast\u0131klama ve \u015fok emilimi sunarak <b>Erkek Dana Derisi Spor Ayakkab\u0131<\/b> \u0130ster \u015fehir sokaklar\u0131nda geziniyor ister rahat bir hafta sonunun tad\u0131n\u0131 \u00e7\u0131kar\u0131yor olun, g\u00fcnl\u00fck kullan\u0131m i\u00e7in idealdir. 1-3 cm'lik rahat topuk y\u00fcksekli\u011fine sahip bu spor ayakkab\u0131lar, ince bir y\u00fckselti ile do\u011fal bir his aras\u0131nda m\u00fckemmel bir denge kurar.<\/p>\n<p>39'dan 45'e kadar geni\u015f bir beden yelpazesinde ve klasik siyah ve \u015f\u0131k lacivert dahil olmak \u00fczere \u00e7e\u015fitli sofistike renklerde sunulan bu \u00e7ok y\u00f6nl\u00fc <b>erkek dana derisi spor ayakkab\u0131<\/b> smart-casual'dan rahat g\u00fcnl\u00fck k\u0131yafetlere kadar t\u00fcm \u00e7a\u011fda\u015f gard\u0131roplar\u0131 tamamlayacak \u015fekilde tasarlanm\u0131\u015ft\u0131r.<\/p>\n<p><h3>Stil ve Toplu Sipari\u015fler i\u00e7in Tercihiniz<\/h3>\n<\/p>\n<p>Bireysel tarz\u0131n \u00f6tesinde, bizim <b>premium dana derisi spor ayakkab\u0131<\/b> toplu sipari\u015fler i\u00e7in de mevcuttur, bu da onlar\u0131 perakendeciler, moda i\u015fletmeleri veya kurumsal hediyeler i\u00e7in m\u00fckemmel bir se\u00e7im haline getirir. Minimum sipari\u015f miktar\u0131 sadece 8 \u00e7ift ve teslimat s\u00fcresi yakla\u015f\u0131k 12 g\u00fcn art\u0131 kargo ile bu \u00e7ok aranan ayakkab\u0131lar\u0131 stoklamak <b>erkek dana derisi spor ayakkab\u0131<\/b> kullan\u0131\u015fl\u0131 ve verimlidir.<\/p>\n<p>Toptan sat\u0131\u015f ortaklar\u0131m\u0131z i\u00e7in rekabet\u00e7i fiyatlar sunmaktan gurur duyuyoruz. Ola\u011fan\u00fcst\u00fc \u00fcr\u00fcnlerimizle kaliteye, konfora ve kal\u0131c\u0131 stile yat\u0131r\u0131m yap\u0131n <b>erkekler i\u00e7in dana derisi spor ayakkab\u0131<\/b>, ve m\u00fc\u015fterilerinize ger\u00e7ekten \u00f6ne \u00e7\u0131kan ayakkab\u0131lar sunun.<\/p>","protected":false},"excerpt":{"rendered":"<ul>\n<li>Dayan\u0131kl\u0131l\u0131k ve zamans\u0131z stil i\u00e7in birinci s\u0131n\u0131f dana derisinden \u00fcretilmi\u015ftir.<\/li>\n<li>L\u00fcks ke\u00e7i derisi i\u00e7 k\u0131s\u0131m, \u00fcst\u00fcn konfor ve nefes alabilirlik sa\u011flar.<\/li>\n<li>Hafif EVA taban ola\u011fan\u00fcst\u00fc yast\u0131klama ve destek sa\u011flar (1-3 cm topuk y\u00fcksekli\u011fi).<\/li>\n<li>39-45 beden ve siyah ve lacivert gibi sofistike renk se\u00e7enekleri mevcuttur.<\/li>\n<li>Minimum 8 \u00e7ift sipari\u015f - toptan ve toplu talepler i\u00e7in idealdir.<\/li>\n<\/ul>","protected":false},"featured_media":3999,"template":"","meta":{"_acf_changed":false,"_uag_custom_page_level_css":"","site-sidebar-layout":"default","site-content-layout":"","ast-site-content-layout":"default","site-content-style":"default","site-sidebar-style":"default","ast-global-header-display":"","ast-banner-title-visibility":"","ast-main-header-display":"","ast-hfb-above-header-display":"","ast-hfb-below-header-display":"","ast-hfb-mobile-header-display":"","site-post-title":"","ast-breadcrumbs-content":"","ast-featured-img":"","footer-sml-layout":"","ast-disable-related-posts":"","theme-transparent-header-meta":"","adv-header-id-meta":"","stick-header-meta":"","header-above-stick-meta":"","header-main-stick-meta":"","header-below-stick-meta":"","astra-migrate-meta-layouts":"default","ast-page-background-enabled":"default","ast-page-background-meta":{"desktop":{"background-color":"var(--ast-global-color-4)","background-image":"","background-repeat":"repeat","background-position":"center center","background-size":"auto","background-attachment":"scroll","background-type":"","background-media":"","overlay-type":"","overlay-color":"","overlay-opacity":"","overlay-gradient":""},"tablet":{"background-color":"","background-image":"","background-repeat":"repeat","background-position":"center center","background-size":"auto","background-attachment":"scroll","background-type":"","background-media":"","overlay-type":"","overlay-color":"","overlay-opacity":"","overlay-gradient":""},"mobile":{"background-color":"","background-image":"","background-repeat":"repeat","background-position":"center center","background-size":"auto","background-attachment":"scroll","background-type":"","background-media":"","overlay-type":"","overlay-color":"","overlay-opacity":"","overlay-gradient":""}},"ast-content-background-meta":{"desktop":{"background-color":"var(--ast-global-color-5)","background-image":"","background-repeat":"repeat","background-position":"center center","background-size":"auto","background-attachment":"scroll","background-type":"","background-media":"","overlay-type":"","overlay-color":"","overlay-opacity":"","overlay-gradient":""},"tablet":{"background-color":"var(--ast-global-color-5)","background-image":"","background-repeat":"repeat","background-position":"center center","background-size":"auto","background-attachment":"scroll","background-type":"","background-media":"","overlay-type":"","overlay-color":"","overlay-opacity":"","overlay-gradient":""},"mobile":{"background-color":"var(--ast-global-color-5)","background-image":"","background-repeat":"repeat","background-position":"center center","background-size":"auto","background-attachment":"scroll","background-type":"","background-media":"","overlay-type":"","overlay-color":"","overlay-opacity":"","overlay-gradient":""}}},"product_brand":[],"product_cat":[48,49,430,40,50],"product_tag":[1120,453,202,449,1117,438,189,224,365,214,1121,1116,1124,1123],"class_list":{"0":"post-5996","1":"product","2":"type-product","3":"status-publish","4":"has-post-thumbnail","6":"product_cat-casual","7":"product_cat-loafer","8":"product_cat-men","9":"product_cat-mens-shoes","10":"product_cat-sneakers","11":"product_tag-black-sneakers","12":"product_tag-bulk-footwear","13":"product_tag-calf-leather","14":"product_tag-casual-shoes","15":"product_tag-comfortable-sneakers","16":"product_tag-eva-sole","17":"product_tag-goat-leather-lining","18":"product_tag-leather-sneakers","19":"product_tag-luxury-sneakers","20":"product_tag-mens-sneakers","21":"product_tag-navy-sneakers","22":"product_tag-premium-sneakers","23":"product_tag-stylish-sneakers","24":"product_tag-wholesale-sneakers","25":"desktop-align-center","26":"tablet-align-center","27":"mobile-align-center","29":"first","30":"instock","31":"shipping-taxable","32":"purchasable","33":"product-type-variable","34":"has-default-attributes"},"acf":[],"uagb_featured_image_src":{"full":["https:\/\/turkishtrade.co\/wp-content\/uploads\/2026\/01\/2400EJOMN00200-DAEK-BLUE-X_1321-4-USD.png",453,250,false],"thumbnail":["https:\/\/turkishtrade.co\/wp-content\/uploads\/2026\/01\/2400EJOMN00200-DAEK-BLUE-X_1321-4-USD-150x150.png",150,150,true],"medium":["https:\/\/turkishtrade.co\/wp-content\/uploads\/2026\/01\/2400EJOMN00200-DAEK-BLUE-X_1321-4-USD-300x166.png",300,166,true],"medium_large":["https:\/\/turkishtrade.co\/wp-content\/uploads\/2026\/01\/2400EJOMN00200-DAEK-BLUE-X_1321-4-USD.png",453,250,false],"large":["https:\/\/turkishtrade.co\/wp-content\/uploads\/2026\/01\/2400EJOMN00200-DAEK-BLUE-X_1321-4-USD.png",453,250,false],"1536x1536":["https:\/\/turkishtrade.co\/wp-content\/uploads\/2026\/01\/2400EJOMN00200-DAEK-BLUE-X_1321-4-USD.png",453,250,false],"2048x2048":["https:\/\/turkishtrade.co\/wp-content\/uploads\/2026\/01\/2400EJOMN00200-DAEK-BLUE-X_1321-4-USD.png",453,250,false],"trp-custom-language-flag":["https:\/\/turkishtrade.co\/wp-content\/uploads\/2026\/01\/2400EJOMN00200-DAEK-BLUE-X_1321-4-USD-18x10.png",18,10,true],"woocommerce_thumbnail":["https:\/\/turkishtrade.co\/wp-content\/uploads\/2026\/01\/2400EJOMN00200-DAEK-BLUE-X_1321-4-USD-400x250.png",400,250,true],"woocommerce_single":["https:\/\/turkishtrade.co\/wp-content\/uploads\/2026\/01\/2400EJOMN00200-DAEK-BLUE-X_1321-4-USD.png",453,250,false],"woocommerce_gallery_thumbnail":["https:\/\/turkishtrade.co\/wp-content\/uploads\/2026\/01\/2400EJOMN00200-DAEK-BLUE-X_1321-4-USD-100x100.png",100,100,true]},"uagb_author_info":{"display_name":"yaser olabi","author_link":"https:\/\/turkishtrade.co\/tr\/author\/"},"uagb_comment_info":0,"uagb_excerpt":"Crafted from premium calf leather for durability and timeless style. Luxurious goat leather interior ensures ultimate comfort and breathability. Lightweight EVA sole provides exceptional cushioning and support (1-3 cm heel height). Available in sizes 39-45 and sophisticated color options including black and navy. Minimum order of 8 pairs \u2013 ideal for wholesale and bulk inquiries.","_links":{"self":[{"href":"https:\/\/turkishtrade.co\/tr\/wp-json\/wp\/v2\/product\/5996","targetHints":{"allow":["GET"]}}],"collection":[{"href":"https:\/\/turkishtrade.co\/tr\/wp-json\/wp\/v2\/product"}],"about":[{"href":"https:\/\/turkishtrade.co\/tr\/wp-json\/wp\/v2\/types\/product"}],"wp:featuredmedia":[{"embeddable":true,"href":"https:\/\/turkishtrade.co\/tr\/wp-json\/wp\/v2\/media\/3999"}],"wp:attachment":[{"href":"https:\/\/turkishtrade.co\/tr\/wp-json\/wp\/v2\/media?parent=5996"}],"wp:term":[{"taxonomy":"product_brand","embeddable":true,"href":"https:\/\/turkishtrade.co\/tr\/wp-json\/wp\/v2\/product_brand?post=5996"},{"taxonomy":"product_cat","embeddable":true,"href":"https:\/\/turkishtrade.co\/tr\/wp-json\/wp\/v2\/product_cat?post=5996"},{"taxonomy":"product_tag","embeddable":true,"href":"https:\/\/turkishtrade.co\/tr\/wp-json\/wp\/v2\/product_tag?post=5996"}],"curies":[{"name":"wp","href":"https:\/\/api.w.org\/{rel}","templated":true}]}}