{"id":5992,"date":"2026-01-14T13:55:29","date_gmt":"2026-01-14T13:55:29","guid":{"rendered":"https:\/\/turkishtrade.co\/product\/men-leather-casual-sneakers\/"},"modified":"2026-04-09T19:17:41","modified_gmt":"2026-04-09T19:17:41","slug":"mens-leather-casual-sneakers-4","status":"publish","type":"product","link":"https:\/\/turkishtrade.co\/tr\/shop\/mens-leather-casual-sneakers-4\/","title":{"rendered":"Premium Erkek Deri G\u00fcnl\u00fck Spor Ayakkab\u0131"},"content":{"rendered":"<p><strong>Erkek Deri G\u00fcnl\u00fck Spor Ayakkab\u0131<\/strong><\/p>\n<p>Enfes koleksiyonumuzla g\u00fcnl\u00fck stilinizi y\u00fckseltin <strong>Erkek Deri G\u00fcnl\u00fck Spor Ayakkab\u0131<\/strong>. Hem esteti\u011fe hem de konfora de\u011fer veren se\u00e7ici bireyler i\u00e7in tasarlanan bu premium spor ayakkab\u0131lar, \u00fcst\u00fcn i\u015f\u00e7ili\u011fin bir kan\u0131t\u0131d\u0131r. Her bir \u00e7ift, yaln\u0131zca en iyi malzemeler kullan\u0131larak titizlikle \u00fcretilmi\u015f olup l\u00fcks bir his ve uzun s\u00fcreli dayan\u0131kl\u0131l\u0131k sa\u011flar.<\/p>\n<p>Bu ola\u011fan\u00fcst\u00fc malzemelerin d\u0131\u015f y\u00fczeyi <strong>Erkek Deri G\u00fcnl\u00fck Spor Ayakkab\u0131<\/strong> esnek dokusu, sa\u011flaml\u0131\u011f\u0131 ve zarif y\u00fczeyiyle bilinen hakiki dana derisinden \u00fcretilmi\u015ftir. Bu y\u00fcksek kaliteli deri sadece sofistike bir g\u00f6r\u00fcn\u00fcm sa\u011flamakla kalmaz, ayn\u0131 zamanda zamanla aya\u011f\u0131n\u0131za uyum sa\u011flayarak ki\u015fiselle\u015ftirilmi\u015f bir uyum sunar. Sa\u011flam d\u0131\u015f y\u00fczeyi tamamlayan i\u00e7 astar, son derece yumu\u015fak ke\u00e7i derisinden yap\u0131lm\u0131\u015ft\u0131r.<\/p>\n<p>Bu do\u011fal malzeme, nefes alabilirlik ve benzersiz bir konfor seviyesi sa\u011flar. <strong>Erkek Deri G\u00fcnl\u00fck Spor Ayakkab\u0131<\/strong> Ayak sa\u011fl\u0131\u011f\u0131ndan \u00f6d\u00fcn vermeden g\u00fcn boyu kullan\u0131m i\u00e7in idealdir.<\/p>\n<p><h3>Rakipsiz Konfor ve Tasar\u0131m<\/h3>\n<\/p>\n<p>Hafif ve esnek EVA taban ile zahmetsiz bir y\u00fcr\u00fcy\u00fc\u015f deneyimi ya\u015fay\u0131n. Bu geli\u015fmi\u015f taban teknolojisi m\u00fckemmel yast\u0131klama ve \u015fok emilimi sa\u011flayarak yorgunlu\u011fu azalt\u0131r ve her ad\u0131m\u0131 bir zevk haline getirir. \u0130ster \u015fehir manzaralar\u0131nda geziniyor, ister g\u00fcndelik bir i\u015f toplant\u0131s\u0131na kat\u0131l\u0131yor ya da hafta sonu gezintisinin tad\u0131n\u0131 \u00e7\u0131kar\u0131yor olun, bu spor ayakkab\u0131lar destek ve stilin m\u00fckemmel kar\u0131\u015f\u0131m\u0131n\u0131 sunar.<\/p>\n<p>1-3 cm aras\u0131ndaki d\u00fc\u015f\u00fck profilli topuk, do\u011fal bir ad\u0131m ve \u00e7a\u011fda\u015f bir siluete katk\u0131da bulunur. Konfor ve stile olan ba\u011fl\u0131l\u0131\u011f\u0131m\u0131z, bu ola\u011fan\u00fcst\u00fc ayakkab\u0131lar\u0131n her detay\u0131nda kendini g\u00f6steriyor <strong>Erkek Deri G\u00fcnl\u00fck Spor Ayakkab\u0131<\/strong>.<\/p>\n<p><h3>Her Durum i\u00e7in \u00c7ok Y\u00f6nl\u00fc Stil<\/h3>\n<\/p>\n<p>Bizim <strong>Erkek Deri G\u00fcnl\u00fck Spor Ayakkab\u0131<\/strong> klasik siyah, sofistike lacivert ve \u015f\u0131k beyaz\/bej kombinasyonu gibi \u00e7ok y\u00f6nl\u00fc renk se\u00e7enekleriyle gard\u0131robunuzu tamamlayacak m\u00fckemmel \u00e7ifti se\u00e7menize olanak tan\u0131r.<\/p>\n<p>Her renk se\u00e7ene\u011fi maksimum \u00e7ok y\u00f6nl\u00fcl\u00fck sunacak \u015fekilde tasarlanm\u0131\u015ft\u0131r; kot pantolonlar, chino pantolonlar ve hatta \u015f\u0131k g\u00fcnl\u00fck pantolonlarla kolayca e\u015fle\u015ftirilebilir. AB 39'dan 45'e kadar kapsaml\u0131 bir beden aral\u0131\u011f\u0131 sunarak geni\u015f bir m\u00fc\u015fteri yelpazesi i\u00e7in m\u00fckemmel bir uyum sa\u011fl\u0131yoruz.<\/p>\n<p><h3>Toptan Sat\u0131\u015f F\u0131rsatlar\u0131<\/h3>\n<\/p>\n<p>Toptan sat\u0131\u015f ortaklar\u0131m\u0131z i\u00e7in kalite ve tutarl\u0131l\u0131\u011f\u0131n \u00f6nemini biliyoruz. Bu nedenle minimum 8 \u00e7ift sipari\u015f miktar\u0131 uygulayarak i\u015fletmelerin bu \u00e7ok aranan \u00fcr\u00fcnleri stoklamas\u0131na olanak tan\u0131yoruz <strong>Erkek Deri G\u00fcnl\u00fck Spor Ayakkab\u0131<\/strong>. Tahmini teslimat s\u00fcresi 12 g\u00fcn art\u0131 kargo ile bu premium ayakkab\u0131 se\u00e7eneklerini envanterinize h\u0131zl\u0131 bir \u015fekilde entegre edebilirsiniz.<\/p>\n<p>Koleksiyonumuzla zamans\u0131z stile ve ola\u011fan\u00fcst\u00fc konfora yat\u0131r\u0131m yap\u0131n <strong>Erkek Deri G\u00fcnl\u00fck Spor Ayakkab\u0131<\/strong> - l\u00fcks\u00fcn g\u00fcnl\u00fck giyilebilirlikle bulu\u015ftu\u011fu yer. Bunlar <strong>Erkek Deri G\u00fcnl\u00fck Spor Ayakkab\u0131<\/strong> ayakkab\u0131dan daha fazlas\u0131d\u0131r; kaliteye ve m\u00fc\u015fteri memnuniyetine yap\u0131lan bir yat\u0131r\u0131md\u0131r.<\/p>","protected":false},"excerpt":{"rendered":"<ul>\n<li><strong>\u00dcst Malzeme:<\/strong> Hakiki Dana Derisi<\/li>\n<li><strong>Astar Malzemesi:<\/strong> Yumu\u015fak Ke\u00e7i Derisi<\/li>\n<li><strong>Taban Malzemesi:<\/strong> Hafif EVA<\/li>\n<li><strong>Topuk Y\u00fcksekli\u011fi:<\/strong> D\u00fc\u015f\u00fck Profil (1-3 cm)<\/li>\n<li><strong>Mevcut Boyutlar:<\/strong> AB 39, 40, 41, 42, 43, 44, 45<\/li>\n<li><strong>Minimum Sipari\u015f Miktar\u0131:<\/strong> 8 \u00c7ift<\/li>\n<li><strong>Tahmini Teslim S\u00fcresi:<\/strong> 12 G\u00fcn + Kargo<\/li>\n<\/ul>","protected":false},"featured_media":3996,"template":"","meta":{"_acf_changed":false,"_uag_custom_page_level_css":"","site-sidebar-layout":"default","site-content-layout":"","ast-site-content-layout":"default","site-content-style":"default","site-sidebar-style":"default","ast-global-header-display":"","ast-banner-title-visibility":"","ast-main-header-display":"","ast-hfb-above-header-display":"","ast-hfb-below-header-display":"","ast-hfb-mobile-header-display":"","site-post-title":"","ast-breadcrumbs-content":"","ast-featured-img":"","footer-sml-layout":"","ast-disable-related-posts":"","theme-transparent-header-meta":"","adv-header-id-meta":"","stick-header-meta":"","header-above-stick-meta":"","header-main-stick-meta":"","header-below-stick-meta":"","astra-migrate-meta-layouts":"default","ast-page-background-enabled":"default","ast-page-background-meta":{"desktop":{"background-color":"var(--ast-global-color-4)","background-image":"","background-repeat":"repeat","background-position":"center center","background-size":"auto","background-attachment":"scroll","background-type":"","background-media":"","overlay-type":"","overlay-color":"","overlay-opacity":"","overlay-gradient":""},"tablet":{"background-color":"","background-image":"","background-repeat":"repeat","background-position":"center center","background-size":"auto","background-attachment":"scroll","background-type":"","background-media":"","overlay-type":"","overlay-color":"","overlay-opacity":"","overlay-gradient":""},"mobile":{"background-color":"","background-image":"","background-repeat":"repeat","background-position":"center center","background-size":"auto","background-attachment":"scroll","background-type":"","background-media":"","overlay-type":"","overlay-color":"","overlay-opacity":"","overlay-gradient":""}},"ast-content-background-meta":{"desktop":{"background-color":"var(--ast-global-color-5)","background-image":"","background-repeat":"repeat","background-position":"center center","background-size":"auto","background-attachment":"scroll","background-type":"","background-media":"","overlay-type":"","overlay-color":"","overlay-opacity":"","overlay-gradient":""},"tablet":{"background-color":"var(--ast-global-color-5)","background-image":"","background-repeat":"repeat","background-position":"center center","background-size":"auto","background-attachment":"scroll","background-type":"","background-media":"","overlay-type":"","overlay-color":"","overlay-opacity":"","overlay-gradient":""},"mobile":{"background-color":"var(--ast-global-color-5)","background-image":"","background-repeat":"repeat","background-position":"center center","background-size":"auto","background-attachment":"scroll","background-type":"","background-media":"","overlay-type":"","overlay-color":"","overlay-opacity":"","overlay-gradient":""}}},"product_brand":[],"product_cat":[48,49,430,40,50],"product_tag":[1120,566,216,1117,438,1119,189,450,224,214,1121,362,1118,546,1122],"class_list":{"0":"post-5992","1":"product","2":"type-product","3":"status-publish","4":"has-post-thumbnail","6":"product_cat-casual","7":"product_cat-loafer","8":"product_cat-men","9":"product_cat-mens-shoes","10":"product_cat-sneakers","11":"product_tag-black-sneakers","12":"product_tag-calfskin-shoes","13":"product_tag-casual-sneakers","14":"product_tag-comfortable-sneakers","15":"product_tag-eva-sole","16":"product_tag-everyday-sneakers","17":"product_tag-goat-leather-lining","18":"product_tag-handcrafted-shoes","19":"product_tag-leather-sneakers","20":"product_tag-mens-sneakers","21":"product_tag-navy-sneakers","22":"product_tag-premium-footwear","23":"product_tag-sneakers","24":"product_tag-stylish-mens-shoes","25":"product_tag-white-beige-sneakers","26":"desktop-align-center","27":"tablet-align-center","28":"mobile-align-center","30":"first","31":"instock","32":"shipping-taxable","33":"purchasable","34":"product-type-variable","35":"has-default-attributes"},"acf":[],"uagb_featured_image_src":{"full":["https:\/\/turkishtrade.co\/wp-content\/uploads\/2026\/01\/2400EJOMN00199-WHITE-X_1320-4-USD.png",453,250,false],"thumbnail":["https:\/\/turkishtrade.co\/wp-content\/uploads\/2026\/01\/2400EJOMN00199-WHITE-X_1320-4-USD-150x150.png",150,150,true],"medium":["https:\/\/turkishtrade.co\/wp-content\/uploads\/2026\/01\/2400EJOMN00199-WHITE-X_1320-4-USD-300x166.png",300,166,true],"medium_large":["https:\/\/turkishtrade.co\/wp-content\/uploads\/2026\/01\/2400EJOMN00199-WHITE-X_1320-4-USD.png",453,250,false],"large":["https:\/\/turkishtrade.co\/wp-content\/uploads\/2026\/01\/2400EJOMN00199-WHITE-X_1320-4-USD.png",453,250,false],"1536x1536":["https:\/\/turkishtrade.co\/wp-content\/uploads\/2026\/01\/2400EJOMN00199-WHITE-X_1320-4-USD.png",453,250,false],"2048x2048":["https:\/\/turkishtrade.co\/wp-content\/uploads\/2026\/01\/2400EJOMN00199-WHITE-X_1320-4-USD.png",453,250,false],"trp-custom-language-flag":["https:\/\/turkishtrade.co\/wp-content\/uploads\/2026\/01\/2400EJOMN00199-WHITE-X_1320-4-USD-18x10.png",18,10,true],"woocommerce_thumbnail":["https:\/\/turkishtrade.co\/wp-content\/uploads\/2026\/01\/2400EJOMN00199-WHITE-X_1320-4-USD-400x250.png",400,250,true],"woocommerce_single":["https:\/\/turkishtrade.co\/wp-content\/uploads\/2026\/01\/2400EJOMN00199-WHITE-X_1320-4-USD.png",453,250,false],"woocommerce_gallery_thumbnail":["https:\/\/turkishtrade.co\/wp-content\/uploads\/2026\/01\/2400EJOMN00199-WHITE-X_1320-4-USD-100x100.png",100,100,true]},"uagb_author_info":{"display_name":"yaser olabi","author_link":"https:\/\/turkishtrade.co\/tr\/author\/"},"uagb_comment_info":0,"uagb_excerpt":"Upper Material: Genuine Calfskin Leather Lining Material: Soft Goat Leather Sole Material: Lightweight EVA Heel Height: Low Profile (1-3 cm) Available Sizes: EU 39, 40, 41, 42, 43, 44, 45 Minimum Order Quantity: 8 Pairs Estimated Delivery Time: 12 Days + Shipping","_links":{"self":[{"href":"https:\/\/turkishtrade.co\/tr\/wp-json\/wp\/v2\/product\/5992","targetHints":{"allow":["GET"]}}],"collection":[{"href":"https:\/\/turkishtrade.co\/tr\/wp-json\/wp\/v2\/product"}],"about":[{"href":"https:\/\/turkishtrade.co\/tr\/wp-json\/wp\/v2\/types\/product"}],"wp:featuredmedia":[{"embeddable":true,"href":"https:\/\/turkishtrade.co\/tr\/wp-json\/wp\/v2\/media\/3996"}],"wp:attachment":[{"href":"https:\/\/turkishtrade.co\/tr\/wp-json\/wp\/v2\/media?parent=5992"}],"wp:term":[{"taxonomy":"product_brand","embeddable":true,"href":"https:\/\/turkishtrade.co\/tr\/wp-json\/wp\/v2\/product_brand?post=5992"},{"taxonomy":"product_cat","embeddable":true,"href":"https:\/\/turkishtrade.co\/tr\/wp-json\/wp\/v2\/product_cat?post=5992"},{"taxonomy":"product_tag","embeddable":true,"href":"https:\/\/turkishtrade.co\/tr\/wp-json\/wp\/v2\/product_tag?post=5992"}],"curies":[{"name":"wp","href":"https:\/\/api.w.org\/{rel}","templated":true}]}}