{"id":5986,"date":"2026-01-14T13:54:26","date_gmt":"2026-01-14T13:54:26","guid":{"rendered":"https:\/\/turkishtrade.co\/product\/men-s-chunky-sole-loafers\/"},"modified":"2026-04-09T19:17:50","modified_gmt":"2026-04-09T19:17:50","slug":"mens-chunky-sole-loafers-2","status":"publish","type":"product","link":"https:\/\/turkishtrade.co\/tr\/shop\/mens-chunky-sole-loafers-2\/","title":{"rendered":"Premium Erkek Kahverengi Deri Kal\u0131n Tabanl\u0131 Loafer"},"content":{"rendered":"<p><strong>Erkek Kal\u0131n Tabanl\u0131 Loafer<\/strong><\/p>\n<p>\u00dcst\u00fcn kaliteli \u00fcr\u00fcnlerimizle rafine konfora ve farkl\u0131 bir stile ad\u0131m at\u0131n <strong>Erkek Kal\u0131n Tabanl\u0131 Loafer<\/strong>. Se\u00e7kin beyefendiler i\u00e7in titizlikle haz\u0131rlanan bu zarif kahverengi deri mokasen ayakkab\u0131lar, klasik \u015f\u0131kl\u0131\u011f\u0131 \u00e7a\u011fda\u015f bir \u00e7izgiyle m\u00fckemmel bir \u015fekilde harmanl\u0131yor. Bir a\u00e7\u0131klama yapmak i\u00e7in tasarlanan <strong>erkek kal\u0131n tabanl\u0131 mokasen ayakkab\u0131<\/strong> hem dayan\u0131kl\u0131l\u0131k hem de sofistike bir estetik sunarak her modern gard\u0131rop i\u00e7in vazge\u00e7ilmez bir ektir.<\/p>\n<p>\u0130ster g\u00fcndelik gezintiler ister daha g\u00f6steri\u015fli etkinlikler i\u00e7in olsun, bu mokasen ayakkab\u0131lar kendinden emin bir g\u00f6r\u00fcn\u00fcm i\u00e7in m\u00fckemmel bir temel sa\u011flar. Konfor ve stilin en iyi kar\u0131\u015f\u0131m\u0131 i\u00e7in y\u00fcksek kaliteli <strong>erkek kal\u0131n tabanl\u0131 mokasen ayakkab\u0131<\/strong>.<\/p>\n<h3>Benzersiz Konfor ve \u0130\u015f\u00e7ilik<\/h3>\n<p>Ayakkab\u0131lar\u0131m\u0131z\u0131 di\u011ferlerinden ay\u0131ran \u00fcst\u00fcn kaliteyi deneyimleyin. Bu ola\u011fan\u00fcst\u00fc ayakkab\u0131lar\u0131n her bir \u00e7ifti <strong>Erkek Kal\u0131n Tabanl\u0131 Loafer<\/strong> esnek dokusu ve kal\u0131c\u0131 esnekli\u011fi ile tan\u0131nan l\u00fcks dana derisi d\u0131\u015f y\u00fczeye sahiptir. \u0130\u00e7 k\u0131sm\u0131 yumu\u015fak ke\u00e7i derisiyle g\u00f6rkemli bir \u015fekilde astarlanm\u0131\u015ft\u0131r, nefes alabilen konfor ve zaman i\u00e7inde aya\u011f\u0131n\u0131za m\u00fckemmel uyum sa\u011flar.<\/p>\n<p>Sa\u011flam ancak hafif EVA taban\u0131 m\u00fckemmel yast\u0131klama ve destek sa\u011flarken, bu <strong>erkek kal\u0131n tabanl\u0131 mokasen ayakkab\u0131<\/strong> uzun s\u00fcreli kullan\u0131m i\u00e7in idealdir. \u0130nce 1-3 cm topuk, klasik bir y\u00fckselti sunarak y\u00fcr\u00fcnebilirlikten \u00f6d\u00fcn vermeden duru\u015fu iyile\u015ftirir. EU 39'dan 45'e kadar kapsaml\u0131 bir beden yelpazesinde mevcut olup, geni\u015f bir m\u00fc\u015fteri yelpazesi i\u00e7in m\u00fckemmel bir uyum sa\u011fl\u0131yoruz.<\/p>\n<p>Bu etkileyici ayakkab\u0131larla ayakkab\u0131 koleksiyonunuzu geli\u015ftirin <strong>erkek kal\u0131n tabanl\u0131 mokasen ayakkab\u0131<\/strong>.<\/p>\n<h3>Modern Erkek i\u00e7in Ay\u0131rt Edici Stil<\/h3>\n<p>Bizim kahverengi <strong>Erkek Kal\u0131n Tabanl\u0131 Loafer<\/strong> hem gelenekler hem de g\u00fcncel trendler g\u00f6z \u00f6n\u00fcnde bulundurularak tasarlanm\u0131\u015ft\u0131r. Klasik penny loafer sil\u00fceti, \u015f\u0131k ve kal\u0131n bir tabanla y\u00fckseltilerek \u00f6ne \u00e7\u0131kan \u00e7a\u011fda\u015f bir profil yarat\u0131lm\u0131\u015ft\u0131r. Zengin kahverengi tonu \u00e7ok y\u00f6nl\u00fcl\u00fck katarak bu mokasen ayakkab\u0131lar\u0131n \u00f6zel pantolon ve blazer ceketlerden \u015f\u0131k denim veya chino pantolonlara kadar her \u015feyle zahmetsizce e\u015fle\u015ftirilmesine olanak tan\u0131r.<\/p>\n<p>Zahmetsiz bir zarafetle resmi ve rahat k\u0131yafetler aras\u0131ndaki bo\u015flu\u011fu dolduran bu ayakkab\u0131lar, smart-casual ayakkab\u0131lar\u0131n \u00f6z\u00fcd\u00fcr. Bir \u00e7ift ayakkab\u0131ya yat\u0131r\u0131m yap\u0131n <strong>erkek kal\u0131n tabanl\u0131 mokasen ayakkab\u0131<\/strong> sadece bir k\u0131yafeti tamamlamakla kalmaz, ayn\u0131 zamanda onu tan\u0131mlar.<\/p>\n<h3>Toptan M\u00fckemmellik ve G\u00fcvenilir Teslimat<\/h3>\n<p>\u00dcst\u00fcn kaliteli ayakkab\u0131lar sunmak isteyen perakendeciler ve i\u015fletmeler i\u00e7in <strong>Erkek Kal\u0131n Tabanl\u0131 Loafer<\/strong> toplu sipari\u015fler i\u00e7in mevcuttur. Verimli hizmet ve h\u0131zl\u0131 teslimat konusunda kendimizle gurur duyuyoruz. Minimum sipari\u015f miktar\u0131 sadece 8 \u00e7ift oldu\u011fundan, envanterinizi y\u00fcksek kaliteli, talep g\u00f6ren ayakkab\u0131larla stoklamak kolayd\u0131r.<\/p>\n<p>\u00d6zel \u00fcretim s\u00fcrecimiz, sipari\u015finizin 12 g\u00fcn i\u00e7inde sevkiyata haz\u0131r olmas\u0131n\u0131 ve ard\u0131ndan g\u00fcvenilir bir \u015fekilde g\u00f6nderilmesini sa\u011flayarak bu ola\u011fan\u00fcst\u00fc <strong>erkek kal\u0131n tabanl\u0131 mokasen ayakkab\u0131<\/strong> do\u011frudan kap\u0131n\u0131za kadar. M\u00fc\u015fterilerinize kalite, konfor ve sofistike bir tarz sunan ayakkab\u0131lar sunmak i\u00e7in bizimle i\u015f birli\u011fi yap\u0131n. Potansiyelimizi ke\u015ffedin <strong>erkek kal\u0131n tabanl\u0131 mokasen ayakkab\u0131<\/strong> i\u015finiz i\u00e7in.<\/p>","protected":false},"excerpt":{"rendered":"<ul>\n<li>Premium Dana Derisi D\u0131\u015f Y\u00fczey ve Ke\u00e7i Derisi \u0130\u00e7 Y\u00fczey<\/li>\n<li>1-3cm Topuk Y\u00fcksekli\u011fi ile Rahat EVA Taban<\/li>\n<li>\u015e\u0131k Kahverengi T\u0131knaz Tabanl\u0131 Loafer Tasar\u0131m<\/li>\n<li>Mevcut Bedenler: AB 39, 40, 41, 42, 43, 44, 45<\/li>\n<li>Minimum Sipari\u015f Miktar\u0131: 8 \u00c7ift<\/li>\n<li>Teslimat S\u00fcresi: 12 G\u00fcn + Kargo<\/li>\n<\/ul>","protected":false},"featured_media":3961,"template":"","meta":{"_acf_changed":false,"_uag_custom_page_level_css":"","site-sidebar-layout":"default","site-content-layout":"","ast-site-content-layout":"default","site-content-style":"default","site-sidebar-style":"default","ast-global-header-display":"","ast-banner-title-visibility":"","ast-main-header-display":"","ast-hfb-above-header-display":"","ast-hfb-below-header-display":"","ast-hfb-mobile-header-display":"","site-post-title":"","ast-breadcrumbs-content":"","ast-featured-img":"","footer-sml-layout":"","ast-disable-related-posts":"","theme-transparent-header-meta":"default","adv-header-id-meta":"","stick-header-meta":"","header-above-stick-meta":"","header-main-stick-meta":"","header-below-stick-meta":"","astra-migrate-meta-layouts":"set","ast-page-background-enabled":"default","ast-page-background-meta":{"desktop":{"background-color":"var(--ast-global-color-4)","background-image":"","background-repeat":"repeat","background-position":"center center","background-size":"auto","background-attachment":"scroll","background-type":"","background-media":"","overlay-type":"","overlay-color":"","overlay-opacity":"","overlay-gradient":""},"tablet":{"background-color":"","background-image":"","background-repeat":"repeat","background-position":"center center","background-size":"auto","background-attachment":"scroll","background-type":"","background-media":"","overlay-type":"","overlay-color":"","overlay-opacity":"","overlay-gradient":""},"mobile":{"background-color":"","background-image":"","background-repeat":"repeat","background-position":"center center","background-size":"auto","background-attachment":"scroll","background-type":"","background-media":"","overlay-type":"","overlay-color":"","overlay-opacity":"","overlay-gradient":""}},"ast-content-background-meta":{"desktop":{"background-color":"var(--ast-global-color-5)","background-image":"","background-repeat":"repeat","background-position":"center center","background-size":"auto","background-attachment":"scroll","background-type":"","background-media":"","overlay-type":"","overlay-color":"","overlay-opacity":"","overlay-gradient":""},"tablet":{"background-color":"var(--ast-global-color-5)","background-image":"","background-repeat":"repeat","background-position":"center center","background-size":"auto","background-attachment":"scroll","background-type":"","background-media":"","overlay-type":"","overlay-color":"","overlay-opacity":"","overlay-gradient":""},"mobile":{"background-color":"var(--ast-global-color-5)","background-image":"","background-repeat":"repeat","background-position":"center center","background-size":"auto","background-attachment":"scroll","background-type":"","background-media":"","overlay-type":"","overlay-color":"","overlay-opacity":"","overlay-gradient":""}}},"product_brand":[],"product_cat":[430,40,15],"product_tag":[147,566,512,304,220,978,438,556,215,198,186,279,280,254],"class_list":{"0":"post-5986","1":"product","2":"type-product","3":"status-publish","4":"has-post-thumbnail","6":"product_cat-men","7":"product_cat-mens-shoes","8":"product_cat-uncategorized","9":"product_tag-brown-loafers","10":"product_tag-calfskin-shoes","11":"product_tag-casual-loafers","12":"product_tag-chunky-sole-loafers","13":"product_tag-comfortable-loafers","14":"product_tag-dress-casual-shoes","15":"product_tag-eva-sole","16":"product_tag-goatskin-lining","17":"product_tag-leather-loafers","18":"product_tag-mens-fashion","19":"product_tag-mens-loafers","20":"product_tag-penny-loafers","21":"product_tag-smart-casual-shoes","22":"product_tag-wholesale-footwear","23":"desktop-align-center","24":"tablet-align-center","25":"mobile-align-center","27":"first","28":"instock","29":"shipping-taxable","30":"purchasable","31":"product-type-variable","32":"has-default-attributes"},"acf":[],"uagb_featured_image_src":{"full":["https:\/\/turkishtrade.co\/wp-content\/uploads\/2026\/01\/2400EJOMN00491-DARK-BROWN-KDS_74-6-USD.png",453,250,false],"thumbnail":["https:\/\/turkishtrade.co\/wp-content\/uploads\/2026\/01\/2400EJOMN00491-DARK-BROWN-KDS_74-6-USD-150x150.png",150,150,true],"medium":["https:\/\/turkishtrade.co\/wp-content\/uploads\/2026\/01\/2400EJOMN00491-DARK-BROWN-KDS_74-6-USD-300x166.png",300,166,true],"medium_large":["https:\/\/turkishtrade.co\/wp-content\/uploads\/2026\/01\/2400EJOMN00491-DARK-BROWN-KDS_74-6-USD.png",453,250,false],"large":["https:\/\/turkishtrade.co\/wp-content\/uploads\/2026\/01\/2400EJOMN00491-DARK-BROWN-KDS_74-6-USD.png",453,250,false],"1536x1536":["https:\/\/turkishtrade.co\/wp-content\/uploads\/2026\/01\/2400EJOMN00491-DARK-BROWN-KDS_74-6-USD.png",453,250,false],"2048x2048":["https:\/\/turkishtrade.co\/wp-content\/uploads\/2026\/01\/2400EJOMN00491-DARK-BROWN-KDS_74-6-USD.png",453,250,false],"trp-custom-language-flag":["https:\/\/turkishtrade.co\/wp-content\/uploads\/2026\/01\/2400EJOMN00491-DARK-BROWN-KDS_74-6-USD-18x10.png",18,10,true],"woocommerce_thumbnail":["https:\/\/turkishtrade.co\/wp-content\/uploads\/2026\/01\/2400EJOMN00491-DARK-BROWN-KDS_74-6-USD-400x250.png",400,250,true],"woocommerce_single":["https:\/\/turkishtrade.co\/wp-content\/uploads\/2026\/01\/2400EJOMN00491-DARK-BROWN-KDS_74-6-USD.png",453,250,false],"woocommerce_gallery_thumbnail":["https:\/\/turkishtrade.co\/wp-content\/uploads\/2026\/01\/2400EJOMN00491-DARK-BROWN-KDS_74-6-USD-100x100.png",100,100,true]},"uagb_author_info":{"display_name":"yaser olabi","author_link":"https:\/\/turkishtrade.co\/tr\/author\/"},"uagb_comment_info":0,"uagb_excerpt":"Premium Calfskin Exterior &amp; Goatskin Interior Comfortable EVA Sole with 1-3cm Heel Height Stylish Brown Chunky Sole Loafer Design Available Sizes: EU 39, 40, 41, 42, 43, 44, 45 Minimum Order Quantity: 8 Pairs Delivery Time: 12 Days + Shipping","_links":{"self":[{"href":"https:\/\/turkishtrade.co\/tr\/wp-json\/wp\/v2\/product\/5986","targetHints":{"allow":["GET"]}}],"collection":[{"href":"https:\/\/turkishtrade.co\/tr\/wp-json\/wp\/v2\/product"}],"about":[{"href":"https:\/\/turkishtrade.co\/tr\/wp-json\/wp\/v2\/types\/product"}],"wp:featuredmedia":[{"embeddable":true,"href":"https:\/\/turkishtrade.co\/tr\/wp-json\/wp\/v2\/media\/3961"}],"wp:attachment":[{"href":"https:\/\/turkishtrade.co\/tr\/wp-json\/wp\/v2\/media?parent=5986"}],"wp:term":[{"taxonomy":"product_brand","embeddable":true,"href":"https:\/\/turkishtrade.co\/tr\/wp-json\/wp\/v2\/product_brand?post=5986"},{"taxonomy":"product_cat","embeddable":true,"href":"https:\/\/turkishtrade.co\/tr\/wp-json\/wp\/v2\/product_cat?post=5986"},{"taxonomy":"product_tag","embeddable":true,"href":"https:\/\/turkishtrade.co\/tr\/wp-json\/wp\/v2\/product_tag?post=5986"}],"curies":[{"name":"wp","href":"https:\/\/api.w.org\/{rel}","templated":true}]}}