{"id":5983,"date":"2026-01-14T13:54:01","date_gmt":"2026-01-14T13:54:01","guid":{"rendered":"https:\/\/turkishtrade.co\/product\/mens-chunky-chain-loafers\/"},"modified":"2026-04-09T19:17:54","modified_gmt":"2026-04-09T19:17:54","slug":"mens-chunky-chain-loafers","status":"publish","type":"product","link":"https:\/\/turkishtrade.co\/tr\/shop\/mens-chunky-chain-loafers\/","title":{"rendered":"Premium Erkek T\u0131knaz Zincirli Loafer'lar | Alt\u0131n Donan\u0131ml\u0131 Dana Derisi"},"content":{"rendered":"<p><strong>Erkek Kal\u0131n Zincirli Loafer<\/strong><\/p>\n<p>Klasik sofistike ve \u00e7a\u011fda\u015f tarz\u0131n m\u00fckemmel kar\u0131\u015f\u0131m\u0131n\u0131 Premium'umuzla ke\u015ffedin <strong>Erkek Kal\u0131n Zincirli Loafer<\/strong>. Se\u00e7kin beyefendiler i\u00e7in ustal\u0131kla el yap\u0131m\u0131 olarak \u00fcretilen bu mokasen ayakkab\u0131lar, bir ayakkab\u0131dan \u00e7ok daha fazlas\u0131d\u0131r; l\u00fcks ve konforun ifadesidir. Hem g\u00fcndelik \u015f\u0131kl\u0131k hem de smart-casual durumlar i\u00e7in tasarlanan <strong>Erkek Kal\u0131n Zincirli Loafer<\/strong> her k\u0131yafeti zahmetsizce y\u00fckseltecek.<\/p>\n<h3>Benzersiz \u0130\u015f\u00e7ilik ve Birinci S\u0131n\u0131f Malzemeler<\/h3>\n<p>Bu zarif \u00e7iftlerin her biri <strong>Erkek Kal\u0131n Zincirli Loafer<\/strong> yaln\u0131zca en iyi malzemeler kullan\u0131larak titizlikle \u00fcretilmi\u015ftir. D\u0131\u015f y\u00fczeyi, esnek dokusu, dayan\u0131kl\u0131l\u0131\u011f\u0131 ve sadece ya\u015fland\u0131k\u00e7a geli\u015fen do\u011fal parlakl\u0131\u011f\u0131 ile tan\u0131nan hakiki dana derisine sahiptir. Bu birinci s\u0131n\u0131f dana derisi sadece sofistike bir estetik sa\u011flamakla kalmaz, ayn\u0131 zamanda uzun \u00f6m\u00fcrl\u00fc olmas\u0131n\u0131 sa\u011flayarak bu mokasenleri her gard\u0131rop i\u00e7in de\u011ferli bir eklenti haline getirir.<\/p>\n<p>\u0130\u00e7 k\u0131s\u0131mda, ayaklar\u0131n\u0131z ilk giyimden itibaren ola\u011fan\u00fcst\u00fc nefes alabilirlik ve rahatl\u0131k sunan yumu\u015fak ke\u00e7i derisi astar\u0131n pel\u00fc\u015f kucaklamas\u0131n\u0131 deneyimleyecek. Titiz diki\u015f ve sonland\u0131rma detaylar\u0131, her bir \u00e7ift i\u00e7in harcanan kalite ve \u00f6zen hakk\u0131nda \u00e7ok \u015fey anlat\u0131yor.<\/p>\n<h3>Modern Tasar\u0131m Kal\u0131c\u0131 Konforla Bulu\u015fuyor<\/h3>\n<p>Bizi belirleyen \u015fey <strong>Erkek Kal\u0131n Zincirli Loafer<\/strong> Bunun d\u0131\u015f\u0131nda, modern l\u00fcks ve ay\u0131rt edici bir karakter katan belirgin bir alt\u0131n tonlu zincir s\u00fcslemesine sahip benzersiz tasar\u0131mlar\u0131 vard\u0131r. Sa\u011flam EVA taban\u0131 m\u00fckemmel yast\u0131klama ve destek sa\u011flayarak, ister \u015fehir sokaklar\u0131nda geziniyor ister i\u015f ama\u00e7l\u0131 g\u00fcndelik bir etkinli\u011fe kat\u0131l\u0131yor olun, bu mokasenleri t\u00fcm g\u00fcn kullan\u0131m i\u00e7in inan\u0131lmaz derecede rahat hale getirir. 1-3 cm'lik ince topuk y\u00fcksekli\u011fi ile dengeden \u00f6d\u00fcn vermeden rahat bir y\u00fckseli\u015f sunar.<\/p>\n<p>Kal\u0131n taban tasar\u0131m\u0131 sadece bir trend de\u011fildir; \u00fcst\u00fcn kavrama ve dayan\u0131kl\u0131l\u0131k i\u00e7in tasarlanm\u0131\u015ft\u0131r ve d\u0131\u015far\u0131ya g\u00fcvenle ad\u0131m atman\u0131z\u0131 sa\u011flar.<\/p>\n<h3>Her Durum i\u00e7in \u00c7ok Y\u00f6nl\u00fcl\u00fck<\/h3>\n<p>Bu \u00e7ok y\u00f6nl\u00fc <strong>Erkek Kal\u0131n Zincirli Loafer<\/strong> 39'dan 45'e kadar kapsaml\u0131 bir beden aral\u0131\u011f\u0131nda mevcuttur ve geni\u015f bir m\u00fc\u015fteri yelpazesi i\u00e7in m\u00fckemmel bir uyum sa\u011flar. Zamans\u0131z kahverengi tonu, zarif alt\u0131n donan\u0131m\u0131 ve modern kal\u0131n taban\u0131 ile birle\u015fti\u011finde, sofistike ofis k\u0131yafetlerinden rahat hafta sonu kombinlerine kadar \u00e7e\u015fitli ortamlar i\u00e7in uygun hale gelir. Ayakkab\u0131lar\u0131nda hem stil hem de \u00f6z arayan, moday\u0131 takip eden bireyler i\u00e7in ideal bir se\u00e7imdir.<\/p>\n<p>Konforu ve inkar edilemez stilimizi kucaklay\u0131n <strong>Erkek Kal\u0131n Zincirli Loafer<\/strong> koleksiyonunuza kat\u0131n.<\/p>\n<h3>Toptan Sat\u0131\u015f Avantaj\u0131 &amp; G\u00fcvenilir Teslimat<\/h3>\n<p>Y\u00fcksek kaliteli, \u015f\u0131k ayakkab\u0131lar sunmak isteyen perakendeciler ve i\u015fletmeler i\u00e7in <strong>Erkek Kal\u0131n Zincirli Loafer<\/strong> toptan sat\u0131n al\u0131nabilir. Minimum 8 \u00e7iftlik bir sipari\u015fe ihtiya\u00e7 duyuyoruz, bu da her b\u00fcy\u00fckl\u00fckteki i\u015fletmenin bu pop\u00fcler \u00fcr\u00fcn\u00fc stoklamas\u0131na olanak tan\u0131yor. Verimli \u00fcretimimiz ve lojisti\u011fimiz, nakliye dahil yakla\u015f\u0131k 12 g\u00fcnl\u00fck bir teslimat s\u00fcresi sa\u011flayarak envanterinizi iyi bir \u015fekilde tedarik etmenizi kolayla\u015ft\u0131r\u0131r.<\/p>\n<p>M\u00fc\u015fterilerinize l\u00fcks, rahat ve trendleri belirleyen ayakkab\u0131lar sunmak i\u00e7in bizimle i\u015f birli\u011fi yap\u0131n ve \u015f\u00fcphesiz en \u00e7ok satanlar aras\u0131na girin.<\/p>","protected":false},"excerpt":{"rendered":"<ul>\n<li>Kal\u0131c\u0131 \u015f\u0131kl\u0131k i\u00e7in l\u00fcks Dana Derisi d\u0131\u015f y\u00fczeyden \u00fcretilmi\u015ftir.<\/li>\n<li>Yumu\u015fak, nefes alabilen Ke\u00e7i Derisi i\u00e7 k\u0131s\u0131m \u00fcst\u00fcn konfor sa\u011flar.<\/li>\n<li>Zarif bir g\u00f6r\u00fcn\u00fcm i\u00e7in \u015f\u0131k alt\u0131n tonlu zincir s\u00fcslemesine sahiptir.<\/li>\n<li>Modern, rahat EVA kal\u0131n taban (1-3 cm topuk y\u00fcksekli\u011fi) ile tasarlanm\u0131\u015ft\u0131r.<\/li>\n<li>Kapsaml\u0131 bir boyut yelpazesinde mevcuttur: 39, 40, 41, 42, 43, 44, 45.<\/li>\n<li>Minimum 8 \u00e7ift miktarl\u0131 toptan sipari\u015fler i\u00e7in idealdir.<\/li>\n<li>Etkili teslimat: 12 g\u00fcn art\u0131 toplu al\u0131mlar i\u00e7in nakliye s\u00fcresi.<\/li>\n<\/ul>","protected":false},"featured_media":3989,"template":"","meta":{"_acf_changed":false,"_uag_custom_page_level_css":"","site-sidebar-layout":"default","site-content-layout":"","ast-site-content-layout":"default","site-content-style":"default","site-sidebar-style":"default","ast-global-header-display":"","ast-banner-title-visibility":"","ast-main-header-display":"","ast-hfb-above-header-display":"","ast-hfb-below-header-display":"","ast-hfb-mobile-header-display":"","site-post-title":"","ast-breadcrumbs-content":"","ast-featured-img":"","footer-sml-layout":"","ast-disable-related-posts":"","theme-transparent-header-meta":"default","adv-header-id-meta":"","stick-header-meta":"","header-above-stick-meta":"","header-main-stick-meta":"","header-below-stick-meta":"","astra-migrate-meta-layouts":"set","ast-page-background-enabled":"default","ast-page-background-meta":{"desktop":{"background-color":"var(--ast-global-color-4)","background-image":"","background-repeat":"repeat","background-position":"center center","background-size":"auto","background-attachment":"scroll","background-type":"","background-media":"","overlay-type":"","overlay-color":"","overlay-opacity":"","overlay-gradient":""},"tablet":{"background-color":"","background-image":"","background-repeat":"repeat","background-position":"center center","background-size":"auto","background-attachment":"scroll","background-type":"","background-media":"","overlay-type":"","overlay-color":"","overlay-opacity":"","overlay-gradient":""},"mobile":{"background-color":"","background-image":"","background-repeat":"repeat","background-position":"center center","background-size":"auto","background-attachment":"scroll","background-type":"","background-media":"","overlay-type":"","overlay-color":"","overlay-opacity":"","overlay-gradient":""}},"ast-content-background-meta":{"desktop":{"background-color":"var(--ast-global-color-5)","background-image":"","background-repeat":"repeat","background-position":"center center","background-size":"auto","background-attachment":"scroll","background-type":"","background-media":"","overlay-type":"","overlay-color":"","overlay-opacity":"","overlay-gradient":""},"tablet":{"background-color":"var(--ast-global-color-5)","background-image":"","background-repeat":"repeat","background-position":"center center","background-size":"auto","background-attachment":"scroll","background-type":"","background-media":"","overlay-type":"","overlay-color":"","overlay-opacity":"","overlay-gradient":""},"mobile":{"background-color":"var(--ast-global-color-5)","background-image":"","background-repeat":"repeat","background-position":"center center","background-size":"auto","background-attachment":"scroll","background-type":"","background-media":"","overlay-type":"","overlay-color":"","overlay-opacity":"","overlay-gradient":""}}},"product_brand":[],"product_cat":[430,40,15],"product_tag":[147,185,512,1114,409,438,352,189,1115,198,186,184,254],"class_list":{"0":"post-5983","1":"product","2":"type-product","3":"status-publish","4":"has-post-thumbnail","6":"product_cat-men","7":"product_cat-mens-shoes","8":"product_cat-uncategorized","9":"product_tag-brown-loafers","10":"product_tag-calf-leather-shoes","11":"product_tag-casual-loafers","12":"product_tag-chain-loafers","13":"product_tag-chunky-loafers","14":"product_tag-eva-sole","15":"product_tag-formal-loafers","16":"product_tag-goat-leather-lining","17":"product_tag-gold-hardware-loafers","18":"product_tag-mens-fashion","19":"product_tag-mens-loafers","20":"product_tag-slip-on-shoes","21":"product_tag-wholesale-footwear","22":"desktop-align-center","23":"tablet-align-center","24":"mobile-align-center","26":"first","27":"instock","28":"shipping-taxable","29":"purchasable","30":"product-type-variable","31":"has-default-attributes"},"acf":[],"uagb_featured_image_src":{"full":["https:\/\/turkishtrade.co\/wp-content\/uploads\/2026\/01\/2400EJOMN00490-BROWN-DKS_7654-fusped-2-USD.png",453,250,false],"thumbnail":["https:\/\/turkishtrade.co\/wp-content\/uploads\/2026\/01\/2400EJOMN00490-BROWN-DKS_7654-fusped-2-USD-150x150.png",150,150,true],"medium":["https:\/\/turkishtrade.co\/wp-content\/uploads\/2026\/01\/2400EJOMN00490-BROWN-DKS_7654-fusped-2-USD-300x166.png",300,166,true],"medium_large":["https:\/\/turkishtrade.co\/wp-content\/uploads\/2026\/01\/2400EJOMN00490-BROWN-DKS_7654-fusped-2-USD.png",453,250,false],"large":["https:\/\/turkishtrade.co\/wp-content\/uploads\/2026\/01\/2400EJOMN00490-BROWN-DKS_7654-fusped-2-USD.png",453,250,false],"1536x1536":["https:\/\/turkishtrade.co\/wp-content\/uploads\/2026\/01\/2400EJOMN00490-BROWN-DKS_7654-fusped-2-USD.png",453,250,false],"2048x2048":["https:\/\/turkishtrade.co\/wp-content\/uploads\/2026\/01\/2400EJOMN00490-BROWN-DKS_7654-fusped-2-USD.png",453,250,false],"trp-custom-language-flag":["https:\/\/turkishtrade.co\/wp-content\/uploads\/2026\/01\/2400EJOMN00490-BROWN-DKS_7654-fusped-2-USD-18x10.png",18,10,true],"woocommerce_thumbnail":["https:\/\/turkishtrade.co\/wp-content\/uploads\/2026\/01\/2400EJOMN00490-BROWN-DKS_7654-fusped-2-USD-400x250.png",400,250,true],"woocommerce_single":["https:\/\/turkishtrade.co\/wp-content\/uploads\/2026\/01\/2400EJOMN00490-BROWN-DKS_7654-fusped-2-USD.png",453,250,false],"woocommerce_gallery_thumbnail":["https:\/\/turkishtrade.co\/wp-content\/uploads\/2026\/01\/2400EJOMN00490-BROWN-DKS_7654-fusped-2-USD-100x100.png",100,100,true]},"uagb_author_info":{"display_name":"yaser olabi","author_link":"https:\/\/turkishtrade.co\/tr\/author\/"},"uagb_comment_info":0,"uagb_excerpt":"Crafted from luxurious Calf Leather exterior for lasting elegance. Soft, breathable Goat Leather interior ensures superior comfort. Features a stylish gold-tone chain embellishment for a refined look. Designed with a modern, comfortable EVA chunky sole (1-3 cm heel height). Available in a comprehensive range of sizes: 39, 40, 41, 42, 43, 44, 45. Ideal for&hellip;","_links":{"self":[{"href":"https:\/\/turkishtrade.co\/tr\/wp-json\/wp\/v2\/product\/5983","targetHints":{"allow":["GET"]}}],"collection":[{"href":"https:\/\/turkishtrade.co\/tr\/wp-json\/wp\/v2\/product"}],"about":[{"href":"https:\/\/turkishtrade.co\/tr\/wp-json\/wp\/v2\/types\/product"}],"wp:featuredmedia":[{"embeddable":true,"href":"https:\/\/turkishtrade.co\/tr\/wp-json\/wp\/v2\/media\/3989"}],"wp:attachment":[{"href":"https:\/\/turkishtrade.co\/tr\/wp-json\/wp\/v2\/media?parent=5983"}],"wp:term":[{"taxonomy":"product_brand","embeddable":true,"href":"https:\/\/turkishtrade.co\/tr\/wp-json\/wp\/v2\/product_brand?post=5983"},{"taxonomy":"product_cat","embeddable":true,"href":"https:\/\/turkishtrade.co\/tr\/wp-json\/wp\/v2\/product_cat?post=5983"},{"taxonomy":"product_tag","embeddable":true,"href":"https:\/\/turkishtrade.co\/tr\/wp-json\/wp\/v2\/product_tag?post=5983"}],"curies":[{"name":"wp","href":"https:\/\/api.w.org\/{rel}","templated":true}]}}