{"id":5980,"date":"2026-01-14T13:53:37","date_gmt":"2026-01-14T13:53:37","guid":{"rendered":"https:\/\/turkishtrade.co\/product\/mens-navy-suede-chunky-loafers\/"},"modified":"2026-04-09T19:17:59","modified_gmt":"2026-04-09T19:17:59","slug":"mens-navy-suede-chunky-loafers","status":"publish","type":"product","link":"https:\/\/turkishtrade.co\/tr\/shop\/mens-navy-suede-chunky-loafers\/","title":{"rendered":"Premium Erkek Lacivert S\u00fcet Tokal\u0131 T\u0131knaz Loafer"},"content":{"rendered":"<p><strong>Erkek Lacivert S\u00fcet T\u0131knaz Loafer<\/strong><\/p>\n<p>Ayakkab\u0131 koleksiyonunuzu se\u00e7kin \u00fcr\u00fcnlerimizle geli\u015ftirin <b>Erkek Lacivert S\u00fcet T\u0131knaz Loafer<\/b>, Hem stil hem de konfora de\u011fer veren modern beyefendiler i\u00e7in tasarland\u0131. Bunlar herhangi bir mokasen ayakkab\u0131 de\u011fil; klasik \u015f\u0131kl\u0131\u011f\u0131 \u00e7a\u011fda\u015f sa\u011flaml\u0131kla harmanlayan bir ifade par\u00e7as\u0131. \u015e\u0131k g\u00fcndelik k\u0131yafetlerden daha rahat g\u00f6r\u00fcn\u00fcmlere kadar her kombine sofistike bir cazibe katmak i\u00e7in m\u00fckemmel olan bu <b>Erkek Lacivert S\u00fcet T\u0131knaz Loafer<\/b> se\u00e7ici bireyler i\u00e7in sahip olunmas\u0131 gereken bir \u00fcr\u00fcnd\u00fcr.<\/p>\n<h3>Benzersiz \u0130\u015f\u00e7ilik ve \u00dcst\u00fcn Kaliteli Malzemeler<\/h3>\n<p>Her bir \u00e7iftimiz <b>Erkek Lacivert S\u00fcet T\u0131knaz Loafer<\/b> \u00fcst\u00fcn i\u015f\u00e7ilik ve y\u00fcksek kaliteli malzeme kullan\u0131m\u0131n\u0131n bir kan\u0131t\u0131d\u0131r. L\u00fcks s\u00fcet kaplamal\u0131 hakiki dana derisinden titizlikle \u00fcretilen d\u0131\u015f y\u00fczeyi, yumu\u015fak dokusu ve zengin lacivert tonuyla her kalabal\u0131\u011f\u0131n i\u00e7inde \u00f6ne \u00e7\u0131kar. Nefes alabilirli\u011fi ve cilde verdi\u011fi yumu\u015fak his ile bilinen, tamamen ke\u00e7i derisi ile kapl\u0131 i\u00e7 k\u0131sm\u0131 ile \u00fcst\u00fcn konfora sahip olun.<\/p>\n<p>Bu \u00f6zenli kombinasyon, ayaklar\u0131n\u0131z\u0131 g\u00fcn boyunca rahat tutarak ola\u011fan\u00fcst\u00fc bir kullan\u0131m deneyimi sa\u011flar. Bu mokasen ayakkab\u0131lar\u0131n temelini olu\u015fturan sa\u011flam ancak \u015fa\u015f\u0131rt\u0131c\u0131 derecede hafif EVA taban, m\u00fckemmel \u015fok emilimi ve \u00e7e\u015fitli y\u00fczeylerde g\u00fcvenilir \u00e7eki\u015f g\u00fcc\u00fc sunarak bu ayakkab\u0131lar\u0131 <b>Erkek Lacivert S\u00fcet T\u0131knaz Loafer<\/b> \u015f\u0131k olduklar\u0131 kadar pratiktirler.<\/p>\n<h3>G\u00fcnl\u00fck \u00c7ok Y\u00f6nl\u00fcl\u00fck ile \u015e\u0131k Tasar\u0131m<\/h3>\n<p>Bunlar\u0131 ger\u00e7ekten belirleyen \u015fey <b>Erkek Lacivert S\u00fcet T\u0131knaz Loafer<\/b> ay\u0131rt edici tasar\u0131mlar\u0131d\u0131r. Belirgin kal\u0131n taban\u0131 yaln\u0131zca g\u00fcncel moda trendlerine uyum sa\u011flamakla kalmaz, ayn\u0131 zamanda y\u00fcksek bir duru\u015f ve ek yast\u0131klama sa\u011flayarak her ad\u0131mda rahatl\u0131k sunar. Zarif s\u00fcet sayay\u0131 tamamlayan zarif metal toka detay\u0131, ayakkab\u0131n\u0131n modern esteti\u011fini bast\u0131rmadan klasik sofistike bir dokunu\u015f kat\u0131yor.<\/p>\n<p>Bunlar <b>Erkek Lacivert S\u00fcet T\u0131knaz Loafer<\/b> son derece \u00e7ok y\u00f6nl\u00fcd\u00fcr; \u015f\u0131k ve rahat bir ofis g\u00f6r\u00fcn\u00fcm\u00fc i\u00e7in \u00f6zel dikim pantolonlarla e\u015fle\u015ftirin veya rahat bir hafta sonu gezmesi i\u00e7in kot pantolon ve polo ti\u015f\u00f6rt ile giydirin.<\/p>\n<p>G\u00fcnd\u00fcz etkinliklerinden ak\u015fam etkinliklerine sorunsuz bir \u015fekilde ge\u00e7i\u015f yapmak i\u00e7in tasarlanm\u0131\u015ft\u0131r ve her zaman \u015f\u0131k ve g\u00fcven i\u00e7inde ad\u0131m atman\u0131z\u0131 sa\u011flar.<\/p>\n<h3>Bulunabilirlik ve Sipari\u015f Bilgileri<\/h3>\n<p>Premium \u00fcr\u00fcnlerimiz <b>Erkek Lacivert S\u00fcet T\u0131knaz Loafer<\/b> 39'dan 45'e kadar kapsaml\u0131 bir AB beden yelpazesinde mevcuttur ve geni\u015f bir m\u00fc\u015fteri yelpazesi i\u00e7in m\u00fckemmel bir uyum sa\u011flar. Hem bireysel stil merakl\u0131lar\u0131na hem de y\u00fcksek kaliteli ayakkab\u0131 stoklamak isteyen i\u015fletmelere hitap ediyoruz. Toptan sat\u0131\u015f talepleri i\u00e7in l\u00fctfen minimum 8 \u00e7ift sipari\u015f miktar\u0131 gerekti\u011fini unutmay\u0131n, bu da onlar\u0131 perakendeciler i\u00e7in ideal hale getirir.<\/p>\n<p>\u00dcretim i\u00e7in sadece 12 g\u00fcnl\u00fck bir teslim s\u00fcresi ve ard\u0131ndan bulundu\u011funuz yere h\u0131zl\u0131 sevkiyat ile verimli \u00fcretim konusunda kendimizle gurur duyuyoruz. Bu se\u00e7kin \u00fcr\u00fcnlerle kaliteye, konfora ve inkar edilemez bir stile yat\u0131r\u0131m yap\u0131n <b>Erkek Lacivert S\u00fcet T\u0131knaz Loafer<\/b> - se\u00e7kin gard\u0131roplar i\u00e7in m\u00fckemmel bir tamamlay\u0131c\u0131d\u0131r.<\/p>","protected":false},"excerpt":{"rendered":"<ul>\n<li><b>Premium S\u00fcet D\u0131\u015f Y\u00fczey:<\/b> Sofistike bir g\u00f6r\u00fcn\u00fcm i\u00e7in y\u00fcksek kaliteli dana s\u00fcetinden ustal\u0131kla \u00fcretilmi\u015ftir.<\/li>\n<li><b>L\u00fcks \u0130\u00e7 Mekan:<\/b> Ola\u011fan\u00fcst\u00fc konfor sa\u011flayan yumu\u015fak, nefes alabilen ke\u00e7i derisi ile astarlanm\u0131\u015ft\u0131r.<\/li>\n<li><b>Dayan\u0131kl\u0131 ve Hafif Taban:<\/b> \u00dcst\u00fcn tutu\u015f ve g\u00fcn boyu kullan\u0131m i\u00e7in sa\u011flam ancak hafif EVA tabana sahiptir.<\/li>\n<li><b>\u00c7a\u011fda\u015f Tasar\u0131m:<\/b> Kendine \u00f6zg\u00fc kal\u0131n taban\u0131 ve \u015f\u0131k metal toka detay\u0131yla modern moda i\u00e7in m\u00fckemmeldir.<\/li>\n<li><b>Mevcut Boyutlar:<\/b> 39'dan 45'e kadar kapsaml\u0131 bir AB beden yelpazesinde sunulmaktad\u0131r.<\/li>\n<li><b>Toplu Bulunabilirlik:<\/b> Toptan al\u0131m i\u00e7in minimum 8 \u00e7ift sipari\u015f miktar\u0131 mevcuttur.<\/li>\n<li><b>\u00dcretim ve Teslimat:<\/b> \u00dcretim ve nakliye i\u00e7in 12 g\u00fcnl\u00fck teslim s\u00fcresinin keyfini \u00e7\u0131kar\u0131n.<\/li>\n<\/ul>","protected":false},"featured_media":3988,"template":"","meta":{"_acf_changed":false,"_uag_custom_page_level_css":"","site-sidebar-layout":"default","site-content-layout":"","ast-site-content-layout":"default","site-content-style":"default","site-sidebar-style":"default","ast-global-header-display":"","ast-banner-title-visibility":"","ast-main-header-display":"","ast-hfb-above-header-display":"","ast-hfb-below-header-display":"","ast-hfb-mobile-header-display":"","site-post-title":"","ast-breadcrumbs-content":"","ast-featured-img":"","footer-sml-layout":"","ast-disable-related-posts":"","theme-transparent-header-meta":"default","adv-header-id-meta":"","stick-header-meta":"","header-above-stick-meta":"","header-main-stick-meta":"","header-below-stick-meta":"","astra-migrate-meta-layouts":"set","ast-page-background-enabled":"default","ast-page-background-meta":{"desktop":{"background-color":"var(--ast-global-color-4)","background-image":"","background-repeat":"repeat","background-position":"center center","background-size":"auto","background-attachment":"scroll","background-type":"","background-media":"","overlay-type":"","overlay-color":"","overlay-opacity":"","overlay-gradient":""},"tablet":{"background-color":"","background-image":"","background-repeat":"repeat","background-position":"center center","background-size":"auto","background-attachment":"scroll","background-type":"","background-media":"","overlay-type":"","overlay-color":"","overlay-opacity":"","overlay-gradient":""},"mobile":{"background-color":"","background-image":"","background-repeat":"repeat","background-position":"center center","background-size":"auto","background-attachment":"scroll","background-type":"","background-media":"","overlay-type":"","overlay-color":"","overlay-opacity":"","overlay-gradient":""}},"ast-content-background-meta":{"desktop":{"background-color":"var(--ast-global-color-5)","background-image":"","background-repeat":"repeat","background-position":"center center","background-size":"auto","background-attachment":"scroll","background-type":"","background-media":"","overlay-type":"","overlay-color":"","overlay-opacity":"","overlay-gradient":""},"tablet":{"background-color":"var(--ast-global-color-5)","background-image":"","background-repeat":"repeat","background-position":"center center","background-size":"auto","background-attachment":"scroll","background-type":"","background-media":"","overlay-type":"","overlay-color":"","overlay-opacity":"","overlay-gradient":""},"mobile":{"background-color":"var(--ast-global-color-5)","background-image":"","background-repeat":"repeat","background-position":"center center","background-size":"auto","background-attachment":"scroll","background-type":"","background-media":"","overlay-type":"","overlay-color":"","overlay-opacity":"","overlay-gradient":""}}},"product_brand":[],"product_cat":[430,40,15],"product_tag":[315,1028,449,409,438,352,189,215,198,186,1093,479,362,184,546,149],"class_list":{"0":"post-5980","1":"product","2":"type-product","3":"status-publish","4":"has-post-thumbnail","6":"product_cat-men","7":"product_cat-mens-shoes","8":"product_cat-uncategorized","9":"product_tag-buckle-loafers","10":"product_tag-calf-suede","11":"product_tag-casual-shoes","12":"product_tag-chunky-loafers","13":"product_tag-eva-sole","14":"product_tag-formal-loafers","15":"product_tag-goat-leather-lining","16":"product_tag-leather-loafers","17":"product_tag-mens-fashion","18":"product_tag-mens-loafers","19":"product_tag-modern-loafers","20":"product_tag-navy-shoes","21":"product_tag-premium-footwear","22":"product_tag-slip-on-shoes","23":"product_tag-stylish-mens-shoes","24":"product_tag-suede-loafers","25":"desktop-align-center","26":"tablet-align-center","27":"mobile-align-center","29":"first","30":"instock","31":"shipping-taxable","32":"purchasable","33":"product-type-variable","34":"has-default-attributes"},"acf":[],"uagb_featured_image_src":{"full":["https:\/\/turkishtrade.co\/wp-content\/uploads\/2026\/01\/2400EJOMN00489-BLUE-DKS_7654-fusped-2-USD.png",453,250,false],"thumbnail":["https:\/\/turkishtrade.co\/wp-content\/uploads\/2026\/01\/2400EJOMN00489-BLUE-DKS_7654-fusped-2-USD-150x150.png",150,150,true],"medium":["https:\/\/turkishtrade.co\/wp-content\/uploads\/2026\/01\/2400EJOMN00489-BLUE-DKS_7654-fusped-2-USD-300x166.png",300,166,true],"medium_large":["https:\/\/turkishtrade.co\/wp-content\/uploads\/2026\/01\/2400EJOMN00489-BLUE-DKS_7654-fusped-2-USD.png",453,250,false],"large":["https:\/\/turkishtrade.co\/wp-content\/uploads\/2026\/01\/2400EJOMN00489-BLUE-DKS_7654-fusped-2-USD.png",453,250,false],"1536x1536":["https:\/\/turkishtrade.co\/wp-content\/uploads\/2026\/01\/2400EJOMN00489-BLUE-DKS_7654-fusped-2-USD.png",453,250,false],"2048x2048":["https:\/\/turkishtrade.co\/wp-content\/uploads\/2026\/01\/2400EJOMN00489-BLUE-DKS_7654-fusped-2-USD.png",453,250,false],"trp-custom-language-flag":["https:\/\/turkishtrade.co\/wp-content\/uploads\/2026\/01\/2400EJOMN00489-BLUE-DKS_7654-fusped-2-USD-18x10.png",18,10,true],"woocommerce_thumbnail":["https:\/\/turkishtrade.co\/wp-content\/uploads\/2026\/01\/2400EJOMN00489-BLUE-DKS_7654-fusped-2-USD-400x250.png",400,250,true],"woocommerce_single":["https:\/\/turkishtrade.co\/wp-content\/uploads\/2026\/01\/2400EJOMN00489-BLUE-DKS_7654-fusped-2-USD.png",453,250,false],"woocommerce_gallery_thumbnail":["https:\/\/turkishtrade.co\/wp-content\/uploads\/2026\/01\/2400EJOMN00489-BLUE-DKS_7654-fusped-2-USD-100x100.png",100,100,true]},"uagb_author_info":{"display_name":"yaser olabi","author_link":"https:\/\/turkishtrade.co\/tr\/author\/"},"uagb_comment_info":0,"uagb_excerpt":"Premium Suede Exterior: Expertly crafted from high-grade calf suede for a sophisticated look. Luxurious Interior: Lined with soft, breathable goat leather ensuring exceptional comfort. Durable &amp; Lightweight Sole: Features a robust yet lightweight EVA sole for superior traction and all-day wear. Contemporary Design: Boasts a distinctive chunky sole and stylish metal buckle detail, perfect for&hellip;","_links":{"self":[{"href":"https:\/\/turkishtrade.co\/tr\/wp-json\/wp\/v2\/product\/5980","targetHints":{"allow":["GET"]}}],"collection":[{"href":"https:\/\/turkishtrade.co\/tr\/wp-json\/wp\/v2\/product"}],"about":[{"href":"https:\/\/turkishtrade.co\/tr\/wp-json\/wp\/v2\/types\/product"}],"wp:featuredmedia":[{"embeddable":true,"href":"https:\/\/turkishtrade.co\/tr\/wp-json\/wp\/v2\/media\/3988"}],"wp:attachment":[{"href":"https:\/\/turkishtrade.co\/tr\/wp-json\/wp\/v2\/media?parent=5980"}],"wp:term":[{"taxonomy":"product_brand","embeddable":true,"href":"https:\/\/turkishtrade.co\/tr\/wp-json\/wp\/v2\/product_brand?post=5980"},{"taxonomy":"product_cat","embeddable":true,"href":"https:\/\/turkishtrade.co\/tr\/wp-json\/wp\/v2\/product_cat?post=5980"},{"taxonomy":"product_tag","embeddable":true,"href":"https:\/\/turkishtrade.co\/tr\/wp-json\/wp\/v2\/product_tag?post=5980"}],"curies":[{"name":"wp","href":"https:\/\/api.w.org\/{rel}","templated":true}]}}