{"id":5978,"date":"2026-01-14T13:53:11","date_gmt":"2026-01-14T13:53:11","guid":{"rendered":"https:\/\/turkishtrade.co\/product\/men-s-crocodile-embossed-derbies\/"},"modified":"2026-04-09T19:18:03","modified_gmt":"2026-04-09T19:18:03","slug":"mens-crocodile-embossed-derbies","status":"publish","type":"product","link":"https:\/\/turkishtrade.co\/tr\/shop\/mens-crocodile-embossed-derbies\/","title":{"rendered":"Erkek L\u00fcks Kahverengi Timsah Kabartmal\u0131 Deri Platform Derby Ayakkab\u0131"},"content":{"rendered":"<p><strong>Erkek Timsah Kabartmal\u0131 Derbiler<\/strong><\/p>\n<p>Muhte\u015fem ayakkab\u0131 koleksiyonumuzla ayakkab\u0131 koleksiyonunuzu y\u00fckseltin <strong>Erkek Timsah Kabartmal\u0131 Derbiler<\/strong>, l\u00fcks tasar\u0131m\u0131n ve \u00fcst\u00fcn i\u015f\u00e7ili\u011fin ger\u00e7ek bir kan\u0131t\u0131d\u0131r. Bunlar sadece ayakkab\u0131 de\u011fil; bir ifade. Titizlikle el i\u015f\u00e7ili\u011fiyle \u00fcretilen bu derbiler, sofistike ve benzersiz bir stil yans\u0131tan \u00e7arp\u0131c\u0131 timsah kabartmal\u0131 deseniyle zengin, gradyan kahverengi bir kaplamaya sahiptir. Se\u00e7kin beyefendiler i\u00e7in tasarlanan bu ayakkab\u0131lar, klasik \u015f\u0131kl\u0131\u011f\u0131 \u00e7a\u011fda\u015f bir tarzla kusursuz bir \u015fekilde harmanl\u0131yor.<\/p>\n<p>Bu ola\u011fan\u00fcst\u00fc ayakkab\u0131lar\u0131n d\u0131\u015f y\u00fczeyi, dayan\u0131kl\u0131l\u0131\u011f\u0131, esnek dokusu ve karma\u015f\u0131k desenleri g\u00fczel bir \u015fekilde tutma kabiliyetiyle tan\u0131nan y\u00fcksek kaliteli dana derisinden \u00fcretilmi\u015ftir. Timsah kabartmas\u0131 sadece bir tasar\u0131m de\u011fil, ayn\u0131 zamanda bir sanat eseridir ve ba\u015f d\u00f6nd\u00fcren farkl\u0131 bir doku ve g\u00f6rsel derinlik sa\u011flar. Bu l\u00fcks d\u0131\u015f kabu\u011fu tamamlayan yumu\u015fak, nefes alabilen ke\u00e7i derisiyle kapl\u0131 i\u00e7 k\u0131s\u0131m, her ad\u0131mda benzersiz bir konfor sa\u011flar.<\/p>\n<p>Ke\u00e7i derisi aya\u011f\u0131n\u0131za uyum sa\u011flayarak \u00f6zel bir his verir ve nemi uzakla\u015ft\u0131rarak bu derbileri uzun s\u00fcreli kullan\u0131m i\u00e7in uygun hale getirir.<\/p>\n<h3>Rakipsiz Konfor Cesur Tarzla Bulu\u015fuyor<\/h3>\n<p>Bunlar\u0131n en ay\u0131rt edici \u00f6zelliklerinden biri <strong>Erkek Timsah Kabartmal\u0131 Derbiler<\/strong> sa\u011flam ama hafif EVA platform taban\u0131d\u0131r. Bu kal\u0131n taban sadece m\u00fckemmel \u015fok emilimi ve g\u00fcn boyu konfor sa\u011flamakla kalmaz, ayn\u0131 zamanda \u00f6nemli bir stil unsuru da ekler. Yakla\u015f\u0131k 4-9 cm topuk y\u00fcksekli\u011fine sahip taban, dengeden \u00f6d\u00fcn vermeden \u015f\u0131k ve y\u00fcksek bir profile katk\u0131da bulunur.<\/p>\n<p>Taban\u0131n yan taraf\u0131ndaki benzersiz katmanl\u0131 tasar\u0131m, modern \u00e7ekicili\u011fini daha da art\u0131rarak bu derbileri hem g\u00fcndelik hem de yar\u0131 resmi durumlar i\u00e7in g\u00f6ze \u00e7arpan bir se\u00e7im haline getiriyor.<\/p>\n<p>\u0130ster sosyal bir toplant\u0131da cesur bir a\u00e7\u0131klama yapmak isteyin, ister g\u00fcnl\u00fck i\u015f k\u0131yafetleriniz i\u00e7in sofistike ayakkab\u0131lar ar\u0131yor olun, bu <strong>Erkek Timsah Kabartmal\u0131 Derbiler<\/strong> ola\u011fan\u00fcst\u00fc \u00e7ok y\u00f6nl\u00fcl\u00fck sunar. \u00d6zel dikim pantolonlar, \u015f\u0131k kot pantolonlar ve hatta modern tak\u0131m elbiselerle m\u00fckemmel uyum sa\u011flayarak her tak\u0131ma egzotik bir l\u00fcks dokunu\u015fu katar. 39'dan 45'e kadar geni\u015f bir beden yelpazesinde mevcuttur ve geni\u015f bir ayak yelpazesi i\u00e7in m\u00fckemmel bir uyum sa\u011flar.<\/p>\n<h3>Premium Derbilerinizi Bug\u00fcn Sipari\u015f Edin<\/h3>\n<p>Perakendeciler ve i\u015fletmeler i\u00e7in bu premium derbiler, minimum 8 \u00e7iftlik toplu sipari\u015fler i\u00e7in mevcuttur. Sipari\u015flerin 12 g\u00fcn art\u0131 kargo s\u00fcresi i\u00e7inde g\u00f6nderilmesiyle zaman\u0131nda teslimat konusunda kendimizle gurur duyuyoruz. Her gard\u0131rop i\u00e7in de\u011ferli bir eklenti olmay\u0131 vaat eden bu zarif erkek ayakkab\u0131lar\u0131yla kaliteye, rahatl\u0131\u011fa ve inkar edilemez stile yat\u0131r\u0131m yap\u0131n.<\/p>","protected":false},"excerpt":{"rendered":"<ul>\n<li><strong>M\u00fckemmel i\u015f\u00e7ilik:<\/strong> Birinci s\u0131n\u0131f dana derisinden el yap\u0131m\u0131 d\u0131\u015f y\u00fczeyi, kendine \u00f6zg\u00fc kahverengi timsah kabartmal\u0131 desene sahiptir.<\/li>\n<li><strong>\u00dcst\u00fcn Konfor:<\/strong> Ola\u011fan\u00fcst\u00fc i\u00e7 konfor ve nefes alabilirlik i\u00e7in yumu\u015fak ke\u00e7i derisi ile astarlanm\u0131\u015ft\u0131r.<\/li>\n<li><strong>Kal\u0131n EVA Platform Taban:<\/strong> Modern bir estetik ve geli\u015fmi\u015f yast\u0131klama i\u00e7in benzersiz katmanl\u0131, kal\u0131n platform tasar\u0131m\u0131na (yakla\u015f\u0131k 4-9 cm topuk y\u00fcksekli\u011fi) sahip dayan\u0131kl\u0131 ve hafif bir EVA tabana sahiptir.<\/li>\n<li><strong>\u00c7ok Y\u00f6nl\u00fc Boyutland\u0131rma:<\/strong> 39'dan 45'e kadar kapsaml\u0131 bir Avrupa beden yelpazesinde mevcuttur.<\/li>\n<li><strong>Toplu Sipari\u015f Kullan\u0131labilirli\u011fi:<\/strong> Minimum 8 \u00e7ift sipari\u015f. 12 g\u00fcn i\u00e7inde teslimat art\u0131 nakliye.<\/li>\n<\/ul>","protected":false},"featured_media":3987,"template":"","meta":{"_acf_changed":false,"_uag_custom_page_level_css":"","site-sidebar-layout":"default","site-content-layout":"","ast-site-content-layout":"default","site-content-style":"default","site-sidebar-style":"default","ast-global-header-display":"","ast-banner-title-visibility":"","ast-main-header-display":"","ast-hfb-above-header-display":"","ast-hfb-below-header-display":"","ast-hfb-mobile-header-display":"","site-post-title":"","ast-breadcrumbs-content":"","ast-featured-img":"","footer-sml-layout":"","ast-disable-related-posts":"","theme-transparent-header-meta":"default","adv-header-id-meta":"","stick-header-meta":"","header-above-stick-meta":"","header-main-stick-meta":"","header-below-stick-meta":"","astra-migrate-meta-layouts":"set","ast-page-background-enabled":"default","ast-page-background-meta":{"desktop":{"background-color":"var(--ast-global-color-4)","background-image":"","background-repeat":"repeat","background-position":"center center","background-size":"auto","background-attachment":"scroll","background-type":"","background-media":"","overlay-type":"","overlay-color":"","overlay-opacity":"","overlay-gradient":""},"tablet":{"background-color":"","background-image":"","background-repeat":"repeat","background-position":"center center","background-size":"auto","background-attachment":"scroll","background-type":"","background-media":"","overlay-type":"","overlay-color":"","overlay-opacity":"","overlay-gradient":""},"mobile":{"background-color":"","background-image":"","background-repeat":"repeat","background-position":"center center","background-size":"auto","background-attachment":"scroll","background-type":"","background-media":"","overlay-type":"","overlay-color":"","overlay-opacity":"","overlay-gradient":""}},"ast-content-background-meta":{"desktop":{"background-color":"var(--ast-global-color-5)","background-image":"","background-repeat":"repeat","background-position":"center center","background-size":"auto","background-attachment":"scroll","background-type":"","background-media":"","overlay-type":"","overlay-color":"","overlay-opacity":"","overlay-gradient":""},"tablet":{"background-color":"var(--ast-global-color-5)","background-image":"","background-repeat":"repeat","background-position":"center center","background-size":"auto","background-attachment":"scroll","background-type":"","background-media":"","overlay-type":"","overlay-color":"","overlay-opacity":"","overlay-gradient":""},"mobile":{"background-color":"var(--ast-global-color-5)","background-image":"","background-repeat":"repeat","background-position":"center center","background-size":"auto","background-attachment":"scroll","background-type":"","background-media":"","overlay-type":"","overlay-color":"","overlay-opacity":"","overlay-gradient":""}}},"product_brand":[],"product_cat":[48,49,430,40,15],"product_tag":[292,202,1112,212,438,697,732,959,437,450,1110,1111,406],"class_list":{"0":"post-5978","1":"product","2":"type-product","3":"status-publish","4":"has-post-thumbnail","6":"product_cat-casual","7":"product_cat-loafer","8":"product_cat-men","9":"product_cat-mens-shoes","10":"product_cat-uncategorized","11":"product_tag-brown-leather-shoes","12":"product_tag-calf-leather","13":"product_tag-chunky-sole-derbies","14":"product_tag-derby-shoes","15":"product_tag-eva-sole","16":"product_tag-exotic-leather-shoes","17":"product_tag-fashion-shoes","18":"product_tag-formal-casual-shoes","19":"product_tag-goat-leather","20":"product_tag-handcrafted-shoes","21":"product_tag-mens-crocodile-embossed-derbies","22":"product_tag-mens-platform-shoes","23":"product_tag-premium-shoes","24":"desktop-align-center","25":"tablet-align-center","26":"mobile-align-center","28":"first","29":"instock","30":"shipping-taxable","31":"purchasable","32":"product-type-variable","33":"has-default-attributes"},"acf":[],"uagb_featured_image_src":{"full":["https:\/\/turkishtrade.co\/wp-content\/uploads\/2026\/01\/2400EJOMN00488-BROWN-Y_12582-6-USD.png",453,250,false],"thumbnail":["https:\/\/turkishtrade.co\/wp-content\/uploads\/2026\/01\/2400EJOMN00488-BROWN-Y_12582-6-USD-150x150.png",150,150,true],"medium":["https:\/\/turkishtrade.co\/wp-content\/uploads\/2026\/01\/2400EJOMN00488-BROWN-Y_12582-6-USD-300x166.png",300,166,true],"medium_large":["https:\/\/turkishtrade.co\/wp-content\/uploads\/2026\/01\/2400EJOMN00488-BROWN-Y_12582-6-USD.png",453,250,false],"large":["https:\/\/turkishtrade.co\/wp-content\/uploads\/2026\/01\/2400EJOMN00488-BROWN-Y_12582-6-USD.png",453,250,false],"1536x1536":["https:\/\/turkishtrade.co\/wp-content\/uploads\/2026\/01\/2400EJOMN00488-BROWN-Y_12582-6-USD.png",453,250,false],"2048x2048":["https:\/\/turkishtrade.co\/wp-content\/uploads\/2026\/01\/2400EJOMN00488-BROWN-Y_12582-6-USD.png",453,250,false],"trp-custom-language-flag":["https:\/\/turkishtrade.co\/wp-content\/uploads\/2026\/01\/2400EJOMN00488-BROWN-Y_12582-6-USD-18x10.png",18,10,true],"woocommerce_thumbnail":["https:\/\/turkishtrade.co\/wp-content\/uploads\/2026\/01\/2400EJOMN00488-BROWN-Y_12582-6-USD-400x250.png",400,250,true],"woocommerce_single":["https:\/\/turkishtrade.co\/wp-content\/uploads\/2026\/01\/2400EJOMN00488-BROWN-Y_12582-6-USD.png",453,250,false],"woocommerce_gallery_thumbnail":["https:\/\/turkishtrade.co\/wp-content\/uploads\/2026\/01\/2400EJOMN00488-BROWN-Y_12582-6-USD-100x100.png",100,100,true]},"uagb_author_info":{"display_name":"yaser olabi","author_link":"https:\/\/turkishtrade.co\/tr\/author\/"},"uagb_comment_info":0,"uagb_excerpt":"Exquisite Craftsmanship: Handcrafted with premium calf leather exterior, featuring a distinctive brown crocodile embossed pattern. Superior Comfort: Lined with soft goat leather for exceptional interior comfort and breathability. Chunky EVA Platform Sole: Features a durable and lightweight EVA sole with a unique layered, chunky platform design (approx. 4-9cm heel height) for a modern aesthetic and&hellip;","_links":{"self":[{"href":"https:\/\/turkishtrade.co\/tr\/wp-json\/wp\/v2\/product\/5978","targetHints":{"allow":["GET"]}}],"collection":[{"href":"https:\/\/turkishtrade.co\/tr\/wp-json\/wp\/v2\/product"}],"about":[{"href":"https:\/\/turkishtrade.co\/tr\/wp-json\/wp\/v2\/types\/product"}],"wp:featuredmedia":[{"embeddable":true,"href":"https:\/\/turkishtrade.co\/tr\/wp-json\/wp\/v2\/media\/3987"}],"wp:attachment":[{"href":"https:\/\/turkishtrade.co\/tr\/wp-json\/wp\/v2\/media?parent=5978"}],"wp:term":[{"taxonomy":"product_brand","embeddable":true,"href":"https:\/\/turkishtrade.co\/tr\/wp-json\/wp\/v2\/product_brand?post=5978"},{"taxonomy":"product_cat","embeddable":true,"href":"https:\/\/turkishtrade.co\/tr\/wp-json\/wp\/v2\/product_cat?post=5978"},{"taxonomy":"product_tag","embeddable":true,"href":"https:\/\/turkishtrade.co\/tr\/wp-json\/wp\/v2\/product_tag?post=5978"}],"curies":[{"name":"wp","href":"https:\/\/api.w.org\/{rel}","templated":true}]}}