{"id":5976,"date":"2026-01-14T13:52:50","date_gmt":"2026-01-14T13:52:50","guid":{"rendered":"https:\/\/turkishtrade.co\/product\/mens-leather-chunky-loafers\/"},"modified":"2026-04-09T19:18:06","modified_gmt":"2026-04-09T19:18:06","slug":"mens-leather-chunky-loafers","status":"publish","type":"product","link":"https:\/\/turkishtrade.co\/tr\/shop\/mens-leather-chunky-loafers\/","title":{"rendered":"At Ucu Detayl\u0131 Premium Erkek Deri T\u0131knaz Loafer"},"content":{"rendered":"<p><strong>Erkek Deri Kal\u0131n Loaferlar<\/strong><\/p>\n<p>Zarif \u00fcr\u00fcnlerimizle klasik \u015f\u0131kl\u0131\u011f\u0131n \u00e7a\u011fda\u015f tarzla bulu\u015ftu\u011fu bir d\u00fcnyaya ad\u0131m at\u0131n <strong>Erkek Deri Kal\u0131n Loaferlar<\/strong>. Se\u00e7kin beyefendiler i\u00e7in titizlikle haz\u0131rlanan bu mokasen ayakkab\u0131lar sadece bir ayakkab\u0131 de\u011fil; sofistike bir zevkin ve benzersiz bir konforun ifadesidir. G\u00fcnl\u00fck i\u015f hayat\u0131ndan hafta sonu \u015f\u0131kl\u0131\u011f\u0131na sorunsuzca ge\u00e7i\u015f yapmak i\u00e7in tasarlanan <strong>Erkek Deri Kal\u0131n Loaferlar<\/strong> her k\u0131yafetle \u00e7ok y\u00f6nl\u00fcl\u00fck sunan zengin, koyu kahverengi bir renk tonuna sahiptir.<\/p>\n<p>D\u0131\u015f y\u00fczey, dayan\u0131kl\u0131l\u0131\u011f\u0131 ve l\u00fcks hissiyle tan\u0131nan birinci s\u0131n\u0131f, esnek dana derisinden \u00fcretilmi\u015ftir. Bu y\u00fcksek kaliteli d\u0131\u015f y\u00fczey, zaman i\u00e7inde ki\u015fisel hikayenizi anlatan benzersiz bir patina geli\u015ftirerek g\u00fczel bir \u015fekilde ya\u015flanmay\u0131 vaat ediyor. Bunu tamamlayan i\u00e7 k\u0131s\u0131m, uzun s\u00fcreli kullan\u0131mda bile nefes alabilirlik ve ayaklar\u0131n\u0131z i\u00e7in son derece yumu\u015fak bir kucaklama sa\u011flayan hakiki ke\u00e7i derisi astara sahiptir. Ayak konforu ve deste\u011finde en \u00fcst noktay\u0131 deneyimleyin.<\/p>\n<h3>Modern Tasar\u0131m Kal\u0131c\u0131 Konforla Bulu\u015fuyor<\/h3>\n<p>Bu loafer'lar\u0131 di\u011ferlerinden ay\u0131ran \u015fey modern tasar\u0131mlar\u0131d\u0131r. Hafif ama sa\u011flam EVA malzemeden yap\u0131lm\u0131\u015f \u00e7arp\u0131c\u0131, y\u00fckseltilmi\u015f kal\u0131n bir platform tabana sahiptir. Bu yenilik\u00e7i taban sadece \u00fcst\u00fcn yast\u0131klama ve \u015fok emilimi sa\u011flamakla kalmaz, ayn\u0131 zamanda geleneksel loafer siluetine \u00e7a\u011fda\u015f bir hava katar.<\/p>\n<p>Kal\u0131n taban\u0131 m\u00fckemmel \u00e7eki\u015f g\u00fcc\u00fc sunarak bu <strong>Erkek Deri Kal\u0131n Loaferlar<\/strong> \u00e7e\u015fitli kentsel araziler i\u00e7in m\u00fckemmeldir. S\u0131rt k\u0131sm\u0131n\u0131 s\u00fcsleyen zarif alt\u0131n tonlu at nal\u0131 detay\u0131, klasik zarafet ve abart\u0131s\u0131z bir l\u00fcks dokunu\u015fu katan zamans\u0131z bir vurgudur.<\/p>\n<h3>\u00c7ok Y\u00f6nl\u00fcl\u00fck ve Toptan Sat\u0131\u015f F\u0131rsatlar\u0131<\/h3>\n<p>\u0130ster g\u00fcndelik bir i\u015f toplant\u0131s\u0131na kat\u0131l\u0131n, ister rahat bir y\u00fcr\u00fcy\u00fc\u015f\u00fcn tad\u0131n\u0131 \u00e7\u0131kar\u0131n ya da bir ak\u015fam etkinli\u011fi i\u00e7in d\u0131\u015far\u0131 \u00e7\u0131k\u0131n, bu \u00e7ok y\u00f6nl\u00fc <strong>Erkek Deri Kal\u0131n Loaferlar<\/strong> ideal arkada\u015f\u0131n\u0131zd\u0131r. EU 39'dan 45'e kadar geni\u015f bir beden yelpazesinde mevcut olup, her ayak i\u00e7in m\u00fckemmel bir uyum sa\u011fl\u0131yoruz. Perakendeciler ve i\u015fletmeler i\u00e7in bu birinci s\u0131n\u0131f <strong>Erkek Deri Kal\u0131n Loaferlar<\/strong> minimum 8 \u00e7ift sipari\u015fle toptan sat\u0131n al\u0131nabilir, m\u00fckemmel de\u011fer ve kalite sunar.<\/p>\n<p>Bu ola\u011fan\u00fcst\u00fc ayakkab\u0131larla envanterinizi y\u00fckseltin ve m\u00fc\u015fterilerinize \u00e7a\u011fda\u015f ayakkab\u0131lar\u0131n en iyisini sunun <strong>Erkek Deri Kal\u0131n Loaferlar<\/strong>.<\/p>","protected":false},"excerpt":{"rendered":"<ul>\n<li><strong>D\u0131\u015f Malzeme:<\/strong> 100% Hakiki Dana Derisi<\/li>\n<li><strong>\u0130\u00e7 Malzeme:<\/strong> 100% Hakiki Ke\u00e7i Derisi<\/li>\n<li><strong>D\u0131\u015f taban:<\/strong> Dayan\u0131kl\u0131 ve Hafif EVA<\/li>\n<li><strong>Topuk Tipi:<\/strong> Y\u00fckseltilmi\u015f T\u0131knaz Platform Taban<\/li>\n<li><strong>Tasar\u0131m Detay\u0131:<\/strong> Zarif Alt\u0131n Tonlu At Ucu Vurgusu<\/li>\n<li><strong>Mevcut Boyutlar:<\/strong> AB 39, 40, 41, 42, 43, 44, 45<\/li>\n<li><strong>Minimum Sipari\u015f:<\/strong> 8 \u00c7ift (toptan sat\u0131\u015f fiyat\u0131 mevcuttur)<\/li>\n<li><strong>Tahmini Teslimat:<\/strong> 12 G\u00fcn + Kargo<\/li>\n<\/ul>","protected":false},"featured_media":3986,"template":"","meta":{"_acf_changed":false,"_uag_custom_page_level_css":"","site-sidebar-layout":"default","site-content-layout":"","ast-site-content-layout":"default","site-content-style":"default","site-sidebar-style":"default","ast-global-header-display":"","ast-banner-title-visibility":"","ast-main-header-display":"","ast-hfb-above-header-display":"","ast-hfb-below-header-display":"","ast-hfb-mobile-header-display":"","site-post-title":"","ast-breadcrumbs-content":"","ast-featured-img":"","footer-sml-layout":"","ast-disable-related-posts":"","theme-transparent-header-meta":"default","adv-header-id-meta":"","stick-header-meta":"","header-above-stick-meta":"","header-main-stick-meta":"","header-below-stick-meta":"","astra-migrate-meta-layouts":"set","ast-page-background-enabled":"default","ast-page-background-meta":{"desktop":{"background-color":"var(--ast-global-color-4)","background-image":"","background-repeat":"repeat","background-position":"center center","background-size":"auto","background-attachment":"scroll","background-type":"","background-media":"","overlay-type":"","overlay-color":"","overlay-opacity":"","overlay-gradient":""},"tablet":{"background-color":"","background-image":"","background-repeat":"repeat","background-position":"center center","background-size":"auto","background-attachment":"scroll","background-type":"","background-media":"","overlay-type":"","overlay-color":"","overlay-opacity":"","overlay-gradient":""},"mobile":{"background-color":"","background-image":"","background-repeat":"repeat","background-position":"center center","background-size":"auto","background-attachment":"scroll","background-type":"","background-media":"","overlay-type":"","overlay-color":"","overlay-opacity":"","overlay-gradient":""}},"ast-content-background-meta":{"desktop":{"background-color":"var(--ast-global-color-5)","background-image":"","background-repeat":"repeat","background-position":"center center","background-size":"auto","background-attachment":"scroll","background-type":"","background-media":"","overlay-type":"","overlay-color":"","overlay-opacity":"","overlay-gradient":""},"tablet":{"background-color":"var(--ast-global-color-5)","background-image":"","background-repeat":"repeat","background-position":"center center","background-size":"auto","background-attachment":"scroll","background-type":"","background-media":"","overlay-type":"","overlay-color":"","overlay-opacity":"","overlay-gradient":""},"mobile":{"background-color":"var(--ast-global-color-5)","background-image":"","background-repeat":"repeat","background-position":"center center","background-size":"auto","background-attachment":"scroll","background-type":"","background-media":"","overlay-type":"","overlay-color":"","overlay-opacity":"","overlay-gradient":""}}},"product_brand":[],"product_cat":[48,49,430,40,15],"product_tag":[147,185,512,409,737,438,189,327,215,762,384,198,186,1093,1079,280,281],"class_list":{"0":"post-5976","1":"product","2":"type-product","3":"status-publish","4":"has-post-thumbnail","6":"product_cat-casual","7":"product_cat-loafer","8":"product_cat-men","9":"product_cat-mens-shoes","10":"product_cat-uncategorized","11":"product_tag-brown-loafers","12":"product_tag-calf-leather-shoes","13":"product_tag-casual-loafers","14":"product_tag-chunky-loafers","15":"product_tag-dress-loafers","16":"product_tag-eva-sole","17":"product_tag-goat-leather-lining","18":"product_tag-horsebit-loafers","19":"product_tag-leather-loafers","20":"product_tag-loafer-shoes","21":"product_tag-luxury-loafers","22":"product_tag-mens-fashion","23":"product_tag-mens-loafers","24":"product_tag-modern-loafers","25":"product_tag-platform-loafers","26":"product_tag-smart-casual-shoes","27":"product_tag-wholesale-shoes","28":"desktop-align-center","29":"tablet-align-center","30":"mobile-align-center","32":"first","33":"instock","34":"shipping-taxable","35":"purchasable","36":"product-type-variable","37":"has-default-attributes"},"acf":[],"uagb_featured_image_src":{"full":["https:\/\/turkishtrade.co\/wp-content\/uploads\/2026\/01\/2400EJOMN00486-BROWN-ZL_300-5-USD.png",453,250,false],"thumbnail":["https:\/\/turkishtrade.co\/wp-content\/uploads\/2026\/01\/2400EJOMN00486-BROWN-ZL_300-5-USD-150x150.png",150,150,true],"medium":["https:\/\/turkishtrade.co\/wp-content\/uploads\/2026\/01\/2400EJOMN00486-BROWN-ZL_300-5-USD-300x166.png",300,166,true],"medium_large":["https:\/\/turkishtrade.co\/wp-content\/uploads\/2026\/01\/2400EJOMN00486-BROWN-ZL_300-5-USD.png",453,250,false],"large":["https:\/\/turkishtrade.co\/wp-content\/uploads\/2026\/01\/2400EJOMN00486-BROWN-ZL_300-5-USD.png",453,250,false],"1536x1536":["https:\/\/turkishtrade.co\/wp-content\/uploads\/2026\/01\/2400EJOMN00486-BROWN-ZL_300-5-USD.png",453,250,false],"2048x2048":["https:\/\/turkishtrade.co\/wp-content\/uploads\/2026\/01\/2400EJOMN00486-BROWN-ZL_300-5-USD.png",453,250,false],"trp-custom-language-flag":["https:\/\/turkishtrade.co\/wp-content\/uploads\/2026\/01\/2400EJOMN00486-BROWN-ZL_300-5-USD-18x10.png",18,10,true],"woocommerce_thumbnail":["https:\/\/turkishtrade.co\/wp-content\/uploads\/2026\/01\/2400EJOMN00486-BROWN-ZL_300-5-USD-400x250.png",400,250,true],"woocommerce_single":["https:\/\/turkishtrade.co\/wp-content\/uploads\/2026\/01\/2400EJOMN00486-BROWN-ZL_300-5-USD.png",453,250,false],"woocommerce_gallery_thumbnail":["https:\/\/turkishtrade.co\/wp-content\/uploads\/2026\/01\/2400EJOMN00486-BROWN-ZL_300-5-USD-100x100.png",100,100,true]},"uagb_author_info":{"display_name":"yaser olabi","author_link":"https:\/\/turkishtrade.co\/tr\/author\/"},"uagb_comment_info":0,"uagb_excerpt":"Outer Material: 100% Genuine Calf Leather Inner Material: 100% Genuine Goat Leather Outsole: Durable and Lightweight EVA Heel Type: Elevated Chunky Platform Sole Design Detail: Elegant Gold-Tone Horsebit Accent Available Sizes: EU 39, 40, 41, 42, 43, 44, 45 Minimum Order: 8 Pairs (wholesale pricing available) Estimated Delivery: 12 Days + Shipping","_links":{"self":[{"href":"https:\/\/turkishtrade.co\/tr\/wp-json\/wp\/v2\/product\/5976","targetHints":{"allow":["GET"]}}],"collection":[{"href":"https:\/\/turkishtrade.co\/tr\/wp-json\/wp\/v2\/product"}],"about":[{"href":"https:\/\/turkishtrade.co\/tr\/wp-json\/wp\/v2\/types\/product"}],"wp:featuredmedia":[{"embeddable":true,"href":"https:\/\/turkishtrade.co\/tr\/wp-json\/wp\/v2\/media\/3986"}],"wp:attachment":[{"href":"https:\/\/turkishtrade.co\/tr\/wp-json\/wp\/v2\/media?parent=5976"}],"wp:term":[{"taxonomy":"product_brand","embeddable":true,"href":"https:\/\/turkishtrade.co\/tr\/wp-json\/wp\/v2\/product_brand?post=5976"},{"taxonomy":"product_cat","embeddable":true,"href":"https:\/\/turkishtrade.co\/tr\/wp-json\/wp\/v2\/product_cat?post=5976"},{"taxonomy":"product_tag","embeddable":true,"href":"https:\/\/turkishtrade.co\/tr\/wp-json\/wp\/v2\/product_tag?post=5976"}],"curies":[{"name":"wp","href":"https:\/\/api.w.org\/{rel}","templated":true}]}}