{"id":5974,"date":"2026-01-14T13:52:30","date_gmt":"2026-01-14T13:52:30","guid":{"rendered":"https:\/\/turkishtrade.co\/product\/men-chunky-suede-loafers\/"},"modified":"2026-04-09T19:18:09","modified_gmt":"2026-04-09T19:18:09","slug":"mens-chunky-suede-loafers-2","status":"publish","type":"product","link":"https:\/\/turkishtrade.co\/tr\/shop\/mens-chunky-suede-loafers-2\/","title":{"rendered":"Metal Detayl\u0131 Erkek T\u0131knaz S\u00fcet Makosen Ayakkab\u0131 | Taupe"},"content":{"rendered":"<p><strong>Erkek T\u0131knaz S\u00fcet Loafer<\/strong><\/p>\n<p>Enfes tasar\u0131m\u0131m\u0131zla benzersiz bir stil ve konfora ad\u0131m at\u0131n <b>Erkek T\u0131knaz S\u00fcet Loafer<\/b>. Hem esteti\u011fe hem de giyilebilirli\u011fe de\u011fer veren modern erkekler i\u00e7in tasarlanan bu mokasen ayakkab\u0131lar, \u00fcst\u00fcn i\u015f\u00e7ili\u011fin bir kan\u0131t\u0131d\u0131r. \u00c7arp\u0131c\u0131 boz kahverengi tonu, \u00e7a\u011fda\u015f kal\u0131n taban\u0131yla birle\u015ferek gitti\u011finiz her yerde farkl\u0131 bir moda ifadesi yaratman\u0131z\u0131 sa\u011flar. Bu birinci s\u0131n\u0131f <b>Erkek T\u0131knaz S\u00fcet Loafer<\/b> g\u00fcnl\u00fck kombininizi y\u00fckseltmek i\u00e7in ideal bir se\u00e7imdir.<\/p>\n<h3>Rakipsiz Kalite ve Malzemeler<\/h3>\n<p>Bunlar\u0131n her bir \u00e7ifti <b>Erkek T\u0131knaz S\u00fcet Loafer<\/b> birinci s\u0131n\u0131f malzemeler kullan\u0131larak titizlikle \u00fcretilmi\u015ftir. D\u0131\u015f y\u00fczeyi, yumu\u015fak dokusu ve zengin g\u00f6r\u00fcn\u00fcm\u00fcyle bilinen l\u00fcks dana s\u00fcetine sahiptir ve g\u00fcnl\u00fck k\u0131yafetlerinize sofistike bir dokunu\u015f sunar. \u0130\u00e7 k\u0131s\u0131mda ise ayaklar\u0131n\u0131z, ola\u011fan\u00fcst\u00fc nefes alabilirlik ve g\u00fcn boyu s\u00fcren pel\u00fc\u015f bir his sa\u011flayan hakiki ke\u00e7i derisi astar\u0131n p\u00fcr\u00fczs\u00fcz konforuyla sarmalanacak.<\/p>\n<p>Bu \u00f6zenli malzeme kombinasyonu hem dayan\u0131kl\u0131l\u0131k hem de \u00fcst\u00fcn konfor sa\u011flar ve bu <b>Erkek T\u0131knaz S\u00fcet Loafer<\/b> ayakkab\u0131 koleksiyonunuz i\u00e7in de\u011ferli bir yat\u0131r\u0131m. Sadece bu birinci s\u0131n\u0131f ayakkab\u0131lar\u0131n sundu\u011fu benzersiz stil, konfor ve dayan\u0131kl\u0131l\u0131k kar\u0131\u015f\u0131m\u0131n\u0131 deneyimleyin. <b>Erkek T\u0131knaz S\u00fcet Loafer<\/b> sunabilir. Detaylara g\u00f6sterilen titiz \u00f6zen, her bir \u00e7iftin <b>Erkek T\u0131knaz S\u00fcet Loafer<\/b> en y\u00fcksek kalite standartlar\u0131n\u0131 kar\u015f\u0131lamaktad\u0131r.<\/p>\n<h3>Modern Tasar\u0131m G\u00fcnl\u00fck Konforla Bulu\u015fuyor<\/h3>\n<p>Bunlar\u0131n belirleyici \u00f6zelli\u011fi <b>Erkek T\u0131knaz S\u00fcet Loafer<\/b> sa\u011flam ve \u015f\u0131k EVA kal\u0131n taban\u0131d\u0131r. Bu hafif ama dayan\u0131kl\u0131 taban, m\u00fckemmel \u015fok emilimi ve \u00fcst\u00fcn kavrama sa\u011flayarak her ad\u0131mda denge ve konfor sunar. Al\u00e7ak blok topuk, genel olarak rahat ama zarif esteti\u011fi tamamlar.<\/p>\n<p>S\u0131rt k\u0131sm\u0131n\u0131 s\u00fcsleyen g\u00fcm\u00fc\u015f tonlu metal zincir s\u00fcslemesi, bu mokasen ayakkab\u0131y\u0131 s\u0131radanl\u0131\u011f\u0131n \u00f6tesine ta\u015f\u0131yarak \u00e7a\u011fda\u015f bir \u015f\u0131kl\u0131k kat\u0131yor. \u0130ster rahat bir brunch'a ister rahat bir ofis ortam\u0131na gidiyor olun, bu <b>Erkek T\u0131knaz S\u00fcet Loafer<\/b> stil ve pratikli\u011fin m\u00fckemmel bir kar\u0131\u015f\u0131m\u0131n\u0131 sa\u011flar.<\/p>\n<h3>Her Durum i\u00e7in \u00c7ok Y\u00f6nl\u00fcl\u00fck<\/h3>\n<p>Bizim <b>Erkek T\u0131knaz S\u00fcet Loafer<\/b> inan\u0131lmaz derecede \u00e7ok y\u00f6nl\u00fcd\u00fcr, g\u00fcndelik gezilerden \u015f\u0131k ve rahat toplant\u0131lara sorunsuzca ge\u00e7i\u015f yapar. G\u00f6steri\u015fli bir g\u00f6r\u00fcn\u00fcm i\u00e7in \u00f6zel dikim pantolonlarla e\u015fle\u015ftirin ya da zahmetsizce haval\u0131 bir hava i\u00e7in kot pantolon veya chino pantolonlarla giydirin. Taupe rengi, geleneksel g\u00fcnl\u00fck ayakkab\u0131lara sofistike bir alternatif sunarak \u00e7e\u015fitli gard\u0131roplara entegre edilmesini kolayla\u015ft\u0131r\u0131r.<\/p>\n<p>Klasik loafer cazibesi ve modern kal\u0131n taban \u00e7ekicili\u011finin m\u00fckemmel birle\u015fimini bu olmazsa olmazlarla deneyimleyin <b>Erkek T\u0131knaz S\u00fcet Loafer<\/b>.<\/p>\n<h3>Toptan Sat\u0131\u015f F\u0131rsat\u0131<\/h3>\n<p>Perakendeciler ve i\u015fletmeler i\u00e7in bu ola\u011fan\u00fcst\u00fc <b>Erkek T\u0131knaz S\u00fcet Loafer<\/b> toptan sat\u0131n al\u0131nabilir. Minimum sipari\u015f miktar\u0131 sadece 8 \u00e7ift oldu\u011fundan, bu pop\u00fcler stili kolayca stoklayabilirsiniz. Verimli hizmet anlay\u0131\u015f\u0131m\u0131zla, nakliye dahil yakla\u015f\u0131k 12 g\u00fcnl\u00fck bir teslimat s\u00fcresi sa\u011fl\u0131yoruz.<\/p>\n<p>Kalite, stil ve m\u00fc\u015fteri memnuniyeti vaat eden ayakkab\u0131larla envanterinizi y\u00fckseltin. Bu \u00e7ok y\u00f6nl\u00fc ayakkab\u0131lar\u0131 <b>Erkek T\u0131knaz S\u00fcet Loafer<\/b> bug\u00fcn koleksiyonunuza ekleyin.<\/p>\n<p>Premium \u00fcr\u00fcnlerimizle konfor, kalite ve inkar edilemez bir stile yat\u0131r\u0131m yap\u0131n <b>Erkek T\u0131knaz S\u00fcet Loafer<\/b>. \u00c7iftinizi bug\u00fcn sipari\u015f edin ve fark\u0131 deneyimleyin.<\/p>","protected":false},"excerpt":{"rendered":"<ul>\n<li><b>\u00dcst Malzeme:<\/b> Premium Dana S\u00fcet<\/li>\n<li><b>Astar Malzemesi:<\/b> Yumu\u015fak Ke\u00e7i Derisi<\/li>\n<li><b>Taban:<\/b> Hafif ve Dayan\u0131kl\u0131 EVA T\u0131knaz Taban<\/li>\n<li><b>Tasar\u0131m:<\/b> S\u0131rtta \u015f\u0131k metal zincir s\u00fcslemesi<\/li>\n<li><b>Mevcut Boyutlar:<\/b> AB 39-45<\/li>\n<li><b>Minimum Sipari\u015f Miktar\u0131:<\/b> 8 \u00c7ift<\/li>\n<li><b>Teslimat S\u00fcresi:<\/b> 12 G\u00fcn + Kargo<\/li>\n<\/ul>","protected":false},"featured_media":3985,"template":"","meta":{"_acf_changed":false,"_uag_custom_page_level_css":"","site-sidebar-layout":"default","site-content-layout":"","ast-site-content-layout":"default","site-content-style":"default","site-sidebar-style":"default","ast-global-header-display":"","ast-banner-title-visibility":"","ast-main-header-display":"","ast-hfb-above-header-display":"","ast-hfb-below-header-display":"","ast-hfb-mobile-header-display":"","site-post-title":"","ast-breadcrumbs-content":"","ast-featured-img":"","footer-sml-layout":"","ast-disable-related-posts":"","theme-transparent-header-meta":"default","adv-header-id-meta":"","stick-header-meta":"","header-above-stick-meta":"","header-main-stick-meta":"","header-below-stick-meta":"","astra-migrate-meta-layouts":"set","ast-page-background-enabled":"default","ast-page-background-meta":{"desktop":{"background-color":"var(--ast-global-color-4)","background-image":"","background-repeat":"repeat","background-position":"center center","background-size":"auto","background-attachment":"scroll","background-type":"","background-media":"","overlay-type":"","overlay-color":"","overlay-opacity":"","overlay-gradient":""},"tablet":{"background-color":"","background-image":"","background-repeat":"repeat","background-position":"center center","background-size":"auto","background-attachment":"scroll","background-type":"","background-media":"","overlay-type":"","overlay-color":"","overlay-opacity":"","overlay-gradient":""},"mobile":{"background-color":"","background-image":"","background-repeat":"repeat","background-position":"center center","background-size":"auto","background-attachment":"scroll","background-type":"","background-media":"","overlay-type":"","overlay-color":"","overlay-opacity":"","overlay-gradient":""}},"ast-content-background-meta":{"desktop":{"background-color":"var(--ast-global-color-5)","background-image":"","background-repeat":"repeat","background-position":"center center","background-size":"auto","background-attachment":"scroll","background-type":"","background-media":"","overlay-type":"","overlay-color":"","overlay-opacity":"","overlay-gradient":""},"tablet":{"background-color":"var(--ast-global-color-5)","background-image":"","background-repeat":"repeat","background-position":"center center","background-size":"auto","background-attachment":"scroll","background-type":"","background-media":"","overlay-type":"","overlay-color":"","overlay-opacity":"","overlay-gradient":""},"mobile":{"background-color":"var(--ast-global-color-5)","background-image":"","background-repeat":"repeat","background-position":"center center","background-size":"auto","background-attachment":"scroll","background-type":"","background-media":"","overlay-type":"","overlay-color":"","overlay-opacity":"","overlay-gradient":""}}},"product_brand":[],"product_cat":[48,49,430,40,15],"product_tag":[949,1028,512,436,220,530,438,437,215,198,186,184,670,149,923,456],"class_list":{"0":"post-5974","1":"product","2":"type-product","3":"status-publish","4":"has-post-thumbnail","6":"product_cat-casual","7":"product_cat-loafer","8":"product_cat-men","9":"product_cat-mens-shoes","10":"product_cat-uncategorized","11":"product_tag-b2b-footwear","12":"product_tag-calf-suede","13":"product_tag-casual-loafers","14":"product_tag-chunky-sole","15":"product_tag-comfortable-loafers","16":"product_tag-designer-loafers","17":"product_tag-eva-sole","18":"product_tag-goat-leather","19":"product_tag-leather-loafers","20":"product_tag-mens-fashion","21":"product_tag-mens-loafers","22":"product_tag-slip-on-shoes","23":"product_tag-stylish-loafers","24":"product_tag-suede-loafers","25":"product_tag-taupe-loafers","26":"product_tag-wholesale-loafers","27":"desktop-align-center","28":"tablet-align-center","29":"mobile-align-center","31":"first","32":"instock","33":"shipping-taxable","34":"purchasable","35":"product-type-variable","36":"has-default-attributes"},"acf":[],"uagb_featured_image_src":{"full":["https:\/\/turkishtrade.co\/wp-content\/uploads\/2026\/01\/2400EJOMN00485-BROWN-DKS_7654-fusped2-USD.png",453,250,false],"thumbnail":["https:\/\/turkishtrade.co\/wp-content\/uploads\/2026\/01\/2400EJOMN00485-BROWN-DKS_7654-fusped2-USD-150x150.png",150,150,true],"medium":["https:\/\/turkishtrade.co\/wp-content\/uploads\/2026\/01\/2400EJOMN00485-BROWN-DKS_7654-fusped2-USD-300x166.png",300,166,true],"medium_large":["https:\/\/turkishtrade.co\/wp-content\/uploads\/2026\/01\/2400EJOMN00485-BROWN-DKS_7654-fusped2-USD.png",453,250,false],"large":["https:\/\/turkishtrade.co\/wp-content\/uploads\/2026\/01\/2400EJOMN00485-BROWN-DKS_7654-fusped2-USD.png",453,250,false],"1536x1536":["https:\/\/turkishtrade.co\/wp-content\/uploads\/2026\/01\/2400EJOMN00485-BROWN-DKS_7654-fusped2-USD.png",453,250,false],"2048x2048":["https:\/\/turkishtrade.co\/wp-content\/uploads\/2026\/01\/2400EJOMN00485-BROWN-DKS_7654-fusped2-USD.png",453,250,false],"trp-custom-language-flag":["https:\/\/turkishtrade.co\/wp-content\/uploads\/2026\/01\/2400EJOMN00485-BROWN-DKS_7654-fusped2-USD-18x10.png",18,10,true],"woocommerce_thumbnail":["https:\/\/turkishtrade.co\/wp-content\/uploads\/2026\/01\/2400EJOMN00485-BROWN-DKS_7654-fusped2-USD-400x250.png",400,250,true],"woocommerce_single":["https:\/\/turkishtrade.co\/wp-content\/uploads\/2026\/01\/2400EJOMN00485-BROWN-DKS_7654-fusped2-USD.png",453,250,false],"woocommerce_gallery_thumbnail":["https:\/\/turkishtrade.co\/wp-content\/uploads\/2026\/01\/2400EJOMN00485-BROWN-DKS_7654-fusped2-USD-100x100.png",100,100,true]},"uagb_author_info":{"display_name":"yaser olabi","author_link":"https:\/\/turkishtrade.co\/tr\/author\/"},"uagb_comment_info":0,"uagb_excerpt":"Upper Material: Premium Calf Suede Lining Material: Soft Goat Leather Sole: Lightweight and Durable EVA Chunky Sole Design: Stylish metal chain embellishment on vamp Available Sizes: EU 39-45 Minimum Order Quantity: 8 Pairs Delivery Time: 12 Days + Shipping","_links":{"self":[{"href":"https:\/\/turkishtrade.co\/tr\/wp-json\/wp\/v2\/product\/5974","targetHints":{"allow":["GET"]}}],"collection":[{"href":"https:\/\/turkishtrade.co\/tr\/wp-json\/wp\/v2\/product"}],"about":[{"href":"https:\/\/turkishtrade.co\/tr\/wp-json\/wp\/v2\/types\/product"}],"wp:featuredmedia":[{"embeddable":true,"href":"https:\/\/turkishtrade.co\/tr\/wp-json\/wp\/v2\/media\/3985"}],"wp:attachment":[{"href":"https:\/\/turkishtrade.co\/tr\/wp-json\/wp\/v2\/media?parent=5974"}],"wp:term":[{"taxonomy":"product_brand","embeddable":true,"href":"https:\/\/turkishtrade.co\/tr\/wp-json\/wp\/v2\/product_brand?post=5974"},{"taxonomy":"product_cat","embeddable":true,"href":"https:\/\/turkishtrade.co\/tr\/wp-json\/wp\/v2\/product_cat?post=5974"},{"taxonomy":"product_tag","embeddable":true,"href":"https:\/\/turkishtrade.co\/tr\/wp-json\/wp\/v2\/product_tag?post=5974"}],"curies":[{"name":"wp","href":"https:\/\/api.w.org\/{rel}","templated":true}]}}