{"id":5972,"date":"2026-01-14T13:52:06","date_gmt":"2026-01-14T13:52:06","guid":{"rendered":"https:\/\/turkishtrade.co\/product\/mens-brown-chunky-sole-shoes\/"},"modified":"2026-04-09T19:18:12","modified_gmt":"2026-04-09T19:18:12","slug":"mens-brown-chunky-sole-shoes","status":"publish","type":"product","link":"https:\/\/turkishtrade.co\/tr\/shop\/mens-brown-chunky-sole-shoes\/","title":{"rendered":"Erkek Kahverengi S\u0131k\u0131\u015ft\u0131r\u0131lm\u0131\u015f Deri Kal\u0131n Tabanl\u0131 Derby Ayakkab\u0131"},"content":{"rendered":"<p><strong>Erkek Kahverengi Kal\u0131n Tabanl\u0131 Ayakkab\u0131<\/strong><\/p>\n<p>Ola\u011fan\u00fcst\u00fc tasar\u0131m\u0131m\u0131zla sa\u011flam stil ve sofistike konforun m\u00fckemmel kar\u0131\u015f\u0131m\u0131n\u0131 ke\u015ffedin <strong>Erkek Kahverengi Kal\u0131n Tabanl\u0131 Ayakkab\u0131<\/strong>. Modern erkek i\u00e7in titizlikle \u00fcretilen bu derby tarz\u0131 ayakkab\u0131lar, benzersiz s\u0131k\u0131nt\u0131l\u0131 kaplamas\u0131 ve sa\u011flam tasar\u0131m\u0131yla \u00f6ne \u00e7\u0131k\u0131yor. Hem kal\u0131c\u0131 kalite hem de g\u00f6z al\u0131c\u0131 estetik vaat eden bu \u00e7ok y\u00f6nl\u00fc kahverengi deri ayakkab\u0131larla g\u00fcnl\u00fck g\u00f6r\u00fcn\u00fcm\u00fcn\u00fcz\u00fc geli\u015ftirin ya da \u015f\u0131k ve g\u00fcndelik k\u0131yafetlerinize farkl\u0131l\u0131k kat\u0131n.<\/p>\n<h3>Rakipsiz \u0130\u015f\u00e7ilik ve Birinci S\u0131n\u0131f Malzemeler<\/h3>\n<p>Bunlar\u0131n her bir \u00e7ifti <strong>Erkek Kahverengi Kal\u0131n Tabanl\u0131 Ayakkab\u0131<\/strong> \u00fcst\u00fcn i\u015f\u00e7ili\u011fin bir kan\u0131t\u0131d\u0131r. D\u0131\u015f y\u00fczey, dayan\u0131kl\u0131l\u0131\u011f\u0131, esnek hissi ve zaman i\u00e7inde g\u00fczel bir patina geli\u015ftirme yetene\u011fi nedeniyle se\u00e7ilen 100% hakiki dana derisinden yap\u0131lm\u0131\u015ft\u0131r. Zengin kahverengi tonu, hafif\u00e7e y\u0131pranm\u0131\u015f dokusuyla birle\u015ferek bu ayakkab\u0131lara onlar\u0131 di\u011ferlerinden ay\u0131ran farkl\u0131 bir karakter kazand\u0131r\u0131r.<\/p>\n<p>Uzun s\u00fcreli kullan\u0131mlarda bile maksimum konfor sa\u011flayan yumu\u015fak, nefes alabilen ke\u00e7i derisi astar sayesinde ayaklar\u0131n\u0131z l\u00fcksle kucakla\u015facak. Malzeme se\u00e7iminde detaylara g\u00f6sterilen bu \u00f6zen, bu ayakkab\u0131lar\u0131 giydi\u011finiz andan itibaren birinci s\u0131n\u0131f bir deneyimi garanti eder. <strong>Erkek Kahverengi Kal\u0131n Tabanl\u0131 Ayakkab\u0131<\/strong>.<\/p>\n<h3>Konfor ve Dayan\u0131kl\u0131l\u0131k i\u00e7in Tasarland\u0131<\/h3>\n<p>Bizim tan\u0131mlay\u0131c\u0131 \u00f6zelli\u011fimiz <strong>Erkek Kahverengi Kal\u0131n Tabanl\u0131 Ayakkab\u0131<\/strong> sa\u011flam ama hafif EVA taban\u0131d\u0131r. Bu geli\u015fmi\u015f taban malzemesi m\u00fckemmel \u015fok emilimi, \u00fcst\u00fcn \u00e7eki\u015f g\u00fcc\u00fc ve ola\u011fan\u00fcst\u00fc esneklik sa\u011flayarak her ad\u0131m\u0131 rahat bir hale getirir. T\u0131knaz tasar\u0131m sadece \u00e7a\u011fda\u015f, modaya uygun bir unsur eklemekle kalmaz, ayn\u0131 zamanda geli\u015fmi\u015f denge ve destek sunar.<\/p>\n<p>\u0130ster \u015fehir sokaklar\u0131nda geziniyor ister hafta sonu gezintisinin tad\u0131n\u0131 \u00e7\u0131kar\u0131yor olun, bu rahat deri ayakkab\u0131lar sizi rahat ve \u015f\u0131k tutarken g\u00fcnl\u00fck kullan\u0131m\u0131n gerekliliklerine dayanacak \u015fekilde \u00fcretilmi\u015ftir.<\/p>\n<h3>Her Durum i\u00e7in \u00c7ok Y\u00f6nl\u00fc Stil<\/h3>\n<p>Bunlar <strong>Erkek Kahverengi Kal\u0131n Tabanl\u0131 Ayakkab\u0131<\/strong> g\u00fcndelik ve yar\u0131 resmi giyim aras\u0131ndaki bo\u015flu\u011fu zahmetsizce doldurur. Rahat ama g\u00f6steri\u015fli bir g\u00f6r\u00fcn\u00fcm i\u00e7in denimlerle e\u015fle\u015ftirin ya da g\u00fcven veren \u015f\u0131k ve g\u00fcndelik bir kombin i\u00e7in chino pantolon ve blazer ceketle kombinleyin. Modern ve kal\u0131n bir tabanla g\u00fcncellenen zamans\u0131z derby sil\u00fceti, bu <strong>Erkek Kahverengi Kal\u0131n Tabanl\u0131 Ayakkab\u0131<\/strong> gelecek sezonlar boyunca gard\u0131robunuzun vazge\u00e7ilmezi olacak.<\/p>\n<p>39 ila 45 bedenleri mevcuttur, m\u00fckemmel uyumunuzu bulmak kolayd\u0131r.<\/p>\n<h3>Toptan Sat\u0131\u015f<\/h3>\n<p>Perakendeciler ve i\u015fletmeler i\u00e7in bu y\u00fcksek kaliteli <strong>Erkek Kahverengi Kal\u0131n Tabanl\u0131 Ayakkab\u0131<\/strong> toplu sipari\u015fler i\u00e7in mevcuttur. Minimum 8 \u00e7ift sipari\u015f miktar\u0131yla, m\u00fc\u015fteri talebini kar\u015f\u0131lamak i\u00e7in bu pop\u00fcler ayakkab\u0131lar\u0131 stoklayabilirsiniz. Teslimat s\u00fcresinin 12 g\u00fcn art\u0131 nakliye oldu\u011funu l\u00fctfen unutmay\u0131n. Detayl\u0131 fiyat bilgisi almak ve bu zarif kahverengi kal\u0131n tabanl\u0131 erkek ayakkab\u0131lar\u0131 i\u00e7in toptan sipari\u015finizi bug\u00fcn vermek i\u00e7in bizimle ileti\u015fime ge\u00e7in.<\/p>","protected":false},"excerpt":{"rendered":"<ul>\n<li>Kal\u0131c\u0131 stil ve dayan\u0131kl\u0131l\u0131k i\u00e7in birinci s\u0131n\u0131f s\u0131k\u0131nt\u0131l\u0131 dana derisi saya.<\/li>\n<li>L\u00fcks ke\u00e7i derisi astar ola\u011fan\u00fcst\u00fc konfor ve nefes alabilirlik sa\u011flar.<\/li>\n<li>\u00dcst\u00fcn tutu\u015f i\u00e7in modern, hafif ve sa\u011flam bir EVA tabana sahiptir.<\/li>\n<li>39'dan 45'e kadar kapsaml\u0131 bir beden yelpazesinde mevcuttur.<\/li>\n<li>Minimum sipari\u015f miktar\u0131: 8 \u00e7ift.<\/li>\n<li>Teslimat s\u00fcresi: 12 g\u00fcn art\u0131 nakliye.<\/li>\n<\/ul>","protected":false},"featured_media":3984,"template":"","meta":{"_acf_changed":false,"_uag_custom_page_level_css":"","site-sidebar-layout":"default","site-content-layout":"","ast-site-content-layout":"default","site-content-style":"default","site-sidebar-style":"default","ast-global-header-display":"","ast-banner-title-visibility":"","ast-main-header-display":"","ast-hfb-above-header-display":"","ast-hfb-below-header-display":"","ast-hfb-mobile-header-display":"","site-post-title":"","ast-breadcrumbs-content":"","ast-featured-img":"","footer-sml-layout":"","ast-disable-related-posts":"","theme-transparent-header-meta":"default","adv-header-id-meta":"","stick-header-meta":"","header-above-stick-meta":"","header-main-stick-meta":"","header-below-stick-meta":"","astra-migrate-meta-layouts":"set","ast-page-background-enabled":"default","ast-page-background-meta":{"desktop":{"background-color":"var(--ast-global-color-4)","background-image":"","background-repeat":"repeat","background-position":"center center","background-size":"auto","background-attachment":"scroll","background-type":"","background-media":"","overlay-type":"","overlay-color":"","overlay-opacity":"","overlay-gradient":""},"tablet":{"background-color":"","background-image":"","background-repeat":"repeat","background-position":"center center","background-size":"auto","background-attachment":"scroll","background-type":"","background-media":"","overlay-type":"","overlay-color":"","overlay-opacity":"","overlay-gradient":""},"mobile":{"background-color":"","background-image":"","background-repeat":"repeat","background-position":"center center","background-size":"auto","background-attachment":"scroll","background-type":"","background-media":"","overlay-type":"","overlay-color":"","overlay-opacity":"","overlay-gradient":""}},"ast-content-background-meta":{"desktop":{"background-color":"var(--ast-global-color-5)","background-image":"","background-repeat":"repeat","background-position":"center center","background-size":"auto","background-attachment":"scroll","background-type":"","background-media":"","overlay-type":"","overlay-color":"","overlay-opacity":"","overlay-gradient":""},"tablet":{"background-color":"var(--ast-global-color-5)","background-image":"","background-repeat":"repeat","background-position":"center center","background-size":"auto","background-attachment":"scroll","background-type":"","background-media":"","overlay-type":"","overlay-color":"","overlay-opacity":"","overlay-gradient":""},"mobile":{"background-color":"var(--ast-global-color-5)","background-image":"","background-repeat":"repeat","background-position":"center center","background-size":"auto","background-attachment":"scroll","background-type":"","background-media":"","overlay-type":"","overlay-color":"","overlay-opacity":"","overlay-gradient":""}}},"product_brand":[],"product_cat":[430,40,15],"product_tag":[218,202,449,436,222,212,918,438,437,227,198,680,281],"class_list":{"0":"post-5972","1":"product","2":"type-product","3":"status-publish","4":"has-post-thumbnail","6":"product_cat-men","7":"product_cat-mens-shoes","8":"product_cat-uncategorized","9":"product_tag-brown-shoes","10":"product_tag-calf-leather","11":"product_tag-casual-shoes","12":"product_tag-chunky-sole","13":"product_tag-comfortable-shoes","14":"product_tag-derby-shoes","15":"product_tag-distressed-leather","16":"product_tag-eva-sole","17":"product_tag-goat-leather","18":"product_tag-leather-shoes","19":"product_tag-mens-fashion","20":"product_tag-stylish-shoes","21":"product_tag-wholesale-shoes","22":"desktop-align-center","23":"tablet-align-center","24":"mobile-align-center","26":"first","27":"instock","28":"shipping-taxable","29":"purchasable","30":"product-type-variable","31":"has-default-attributes"},"acf":[],"uagb_featured_image_src":{"full":["https:\/\/turkishtrade.co\/wp-content\/uploads\/2026\/01\/2400EJOMN00458-BROWN-DKS_7650-5-USD.png",453,250,false],"thumbnail":["https:\/\/turkishtrade.co\/wp-content\/uploads\/2026\/01\/2400EJOMN00458-BROWN-DKS_7650-5-USD-150x150.png",150,150,true],"medium":["https:\/\/turkishtrade.co\/wp-content\/uploads\/2026\/01\/2400EJOMN00458-BROWN-DKS_7650-5-USD-300x166.png",300,166,true],"medium_large":["https:\/\/turkishtrade.co\/wp-content\/uploads\/2026\/01\/2400EJOMN00458-BROWN-DKS_7650-5-USD.png",453,250,false],"large":["https:\/\/turkishtrade.co\/wp-content\/uploads\/2026\/01\/2400EJOMN00458-BROWN-DKS_7650-5-USD.png",453,250,false],"1536x1536":["https:\/\/turkishtrade.co\/wp-content\/uploads\/2026\/01\/2400EJOMN00458-BROWN-DKS_7650-5-USD.png",453,250,false],"2048x2048":["https:\/\/turkishtrade.co\/wp-content\/uploads\/2026\/01\/2400EJOMN00458-BROWN-DKS_7650-5-USD.png",453,250,false],"trp-custom-language-flag":["https:\/\/turkishtrade.co\/wp-content\/uploads\/2026\/01\/2400EJOMN00458-BROWN-DKS_7650-5-USD-18x10.png",18,10,true],"woocommerce_thumbnail":["https:\/\/turkishtrade.co\/wp-content\/uploads\/2026\/01\/2400EJOMN00458-BROWN-DKS_7650-5-USD-400x250.png",400,250,true],"woocommerce_single":["https:\/\/turkishtrade.co\/wp-content\/uploads\/2026\/01\/2400EJOMN00458-BROWN-DKS_7650-5-USD.png",453,250,false],"woocommerce_gallery_thumbnail":["https:\/\/turkishtrade.co\/wp-content\/uploads\/2026\/01\/2400EJOMN00458-BROWN-DKS_7650-5-USD-100x100.png",100,100,true]},"uagb_author_info":{"display_name":"yaser olabi","author_link":"https:\/\/turkishtrade.co\/tr\/author\/"},"uagb_comment_info":0,"uagb_excerpt":"Premium distressed calf leather upper for lasting style and durability. Luxurious goat leather lining ensures exceptional comfort and breathability. Features a modern, lightweight, and robust EVA sole for superior traction. Available in a comprehensive range of sizes from 39 to 45. Minimum order quantity: 8 pairs. Delivery time: 12 days plus shipping.","_links":{"self":[{"href":"https:\/\/turkishtrade.co\/tr\/wp-json\/wp\/v2\/product\/5972","targetHints":{"allow":["GET"]}}],"collection":[{"href":"https:\/\/turkishtrade.co\/tr\/wp-json\/wp\/v2\/product"}],"about":[{"href":"https:\/\/turkishtrade.co\/tr\/wp-json\/wp\/v2\/types\/product"}],"wp:featuredmedia":[{"embeddable":true,"href":"https:\/\/turkishtrade.co\/tr\/wp-json\/wp\/v2\/media\/3984"}],"wp:attachment":[{"href":"https:\/\/turkishtrade.co\/tr\/wp-json\/wp\/v2\/media?parent=5972"}],"wp:term":[{"taxonomy":"product_brand","embeddable":true,"href":"https:\/\/turkishtrade.co\/tr\/wp-json\/wp\/v2\/product_brand?post=5972"},{"taxonomy":"product_cat","embeddable":true,"href":"https:\/\/turkishtrade.co\/tr\/wp-json\/wp\/v2\/product_cat?post=5972"},{"taxonomy":"product_tag","embeddable":true,"href":"https:\/\/turkishtrade.co\/tr\/wp-json\/wp\/v2\/product_tag?post=5972"}],"curies":[{"name":"wp","href":"https:\/\/api.w.org\/{rel}","templated":true}]}}