{"id":5970,"date":"2026-01-14T13:51:45","date_gmt":"2026-01-14T13:51:45","guid":{"rendered":"https:\/\/turkishtrade.co\/product\/mens-leather-chunky-derby\/"},"modified":"2026-04-09T19:18:15","modified_gmt":"2026-04-09T19:18:15","slug":"mens-leather-chunky-derby","status":"publish","type":"product","link":"https:\/\/turkishtrade.co\/tr\/shop\/mens-leather-chunky-derby\/","title":{"rendered":"Erkek S\u0131k\u0131nt\u0131l\u0131 Mavi Deri T\u0131knaz Derby Ayakkab\u0131"},"content":{"rendered":"<p><strong>Erkek Deri Chunky Derby<\/strong><\/p>\n<p>Sa\u011flam stil ve \u00fcst\u00fcn konforun en iyi kar\u0131\u015f\u0131m\u0131n\u0131 ke\u015ffedin <strong>Erkek Deri T\u0131knaz Derby Ayakkab\u0131<\/strong>. G\u00fcnl\u00fck \u015f\u0131kl\u0131\u011f\u0131 yeniden tan\u0131mlayan bu s\u0131ra d\u0131\u015f\u0131 ayakkab\u0131lar, modern erkek i\u00e7in cesur bir ifade par\u00e7as\u0131 sunuyor. Titizlikle \u00fcretilen bu ayakkab\u0131lar\u0131n her bir \u00e7ifti <strong>Erkek Deri T\u0131knaz Derby Ayakkab\u0131<\/strong> geleneksel ayakkab\u0131c\u0131l\u0131k sanat\u0131n\u0131 \u00e7a\u011fda\u015f tasar\u0131mla birle\u015ftirerek her se\u00e7kin gard\u0131robun vazge\u00e7ilmez bir par\u00e7as\u0131 haline getiriyor.<\/p>\n<p>Bu \u00e7ok y\u00f6nl\u00fc \u00fcr\u00fcnlerle her ad\u0131mda \u00fcst\u00fcn i\u015f\u00e7ili\u011fi deneyimleyin <strong>Erkek Deri T\u0131knaz Derby Ayakkab\u0131<\/strong>.<\/p>\n<p><h3>E\u015fsiz Kalite ve Konfor<\/h3>\n<\/p>\n<p>Bizim <strong>Erkek Deri T\u0131knaz Derby Ayakkab\u0131<\/strong> dayan\u0131kl\u0131l\u0131\u011f\u0131, esnek hissi ve zarif y\u00fczeyiyle bilinen hakiki dana derisinden yap\u0131lm\u0131\u015f l\u00fcks bir d\u0131\u015f y\u00fczeye sahiptir. Belirgin s\u0131k\u0131nt\u0131l\u0131 mavi renk tonu, yaln\u0131zca ya\u015fland\u0131k\u00e7a daha iyi olacak benzersiz bir karakter katar. \u0130\u00e7 k\u0131s\u0131mda, ayaklar\u0131n\u0131z g\u00fcn boyunca nefes alabilirlik ve benzersiz konfor sa\u011flayan birinci s\u0131n\u0131f ke\u00e7i derisi astar\u0131n yumu\u015fak kuca\u011f\u0131nda olacak.<\/p>\n<p>\u0130\u00e7 k\u0131sm\u0131n do\u011fal nem \u00e7ekme \u00f6zelli\u011fi ayaklar\u0131n\u0131z\u0131n ferah hissetmesini sa\u011flar. <strong>Erkek Deri T\u0131knaz Derby Ayakkab\u0131<\/strong> uzun s\u00fcreli kullan\u0131m i\u00e7in m\u00fckemmeldir.<\/p>\n<p><h3>Farkl\u0131 Tasar\u0131m ve Sa\u011flam Taban<\/h3>\n<\/p>\n<p>Bu derby ayakkab\u0131lar\u0131 di\u011ferlerinden ay\u0131ran en \u00f6nemli \u00f6zellik, g\u00f6z al\u0131c\u0131 kal\u0131n EVA pabu\u00e7lu taban\u0131d\u0131r. Yakla\u015f\u0131k 4-6 cm'lik rahat bir platform y\u00fcksekli\u011fi sa\u011flayan bu sa\u011flam taban, \u00e7e\u015fitli araziler ve hava ko\u015fullar\u0131 i\u00e7in uygun olan m\u00fckemmel \u00e7eki\u015f g\u00fcc\u00fc ve dayan\u0131kl\u0131l\u0131k sunar. Hafif ancak sa\u011flam EVA malzeme, ayakkab\u0131lar\u0131n sa\u011flam g\u00f6r\u00fcnmesine ra\u011fmen t\u00fcm g\u00fcn kullan\u0131m i\u00e7in \u015fa\u015f\u0131rt\u0131c\u0131 derecede rahat kalmas\u0131n\u0131 sa\u011flar.<\/p>\n<p>Klasik ba\u011fc\u0131kl\u0131 tasar\u0131m, g\u00fcvenli ve ayarlanabilir bir uyum sa\u011flayarak ayakkab\u0131n\u0131n genel olarak sa\u011flam ancak zarif esteti\u011fini tamamlar. Bunlar <strong>Erkek Deri T\u0131knaz Derby Ayakkab\u0131<\/strong> ister \u015fehir sokaklar\u0131nda geziniyor olun ister hafta sonu gezintisinin tad\u0131n\u0131 \u00e7\u0131kar\u0131n, etki yaratmak i\u00e7in tasarlanm\u0131\u015ft\u0131r.<\/p>\n<p><h3>Toptan ve \u00d6zel Sipari\u015fler i\u00e7in Mevcuttur<\/h3>\n<\/p>\n<p>Minimum 8 \u00e7ift sipari\u015f miktar\u0131 ile hem bireysel hem de toplu sipari\u015flere hitap ediyoruz. Bu da bizim <strong>Erkek Deri T\u0131knaz Derby Ayakkab\u0131<\/strong> y\u00fcksek kaliteli, modaya uygun ayakkab\u0131lar stoklamak isteyen perakendeciler i\u00e7in ideal bir se\u00e7imdir. Geni\u015f bir m\u00fc\u015fteri kitlesi i\u00e7in m\u00fckemmel bir uyum sa\u011flayan 39'dan 45'e kadar kapsaml\u0131 bir beden yelpazesinde mevcuttur.<\/p>\n<p>Detayl\u0131 toptan fiyatland\u0131rma i\u00e7in l\u00fctfen fiyat listemize bak\u0131n\u0131z. Teslimat genellikle 12 g\u00fcn art\u0131 nakliye s\u00fcresi s\u00fcrer, sipari\u015finizin verimli ve sergilenmeye haz\u0131r bir \u015fekilde ula\u015fmas\u0131n\u0131 sa\u011flar. Bu \u015f\u0131k ve dayan\u0131kl\u0131 ayakkab\u0131larla ayakkab\u0131 koleksiyonunuzu geli\u015ftirin <strong>Erkek Deri T\u0131knaz Derby Ayakkab\u0131<\/strong>.<\/p>","protected":false},"excerpt":{"rendered":"<ul>\n<li>Premium S\u0131k\u0131\u015ft\u0131r\u0131lm\u0131\u015f Dana Derisi Saya<\/li>\n<li>\u00dcst\u00fcn konfor i\u00e7in Yumu\u015fak Ke\u00e7i Derisi Astar<\/li>\n<li>M\u00fckemmel \u00e7eki\u015f i\u00e7in T\u0131knaz EVA Lugged Taban (Yakla\u015f\u0131k 4-6cm Platform)<\/li>\n<li>G\u00fcvenli bir uyum i\u00e7in Klasik Ba\u011fc\u0131kl\u0131 Tasar\u0131m<\/li>\n<li>39-45 Bedenlerde Mevcuttur<\/li>\n<li>Minimum Sipari\u015f Miktar\u0131: 8 \u00c7ift<\/li>\n<li>Teslimat S\u00fcresi: 12 G\u00fcn + Kargo<\/li>\n<\/ul>","protected":false},"featured_media":3983,"template":"","meta":{"_acf_changed":false,"_uag_custom_page_level_css":"","site-sidebar-layout":"default","site-content-layout":"","ast-site-content-layout":"default","site-content-style":"default","site-sidebar-style":"default","ast-global-header-display":"","ast-banner-title-visibility":"","ast-main-header-display":"","ast-hfb-above-header-display":"","ast-hfb-below-header-display":"","ast-hfb-mobile-header-display":"","site-post-title":"","ast-breadcrumbs-content":"","ast-featured-img":"","footer-sml-layout":"","ast-disable-related-posts":"","theme-transparent-header-meta":"","adv-header-id-meta":"","stick-header-meta":"","header-above-stick-meta":"","header-main-stick-meta":"","header-below-stick-meta":"","astra-migrate-meta-layouts":"default","ast-page-background-enabled":"default","ast-page-background-meta":{"desktop":{"background-color":"var(--ast-global-color-4)","background-image":"","background-repeat":"repeat","background-position":"center center","background-size":"auto","background-attachment":"scroll","background-type":"","background-media":"","overlay-type":"","overlay-color":"","overlay-opacity":"","overlay-gradient":""},"tablet":{"background-color":"","background-image":"","background-repeat":"repeat","background-position":"center center","background-size":"auto","background-attachment":"scroll","background-type":"","background-media":"","overlay-type":"","overlay-color":"","overlay-opacity":"","overlay-gradient":""},"mobile":{"background-color":"","background-image":"","background-repeat":"repeat","background-position":"center center","background-size":"auto","background-attachment":"scroll","background-type":"","background-media":"","overlay-type":"","overlay-color":"","overlay-opacity":"","overlay-gradient":""}},"ast-content-background-meta":{"desktop":{"background-color":"var(--ast-global-color-5)","background-image":"","background-repeat":"repeat","background-position":"center center","background-size":"auto","background-attachment":"scroll","background-type":"","background-media":"","overlay-type":"","overlay-color":"","overlay-opacity":"","overlay-gradient":""},"tablet":{"background-color":"var(--ast-global-color-5)","background-image":"","background-repeat":"repeat","background-position":"center center","background-size":"auto","background-attachment":"scroll","background-type":"","background-media":"","overlay-type":"","overlay-color":"","overlay-opacity":"","overlay-gradient":""},"mobile":{"background-color":"var(--ast-global-color-5)","background-image":"","background-repeat":"repeat","background-position":"center center","background-size":"auto","background-attachment":"scroll","background-type":"","background-media":"","overlay-type":"","overlay-color":"","overlay-opacity":"","overlay-gradient":""}}},"product_brand":[],"product_cat":[430,40,15],"product_tag":[646,202,449,331,222,212,918,438,189,227,198,400,254],"class_list":{"0":"post-5970","1":"product","2":"type-product","3":"status-publish","4":"has-post-thumbnail","6":"product_cat-men","7":"product_cat-mens-shoes","8":"product_cat-uncategorized","9":"product_tag-blue-shoes","10":"product_tag-calf-leather","11":"product_tag-casual-shoes","12":"product_tag-chunky-sole-shoes","13":"product_tag-comfortable-shoes","14":"product_tag-derby-shoes","15":"product_tag-distressed-leather","16":"product_tag-eva-sole","17":"product_tag-goat-leather-lining","18":"product_tag-leather-shoes","19":"product_tag-mens-fashion","20":"product_tag-platform-shoes","21":"product_tag-wholesale-footwear","22":"desktop-align-center","23":"tablet-align-center","24":"mobile-align-center","26":"first","27":"instock","28":"shipping-taxable","29":"purchasable","30":"product-type-variable","31":"has-default-attributes"},"acf":[],"uagb_featured_image_src":{"full":["https:\/\/turkishtrade.co\/wp-content\/uploads\/2026\/01\/2400EJOMN00452-BLUE-DKS_7646-2-USD.png",453,250,false],"thumbnail":["https:\/\/turkishtrade.co\/wp-content\/uploads\/2026\/01\/2400EJOMN00452-BLUE-DKS_7646-2-USD-150x150.png",150,150,true],"medium":["https:\/\/turkishtrade.co\/wp-content\/uploads\/2026\/01\/2400EJOMN00452-BLUE-DKS_7646-2-USD-300x166.png",300,166,true],"medium_large":["https:\/\/turkishtrade.co\/wp-content\/uploads\/2026\/01\/2400EJOMN00452-BLUE-DKS_7646-2-USD.png",453,250,false],"large":["https:\/\/turkishtrade.co\/wp-content\/uploads\/2026\/01\/2400EJOMN00452-BLUE-DKS_7646-2-USD.png",453,250,false],"1536x1536":["https:\/\/turkishtrade.co\/wp-content\/uploads\/2026\/01\/2400EJOMN00452-BLUE-DKS_7646-2-USD.png",453,250,false],"2048x2048":["https:\/\/turkishtrade.co\/wp-content\/uploads\/2026\/01\/2400EJOMN00452-BLUE-DKS_7646-2-USD.png",453,250,false],"trp-custom-language-flag":["https:\/\/turkishtrade.co\/wp-content\/uploads\/2026\/01\/2400EJOMN00452-BLUE-DKS_7646-2-USD-18x10.png",18,10,true],"woocommerce_thumbnail":["https:\/\/turkishtrade.co\/wp-content\/uploads\/2026\/01\/2400EJOMN00452-BLUE-DKS_7646-2-USD-400x250.png",400,250,true],"woocommerce_single":["https:\/\/turkishtrade.co\/wp-content\/uploads\/2026\/01\/2400EJOMN00452-BLUE-DKS_7646-2-USD.png",453,250,false],"woocommerce_gallery_thumbnail":["https:\/\/turkishtrade.co\/wp-content\/uploads\/2026\/01\/2400EJOMN00452-BLUE-DKS_7646-2-USD-100x100.png",100,100,true]},"uagb_author_info":{"display_name":"yaser olabi","author_link":"https:\/\/turkishtrade.co\/tr\/author\/"},"uagb_comment_info":0,"uagb_excerpt":"Premium Distressed Calf Leather Upper Soft Goat Leather Lining for superior comfort Chunky EVA Lugged Sole for excellent traction (Approx. 4-6cm Platform) Classic Lace-Up Design for a secure fit Available in Sizes 39-45 Minimum Order Quantity: 8 Pairs Delivery Time: 12 Days + Shipping","_links":{"self":[{"href":"https:\/\/turkishtrade.co\/tr\/wp-json\/wp\/v2\/product\/5970","targetHints":{"allow":["GET"]}}],"collection":[{"href":"https:\/\/turkishtrade.co\/tr\/wp-json\/wp\/v2\/product"}],"about":[{"href":"https:\/\/turkishtrade.co\/tr\/wp-json\/wp\/v2\/types\/product"}],"wp:featuredmedia":[{"embeddable":true,"href":"https:\/\/turkishtrade.co\/tr\/wp-json\/wp\/v2\/media\/3983"}],"wp:attachment":[{"href":"https:\/\/turkishtrade.co\/tr\/wp-json\/wp\/v2\/media?parent=5970"}],"wp:term":[{"taxonomy":"product_brand","embeddable":true,"href":"https:\/\/turkishtrade.co\/tr\/wp-json\/wp\/v2\/product_brand?post=5970"},{"taxonomy":"product_cat","embeddable":true,"href":"https:\/\/turkishtrade.co\/tr\/wp-json\/wp\/v2\/product_cat?post=5970"},{"taxonomy":"product_tag","embeddable":true,"href":"https:\/\/turkishtrade.co\/tr\/wp-json\/wp\/v2\/product_tag?post=5970"}],"curies":[{"name":"wp","href":"https:\/\/api.w.org\/{rel}","templated":true}]}}