{"id":5966,"date":"2026-01-14T13:51:02","date_gmt":"2026-01-14T13:51:02","guid":{"rendered":"https:\/\/turkishtrade.co\/product\/men-s-leather-casual-shoes-2\/"},"modified":"2026-04-09T19:18:20","modified_gmt":"2026-04-09T19:18:20","slug":"mens-leather-casual-shoes-3","status":"publish","type":"product","link":"https:\/\/turkishtrade.co\/tr\/shop\/mens-leather-casual-shoes-3\/","title":{"rendered":"EVA Tabanl\u0131 Erkek Premium Dana Derisi Derby Ayakkab\u0131"},"content":{"rendered":"<p><strong>erkek deri\u0307 g\u00fcnl\u00fck ayakkabi<\/strong><\/p>\n<p>Enfes koleksiyonumuzla benzersiz bir stil ve konfora ad\u0131m at\u0131n <b>erkek deri\u0307 g\u00fcnl\u00fck ayakkabi<\/b>. Hem sofistike esteti\u011fe hem de g\u00fcnl\u00fck pratikli\u011fe de\u011fer veren modern erkekler i\u00e7in tasarlanan bu birinci s\u0131n\u0131f derby ayakkab\u0131lar, \u00fcst\u00fcn i\u015f\u00e7ili\u011fin bir kan\u0131t\u0131d\u0131r. Bu ola\u011fan\u00fcst\u00fc ayakkab\u0131lar\u0131n her bir \u00e7ifti <b>erkek deri\u0307 g\u00fcnl\u00fck ayakkabi<\/b> sadece en iyi malzemeler kullan\u0131larak titizlikle \u00fcretilir ve s\u0131radan ayakkab\u0131lardan ay\u0131ran l\u00fcks bir his ve kal\u0131c\u0131 kalite sa\u011flar.<\/p>\n<p>Bu ola\u011fan\u00fcst\u00fc binan\u0131n d\u0131\u015f cephesi <b>erkek deri\u0307 g\u00fcnl\u00fck ayakkabi<\/b> zengin dokusu, do\u011fal parlakl\u0131\u011f\u0131 ve ola\u011fan\u00fcst\u00fc dayan\u0131kl\u0131l\u0131\u011f\u0131yla tan\u0131nan esnek, y\u00fcksek kaliteli dana derisine sahiptir. Bu birinci s\u0131n\u0131f deri yaln\u0131zca muhte\u015fem g\u00f6r\u00fcnmekle kalmaz, ayn\u0131 zamanda zamanla aya\u011f\u0131n\u0131za uyum sa\u011flayarak yaln\u0131zca hakiki derinin sunabilece\u011fi ki\u015fiselle\u015ftirilmi\u015f bir uyum sa\u011flar. \u0130\u00e7 k\u0131s\u0131mda, ayaklar\u0131n\u0131z ke\u00e7i derisi astar\u0131n l\u00fcks yumu\u015fakl\u0131\u011f\u0131yla sar\u0131l\u0131r.<\/p>\n<p>Bu nefes alabilen ve p\u00fcr\u00fczs\u00fcz i\u00e7 k\u0131s\u0131m, uzun s\u00fcreli kullan\u0131mdan sonra bile rahats\u0131zl\u0131\u011f\u0131 \u00f6nleyerek maksimum konfor sa\u011flar ve bunlar\u0131 ideal hale getirir <b>erkek deri\u0307 g\u00fcnl\u00fck ayakkabi<\/b> her durum i\u00e7in.<\/p>\n<p><h3>Rakipsiz Konfor ve \u00c7ok Y\u00f6nl\u00fc Stil<\/h3>\n<\/p>\n<p>Sa\u011flam ancak son derece hafif EVA taban, ola\u011fan\u00fcst\u00fc yast\u0131klama ve destek sa\u011flar. Esneklik ve \u015fok emilimi i\u00e7in tasarlanan EVA taban, rahat bir y\u00fcr\u00fcy\u00fc\u015f sunarak bu ayakkab\u0131y\u0131 <b>erkek deri\u0307 g\u00fcnl\u00fck ayakkabi<\/b> \u015eehir sokaklar\u0131nda gezinmek veya rahat bir hafta sonu gezintisinin tad\u0131n\u0131 \u00e7\u0131karmak i\u00e7in m\u00fckemmeldir. 1-3 cm'lik klasik topuk y\u00fcksekli\u011fi ile rahatl\u0131k ve zarif \u015f\u0131kl\u0131k aras\u0131nda m\u00fckemmel bir denge kurar.<\/p>\n<p>\u015e\u0131k Derby ba\u011fc\u0131k sistemi, g\u00fcvenli ve ayarlanabilir bir uyum sa\u011flayarak ayakkab\u0131n\u0131n genel \u00e7a\u011fda\u015f ama zamans\u0131z \u00e7ekicili\u011fini tamamlar. Bunlar <b>erkek deri\u0307 g\u00fcnl\u00fck ayakkabi<\/b> Yar\u0131 resmi i\u015f k\u0131yafetlerinden \u015f\u0131k hafta sonu k\u0131yafetlerine sorunsuzca ge\u00e7i\u015f yaparak gard\u0131robunuzun \u00e7ok y\u00f6nl\u00fcl\u00fc\u011f\u00fcn\u00fc ger\u00e7ekten art\u0131r\u0131r.<\/p>\n<p><h3>Boyutlar ve Toptan Sat\u0131\u015f F\u0131rsatlar\u0131<\/h3>\n<\/p>\n<p>M\u00fckemmel uyumun \u00f6nemini biliyoruz, i\u015fte bu y\u00fczden bu birinci s\u0131n\u0131f <b>erkek deri\u0307 g\u00fcnl\u00fck ayakkabi<\/b> 39'dan 45'e kadar kapsaml\u0131 bir beden yelpazesinde mevcuttur. Toptan sat\u0131\u015f ortaklar\u0131m\u0131z ve perakendecilerimiz i\u00e7in cazip toplu sat\u0131n alma se\u00e7enekleri sunuyoruz. Sadece 8 \u00e7iftlik minimum sipari\u015f miktar\u0131yla, bu y\u00fcksek talep g\u00f6ren \u00fcr\u00fcnleri kolayca stoklayabilirsiniz <b>erkek deri\u0307 g\u00fcnl\u00fck ayakkabi<\/b> M\u00fc\u015fterilerinizin ihtiya\u00e7lar\u0131n\u0131 kar\u015f\u0131lamak i\u00e7in.<\/p>\n<p>Verimli \u00fcretim ve teslimat s\u00fcrecimiz, sipari\u015finizin kargo dahil 12 g\u00fcn i\u00e7inde ula\u015fmas\u0131n\u0131 sa\u011flayarak bu ola\u011fan\u00fcst\u00fc \u00fcr\u00fcnleri h\u0131zl\u0131 bir \u015fekilde tan\u0131tman\u0131za olanak tan\u0131r <b>erkek deri\u0307 g\u00fcnl\u00fck ayakkabi<\/b> m\u00fc\u015fterilerinize sunun. Hem se\u00e7kin bireyler hem de i\u015fletmeler i\u00e7in se\u00e7kin bir se\u00e7im olan birinci s\u0131n\u0131f dana derisi derby ayakkab\u0131lar\u0131m\u0131zla kaliteye, konfora ve zamans\u0131z stile yat\u0131r\u0131m yap\u0131n.<\/p>","protected":false},"excerpt":{"rendered":"<ul>\n<li>Kal\u0131c\u0131 stil i\u00e7in birinci s\u0131n\u0131f Dana Derisi d\u0131\u015f y\u00fczeyle ustal\u0131kla \u00fcretilmi\u015ftir.<\/li>\n<li>\u00dcst\u00fcn i\u00e7 konfor i\u00e7in yumu\u015fak, nefes alabilen Ke\u00e7i Derisi ile astarlanm\u0131\u015ft\u0131r.<\/li>\n<li>G\u00fcn boyu kullan\u0131m i\u00e7in tasarlanm\u0131\u015f hafif ve destekleyici EVA tabana sahiptir.<\/li>\n<li>1-3 cm'lik klasik topuk y\u00fcksekli\u011fi, stilden \u00f6d\u00fcn vermeden rahatl\u0131k sa\u011flar.<\/li>\n<li>Kapsaml\u0131 bir boyut yelpazesinde mevcuttur: 39, 40, 41, 42, 43, 44, 45.<\/li>\n<li>Minimum sipari\u015f miktar\u0131: 8 \u00e7ift (toptan sat\u0131\u015f ortaklar\u0131 i\u00e7in).<\/li>\n<li>Etkin teslimat: Sipari\u015fler 12 g\u00fcn art\u0131 standart kargo s\u00fcresi i\u00e7inde g\u00f6nderilir.<\/li>\n<\/ul>","protected":false},"featured_media":3981,"template":"","meta":{"_acf_changed":false,"_uag_custom_page_level_css":"","site-sidebar-layout":"default","site-content-layout":"","ast-site-content-layout":"default","site-content-style":"default","site-sidebar-style":"default","ast-global-header-display":"","ast-banner-title-visibility":"","ast-main-header-display":"","ast-hfb-above-header-display":"","ast-hfb-below-header-display":"","ast-hfb-mobile-header-display":"","site-post-title":"","ast-breadcrumbs-content":"","ast-featured-img":"","footer-sml-layout":"","ast-disable-related-posts":"","theme-transparent-header-meta":"","adv-header-id-meta":"","stick-header-meta":"","header-above-stick-meta":"","header-main-stick-meta":"","header-below-stick-meta":"","astra-migrate-meta-layouts":"default","ast-page-background-enabled":"default","ast-page-background-meta":{"desktop":{"background-color":"var(--ast-global-color-4)","background-image":"","background-repeat":"repeat","background-position":"center center","background-size":"auto","background-attachment":"scroll","background-type":"","background-media":"","overlay-type":"","overlay-color":"","overlay-opacity":"","overlay-gradient":""},"tablet":{"background-color":"","background-image":"","background-repeat":"repeat","background-position":"center center","background-size":"auto","background-attachment":"scroll","background-type":"","background-media":"","overlay-type":"","overlay-color":"","overlay-opacity":"","overlay-gradient":""},"mobile":{"background-color":"","background-image":"","background-repeat":"repeat","background-position":"center center","background-size":"auto","background-attachment":"scroll","background-type":"","background-media":"","overlay-type":"","overlay-color":"","overlay-opacity":"","overlay-gradient":""}},"ast-content-background-meta":{"desktop":{"background-color":"var(--ast-global-color-5)","background-image":"","background-repeat":"repeat","background-position":"center center","background-size":"auto","background-attachment":"scroll","background-type":"","background-media":"","overlay-type":"","overlay-color":"","overlay-opacity":"","overlay-gradient":""},"tablet":{"background-color":"var(--ast-global-color-5)","background-image":"","background-repeat":"repeat","background-position":"center center","background-size":"auto","background-attachment":"scroll","background-type":"","background-media":"","overlay-type":"","overlay-color":"","overlay-opacity":"","overlay-gradient":""},"mobile":{"background-color":"var(--ast-global-color-5)","background-image":"","background-repeat":"repeat","background-position":"center center","background-size":"auto","background-attachment":"scroll","background-type":"","background-media":"","overlay-type":"","overlay-color":"","overlay-opacity":"","overlay-gradient":""}}},"product_brand":[],"product_cat":[430,40,15],"product_tag":[674,202,449,222,212,438,1108,437,227,198,250,680,254],"class_list":{"0":"post-5966","1":"product","2":"type-product","3":"status-publish","4":"has-post-thumbnail","6":"product_cat-men","7":"product_cat-mens-shoes","8":"product_cat-uncategorized","9":"product_tag-bulk-shoes","10":"product_tag-calf-leather","11":"product_tag-casual-shoes","12":"product_tag-comfortable-shoes","13":"product_tag-derby-shoes","14":"product_tag-eva-sole","15":"product_tag-everyday-elegance","16":"product_tag-goat-leather","17":"product_tag-leather-shoes","18":"product_tag-mens-fashion","19":"product_tag-premium-leather","20":"product_tag-stylish-shoes","21":"product_tag-wholesale-footwear","22":"desktop-align-center","23":"tablet-align-center","24":"mobile-align-center","26":"first","27":"instock","28":"shipping-taxable","29":"purchasable","30":"product-type-variable","31":"has-default-attributes"},"acf":[],"uagb_featured_image_src":{"full":["https:\/\/turkishtrade.co\/wp-content\/uploads\/2026\/01\/2400EJOMN00441-BROWN-DKS_7650-2-USD.png",453,250,false],"thumbnail":["https:\/\/turkishtrade.co\/wp-content\/uploads\/2026\/01\/2400EJOMN00441-BROWN-DKS_7650-2-USD-150x150.png",150,150,true],"medium":["https:\/\/turkishtrade.co\/wp-content\/uploads\/2026\/01\/2400EJOMN00441-BROWN-DKS_7650-2-USD-300x166.png",300,166,true],"medium_large":["https:\/\/turkishtrade.co\/wp-content\/uploads\/2026\/01\/2400EJOMN00441-BROWN-DKS_7650-2-USD.png",453,250,false],"large":["https:\/\/turkishtrade.co\/wp-content\/uploads\/2026\/01\/2400EJOMN00441-BROWN-DKS_7650-2-USD.png",453,250,false],"1536x1536":["https:\/\/turkishtrade.co\/wp-content\/uploads\/2026\/01\/2400EJOMN00441-BROWN-DKS_7650-2-USD.png",453,250,false],"2048x2048":["https:\/\/turkishtrade.co\/wp-content\/uploads\/2026\/01\/2400EJOMN00441-BROWN-DKS_7650-2-USD.png",453,250,false],"trp-custom-language-flag":["https:\/\/turkishtrade.co\/wp-content\/uploads\/2026\/01\/2400EJOMN00441-BROWN-DKS_7650-2-USD-18x10.png",18,10,true],"woocommerce_thumbnail":["https:\/\/turkishtrade.co\/wp-content\/uploads\/2026\/01\/2400EJOMN00441-BROWN-DKS_7650-2-USD-400x250.png",400,250,true],"woocommerce_single":["https:\/\/turkishtrade.co\/wp-content\/uploads\/2026\/01\/2400EJOMN00441-BROWN-DKS_7650-2-USD.png",453,250,false],"woocommerce_gallery_thumbnail":["https:\/\/turkishtrade.co\/wp-content\/uploads\/2026\/01\/2400EJOMN00441-BROWN-DKS_7650-2-USD-100x100.png",100,100,true]},"uagb_author_info":{"display_name":"yaser olabi","author_link":"https:\/\/turkishtrade.co\/tr\/author\/"},"uagb_comment_info":0,"uagb_excerpt":"Expertly crafted with a premium Calf Leather exterior for lasting style. Lined with soft, breathable Goat Leather for ultimate interior comfort. Features a lightweight and supportive EVA sole, designed for all-day wear. Classic heel height of 1-3 cm, providing comfort without compromising style. Available in a comprehensive range of sizes: 39, 40, 41, 42, 43,&hellip;","_links":{"self":[{"href":"https:\/\/turkishtrade.co\/tr\/wp-json\/wp\/v2\/product\/5966","targetHints":{"allow":["GET"]}}],"collection":[{"href":"https:\/\/turkishtrade.co\/tr\/wp-json\/wp\/v2\/product"}],"about":[{"href":"https:\/\/turkishtrade.co\/tr\/wp-json\/wp\/v2\/types\/product"}],"wp:featuredmedia":[{"embeddable":true,"href":"https:\/\/turkishtrade.co\/tr\/wp-json\/wp\/v2\/media\/3981"}],"wp:attachment":[{"href":"https:\/\/turkishtrade.co\/tr\/wp-json\/wp\/v2\/media?parent=5966"}],"wp:term":[{"taxonomy":"product_brand","embeddable":true,"href":"https:\/\/turkishtrade.co\/tr\/wp-json\/wp\/v2\/product_brand?post=5966"},{"taxonomy":"product_cat","embeddable":true,"href":"https:\/\/turkishtrade.co\/tr\/wp-json\/wp\/v2\/product_cat?post=5966"},{"taxonomy":"product_tag","embeddable":true,"href":"https:\/\/turkishtrade.co\/tr\/wp-json\/wp\/v2\/product_tag?post=5966"}],"curies":[{"name":"wp","href":"https:\/\/api.w.org\/{rel}","templated":true}]}}