{"id":5964,"date":"2026-01-14T13:50:42","date_gmt":"2026-01-14T13:50:42","guid":{"rendered":"https:\/\/turkishtrade.co\/product\/mens-chunky-sole-leather-derby-3\/"},"modified":"2026-04-09T19:18:23","modified_gmt":"2026-04-09T19:18:23","slug":"mens-chunky-sole-leather-derby-3","status":"publish","type":"product","link":"https:\/\/turkishtrade.co\/tr\/shop\/mens-chunky-sole-leather-derby-3\/","title":{"rendered":"T\u0131knaz EVA Tabanl\u0131 Erkek Koyu Kahverengi Dana Derisi Derby Ayakkab\u0131"},"content":{"rendered":"<p><strong>Erkek Kal\u0131n Tabanl\u0131 Deri Derby<\/strong><\/p>\n<p>\u00dcst\u00fcn kaliteli \u00fcr\u00fcnlerimizle benzersiz stil ve konfora ad\u0131m at\u0131n <b>Erkek Koyu Kahverengi Dana Derisi Derby Ayakkab\u0131<\/b>, Kendine \u00f6zg\u00fc kal\u0131n EVA tabana sahiptir. Bu ola\u011fan\u00fcst\u00fc ayakkab\u0131lar, hem modaya uygun esteti\u011fe hem de kal\u0131c\u0131 kaliteye de\u011fer veren modern erkekler i\u00e7in tasarlanm\u0131\u015ft\u0131r. Klasik derby \u015f\u0131kl\u0131\u011f\u0131n\u0131 \u00e7a\u011fda\u015f ve sa\u011flam bir \u00e7izgiyle m\u00fckemmel bir \u015fekilde harmanlayan bu ayakkab\u0131lar <b>erkek kal\u0131n tabanl\u0131 deri derby<\/b> her t\u00fcrl\u00fc g\u00fcndelik veya \u015f\u0131k durum i\u00e7in ayakkab\u0131lar.<\/p>\n<h3>\u00dcst\u00fcn Malzemelerden \u00dcretilmi\u015ftir<\/h3>\n<p>Bu sofistike ayakkab\u0131lar\u0131n her detay\u0131 y\u00fcksek kaliteli i\u015f\u00e7ili\u011finin g\u00f6stergesidir. Ayakkab\u0131n\u0131n d\u0131\u015f y\u00fczeyi, inan\u0131lmaz dayan\u0131kl\u0131l\u0131\u011f\u0131, p\u00fcr\u00fczs\u00fcz y\u00fczeyi ve zaman i\u00e7inde g\u00fczel bir \u015fekilde eskime \u00f6zelli\u011fiyle bilinen esnek, zengin koyu kahverengi dana derisinden \u00fcretilmi\u015ftir. Bu birinci s\u0131n\u0131f dana derisi sadece l\u00fcks g\u00f6r\u00fcnmekle kalmaz, ayn\u0131 zamanda aya\u011f\u0131n\u0131za uyum sa\u011flayarak her giyimde ki\u015fiselle\u015ftirilmi\u015f bir uyum sunar.<\/p>\n<p>Sa\u011flam d\u0131\u015f y\u00fczeyi yumu\u015fak ke\u00e7i derisinden yap\u0131lm\u0131\u015f g\u00f6steri\u015fli bir i\u00e7 astar tamamlar. Bu i\u00e7 malzeme se\u00e7imi maksimum nefes alabilirlik ve konfor sa\u011flayarak ayaklar\u0131n\u0131z\u0131n g\u00fcn boyunca ferah hissetmesini ve desteklenmesini sa\u011flar. Bu \u00f6zenli kombinasyon, bu ayakkab\u0131lar\u0131n \u00fcst\u00fcn yap\u0131s\u0131n\u0131n alt\u0131n\u0131 \u00e7iziyor. <b>erkek kal\u0131n tabanl\u0131 deri derby<\/b> Ayakkab\u0131lar.<\/p>\n<h3>Konfor ve Stil i\u00e7in Yenilik\u00e7i T\u0131knaz EVA Taban<\/h3>\n<p>Bu derby ayakkab\u0131lar\u0131n belirleyici \u00f6zelli\u011fi benzersiz kal\u0131n EVA taban\u0131d\u0131r. Hafif esneklik i\u00e7in tasarlanan EVA taban, her ad\u0131mda darbeyi emerek ola\u011fan\u00fcst\u00fc yast\u0131klama sa\u011flar. Bu yenilik\u00e7i tasar\u0131m, hem \u00e7arp\u0131c\u0131 bir g\u00f6rsel \u00e7ekicilik sunarak tarz\u0131n\u0131z\u0131 y\u00fckseltir hem de geli\u015fmi\u015f tutu\u015f ve denge gibi pratik faydalar sa\u011flar.<\/p>\n<p>\u0130ster \u015fehir sokaklar\u0131nda geziniyor ister uzun saatler boyunca ayakta kal\u0131yor olun, kal\u0131n EVA taban\u0131 \u00e7a\u011fda\u015f tarzdan \u00f6d\u00fcn vermeden kal\u0131c\u0131 konfor sa\u011flar. Bunlar sadece ayakkab\u0131 de\u011fil; modern tarz\u0131n ruhunu m\u00fckemmel bir \u015fekilde somutla\u015ft\u0131ran bir ifade. <b>erkek kal\u0131n tabanl\u0131 deri derby<\/b> trend.<\/p>\n<h3>\u00c7ok Y\u00f6nl\u00fc Tasar\u0131m ve Toplu Bulunabilirlik<\/h3>\n<p>Koyu kahverengi dana derisi derby ayakkab\u0131lar\u0131m\u0131z inan\u0131lmaz derecede \u00e7ok y\u00f6nl\u00fcd\u00fcr; kot pantolonlar, chino pantolonlar ve hatta \u015f\u0131k ve rahat bir g\u00f6r\u00fcn\u00fcm i\u00e7in \u00f6zel dikim pantolonlarla kolayca e\u015fle\u015ftirilebilir. Klasik ba\u011fc\u0131kl\u0131 tasar\u0131m g\u00fcvenli bir uyum sa\u011flarken, 39'dan 45'e kadar c\u00f6mert boyutland\u0131rma \u00e7ok \u00e7e\u015fitli ayak boyutlar\u0131n\u0131 bar\u0131nd\u0131r\u0131r. M\u00fc\u015fterilerine \u00fcst d\u00fczey ayakkab\u0131lar sunmak isteyen perakendeciler ve i\u015fletmeler i\u00e7in bu <b>erkek kal\u0131n tabanl\u0131 deri derby<\/b> ayakkab\u0131lar sadece 8 \u00e7ift minimum sipari\u015f miktar\u0131 ile toptan sat\u0131n al\u0131nabilir.<\/p>\n<p>Yakla\u015f\u0131k 12 g\u00fcnl\u00fck \u00fcretim ve teslimat s\u00fcresi art\u0131 nakliye ile verimli hizmet vermekten gurur duyuyoruz. Zamans\u0131z \u00e7ekicili\u011fi modern sa\u011flaml\u0131kla birle\u015ftiren bu kal\u0131n tabanl\u0131 deri derbilerle envanterinizi y\u00fckseltin.<\/p>\n<h3>Kal\u0131c\u0131 Tarza Yat\u0131r\u0131m Yap\u0131n<\/h3>\n<p>Bizim se\u00e7imimiz <b>Erkek Kal\u0131n Tabanl\u0131 Deri Derby<\/b> stil, konfor ve uzun \u00f6m\u00fcrl\u00fcl\u00fck sunan ayakkab\u0131lara yat\u0131r\u0131m yapmak anlam\u0131na gelir. Geleneksel ayakkab\u0131c\u0131l\u0131k sanat\u0131 ile \u00e7a\u011fda\u015f tasar\u0131m\u0131n m\u00fckemmel birle\u015fimini deneyimleyin. Toplu tedarikinizi bug\u00fcn sipari\u015f edin ve m\u00fc\u015fterilerinize ger\u00e7ekten \u00f6ne \u00e7\u0131kan ayakkab\u0131lar sa\u011flay\u0131n.<\/p>","protected":false},"excerpt":{"rendered":"<ul>\n<li>Ustal\u0131kla haz\u0131rlanm\u0131\u015f <b>erkek kal\u0131n tabanl\u0131 deri derby<\/b> zengin koyu kahverengi ayakkab\u0131lar.<\/li>\n<li>Premium <b>dana derisi<\/b> \u00fcst k\u0131s\u0131m dayan\u0131kl\u0131l\u0131k ve sofistike bir stil sa\u011flar.<\/li>\n<li>L\u00fcks <b>ke\u00e7i derisi<\/b> i\u00e7 astar \u00fcst\u00fcn konfor ve nefes alabilirlik sunar.<\/li>\n<li>Hafif ancak sa\u011flam <b>EVA taban<\/b> m\u00fckemmel \u00e7eki\u015f g\u00fcc\u00fc ve g\u00fcn boyu giyilebilirlik sa\u011flar.<\/li>\n<li>Bedenleri mevcuttur: 39, 40, 41, 42, 43, 44, 45.<\/li>\n<li><b>Minimum sipari\u015f miktar\u0131: 8 \u00e7ift.<\/b> Toptan ve perakende sat\u0131\u015f ortaklar\u0131 i\u00e7in idealdir.<\/li>\n<li>\u00dcretim ve teslimat: Yakla\u015f\u0131k 12 g\u00fcn + nakliye.<\/li>\n<\/ul>","protected":false},"featured_media":3980,"template":"","meta":{"_acf_changed":false,"_uag_custom_page_level_css":"","site-sidebar-layout":"default","site-content-layout":"","ast-site-content-layout":"default","site-content-style":"default","site-sidebar-style":"default","ast-global-header-display":"","ast-banner-title-visibility":"","ast-main-header-display":"","ast-hfb-above-header-display":"","ast-hfb-below-header-display":"","ast-hfb-mobile-header-display":"","site-post-title":"","ast-breadcrumbs-content":"","ast-featured-img":"","footer-sml-layout":"","ast-disable-related-posts":"","theme-transparent-header-meta":"default","adv-header-id-meta":"","stick-header-meta":"","header-above-stick-meta":"","header-main-stick-meta":"","header-below-stick-meta":"","astra-migrate-meta-layouts":"set","ast-page-background-enabled":"default","ast-page-background-meta":{"desktop":{"background-color":"var(--ast-global-color-4)","background-image":"","background-repeat":"repeat","background-position":"center center","background-size":"auto","background-attachment":"scroll","background-type":"","background-media":"","overlay-type":"","overlay-color":"","overlay-opacity":"","overlay-gradient":""},"tablet":{"background-color":"","background-image":"","background-repeat":"repeat","background-position":"center center","background-size":"auto","background-attachment":"scroll","background-type":"","background-media":"","overlay-type":"","overlay-color":"","overlay-opacity":"","overlay-gradient":""},"mobile":{"background-color":"","background-image":"","background-repeat":"repeat","background-position":"center center","background-size":"auto","background-attachment":"scroll","background-type":"","background-media":"","overlay-type":"","overlay-color":"","overlay-opacity":"","overlay-gradient":""}},"ast-content-background-meta":{"desktop":{"background-color":"var(--ast-global-color-5)","background-image":"","background-repeat":"repeat","background-position":"center center","background-size":"auto","background-attachment":"scroll","background-type":"","background-media":"","overlay-type":"","overlay-color":"","overlay-opacity":"","overlay-gradient":""},"tablet":{"background-color":"var(--ast-global-color-5)","background-image":"","background-repeat":"repeat","background-position":"center center","background-size":"auto","background-attachment":"scroll","background-type":"","background-media":"","overlay-type":"","overlay-color":"","overlay-opacity":"","overlay-gradient":""},"mobile":{"background-color":"var(--ast-global-color-5)","background-image":"","background-repeat":"repeat","background-position":"center center","background-size":"auto","background-attachment":"scroll","background-type":"","background-media":"","overlay-type":"","overlay-color":"","overlay-opacity":"","overlay-gradient":""}}},"product_brand":[],"product_cat":[430,40,15],"product_tag":[202,449,436,222,408,212,439,438,487,437,227,198,281],"class_list":{"0":"post-5964","1":"product","2":"type-product","3":"status-publish","4":"has-post-thumbnail","6":"product_cat-men","7":"product_cat-mens-shoes","8":"product_cat-uncategorized","9":"product_tag-calf-leather","10":"product_tag-casual-shoes","11":"product_tag-chunky-sole","12":"product_tag-comfortable-shoes","13":"product_tag-dark-brown-shoes","14":"product_tag-derby-shoes","15":"product_tag-durable-shoes","16":"product_tag-eva-sole","17":"product_tag-footwear","18":"product_tag-goat-leather","19":"product_tag-leather-shoes","20":"product_tag-mens-fashion","21":"product_tag-wholesale-shoes","22":"desktop-align-center","23":"tablet-align-center","24":"mobile-align-center","26":"first","27":"instock","28":"shipping-taxable","29":"purchasable","30":"product-type-variable","31":"has-default-attributes"},"acf":[],"uagb_featured_image_src":{"full":["https:\/\/turkishtrade.co\/wp-content\/uploads\/2026\/01\/2400EJOMN00440-BROWN-TOV_11-2-USD.png",453,250,false],"thumbnail":["https:\/\/turkishtrade.co\/wp-content\/uploads\/2026\/01\/2400EJOMN00440-BROWN-TOV_11-2-USD-150x150.png",150,150,true],"medium":["https:\/\/turkishtrade.co\/wp-content\/uploads\/2026\/01\/2400EJOMN00440-BROWN-TOV_11-2-USD-300x166.png",300,166,true],"medium_large":["https:\/\/turkishtrade.co\/wp-content\/uploads\/2026\/01\/2400EJOMN00440-BROWN-TOV_11-2-USD.png",453,250,false],"large":["https:\/\/turkishtrade.co\/wp-content\/uploads\/2026\/01\/2400EJOMN00440-BROWN-TOV_11-2-USD.png",453,250,false],"1536x1536":["https:\/\/turkishtrade.co\/wp-content\/uploads\/2026\/01\/2400EJOMN00440-BROWN-TOV_11-2-USD.png",453,250,false],"2048x2048":["https:\/\/turkishtrade.co\/wp-content\/uploads\/2026\/01\/2400EJOMN00440-BROWN-TOV_11-2-USD.png",453,250,false],"trp-custom-language-flag":["https:\/\/turkishtrade.co\/wp-content\/uploads\/2026\/01\/2400EJOMN00440-BROWN-TOV_11-2-USD-18x10.png",18,10,true],"woocommerce_thumbnail":["https:\/\/turkishtrade.co\/wp-content\/uploads\/2026\/01\/2400EJOMN00440-BROWN-TOV_11-2-USD-400x250.png",400,250,true],"woocommerce_single":["https:\/\/turkishtrade.co\/wp-content\/uploads\/2026\/01\/2400EJOMN00440-BROWN-TOV_11-2-USD.png",453,250,false],"woocommerce_gallery_thumbnail":["https:\/\/turkishtrade.co\/wp-content\/uploads\/2026\/01\/2400EJOMN00440-BROWN-TOV_11-2-USD-100x100.png",100,100,true]},"uagb_author_info":{"display_name":"yaser olabi","author_link":"https:\/\/turkishtrade.co\/tr\/author\/"},"uagb_comment_info":0,"uagb_excerpt":"Expertly crafted men's chunky sole leather derby shoes in rich dark brown. Premium calf leather upper ensures durability and sophisticated style. Luxurious goat leather inner lining offers superior comfort and breathability. Lightweight yet sturdy EVA sole provides excellent traction and all-day wearability. Available in sizes: 39, 40, 41, 42, 43, 44, 45. Minimum order quantity:&hellip;","_links":{"self":[{"href":"https:\/\/turkishtrade.co\/tr\/wp-json\/wp\/v2\/product\/5964","targetHints":{"allow":["GET"]}}],"collection":[{"href":"https:\/\/turkishtrade.co\/tr\/wp-json\/wp\/v2\/product"}],"about":[{"href":"https:\/\/turkishtrade.co\/tr\/wp-json\/wp\/v2\/types\/product"}],"wp:featuredmedia":[{"embeddable":true,"href":"https:\/\/turkishtrade.co\/tr\/wp-json\/wp\/v2\/media\/3980"}],"wp:attachment":[{"href":"https:\/\/turkishtrade.co\/tr\/wp-json\/wp\/v2\/media?parent=5964"}],"wp:term":[{"taxonomy":"product_brand","embeddable":true,"href":"https:\/\/turkishtrade.co\/tr\/wp-json\/wp\/v2\/product_brand?post=5964"},{"taxonomy":"product_cat","embeddable":true,"href":"https:\/\/turkishtrade.co\/tr\/wp-json\/wp\/v2\/product_cat?post=5964"},{"taxonomy":"product_tag","embeddable":true,"href":"https:\/\/turkishtrade.co\/tr\/wp-json\/wp\/v2\/product_tag?post=5964"}],"curies":[{"name":"wp","href":"https:\/\/api.w.org\/{rel}","templated":true}]}}