{"id":5961,"date":"2026-01-14T13:50:16","date_gmt":"2026-01-14T13:50:16","guid":{"rendered":"https:\/\/turkishtrade.co\/product\/mens-leather-chunky-sole-shoes\/"},"modified":"2026-04-09T19:18:29","modified_gmt":"2026-04-09T19:18:29","slug":"mens-leather-chunky-sole-shoes","status":"publish","type":"product","link":"https:\/\/turkishtrade.co\/tr\/shop\/mens-leather-chunky-sole-shoes\/","title":{"rendered":"Premium Erkek Kahverengi Dana Derisi Kal\u0131n Tabanl\u0131 Ayakkab\u0131"},"content":{"rendered":"<p><strong>Erkek Deri Kal\u0131n Tabanl\u0131 Ayakkab\u0131<\/strong><\/p>\n<p>\u00dcst\u00fcn kaliteli \u00fcr\u00fcnlerimizle benzersiz stil ve konfora ad\u0131m at\u0131n <strong>Erkek Deri Kal\u0131n Tabanl\u0131 Ayakkab\u0131<\/strong>. Hem sofistike hem de sa\u011flam dayan\u0131kl\u0131l\u0131\u011f\u0131 takdir eden modern erkek i\u00e7in tasarlanan bu ayakkab\u0131lar, m\u00fckemmel i\u015f\u00e7ili\u011fin bir kan\u0131t\u0131d\u0131r. Her bir \u00e7iftimiz <strong>Erkek Deri Kal\u0131n Tabanl\u0131 Ayakkab\u0131<\/strong> en iyi malzemelerden titizlikle \u00fcretilmi\u015ftir ve yaln\u0131zca ola\u011fan\u00fcst\u00fc g\u00f6r\u00fcnmekle kalmay\u0131p ayn\u0131 zamanda zaman\u0131n testine de dayan\u0131kl\u0131 bir \u00fcr\u00fcn sa\u011flar.<\/p>\n<p>Bunlar ger\u00e7ekten \u00fcst\u00fcn <strong>Erkek Deri Kal\u0131n Tabanl\u0131 Ayakkab\u0131<\/strong>, her se\u00e7kin gard\u0131rop i\u00e7in m\u00fckemmeldir.<\/p>\n<h3>\u00dcst\u00fcn \u0130\u015f\u00e7ilik ve Malzemeler<\/h3>\n<p>Bu ola\u011fan\u00fcst\u00fc ayakkab\u0131lar\u0131n d\u0131\u015f y\u00fczeyi, esnek dokusu ve kal\u0131c\u0131 esnekli\u011fi ile tan\u0131nan y\u00fcksek kaliteli dana derisinden \u00fcretilmi\u015ftir. Bu zengin kahverengi dana derisi zaman i\u00e7inde benzersiz bir patina geli\u015ftirerek ayakkab\u0131 koleksiyonunuza karakter ve derinlik katar. Sa\u011flam d\u0131\u015f y\u00fczeyi tamamlayan i\u00e7 k\u0131s\u0131m, ayaklar\u0131n\u0131z i\u00e7in inan\u0131lmaz derecede yumu\u015fak ve nefes alabilen bir ortam sa\u011flayan l\u00fcks ke\u00e7i derisi astara sahiptir.<\/p>\n<p>Bu kombinasyon, uzun s\u00fcreli kullan\u0131mda bile maksimum konfor sa\u011flayarak bu \u00fcr\u00fcnleri ideal hale getirir <strong>Erkek Deri Kal\u0131n Tabanl\u0131 Ayakkab\u0131<\/strong>.<\/p>\n<h3>Benzersiz Konfor ile Farkl\u0131 Stil<\/h3>\n<p>Bunlar\u0131 ger\u00e7ekten belirleyen \u015fey <strong>Erkek Deri Kal\u0131n Tabanl\u0131 Ayakkab\u0131<\/strong> bir di\u011fer \u00f6zelli\u011fi de kendine \u00f6zg\u00fc kal\u0131n EVA taban\u0131d\u0131r. \u00dcst\u00fcn yast\u0131klama ve denge i\u00e7in tasarlanan EVA taban, m\u00fckemmel \u015fok emilimi sunarak her ad\u0131m\u0131n daha hafif hissedilmesini sa\u011flar. Kal\u0131n taban\u0131n y\u00fckseltilmi\u015f tasar\u0131m\u0131, g\u00fcndelik k\u0131yafetlerinize \u00e7a\u011fda\u015f bir hava katmakla kalmaz, ayn\u0131 zamanda moday\u0131 pratik konforla birle\u015ftirerek ince bir y\u00fckseklik art\u0131\u015f\u0131 sa\u011flar.<\/p>\n<p>\u0130ster \u015fehir sokaklar\u0131nda geziniyor ister rahat bir hafta sonu gezintisinin tad\u0131n\u0131 \u00e7\u0131kar\u0131yor olun, bu <strong>Erkek Deri Kal\u0131n Tabanl\u0131 Ayakkab\u0131<\/strong> ideal yol arkada\u015f\u0131n\u0131zd\u0131r. Fark\u0131 bizim ile ya\u015fay\u0131n <strong>Erkek Deri Kal\u0131n Tabanl\u0131 Ayakkab\u0131<\/strong>.<\/p>\n<p>Kaliteye olan ba\u011fl\u0131l\u0131\u011f\u0131m\u0131z her ayr\u0131nt\u0131ya kadar uzan\u0131yor. Sa\u011flam ba\u011fc\u0131k sisteminden dayan\u0131kl\u0131 EVA taban\u0131 s\u00fcsleyen hassas diki\u015fe kadar bu <strong>Erkek Deri Kal\u0131n Tabanl\u0131 Ayakkab\u0131<\/strong> geleneksel ayakkab\u0131 yap\u0131m teknikleri ile modern tasar\u0131m ilkelerinin m\u00fckemmel bir kar\u0131\u015f\u0131m\u0131n\u0131 temsil ediyor. 39'dan 45'e kadar kapsaml\u0131 bir beden yelpazesinde mevcut olan bu ayakkab\u0131lar, \u00e7ok \u00e7e\u015fitli se\u00e7kin beyefendiler i\u00e7in m\u00fckemmel bir uyum sa\u011flar.<\/p>\n<h3>Toptan Sat\u0131\u015f F\u0131rsatlar\u0131<\/h3>\n<p>\u0130\u015fletmeler ve perakendeciler i\u00e7in bu enfes \u00fcr\u00fcnler <strong>Erkek Deri Kal\u0131n Tabanl\u0131 Ayakkab\u0131<\/strong> minimum 8 \u00e7ift sipari\u015fle toplu olarak sat\u0131n al\u0131nabilir. Yakla\u015f\u0131k 12 g\u00fcn i\u00e7inde teslim edilmesini bekleyin ve hem y\u00fcksek talep hem de m\u00fc\u015fteri memnuniyeti vaat eden bir \u00fcr\u00fcnle envanterinizi h\u0131zl\u0131 bir \u015fekilde stoklaman\u0131za olanak tan\u0131y\u0131n. Bu ola\u011fan\u00fcst\u00fc \u00fcr\u00fcnlerle ayakkab\u0131 tekliflerinizi y\u00fckseltin <strong>Erkek Deri Kal\u0131n Tabanl\u0131 Ayakkab\u0131<\/strong>, her \u015f\u0131k gard\u0131robun ger\u00e7ek bir k\u00f6\u015fe ta\u015f\u0131d\u0131r.<\/p>","protected":false},"excerpt":{"rendered":"<ul>\n<li>Ola\u011fan\u00fcst\u00fc dayan\u0131kl\u0131l\u0131k ve zengin estetik i\u00e7in birinci s\u0131n\u0131f dana derisi d\u0131\u015f y\u00fczey.<\/li>\n<li>L\u00fcks ke\u00e7i derisi i\u00e7 astar \u00fcst\u00fcn konfor ve nefes alabilirlik sa\u011flar.<\/li>\n<li>Ay\u0131rt edici kal\u0131n EVA taban, m\u00fckemmel yast\u0131klama ve modern, y\u00fcksek bir g\u00f6r\u00fcn\u00fcm sa\u011flar.<\/li>\n<li>Kapsaml\u0131 bir erkek beden yelpazesinde mevcuttur: 39, 40, 41, 42, 43, 44, 45.<\/li>\n<li>Minimum sipari\u015f miktar\u0131: 8 \u00e7ift (toplu kullan\u0131labilirlik).<\/li>\n<li>Tahmini teslim s\u00fcresi: 12 g\u00fcn + nakliye.<\/li>\n<\/ul>","protected":false},"featured_media":3979,"template":"","meta":{"_acf_changed":false,"_uag_custom_page_level_css":"","site-sidebar-layout":"default","site-content-layout":"","ast-site-content-layout":"default","site-content-style":"default","site-sidebar-style":"default","ast-global-header-display":"","ast-banner-title-visibility":"","ast-main-header-display":"","ast-hfb-above-header-display":"","ast-hfb-below-header-display":"","ast-hfb-mobile-header-display":"","site-post-title":"","ast-breadcrumbs-content":"","ast-featured-img":"","footer-sml-layout":"","ast-disable-related-posts":"","theme-transparent-header-meta":"default","adv-header-id-meta":"","stick-header-meta":"","header-above-stick-meta":"","header-main-stick-meta":"","header-below-stick-meta":"","astra-migrate-meta-layouts":"set","ast-page-background-enabled":"default","ast-page-background-meta":{"desktop":{"background-color":"var(--ast-global-color-4)","background-image":"","background-repeat":"repeat","background-position":"center center","background-size":"auto","background-attachment":"scroll","background-type":"","background-media":"","overlay-type":"","overlay-color":"","overlay-opacity":"","overlay-gradient":""},"tablet":{"background-color":"","background-image":"","background-repeat":"repeat","background-position":"center center","background-size":"auto","background-attachment":"scroll","background-type":"","background-media":"","overlay-type":"","overlay-color":"","overlay-opacity":"","overlay-gradient":""},"mobile":{"background-color":"","background-image":"","background-repeat":"repeat","background-position":"center center","background-size":"auto","background-attachment":"scroll","background-type":"","background-media":"","overlay-type":"","overlay-color":"","overlay-opacity":"","overlay-gradient":""}},"ast-content-background-meta":{"desktop":{"background-color":"var(--ast-global-color-5)","background-image":"","background-repeat":"repeat","background-position":"center center","background-size":"auto","background-attachment":"scroll","background-type":"","background-media":"","overlay-type":"","overlay-color":"","overlay-opacity":"","overlay-gradient":""},"tablet":{"background-color":"var(--ast-global-color-5)","background-image":"","background-repeat":"repeat","background-position":"center center","background-size":"auto","background-attachment":"scroll","background-type":"","background-media":"","overlay-type":"","overlay-color":"","overlay-opacity":"","overlay-gradient":""},"mobile":{"background-color":"var(--ast-global-color-5)","background-image":"","background-repeat":"repeat","background-position":"center center","background-size":"auto","background-attachment":"scroll","background-type":"","background-media":"","overlay-type":"","overlay-color":"","overlay-opacity":"","overlay-gradient":""}}},"product_brand":[],"product_cat":[430,40,15],"product_tag":[292,202,1107,222,212,439,1037,438,189,198,1106,281],"class_list":{"0":"post-5961","1":"product","2":"type-product","3":"status-publish","4":"has-post-thumbnail","6":"product_cat-men","7":"product_cat-mens-shoes","8":"product_cat-uncategorized","9":"product_tag-brown-leather-shoes","10":"product_tag-calf-leather","11":"product_tag-chunky-sole-footwear","12":"product_tag-comfortable-shoes","13":"product_tag-derby-shoes","14":"product_tag-durable-shoes","15":"product_tag-elevated-sole","16":"product_tag-eva-sole","17":"product_tag-goat-leather-lining","18":"product_tag-mens-fashion","19":"product_tag-mens-leather-chunky-sole-shoes","20":"product_tag-wholesale-shoes","21":"desktop-align-center","22":"tablet-align-center","23":"mobile-align-center","25":"first","26":"instock","27":"shipping-taxable","28":"purchasable","29":"product-type-variable","30":"has-default-attributes"},"acf":[],"uagb_featured_image_src":{"full":["https:\/\/turkishtrade.co\/wp-content\/uploads\/2026\/01\/2400EJOMN00439-CAMEL-DKS_7648-2-USD.png",453,250,false],"thumbnail":["https:\/\/turkishtrade.co\/wp-content\/uploads\/2026\/01\/2400EJOMN00439-CAMEL-DKS_7648-2-USD-150x150.png",150,150,true],"medium":["https:\/\/turkishtrade.co\/wp-content\/uploads\/2026\/01\/2400EJOMN00439-CAMEL-DKS_7648-2-USD-300x166.png",300,166,true],"medium_large":["https:\/\/turkishtrade.co\/wp-content\/uploads\/2026\/01\/2400EJOMN00439-CAMEL-DKS_7648-2-USD.png",453,250,false],"large":["https:\/\/turkishtrade.co\/wp-content\/uploads\/2026\/01\/2400EJOMN00439-CAMEL-DKS_7648-2-USD.png",453,250,false],"1536x1536":["https:\/\/turkishtrade.co\/wp-content\/uploads\/2026\/01\/2400EJOMN00439-CAMEL-DKS_7648-2-USD.png",453,250,false],"2048x2048":["https:\/\/turkishtrade.co\/wp-content\/uploads\/2026\/01\/2400EJOMN00439-CAMEL-DKS_7648-2-USD.png",453,250,false],"trp-custom-language-flag":["https:\/\/turkishtrade.co\/wp-content\/uploads\/2026\/01\/2400EJOMN00439-CAMEL-DKS_7648-2-USD-18x10.png",18,10,true],"woocommerce_thumbnail":["https:\/\/turkishtrade.co\/wp-content\/uploads\/2026\/01\/2400EJOMN00439-CAMEL-DKS_7648-2-USD-400x250.png",400,250,true],"woocommerce_single":["https:\/\/turkishtrade.co\/wp-content\/uploads\/2026\/01\/2400EJOMN00439-CAMEL-DKS_7648-2-USD.png",453,250,false],"woocommerce_gallery_thumbnail":["https:\/\/turkishtrade.co\/wp-content\/uploads\/2026\/01\/2400EJOMN00439-CAMEL-DKS_7648-2-USD-100x100.png",100,100,true]},"uagb_author_info":{"display_name":"yaser olabi","author_link":"https:\/\/turkishtrade.co\/tr\/author\/"},"uagb_comment_info":0,"uagb_excerpt":"Premium calf leather outer for exceptional durability and rich aesthetic. Luxurious goat leather interior lining ensures superior comfort and breathability. Distinctive chunky EVA sole provides excellent cushioning and a modern, elevated look. Available in a comprehensive range of men's sizes: 39, 40, 41, 42, 43, 44, 45. Minimum order quantity: 8 pairs (bulk availability). Estimated&hellip;","_links":{"self":[{"href":"https:\/\/turkishtrade.co\/tr\/wp-json\/wp\/v2\/product\/5961","targetHints":{"allow":["GET"]}}],"collection":[{"href":"https:\/\/turkishtrade.co\/tr\/wp-json\/wp\/v2\/product"}],"about":[{"href":"https:\/\/turkishtrade.co\/tr\/wp-json\/wp\/v2\/types\/product"}],"wp:featuredmedia":[{"embeddable":true,"href":"https:\/\/turkishtrade.co\/tr\/wp-json\/wp\/v2\/media\/3979"}],"wp:attachment":[{"href":"https:\/\/turkishtrade.co\/tr\/wp-json\/wp\/v2\/media?parent=5961"}],"wp:term":[{"taxonomy":"product_brand","embeddable":true,"href":"https:\/\/turkishtrade.co\/tr\/wp-json\/wp\/v2\/product_brand?post=5961"},{"taxonomy":"product_cat","embeddable":true,"href":"https:\/\/turkishtrade.co\/tr\/wp-json\/wp\/v2\/product_cat?post=5961"},{"taxonomy":"product_tag","embeddable":true,"href":"https:\/\/turkishtrade.co\/tr\/wp-json\/wp\/v2\/product_tag?post=5961"}],"curies":[{"name":"wp","href":"https:\/\/api.w.org\/{rel}","templated":true}]}}