{"id":5952,"date":"2026-01-14T13:48:44","date_gmt":"2026-01-14T13:48:44","guid":{"rendered":"https:\/\/turkishtrade.co\/product\/men-chunky-leather-loafers\/"},"modified":"2026-04-09T19:18:41","modified_gmt":"2026-04-09T19:18:41","slug":"mens-chunky-leather-loafers-2","status":"publish","type":"product","link":"https:\/\/turkishtrade.co\/tr\/shop\/mens-chunky-leather-loafers-2\/","title":{"rendered":"Erkek Premium Dana Derisi Kal\u0131n Tabanl\u0131 Loafer"},"content":{"rendered":"<p><strong>Erkek Kal\u0131n Deri Loafer'lar<\/strong><\/p>\n<p>Ayakkab\u0131 koleksiyonunuzu se\u00e7kin \u00fcr\u00fcnlerimizle geli\u015ftirin <strong>Erkek Kal\u0131n Deri Loafer'lar<\/strong>, hem stile hem de \u00f6ze de\u011fer veren modern erkekler i\u00e7in tasarland\u0131. Sofistike bir esteti\u011fe sahip olan bu birinci s\u0131n\u0131f mokasen ayakkab\u0131lar, hem g\u00fcndelik hem de yar\u0131 resmi kombinlere m\u00fckemmel bir katk\u0131 sa\u011flar. Detaylara en \u00fcst d\u00fczeyde \u00f6zen g\u00f6sterilerek \u00fcretilen bu <strong>Erkek Kal\u0131n Deri Loafer'lar<\/strong> \u00e7a\u011fda\u015f ayakkab\u0131lar i\u00e7in yeni bir standart belirledi.<\/p>\n<h3>Rakipsiz Konfor ve \u0130\u015f\u00e7ilik<\/h3>\n<p>Bunlar\u0131n sa\u011flam d\u0131\u015f y\u00fczeyi <strong>Erkek Kal\u0131n Deri Loafer'lar<\/strong> ola\u011fan\u00fcst\u00fc dayan\u0131kl\u0131l\u0131\u011f\u0131 ve zarif dokusuyla bilinen hakiki dana derisinden titizlikle \u00fcretilmi\u015ftir ve zamana kar\u015f\u0131 dayan\u0131kl\u0131 olmas\u0131n\u0131 sa\u011flar.<\/p>\n<p>Yumu\u015fak, nefes alabilen ke\u00e7i derisi astar sayesinde ayaklar\u0131n\u0131z benzersiz bir konfor ya\u015fayacak ve her ad\u0131mda l\u00fcks bir his verecektir. Kendine \u00f6zg\u00fc kal\u0131n EVA taban\u0131 sadece \u00e7a\u011fda\u015f bir hava katmakla kalmaz, ayn\u0131 zamanda \u00fcst\u00fcn yast\u0131klama ve kavrama sunar. <strong>Erkek Kal\u0131n Deri Loafer'lar<\/strong> t\u00fcm g\u00fcn kullan\u0131m i\u00e7in idealdir.<\/p>\n<h3>Stil ve Pratikli\u011fin M\u00fckemmel Kar\u0131\u015f\u0131m\u0131<\/h3>\n<p>Klasik topuk y\u00fcksekli\u011fi 1-3 cm olan bu mokasen ayakkab\u0131lar stil ve pratiklik aras\u0131nda m\u00fckemmel bir denge kurar. Kaliteli i\u015f\u00e7ili\u011fin bir kan\u0131t\u0131 olan her bir \u00e7ift, uzun s\u00fcreli kullan\u0131m sunmak ve zarif g\u00f6r\u00fcn\u00fcmlerini korumak i\u00e7in tasarlanm\u0131\u015ft\u0131r. \u0130ster \u015fehir sokaklar\u0131nda geziniyor ister i\u015f ama\u00e7l\u0131 g\u00fcndelik bir etkinli\u011fe kat\u0131l\u0131yor olun, bu <strong>Erkek Kal\u0131n Deri Loafer'lar<\/strong> konfor, destek ve inkar edilemez yetene\u011fin nihai kombinasyonunu sa\u011flar.<\/p>\n<p>\u00c7ok y\u00f6nl\u00fc mokasen ayakkab\u0131lar\u0131m\u0131z 39'dan 45'e kadar uzanan geni\u015f bir beden yelpazesinde mevcut olup, geni\u015f bir m\u00fc\u015fteri kitlesine hitap etmektedir. Zamans\u0131z tasar\u0131m\u0131, \u00e7a\u011fda\u015f kal\u0131n taban\u0131 ile birle\u015fti\u011finde, bu <strong>Erkek Kal\u0131n Deri Loafer'lar<\/strong> moday\u0131 takip eden her gard\u0131robun vazge\u00e7ilmezi olmaya devam ediyor.<\/p>\n<h3>Premium Ayakkab\u0131lar i\u00e7in Toptan Sat\u0131\u015f F\u0131rsatlar\u0131<\/h3>\n<p>\u00dcr\u00fcn tekliflerini zenginle\u015ftirmek isteyen i\u015fletmeler i\u00e7in <strong>Erkek Kal\u0131n Deri Loafer'lar<\/strong> toptan sat\u0131n al\u0131nabilir. Verimli bir \u015fekilde stok yapabilmenizi sa\u011flamak i\u00e7in minimum 8 \u00e7ift sipari\u015f istiyoruz. Zaman\u0131nda teslimat\u0131n \u00f6nemini anl\u0131yoruz ve sipari\u015fleri 12 g\u00fcn i\u00e7inde g\u00f6ndermeyi ve ard\u0131ndan standart kargo ile g\u00f6ndermeyi taahh\u00fct ediyoruz.<\/p>\n<p>Ayr\u0131nt\u0131l\u0131 fiyat listemizi talep ederek rekabet\u00e7i fiyatlara eri\u015fin. Bu ola\u011fan\u00fcst\u00fc \u00fcr\u00fcnlere yat\u0131r\u0131m yap\u0131n <strong>Erkek Kal\u0131n Deri Loafer'lar<\/strong> ve m\u00fc\u015fterilerinize kalite ve tasar\u0131m a\u00e7\u0131s\u0131ndan ger\u00e7ekten \u00f6ne \u00e7\u0131kan ayakkab\u0131lar sunun.<\/p>","protected":false},"excerpt":{"rendered":"<ul>\n<li><strong>Premium Malzemeler:<\/strong> \u00dcst\u00fcn kalite i\u00e7in d\u0131\u015f\u0131 hakiki dana derisi ve i\u00e7i yumu\u015fak ke\u00e7i derisi ile \u00fcretilmi\u015ftir.<\/li>\n<li><strong>Kal\u0131n EVA Taban:<\/strong> Dayan\u0131kl\u0131 ve rahat EVA tabana sahiptir ve 1-3 cm'lik \u015f\u0131k bir topuk y\u00fcksekli\u011fi sunar.<\/li>\n<li><strong>Geni\u015f Boyut Aral\u0131\u011f\u0131:<\/strong> Farkl\u0131 m\u00fc\u015fteri ihtiya\u00e7lar\u0131n\u0131 kar\u015f\u0131lamak i\u00e7in 39, 40, 41, 42, 43, 44, 45 bedenleri mevcuttur.<\/li>\n<li><strong>Toptan Sat\u0131\u015f:<\/strong> Minimum 8 \u00e7ift sipari\u015f; perakendeciler ve toplu al\u0131m yapanlar i\u00e7in idealdir.<\/li>\n<li><strong>Etkili Teslimat:<\/strong> Sipari\u015fler 12 g\u00fcn + standart nakliye s\u00fcresi i\u00e7inde g\u00f6nderilir.<\/li>\n<\/ul>","protected":false},"featured_media":3974,"template":"","meta":{"_acf_changed":false,"_uag_custom_page_level_css":"","site-sidebar-layout":"default","site-content-layout":"","ast-site-content-layout":"default","site-content-style":"default","site-sidebar-style":"default","ast-global-header-display":"","ast-banner-title-visibility":"","ast-main-header-display":"","ast-hfb-above-header-display":"","ast-hfb-below-header-display":"","ast-hfb-mobile-header-display":"","site-post-title":"","ast-breadcrumbs-content":"","ast-featured-img":"","footer-sml-layout":"","ast-disable-related-posts":"","theme-transparent-header-meta":"default","adv-header-id-meta":"","stick-header-meta":"","header-above-stick-meta":"","header-main-stick-meta":"","header-below-stick-meta":"","astra-migrate-meta-layouts":"set","ast-page-background-enabled":"default","ast-page-background-meta":{"desktop":{"background-color":"var(--ast-global-color-4)","background-image":"","background-repeat":"repeat","background-position":"center center","background-size":"auto","background-attachment":"scroll","background-type":"","background-media":"","overlay-type":"","overlay-color":"","overlay-opacity":"","overlay-gradient":""},"tablet":{"background-color":"","background-image":"","background-repeat":"repeat","background-position":"center center","background-size":"auto","background-attachment":"scroll","background-type":"","background-media":"","overlay-type":"","overlay-color":"","overlay-opacity":"","overlay-gradient":""},"mobile":{"background-color":"","background-image":"","background-repeat":"repeat","background-position":"center center","background-size":"auto","background-attachment":"scroll","background-type":"","background-media":"","overlay-type":"","overlay-color":"","overlay-opacity":"","overlay-gradient":""}},"ast-content-background-meta":{"desktop":{"background-color":"var(--ast-global-color-5)","background-image":"","background-repeat":"repeat","background-position":"center center","background-size":"auto","background-attachment":"scroll","background-type":"","background-media":"","overlay-type":"","overlay-color":"","overlay-opacity":"","overlay-gradient":""},"tablet":{"background-color":"var(--ast-global-color-5)","background-image":"","background-repeat":"repeat","background-position":"center center","background-size":"auto","background-attachment":"scroll","background-type":"","background-media":"","overlay-type":"","overlay-color":"","overlay-opacity":"","overlay-gradient":""},"mobile":{"background-color":"var(--ast-global-color-5)","background-image":"","background-repeat":"repeat","background-position":"center center","background-size":"auto","background-attachment":"scroll","background-type":"","background-media":"","overlay-type":"","overlay-color":"","overlay-opacity":"","overlay-gradient":""}}},"product_brand":[],"product_cat":[430,40,15],"product_tag":[185,512,304,950,438,189,1096,351,1095,186,362,546,281],"class_list":{"0":"post-5952","1":"product","2":"type-product","3":"status-publish","4":"has-post-thumbnail","6":"product_cat-men","7":"product_cat-mens-shoes","8":"product_cat-uncategorized","9":"product_tag-calf-leather-shoes","10":"product_tag-casual-loafers","11":"product_tag-chunky-sole-loafers","12":"product_tag-comfort-loafers","13":"product_tag-eva-sole","14":"product_tag-goat-leather-lining","15":"product_tag-grey-loafers","16":"product_tag-leather-footwear","17":"product_tag-mens-chunky-leather-loafers","18":"product_tag-mens-loafers","19":"product_tag-premium-footwear","20":"product_tag-stylish-mens-shoes","21":"product_tag-wholesale-shoes","22":"desktop-align-center","23":"tablet-align-center","24":"mobile-align-center","26":"first","27":"instock","28":"shipping-taxable","29":"purchasable","30":"product-type-variable","31":"has-default-attributes"},"acf":[],"uagb_featured_image_src":{"full":["https:\/\/turkishtrade.co\/wp-content\/uploads\/2026\/01\/2400EJOMN00354-BEIGE-DKS_7654-2-USD.png",453,250,false],"thumbnail":["https:\/\/turkishtrade.co\/wp-content\/uploads\/2026\/01\/2400EJOMN00354-BEIGE-DKS_7654-2-USD-150x150.png",150,150,true],"medium":["https:\/\/turkishtrade.co\/wp-content\/uploads\/2026\/01\/2400EJOMN00354-BEIGE-DKS_7654-2-USD-300x166.png",300,166,true],"medium_large":["https:\/\/turkishtrade.co\/wp-content\/uploads\/2026\/01\/2400EJOMN00354-BEIGE-DKS_7654-2-USD.png",453,250,false],"large":["https:\/\/turkishtrade.co\/wp-content\/uploads\/2026\/01\/2400EJOMN00354-BEIGE-DKS_7654-2-USD.png",453,250,false],"1536x1536":["https:\/\/turkishtrade.co\/wp-content\/uploads\/2026\/01\/2400EJOMN00354-BEIGE-DKS_7654-2-USD.png",453,250,false],"2048x2048":["https:\/\/turkishtrade.co\/wp-content\/uploads\/2026\/01\/2400EJOMN00354-BEIGE-DKS_7654-2-USD.png",453,250,false],"trp-custom-language-flag":["https:\/\/turkishtrade.co\/wp-content\/uploads\/2026\/01\/2400EJOMN00354-BEIGE-DKS_7654-2-USD-18x10.png",18,10,true],"woocommerce_thumbnail":["https:\/\/turkishtrade.co\/wp-content\/uploads\/2026\/01\/2400EJOMN00354-BEIGE-DKS_7654-2-USD-400x250.png",400,250,true],"woocommerce_single":["https:\/\/turkishtrade.co\/wp-content\/uploads\/2026\/01\/2400EJOMN00354-BEIGE-DKS_7654-2-USD.png",453,250,false],"woocommerce_gallery_thumbnail":["https:\/\/turkishtrade.co\/wp-content\/uploads\/2026\/01\/2400EJOMN00354-BEIGE-DKS_7654-2-USD-100x100.png",100,100,true]},"uagb_author_info":{"display_name":"yaser olabi","author_link":"https:\/\/turkishtrade.co\/tr\/author\/"},"uagb_comment_info":0,"uagb_excerpt":"Premium Materials: Crafted with genuine calf leather outer and soft goat leather inner for superior quality. Chunky EVA Sole: Features a durable and comfortable EVA sole, offering a stylish 1-3 cm heel height. Wide Size Range: Available in sizes 39, 40, 41, 42, 43, 44, 45 to fit diverse customer needs. Wholesale Availability: Minimum order&hellip;","_links":{"self":[{"href":"https:\/\/turkishtrade.co\/tr\/wp-json\/wp\/v2\/product\/5952","targetHints":{"allow":["GET"]}}],"collection":[{"href":"https:\/\/turkishtrade.co\/tr\/wp-json\/wp\/v2\/product"}],"about":[{"href":"https:\/\/turkishtrade.co\/tr\/wp-json\/wp\/v2\/types\/product"}],"wp:featuredmedia":[{"embeddable":true,"href":"https:\/\/turkishtrade.co\/tr\/wp-json\/wp\/v2\/media\/3974"}],"wp:attachment":[{"href":"https:\/\/turkishtrade.co\/tr\/wp-json\/wp\/v2\/media?parent=5952"}],"wp:term":[{"taxonomy":"product_brand","embeddable":true,"href":"https:\/\/turkishtrade.co\/tr\/wp-json\/wp\/v2\/product_brand?post=5952"},{"taxonomy":"product_cat","embeddable":true,"href":"https:\/\/turkishtrade.co\/tr\/wp-json\/wp\/v2\/product_cat?post=5952"},{"taxonomy":"product_tag","embeddable":true,"href":"https:\/\/turkishtrade.co\/tr\/wp-json\/wp\/v2\/product_tag?post=5952"}],"curies":[{"name":"wp","href":"https:\/\/api.w.org\/{rel}","templated":true}]}}