{"id":5950,"date":"2026-01-14T13:48:17","date_gmt":"2026-01-14T13:48:17","guid":{"rendered":"https:\/\/turkishtrade.co\/product\/mens-casual-leather-derby-shoes-4\/"},"modified":"2026-04-09T19:18:44","modified_gmt":"2026-04-09T19:18:44","slug":"mens-casual-leather-derby-shoes-4","status":"publish","type":"product","link":"https:\/\/turkishtrade.co\/tr\/shop\/mens-casual-leather-derby-shoes-4\/","title":{"rendered":"T\u0131knaz EVA Tabanl\u0131 Premium Erkek G\u00fcnl\u00fck Deri Derby Ayakkab\u0131"},"content":{"rendered":"<p><strong>Erkek G\u00fcnl\u00fck Deri Derby Ayakkab\u0131<\/strong><\/p>\n<p>Enfes tasar\u0131m\u0131m\u0131zla benzersiz bir stil ve konfora ad\u0131m at\u0131n <strong>Erkek G\u00fcnl\u00fck Deri Derby Ayakkab\u0131<\/strong>. Modern erkek i\u00e7in titizlikle \u00fcretilen bu ayakkab\u0131lar, klasik tasar\u0131m \u00f6\u011felerini \u00e7a\u011fda\u015f sa\u011flaml\u0131kla harmanlayarak her gard\u0131roba \u00e7ok y\u00f6nl\u00fc bir katk\u0131 sa\u011flar. \u0130ster \u015fehir manzaralar\u0131nda geziniyor ister bir hafta sonu ka\u00e7ama\u011f\u0131n\u0131n tad\u0131n\u0131 \u00e7\u0131kar\u0131yor olun, bu birinci s\u0131n\u0131f ba\u011fc\u0131kl\u0131 ayakkab\u0131lar hem estetik \u00e7ekicilik hem de kal\u0131c\u0131 destek sa\u011flamak i\u00e7in tasarlanm\u0131\u015ft\u0131r.<\/p>\n<p>Att\u0131\u011f\u0131n\u0131z her ad\u0131mda l\u00fcks malzemeler ve pratik tasar\u0131m\u0131n m\u00fckemmel birle\u015fimini deneyimleyin.<\/p>\n<h3>Erkek G\u00fcnl\u00fck Deri Derby Ayakkab\u0131lar\u0131m\u0131zda Rakipsiz Kalite ve Konfor<\/h3>\n<p>Kaliteye olan ba\u011fl\u0131l\u0131\u011f\u0131m\u0131z, \u00fcr\u00fcnlerimiz i\u00e7in en iyi malzemelerle ba\u015flar <strong>Erkek G\u00fcnl\u00fck Deri Derby Ayakkab\u0131<\/strong>. Bu ola\u011fan\u00fcst\u00fc ayakkab\u0131lar\u0131n d\u0131\u015f y\u00fczeyi, esnek dokusu, zengin y\u00fczeyi ve ola\u011fan\u00fcst\u00fc dayan\u0131kl\u0131l\u0131\u011f\u0131yla tan\u0131nan 100% hakiki dana derisinden yap\u0131lm\u0131\u015ft\u0131r. Bu y\u00fcksek kaliteli deri sadece sofistike g\u00f6r\u00fcnmekle kalmaz, ayn\u0131 zamanda zaman i\u00e7inde aya\u011f\u0131n\u0131za g\u00fczel bir \u015fekilde uyum sa\u011flayarak ki\u015fiselle\u015ftirilmi\u015f bir uyum sa\u011flar.<\/p>\n<p>Sa\u011flam d\u0131\u015f y\u00fczeyi tamamlayan i\u00e7 k\u0131s\u0131m, 100% hakiki ke\u00e7i derisi ile astarlanm\u0131\u015ft\u0131r ve \u00fcst\u00fcn nefes alabilirlik ve cildinize kar\u015f\u0131 l\u00fcks bir yumu\u015fakl\u0131k hissi sunar. Bu kombinasyon uzun s\u00fcreli kullan\u0131mlarda bile maksimum konfor sa\u011flar. Sa\u011flam ancak hafif EVA (Etilen-vinil asetat) taban m\u00fckemmel yast\u0131klama ve \u015fok emilimi sa\u011flarken, kal\u0131n tasar\u0131m\u0131 geli\u015fmi\u015f kavrama ve ay\u0131rt edici \u015f\u0131k bir kenar sunar.<\/p>\n<p>Yakla\u015f\u0131k 3-4 cm y\u00fcksekli\u011findeki bu sa\u011flam taban, y\u00fckseklik ile stabiliteyi m\u00fckemmel bir \u015fekilde dengeleyerek bunlar\u0131 ideal hale getirir <strong>Erkek G\u00fcnl\u00fck Deri Derby Ayakkab\u0131<\/strong> t\u00fcm g\u00fcn kullan\u0131m i\u00e7in. Her diki\u015fte detaylara g\u00f6sterilen \u00f6zen, bunlar\u0131n ger\u00e7ekten birinci s\u0131n\u0131f olmas\u0131n\u0131 sa\u011flar <strong>Erkek G\u00fcnl\u00fck Deri Derby Ayakkab\u0131<\/strong>.<\/p>\n<h3>Bu Erkek G\u00fcnl\u00fck Deri Derby Ayakkab\u0131 ile Her Durum i\u00e7in \u00c7ok Y\u00f6nl\u00fc Stil<\/h3>\n<p>Bunlar\u0131n tasar\u0131m\u0131 <strong>Erkek G\u00fcnl\u00fck Deri Derby Ayakkab\u0131<\/strong> klasik \u015f\u0131kl\u0131k ve g\u00fcndelik yetenek aras\u0131nda m\u00fckemmel bir denge kurar. Ba\u011fc\u0131kl\u0131 yap\u0131s\u0131 g\u00fcvenli ve ayarlanabilir bir uyum sa\u011flarken, \u00e7a\u011fda\u015f kal\u0131n taban\u0131 modern bir sofistike dokunu\u015f katar. Bu ayakkab\u0131lar son derece \u00e7ok y\u00f6nl\u00fcd\u00fcr ve \u015f\u0131k ve rahat bir ofis ortam\u0131ndan rahat bir sosyal toplant\u0131ya zahmetsizce ge\u00e7i\u015f yapar.<\/p>\n<p>G\u00f6steri\u015fli bir g\u00f6r\u00fcn\u00fcm i\u00e7in \u00f6zel dikim pantolonlarla e\u015fle\u015ftirin ya da zahmetsizce haval\u0131 bir g\u00f6r\u00fcn\u00fcm i\u00e7in kot pantolon veya chino pantolonlarla kombinleyin. Bu Derby ayakkab\u0131lar\u0131n zamans\u0131z cazibesi, ayakkab\u0131 koleksiyonunuzda y\u0131llarca temel bir par\u00e7a olarak kalmalar\u0131n\u0131 sa\u011flar. Bu vazge\u00e7ilmez ayakkab\u0131larla g\u00fcnl\u00fck stilinizi y\u00fckseltin <strong>Erkek G\u00fcnl\u00fck Deri Derby Ayakkab\u0131<\/strong>, hem bi\u00e7ime hem de i\u015fleve de\u011fer veren erkekler i\u00e7in tasarlanm\u0131\u015ft\u0131r.<\/p>\n<h3>Erkek G\u00fcnl\u00fck Deri Derby Ayakkab\u0131 i\u00e7in Toptan Sat\u0131\u015f F\u0131rsat\u0131 ve Sipari\u015f Bilgileri<\/h3>\n<p>Perakendeciler ve i\u015fletmeler i\u00e7in bu premium <strong>Erkek G\u00fcnl\u00fck Deri Derby Ayakkab\u0131<\/strong> minimum 8 \u00e7ift sipari\u015f miktar\u0131 ile toplu al\u0131m i\u00e7in mevcuttur. Detayl\u0131 fiyat listemizde bulabilece\u011finiz rekabet\u00e7i fiyatlar sunuyoruz. Sipari\u015finiz yakla\u015f\u0131k 12 g\u00fcn teslim s\u00fcresi ve nakliye ile i\u015fleme al\u0131nacakt\u0131r.<\/p>\n<p>Kendimizi m\u00fc\u015fterilerinizin taleplerini kar\u015f\u0131layan y\u00fcksek kaliteli ayakkab\u0131lar sa\u011flamaya adad\u0131k. Geni\u015f bir m\u00fc\u015fteri kitlesine hitap edebilmeniz i\u00e7in 39'dan 45'e kadar kapsaml\u0131 bir AB beden yelpazesinde mevcuttur. \u0130\u015f\u00e7ili\u011fi, konforu ve kal\u0131c\u0131 stiliyle \u00f6ne \u00e7\u0131kan ayakkab\u0131lara yat\u0131r\u0131m yap\u0131n.<\/p>\n<p>Bunlar ger\u00e7ekten \u00fcst\u00fcn <strong>Erkek G\u00fcnl\u00fck Deri Derby Ayakkab\u0131<\/strong> m\u00fc\u015fteri memnuniyeti ve tekrarlanan i\u015f vaat ediyor.<\/p>","protected":false},"excerpt":{"rendered":"<ul>\n<li><strong>Minimum Sipari\u015f:<\/strong> 8 \u00c7ift<\/li>\n<li><strong>Teslimat S\u00fcresi:<\/strong> 12 G\u00fcn + Kargo<\/li>\n<li><strong>D\u0131\u015f Malzeme:<\/strong> 100% Hakiki Dana Derisi<\/li>\n<li><strong>\u0130\u00e7 Malzeme:<\/strong> 100% Hakiki Ke\u00e7i Derisi<\/li>\n<li><strong>Taban Malzemesi:<\/strong> Dayan\u0131kl\u0131 EVA (Etilen-vinil asetat)<\/li>\n<li><strong>Topuk Y\u00fcksekli\u011fi:<\/strong> Yakla\u015f\u0131k 3-4 cm Kal\u0131n Taban<\/li>\n<li><strong>Mevcut Bedenler (AB):<\/strong> 39, 40, 41, 42, 43, 44, 45<\/li>\n<li><strong>Stil:<\/strong> G\u00fcnl\u00fck, Ba\u011fc\u0131kl\u0131 Derby<\/li>\n<\/ul>","protected":false},"featured_media":3973,"template":"","meta":{"_acf_changed":false,"_uag_custom_page_level_css":"","site-sidebar-layout":"default","site-content-layout":"","ast-site-content-layout":"default","site-content-style":"default","site-sidebar-style":"default","ast-global-header-display":"","ast-banner-title-visibility":"","ast-main-header-display":"","ast-hfb-above-header-display":"","ast-hfb-below-header-display":"","ast-hfb-mobile-header-display":"","site-post-title":"","ast-breadcrumbs-content":"","ast-featured-img":"","footer-sml-layout":"","ast-disable-related-posts":"","theme-transparent-header-meta":"default","adv-header-id-meta":"","stick-header-meta":"","header-above-stick-meta":"","header-main-stick-meta":"","header-below-stick-meta":"","astra-migrate-meta-layouts":"set","ast-page-background-enabled":"default","ast-page-background-meta":{"desktop":{"background-color":"var(--ast-global-color-4)","background-image":"","background-repeat":"repeat","background-position":"center center","background-size":"auto","background-attachment":"scroll","background-type":"","background-media":"","overlay-type":"","overlay-color":"","overlay-opacity":"","overlay-gradient":""},"tablet":{"background-color":"","background-image":"","background-repeat":"repeat","background-position":"center center","background-size":"auto","background-attachment":"scroll","background-type":"","background-media":"","overlay-type":"","overlay-color":"","overlay-opacity":"","overlay-gradient":""},"mobile":{"background-color":"","background-image":"","background-repeat":"repeat","background-position":"center center","background-size":"auto","background-attachment":"scroll","background-type":"","background-media":"","overlay-type":"","overlay-color":"","overlay-opacity":"","overlay-gradient":""}},"ast-content-background-meta":{"desktop":{"background-color":"var(--ast-global-color-5)","background-image":"","background-repeat":"repeat","background-position":"center center","background-size":"auto","background-attachment":"scroll","background-type":"","background-media":"","overlay-type":"","overlay-color":"","overlay-opacity":"","overlay-gradient":""},"tablet":{"background-color":"var(--ast-global-color-5)","background-image":"","background-repeat":"repeat","background-position":"center center","background-size":"auto","background-attachment":"scroll","background-type":"","background-media":"","overlay-type":"","overlay-color":"","overlay-opacity":"","overlay-gradient":""},"mobile":{"background-color":"var(--ast-global-color-5)","background-image":"","background-repeat":"repeat","background-position":"center center","background-size":"auto","background-attachment":"scroll","background-type":"","background-media":"","overlay-type":"","overlay-color":"","overlay-opacity":"","overlay-gradient":""}}},"product_brand":[],"product_cat":[430,40,15],"product_tag":[453,202,449,436,222,212,439,756,438,487,437,227,198,440,479,210,1094,281],"class_list":{"0":"post-5950","1":"product","2":"type-product","3":"status-publish","4":"has-post-thumbnail","6":"product_cat-men","7":"product_cat-mens-shoes","8":"product_cat-uncategorized","9":"product_tag-bulk-footwear","10":"product_tag-calf-leather","11":"product_tag-casual-shoes","12":"product_tag-chunky-sole","13":"product_tag-comfortable-shoes","14":"product_tag-derby-shoes","15":"product_tag-durable-shoes","16":"product_tag-european-sizes","17":"product_tag-eva-sole","18":"product_tag-footwear","19":"product_tag-goat-leather","20":"product_tag-leather-shoes","21":"product_tag-mens-fashion","22":"product_tag-modern-derby","23":"product_tag-navy-shoes","24":"product_tag-smart-casual","25":"product_tag-style","26":"product_tag-wholesale-shoes","27":"desktop-align-center","28":"tablet-align-center","29":"mobile-align-center","31":"first","32":"instock","33":"shipping-taxable","34":"purchasable","35":"product-type-variable","36":"has-default-attributes"},"acf":[],"uagb_featured_image_src":{"full":["https:\/\/turkishtrade.co\/wp-content\/uploads\/2026\/01\/2400EJOMN00328-DARK-BLUE-DKS_7646-2-USD.png",453,250,false],"thumbnail":["https:\/\/turkishtrade.co\/wp-content\/uploads\/2026\/01\/2400EJOMN00328-DARK-BLUE-DKS_7646-2-USD-150x150.png",150,150,true],"medium":["https:\/\/turkishtrade.co\/wp-content\/uploads\/2026\/01\/2400EJOMN00328-DARK-BLUE-DKS_7646-2-USD-300x166.png",300,166,true],"medium_large":["https:\/\/turkishtrade.co\/wp-content\/uploads\/2026\/01\/2400EJOMN00328-DARK-BLUE-DKS_7646-2-USD.png",453,250,false],"large":["https:\/\/turkishtrade.co\/wp-content\/uploads\/2026\/01\/2400EJOMN00328-DARK-BLUE-DKS_7646-2-USD.png",453,250,false],"1536x1536":["https:\/\/turkishtrade.co\/wp-content\/uploads\/2026\/01\/2400EJOMN00328-DARK-BLUE-DKS_7646-2-USD.png",453,250,false],"2048x2048":["https:\/\/turkishtrade.co\/wp-content\/uploads\/2026\/01\/2400EJOMN00328-DARK-BLUE-DKS_7646-2-USD.png",453,250,false],"trp-custom-language-flag":["https:\/\/turkishtrade.co\/wp-content\/uploads\/2026\/01\/2400EJOMN00328-DARK-BLUE-DKS_7646-2-USD-18x10.png",18,10,true],"woocommerce_thumbnail":["https:\/\/turkishtrade.co\/wp-content\/uploads\/2026\/01\/2400EJOMN00328-DARK-BLUE-DKS_7646-2-USD-400x250.png",400,250,true],"woocommerce_single":["https:\/\/turkishtrade.co\/wp-content\/uploads\/2026\/01\/2400EJOMN00328-DARK-BLUE-DKS_7646-2-USD.png",453,250,false],"woocommerce_gallery_thumbnail":["https:\/\/turkishtrade.co\/wp-content\/uploads\/2026\/01\/2400EJOMN00328-DARK-BLUE-DKS_7646-2-USD-100x100.png",100,100,true]},"uagb_author_info":{"display_name":"yaser olabi","author_link":"https:\/\/turkishtrade.co\/tr\/author\/"},"uagb_comment_info":0,"uagb_excerpt":"Minimum Order: 8 Pairs Delivery Time: 12 Days + Shipping Exterior Material: 100% Genuine Calf Leather Interior Material: 100% Genuine Goat Leather Sole Material: Durable EVA (Ethylene-vinyl acetate) Heel Height: Approximately 3-4 cm Chunky Sole Available Sizes (EU): 39, 40, 41, 42, 43, 44, 45 Style: Casual, Lace-up Derby","_links":{"self":[{"href":"https:\/\/turkishtrade.co\/tr\/wp-json\/wp\/v2\/product\/5950","targetHints":{"allow":["GET"]}}],"collection":[{"href":"https:\/\/turkishtrade.co\/tr\/wp-json\/wp\/v2\/product"}],"about":[{"href":"https:\/\/turkishtrade.co\/tr\/wp-json\/wp\/v2\/types\/product"}],"wp:featuredmedia":[{"embeddable":true,"href":"https:\/\/turkishtrade.co\/tr\/wp-json\/wp\/v2\/media\/3973"}],"wp:attachment":[{"href":"https:\/\/turkishtrade.co\/tr\/wp-json\/wp\/v2\/media?parent=5950"}],"wp:term":[{"taxonomy":"product_brand","embeddable":true,"href":"https:\/\/turkishtrade.co\/tr\/wp-json\/wp\/v2\/product_brand?post=5950"},{"taxonomy":"product_cat","embeddable":true,"href":"https:\/\/turkishtrade.co\/tr\/wp-json\/wp\/v2\/product_cat?post=5950"},{"taxonomy":"product_tag","embeddable":true,"href":"https:\/\/turkishtrade.co\/tr\/wp-json\/wp\/v2\/product_tag?post=5950"}],"curies":[{"name":"wp","href":"https:\/\/api.w.org\/{rel}","templated":true}]}}