{"id":5946,"date":"2026-01-14T13:47:36","date_gmt":"2026-01-14T13:47:36","guid":{"rendered":"https:\/\/turkishtrade.co\/product\/mens-black-leather-chunky-derby-shoes\/"},"modified":"2026-04-09T19:18:52","modified_gmt":"2026-04-09T19:18:52","slug":"mens-black-leather-chunky-derby-shoes","status":"publish","type":"product","link":"https:\/\/turkishtrade.co\/tr\/shop\/mens-black-leather-chunky-derby-shoes\/","title":{"rendered":"Premium Erkek Siyah Deri T\u0131knaz Derby Ayakkab\u0131"},"content":{"rendered":"<p><strong>Erkek Siyah Deri T\u0131knaz Derby Ayakkab\u0131<\/strong><\/p>\n<p>Sofistike konfora ad\u0131m at\u0131n <b>Erkek Siyah Deri T\u0131knaz Derby Ayakkab\u0131<\/b>. Modern erkek i\u00e7in ustal\u0131kla tasarlanan bu ayakkab\u0131lar, zamans\u0131z stili \u00e7a\u011fda\u015f sa\u011flaml\u0131kla birle\u015ftiriyor. \u0130ster i\u015f ama\u00e7l\u0131 g\u00fcndelik bir etkinlik i\u00e7in ister \u015f\u0131k bir hafta sonu gezisi i\u00e7in giyiniyor olun, bu \u00e7ok y\u00f6nl\u00fc Derby ayakkab\u0131lar g\u00f6r\u00fcn\u00fcm\u00fcn\u00fcz\u00fc y\u00fckseltmeyi vaat ediyor.<\/p>\n<h3>E\u015fsiz Kalite ve \u0130\u015f\u00e7ilik<\/h3>\n<p>Bu zarif \u00e7iftlerin her biri <b>Erkek Siyah Deri T\u0131knaz Derby Ayakkab\u0131<\/b> \u00fcst\u00fcn i\u015f\u00e7ili\u011fin bir kan\u0131t\u0131d\u0131r. D\u0131\u015f y\u00fczeyi, p\u00fcr\u00fczs\u00fcz dokusu, do\u011fal parlakl\u0131\u011f\u0131 ve ola\u011fan\u00fcst\u00fc dayan\u0131kl\u0131l\u0131\u011f\u0131yla bilinen birinci s\u0131n\u0131f dana derisinden titizlikle \u00fcretilmi\u015ftir. Bu y\u00fcksek kaliteli deri yaln\u0131zca l\u00fcks bir his vermekle kalmaz, ayn\u0131 zamanda uzun \u00f6m\u00fcrl\u00fcl\u00fck sa\u011flayarak ayakkab\u0131n\u0131z\u0131n keyfini y\u0131llarca \u00e7\u0131karman\u0131za olanak tan\u0131r.<\/p>\n<p>\u0130\u00e7 k\u0131s\u0131mda, ayaklar\u0131n\u0131z ilk giyimden itibaren benzersiz nefes alabilirlik ve rahatl\u0131k sunan hakiki ke\u00e7i derisi astar\u0131n yumu\u015fakl\u0131\u011f\u0131yla sar\u0131lacak.<\/p>\n<h3>Modern Bir Kenar ile Y\u00fckseltilmi\u015f Konfor<\/h3>\n<p>Bunlar\u0131n belirleyici \u00f6zelli\u011fi <b>Erkek Siyah Deri T\u0131knaz Derby Ayakkab\u0131<\/b> sa\u011flam EVA taban\u0131d\u0131r. Hafif konfor ve m\u00fckemmel \u015fok emilimi i\u00e7in tasarlanan kal\u0131n platform taban, dengeli ve rahat bir y\u00fcr\u00fcy\u00fc\u015f sa\u011flarken fark edilir bir y\u00fckselme sa\u011flar. Tabandaki pabu\u00e7lu desen g\u00fcvenilir tutu\u015f sa\u011flayarak bu ayakkab\u0131lar\u0131 \u00e7e\u015fitli \u015fehir ortamlar\u0131 i\u00e7in uygun hale getirir.<\/p>\n<p>Bu yenilik\u00e7i taban tasar\u0131m\u0131, klasik Derby sil\u00fcetini m\u00fckemmel bir \u015fekilde tamamlayarak hem \u015f\u0131k hem de t\u00fcm g\u00fcn kullan\u0131m i\u00e7in son derece pratik bir ayakkab\u0131 yarat\u0131r.<\/p>\n<h3>Her Durum i\u00e7in \u00c7ok Y\u00f6nl\u00fc Stil<\/h3>\n<p>Siyah deri Derby ayakkab\u0131lar\u0131m\u0131z inan\u0131lmaz derecede \u00e7ok y\u00f6nl\u00fcd\u00fcr, bu da onlar\u0131 her se\u00e7ici beyefendinin gard\u0131robunun temel ta\u015f\u0131 haline getirir. \u015e\u0131k siyah kaplama, \u015f\u0131k ve rahat bir kombin i\u00e7in \u00f6zel dikim pantolonlarla veya daha rahat ama g\u00f6steri\u015fli bir g\u00f6r\u00fcn\u00fcm i\u00e7in kot pantolon ve chino pantolonlarla zahmetsizce e\u015fle\u015ftirilmesine olanak tan\u0131r. Kal\u0131n taban\u0131, geleneksel Derby'ye \u00e7a\u011fda\u015f bir hava katarak \u015f\u0131kl\u0131\u011f\u0131ndan \u00f6d\u00fcn vermeden cesur bir moda ifadesini takdir edenlere hitap ediyor.<\/p>\n<p>Bunlar, k\u0131yafetlerinize sofistike bir sa\u011flaml\u0131k dokunu\u015fu katmak i\u00e7in tercih edilen ayakkab\u0131lard\u0131r.<\/p>\n<h3>Toptan Sat\u0131\u015f F\u0131rsatlar\u0131 ve G\u00fcvenilir Teslimat<\/h3>\n<p>Y\u00fcksek kaliteli ayakkab\u0131lar sunmak isteyen perakendeciler ve i\u015fletmeler i\u00e7in <b>Erkek Siyah Deri T\u0131knaz Derby Ayakkab\u0131<\/b> minimum 8 \u00e7ift miktar\u0131nda toptan sipari\u015fler i\u00e7in mevcuttur. Yakla\u015f\u0131k 12 g\u00fcn art\u0131 nakliye s\u00fcresi ile verimli hizmet vermekten gurur duyuyoruz. M\u00fc\u015fterilerinizi etkileyecek birinci s\u0131n\u0131f, dayan\u0131kl\u0131 ve \u015f\u0131k deri ayakkab\u0131lar sunmak i\u00e7in bizimle i\u015f birli\u011fi yap\u0131n.<\/p>\n<p>Bu ola\u011fan\u00fcst\u00fc Derby ayakkab\u0131larla gelenek ve trendin m\u00fckemmel kar\u0131\u015f\u0131m\u0131n\u0131 deneyimleyin.<\/p>","protected":false},"excerpt":{"rendered":"<ul>\n<li><b>D\u0131\u015f Malzeme:<\/b> \u015e\u0131k bir y\u00fczey ve dayan\u0131kl\u0131l\u0131k i\u00e7in Hakiki Dana Derisi.<\/li>\n<li><b>\u0130\u00e7 Astar:<\/b> Yumu\u015fak Ke\u00e7i Derisi g\u00fcn boyu nefes alabilen konfor sa\u011flar.<\/li>\n<li><b>Taban:<\/b> \u00dcst\u00fcn yast\u0131klama ve tutu\u015f i\u00e7in hafif ve esnek EVA kal\u0131n taban.<\/li>\n<li><b>Stil:<\/b> Kendine \u00f6zg\u00fc, y\u00fcksek bir profile sahip modern ba\u011fc\u0131kl\u0131 Derby tasar\u0131m\u0131.<\/li>\n<li><b>Mevcut Boyutlar:<\/b> Geni\u015f bir ayak yelpazesine uymas\u0131 i\u00e7in EU 39, 40, 41, 42, 43, 44, 45.<\/li>\n<li><b>Toplu Bulunabilirlik:<\/b> Minimum sipari\u015f miktar\u0131 8 \u00e7ifttir; perakendeciler ve toptan sat\u0131\u015f i\u00e7in idealdir.<\/li>\n<\/ul>","protected":false},"featured_media":3971,"template":"","meta":{"_acf_changed":false,"_uag_custom_page_level_css":"","site-sidebar-layout":"default","site-content-layout":"","ast-site-content-layout":"default","site-content-style":"default","site-sidebar-style":"default","ast-global-header-display":"","ast-banner-title-visibility":"","ast-main-header-display":"","ast-hfb-above-header-display":"","ast-hfb-below-header-display":"","ast-hfb-mobile-header-display":"","site-post-title":"","ast-breadcrumbs-content":"","ast-featured-img":"","footer-sml-layout":"","ast-disable-related-posts":"","theme-transparent-header-meta":"default","adv-header-id-meta":"","stick-header-meta":"","header-above-stick-meta":"","header-main-stick-meta":"","header-below-stick-meta":"","astra-migrate-meta-layouts":"set","ast-page-background-enabled":"default","ast-page-background-meta":{"desktop":{"background-color":"var(--ast-global-color-4)","background-image":"","background-repeat":"repeat","background-position":"center center","background-size":"auto","background-attachment":"scroll","background-type":"","background-media":"","overlay-type":"","overlay-color":"","overlay-opacity":"","overlay-gradient":""},"tablet":{"background-color":"","background-image":"","background-repeat":"repeat","background-position":"center center","background-size":"auto","background-attachment":"scroll","background-type":"","background-media":"","overlay-type":"","overlay-color":"","overlay-opacity":"","overlay-gradient":""},"mobile":{"background-color":"","background-image":"","background-repeat":"repeat","background-position":"center center","background-size":"auto","background-attachment":"scroll","background-type":"","background-media":"","overlay-type":"","overlay-color":"","overlay-opacity":"","overlay-gradient":""}},"ast-content-background-meta":{"desktop":{"background-color":"var(--ast-global-color-5)","background-image":"","background-repeat":"repeat","background-position":"center center","background-size":"auto","background-attachment":"scroll","background-type":"","background-media":"","overlay-type":"","overlay-color":"","overlay-opacity":"","overlay-gradient":""},"tablet":{"background-color":"var(--ast-global-color-5)","background-image":"","background-repeat":"repeat","background-position":"center center","background-size":"auto","background-attachment":"scroll","background-type":"","background-media":"","overlay-type":"","overlay-color":"","overlay-opacity":"","overlay-gradient":""},"mobile":{"background-color":"var(--ast-global-color-5)","background-image":"","background-repeat":"repeat","background-position":"center center","background-size":"auto","background-attachment":"scroll","background-type":"","background-media":"","overlay-type":"","overlay-color":"","overlay-opacity":"","overlay-gradient":""}}},"product_brand":[],"product_cat":[430,40,15],"product_tag":[435,202,241,436,439,438,251,437,227,198,440,400,281],"class_list":{"0":"post-5946","1":"product","2":"type-product","3":"status-publish","4":"has-post-thumbnail","6":"product_cat-men","7":"product_cat-mens-shoes","8":"product_cat-uncategorized","9":"product_tag-black-derby","10":"product_tag-calf-leather","11":"product_tag-casual-footwear","12":"product_tag-chunky-sole","13":"product_tag-durable-shoes","14":"product_tag-eva-sole","15":"product_tag-formal-shoes","16":"product_tag-goat-leather","17":"product_tag-leather-shoes","18":"product_tag-mens-fashion","19":"product_tag-modern-derby","20":"product_tag-platform-shoes","21":"product_tag-wholesale-shoes","22":"desktop-align-center","23":"tablet-align-center","24":"mobile-align-center","26":"first","27":"instock","28":"shipping-taxable","29":"purchasable","30":"product-type-variable","31":"has-default-attributes"},"acf":[],"uagb_featured_image_src":{"full":["https:\/\/turkishtrade.co\/wp-content\/uploads\/2026\/01\/2400EJOMN00268-BLACK-TOV_11-5-USD.png",453,250,false],"thumbnail":["https:\/\/turkishtrade.co\/wp-content\/uploads\/2026\/01\/2400EJOMN00268-BLACK-TOV_11-5-USD-150x150.png",150,150,true],"medium":["https:\/\/turkishtrade.co\/wp-content\/uploads\/2026\/01\/2400EJOMN00268-BLACK-TOV_11-5-USD-300x166.png",300,166,true],"medium_large":["https:\/\/turkishtrade.co\/wp-content\/uploads\/2026\/01\/2400EJOMN00268-BLACK-TOV_11-5-USD.png",453,250,false],"large":["https:\/\/turkishtrade.co\/wp-content\/uploads\/2026\/01\/2400EJOMN00268-BLACK-TOV_11-5-USD.png",453,250,false],"1536x1536":["https:\/\/turkishtrade.co\/wp-content\/uploads\/2026\/01\/2400EJOMN00268-BLACK-TOV_11-5-USD.png",453,250,false],"2048x2048":["https:\/\/turkishtrade.co\/wp-content\/uploads\/2026\/01\/2400EJOMN00268-BLACK-TOV_11-5-USD.png",453,250,false],"trp-custom-language-flag":["https:\/\/turkishtrade.co\/wp-content\/uploads\/2026\/01\/2400EJOMN00268-BLACK-TOV_11-5-USD-18x10.png",18,10,true],"woocommerce_thumbnail":["https:\/\/turkishtrade.co\/wp-content\/uploads\/2026\/01\/2400EJOMN00268-BLACK-TOV_11-5-USD-400x250.png",400,250,true],"woocommerce_single":["https:\/\/turkishtrade.co\/wp-content\/uploads\/2026\/01\/2400EJOMN00268-BLACK-TOV_11-5-USD.png",453,250,false],"woocommerce_gallery_thumbnail":["https:\/\/turkishtrade.co\/wp-content\/uploads\/2026\/01\/2400EJOMN00268-BLACK-TOV_11-5-USD-100x100.png",100,100,true]},"uagb_author_info":{"display_name":"yaser olabi","author_link":"https:\/\/turkishtrade.co\/tr\/author\/"},"uagb_comment_info":0,"uagb_excerpt":"Outer Material: Genuine Calf Leather for a sleek finish and durability. Inner Lining: Soft Goat Leather ensuring breathable comfort all day long. Sole: Lightweight and resilient EVA chunky sole for superior cushioning and traction. Style: Modern lace-up Derby design with a distinctive, elevated profile. Available Sizes: EU 39, 40, 41, 42, 43, 44, 45 to&hellip;","_links":{"self":[{"href":"https:\/\/turkishtrade.co\/tr\/wp-json\/wp\/v2\/product\/5946","targetHints":{"allow":["GET"]}}],"collection":[{"href":"https:\/\/turkishtrade.co\/tr\/wp-json\/wp\/v2\/product"}],"about":[{"href":"https:\/\/turkishtrade.co\/tr\/wp-json\/wp\/v2\/types\/product"}],"wp:featuredmedia":[{"embeddable":true,"href":"https:\/\/turkishtrade.co\/tr\/wp-json\/wp\/v2\/media\/3971"}],"wp:attachment":[{"href":"https:\/\/turkishtrade.co\/tr\/wp-json\/wp\/v2\/media?parent=5946"}],"wp:term":[{"taxonomy":"product_brand","embeddable":true,"href":"https:\/\/turkishtrade.co\/tr\/wp-json\/wp\/v2\/product_brand?post=5946"},{"taxonomy":"product_cat","embeddable":true,"href":"https:\/\/turkishtrade.co\/tr\/wp-json\/wp\/v2\/product_cat?post=5946"},{"taxonomy":"product_tag","embeddable":true,"href":"https:\/\/turkishtrade.co\/tr\/wp-json\/wp\/v2\/product_tag?post=5946"}],"curies":[{"name":"wp","href":"https:\/\/api.w.org\/{rel}","templated":true}]}}