{"id":5945,"date":"2026-01-14T13:47:20","date_gmt":"2026-01-14T13:47:20","guid":{"rendered":"https:\/\/turkishtrade.co\/product\/men-black-leather-derby-shoes\/"},"modified":"2026-04-09T19:18:55","modified_gmt":"2026-04-09T19:18:55","slug":"mens-black-leather-derby-shoes-10","status":"publish","type":"product","link":"https:\/\/turkishtrade.co\/tr\/shop\/mens-black-leather-derby-shoes-10\/","title":{"rendered":"T\u0131knaz EVA Tabanl\u0131 Erkek Siyah Deri Derby Ayakkab\u0131"},"content":{"rendered":"<p><strong>Erkek Siyah Deri Derby Ayakkab\u0131<\/strong><\/p>\n<p>Enfes \u00fcr\u00fcnlerimizle sofistike ve benzersiz bir konfora ad\u0131m at\u0131n <strong>Erkek Siyah Deri Derby Ayakkab\u0131<\/strong>. Hem stile hem de \u00f6ze de\u011fer veren modern erkekler i\u00e7in tasarlanan bu birinci s\u0131n\u0131f Derby ayakkab\u0131lar, \u00fcst\u00fcn i\u015f\u00e7ili\u011fin bir kan\u0131t\u0131d\u0131r. Her bir \u00e7ift <strong>Erkek Siyah Deri Derby Ayakkab\u0131<\/strong> klasik esteti\u011fin ve \u00e7a\u011fda\u015f \u00e7ekicili\u011fin bir kar\u0131\u015f\u0131m\u0131n\u0131 sunmak i\u00e7in titizlikle in\u015fa edilmi\u015ftir ve her se\u00e7kin gard\u0131rop i\u00e7in vazge\u00e7ilmez bir ektir.<\/p>\n<h3>Rakipsiz Kalite ve Konfor<\/h3>\n<p>D\u0131\u015f y\u00fczeyi i\u00e7in en iyi hakiki dana derisinden \u00fcretilen bu <strong>Erkek Siyah Deri Derby Ayakkab\u0131<\/strong> l\u00fcks\u00fc yans\u0131tan zengin, p\u00fcr\u00fczs\u00fcz bir y\u00fczeye sahiptir. Sa\u011flam dana derisi sadece se\u00e7kin bir g\u00f6r\u00fcn\u00fcm sa\u011flamakla kalmaz, ayn\u0131 zamanda y\u0131llarca kullan\u0131m vaat eden uzun s\u00fcreli dayan\u0131kl\u0131l\u0131k sa\u011flar. \u0130\u00e7 k\u0131s\u0131mda, ayaklar\u0131n\u0131z hakiki ke\u00e7i derisi astar\u0131n g\u00f6rkemli yumu\u015fakl\u0131\u011f\u0131yla sar\u0131lacak, ola\u011fan\u00fcst\u00fc nefes alabilirlik ve g\u00fcn boyu s\u00fcren rahatl\u0131k sunacak.<\/p>\n<p>Birinci s\u0131n\u0131f malzemelerin bu \u00f6zenli kombinasyonu, \u00fcr\u00fcnlerimizin <strong>Erkek Siyah Deri Derby Ayakkab\u0131<\/strong> \u0130ster ofiste, ister resmi bir etkinlikte ya da g\u00fcndelik bir gezide olun, giymesi keyiflidir.<\/p>\n<h3>Kal\u0131n EVA Taban ile Farkl\u0131 Tasar\u0131m<\/h3>\n<p>Bunlar\u0131 ger\u00e7ekten belirleyen \u015fey <strong>Erkek Siyah Deri Derby Ayakkab\u0131<\/strong> Bunun d\u0131\u015f\u0131nda, sa\u011flam ve \u015f\u0131k kal\u0131n EVA taban\u0131yla \u00e7a\u011fda\u015f bir tasar\u0131ma sahiptir. Bu hafif ama son derece dayan\u0131kl\u0131 taban, \u00fcst\u00fcn yast\u0131klama ve m\u00fckemmel tutu\u015f sa\u011flayarak her ad\u0131mda kendinden emin bir y\u00fcr\u00fcy\u00fc\u015f sunar. Kal\u0131n profil, klasik Derby sil\u00fcetine modern bir hava katarak bu ayakkab\u0131lar\u0131 <strong>Erkek Siyah Deri Derby Ayakkab\u0131<\/strong> \u015e\u0131k ve g\u00fcndelik tak\u0131mlar i\u00e7in yeterince \u00e7ok y\u00f6nl\u00fcd\u00fcr veya daha resmi k\u0131yafetlere ki\u015filik katar.<\/p>\n<p>Ba\u011fc\u0131kl\u0131 tasar\u0131m, g\u00fcvenli ve ayarlanabilir bir uyum sa\u011flayarak bu ola\u011fan\u00fcst\u00fc ayakkab\u0131n\u0131n genel konforunu ve esteti\u011fini art\u0131r\u0131r <strong>Erkek Siyah Deri Derby Ayakkab\u0131<\/strong>.<\/p>\n<h3>Her Durum ve Toplu Sipari\u015fler i\u00e7in M\u00fckemmel<\/h3>\n<p>39'dan 45'e kadar geni\u015f bir AB beden yelpazesinde mevcut olan \u00fcr\u00fcnlerimiz aras\u0131ndan size en uygun olan\u0131 bulabilirsiniz. <strong>Erkek Siyah Deri Derby Ayakkab\u0131<\/strong> zahmetsizdir. Bu ayakkab\u0131lar sadece bireysel tarzla ilgili de\u011fildir; ayn\u0131 zamanda y\u00fcksek kaliteli ayakkab\u0131 stoklamak isteyen perakendeciler veya i\u015fletmeler i\u00e7in de m\u00fckemmel bir se\u00e7imdir. Minimum sipari\u015f miktar\u0131 sadece 8 \u00e7ift olan bu aranan ayakkab\u0131larla m\u00fc\u015fterilerinize kolayca hizmet verebilirsiniz. <strong>Erkek Siyah Deri Derby Ayakkab\u0131<\/strong>.<\/p>\n<p>Sipari\u015finizin en k\u0131sa s\u00fcrede elinize ula\u015fmas\u0131n\u0131 sa\u011flamak i\u00e7in teslimat s\u00fcresinin yakla\u015f\u0131k 12 g\u00fcn art\u0131 kargo olmas\u0131n\u0131 bekleyin. Bu zarif ayakkab\u0131lardan bir \u00e7ift al\u0131n <strong>Erkek Siyah Deri Derby Ayakkab\u0131<\/strong> ve klasik tasar\u0131m, modern konfor ve \u00fcst\u00fcn kalitenin m\u00fckemmel birle\u015fimini deneyimleyin.<\/p>","protected":false},"excerpt":{"rendered":"<ul>\n<li>Premium D\u0131\u015f Malzeme: Hakiki Dana Derisi<\/li>\n<li>L\u00fcks \u0130\u00e7 Astar: Yumu\u015fak Ke\u00e7i Derisi<\/li>\n<li>Dayan\u0131kl\u0131 ve Rahat Taban: T\u0131knaz EVA<\/li>\n<li>Mevcut Bedenler: AB 39, 40, 41, 42, 43, 44, 45<\/li>\n<li>Minimum Sipari\u015f Miktar\u0131: 8 \u00c7ift<\/li>\n<li>Tahmini Teslimat: 12 G\u00fcn + Kargo<\/li>\n<\/ul>","protected":false},"featured_media":3970,"template":"","meta":{"_acf_changed":false,"_uag_custom_page_level_css":"","site-sidebar-layout":"default","site-content-layout":"","ast-site-content-layout":"default","site-content-style":"default","site-sidebar-style":"default","ast-global-header-display":"","ast-banner-title-visibility":"","ast-main-header-display":"","ast-hfb-above-header-display":"","ast-hfb-below-header-display":"","ast-hfb-mobile-header-display":"","site-post-title":"","ast-breadcrumbs-content":"","ast-featured-img":"","footer-sml-layout":"","ast-disable-related-posts":"","theme-transparent-header-meta":"default","adv-header-id-meta":"","stick-header-meta":"","header-above-stick-meta":"","header-main-stick-meta":"","header-below-stick-meta":"","astra-migrate-meta-layouts":"set","ast-page-background-enabled":"default","ast-page-background-meta":{"desktop":{"background-color":"var(--ast-global-color-4)","background-image":"","background-repeat":"repeat","background-position":"center center","background-size":"auto","background-attachment":"scroll","background-type":"","background-media":"","overlay-type":"","overlay-color":"","overlay-opacity":"","overlay-gradient":""},"tablet":{"background-color":"","background-image":"","background-repeat":"repeat","background-position":"center center","background-size":"auto","background-attachment":"scroll","background-type":"","background-media":"","overlay-type":"","overlay-color":"","overlay-opacity":"","overlay-gradient":""},"mobile":{"background-color":"","background-image":"","background-repeat":"repeat","background-position":"center center","background-size":"auto","background-attachment":"scroll","background-type":"","background-media":"","overlay-type":"","overlay-color":"","overlay-opacity":"","overlay-gradient":""}},"ast-content-background-meta":{"desktop":{"background-color":"var(--ast-global-color-5)","background-image":"","background-repeat":"repeat","background-position":"center center","background-size":"auto","background-attachment":"scroll","background-type":"","background-media":"","overlay-type":"","overlay-color":"","overlay-opacity":"","overlay-gradient":""},"tablet":{"background-color":"var(--ast-global-color-5)","background-image":"","background-repeat":"repeat","background-position":"center center","background-size":"auto","background-attachment":"scroll","background-type":"","background-media":"","overlay-type":"","overlay-color":"","overlay-opacity":"","overlay-gradient":""},"mobile":{"background-color":"var(--ast-global-color-5)","background-image":"","background-repeat":"repeat","background-position":"center center","background-size":"auto","background-attachment":"scroll","background-type":"","background-media":"","overlay-type":"","overlay-color":"","overlay-opacity":"","overlay-gradient":""}}},"product_brand":[],"product_cat":[430,40,15],"product_tag":[196,629,451,449,331,756,438,251,189,310,632],"class_list":{"0":"post-5945","1":"product","2":"type-product","3":"status-publish","4":"has-post-thumbnail","6":"product_cat-men","7":"product_cat-mens-shoes","8":"product_cat-uncategorized","9":"product_tag-black-leather-shoes","10":"product_tag-bulk-order-shoes","11":"product_tag-calfskin-leather","12":"product_tag-casual-shoes","13":"product_tag-chunky-sole-shoes","14":"product_tag-european-sizes","15":"product_tag-eva-sole","16":"product_tag-formal-shoes","17":"product_tag-goat-leather-lining","18":"product_tag-mens-derby-shoes","19":"product_tag-premium-leather-shoes","20":"desktop-align-center","21":"tablet-align-center","22":"mobile-align-center","24":"first","25":"instock","26":"shipping-taxable","27":"purchasable","28":"product-type-variable","29":"has-default-attributes"},"acf":[],"uagb_featured_image_src":{"full":["https:\/\/turkishtrade.co\/wp-content\/uploads\/2026\/01\/2400EJOMN00267BLACK-TOV_11-5-USD.png",453,250,false],"thumbnail":["https:\/\/turkishtrade.co\/wp-content\/uploads\/2026\/01\/2400EJOMN00267BLACK-TOV_11-5-USD-150x150.png",150,150,true],"medium":["https:\/\/turkishtrade.co\/wp-content\/uploads\/2026\/01\/2400EJOMN00267BLACK-TOV_11-5-USD-300x166.png",300,166,true],"medium_large":["https:\/\/turkishtrade.co\/wp-content\/uploads\/2026\/01\/2400EJOMN00267BLACK-TOV_11-5-USD.png",453,250,false],"large":["https:\/\/turkishtrade.co\/wp-content\/uploads\/2026\/01\/2400EJOMN00267BLACK-TOV_11-5-USD.png",453,250,false],"1536x1536":["https:\/\/turkishtrade.co\/wp-content\/uploads\/2026\/01\/2400EJOMN00267BLACK-TOV_11-5-USD.png",453,250,false],"2048x2048":["https:\/\/turkishtrade.co\/wp-content\/uploads\/2026\/01\/2400EJOMN00267BLACK-TOV_11-5-USD.png",453,250,false],"trp-custom-language-flag":["https:\/\/turkishtrade.co\/wp-content\/uploads\/2026\/01\/2400EJOMN00267BLACK-TOV_11-5-USD-18x10.png",18,10,true],"woocommerce_thumbnail":["https:\/\/turkishtrade.co\/wp-content\/uploads\/2026\/01\/2400EJOMN00267BLACK-TOV_11-5-USD-400x250.png",400,250,true],"woocommerce_single":["https:\/\/turkishtrade.co\/wp-content\/uploads\/2026\/01\/2400EJOMN00267BLACK-TOV_11-5-USD.png",453,250,false],"woocommerce_gallery_thumbnail":["https:\/\/turkishtrade.co\/wp-content\/uploads\/2026\/01\/2400EJOMN00267BLACK-TOV_11-5-USD-100x100.png",100,100,true]},"uagb_author_info":{"display_name":"yaser olabi","author_link":"https:\/\/turkishtrade.co\/tr\/author\/"},"uagb_comment_info":0,"uagb_excerpt":"Premium Outer Material: Genuine Calfskin Leather Luxurious Inner Lining: Soft Goat Leather Durable &amp; Comfortable Sole: Chunky EVA Available Sizes: EU 39, 40, 41, 42, 43, 44, 45 Minimum Order Quantity: 8 Pairs Estimated Delivery: 12 Days + Shipping","_links":{"self":[{"href":"https:\/\/turkishtrade.co\/tr\/wp-json\/wp\/v2\/product\/5945","targetHints":{"allow":["GET"]}}],"collection":[{"href":"https:\/\/turkishtrade.co\/tr\/wp-json\/wp\/v2\/product"}],"about":[{"href":"https:\/\/turkishtrade.co\/tr\/wp-json\/wp\/v2\/types\/product"}],"wp:featuredmedia":[{"embeddable":true,"href":"https:\/\/turkishtrade.co\/tr\/wp-json\/wp\/v2\/media\/3970"}],"wp:attachment":[{"href":"https:\/\/turkishtrade.co\/tr\/wp-json\/wp\/v2\/media?parent=5945"}],"wp:term":[{"taxonomy":"product_brand","embeddable":true,"href":"https:\/\/turkishtrade.co\/tr\/wp-json\/wp\/v2\/product_brand?post=5945"},{"taxonomy":"product_cat","embeddable":true,"href":"https:\/\/turkishtrade.co\/tr\/wp-json\/wp\/v2\/product_cat?post=5945"},{"taxonomy":"product_tag","embeddable":true,"href":"https:\/\/turkishtrade.co\/tr\/wp-json\/wp\/v2\/product_tag?post=5945"}],"curies":[{"name":"wp","href":"https:\/\/api.w.org\/{rel}","templated":true}]}}