{"id":5942,"date":"2026-01-14T13:46:58","date_gmt":"2026-01-14T13:46:58","guid":{"rendered":"https:\/\/turkishtrade.co\/product\/men-leather-derby-shoes-2\/"},"modified":"2026-04-09T19:19:01","modified_gmt":"2026-04-09T19:19:01","slug":"mens-leather-derby-shoes-10","status":"publish","type":"product","link":"https:\/\/turkishtrade.co\/tr\/shop\/mens-leather-derby-shoes-10\/","title":{"rendered":"Premium Erkek Dana Derisi Kal\u0131n Tabanl\u0131 Derby Ayakkab\u0131"},"content":{"rendered":"<p><strong>Erkek Deri Derby Ayakkab\u0131<\/strong><\/p>\n<p>\u00dcst\u00fcn kaliteli koleksiyonumuzla benzersiz stil ve konfora ad\u0131m at\u0131n <strong>erkek deri derby ayakkab\u0131<\/strong>. Se\u00e7kin beyefendiler i\u00e7in ustal\u0131kla \u00fcretilen bu ayakkab\u0131lar, klasik tasar\u0131m\u0131 \u00e7a\u011fda\u015f bir yetenekle harmanlayarak her modern gard\u0131rop i\u00e7in vazge\u00e7ilmez bir eklenti haline getiriyor. Her bir \u00e7iftimiz <strong>erkek deri derby ayakkab\u0131<\/strong> hem sofistike bir estetik hem de uzun s\u00fcreli dayan\u0131kl\u0131l\u0131k sunmak \u00fczere tasarlanm\u0131\u015f \u00fcst\u00fcn i\u015f\u00e7ili\u011fin bir kan\u0131t\u0131d\u0131r.<\/p>\n<p>Bizi se\u00e7ti\u011finizde <strong>erkek deri derby ayakkab\u0131<\/strong>, uzun \u00f6m\u00fcrl\u00fc bir kaliteye yat\u0131r\u0131m yap\u0131yorsunuz.<\/p>\n<p><h3>Rakipsiz Kalite ve Malzemeler<\/h3>\n<\/p>\n<p>M\u00fckemmelli\u011fe olan ba\u011fl\u0131l\u0131\u011f\u0131m\u0131z en iyi malzemelerin se\u00e7imiyle ba\u015flar. Bu ola\u011fan\u00fcst\u00fc binalar\u0131n d\u0131\u015f <strong>erkek deri derby ayakkab\u0131<\/strong> p\u00fcr\u00fczs\u00fcz dokusu, esnekli\u011fi ve zarif y\u00fczeyiyle tan\u0131nan hakiki dana derisinden titizlikle \u00fcretilmi\u015ftir. Bu birinci s\u0131n\u0131f deri yaln\u0131zca zarif bir g\u00f6r\u00fcn\u00fcm sa\u011flamakla kalmaz, ayn\u0131 zamanda zamanla benzersiz bir patina geli\u015ftirerek g\u00fczel bir \u015fekilde ya\u015flanmay\u0131 da vaat eder.<\/p>\n<p>\u0130\u00e7 k\u0131s\u0131mda, pel\u00fc\u015f bir his veren ve s\u0131cakl\u0131\u011f\u0131 d\u00fczenlemeye yard\u0131mc\u0131 olarak ayaklar\u0131n\u0131z\u0131 g\u00fcn boyunca rahat tutan yumu\u015fak, nefes alabilen ke\u00e7i derisi astar sayesinde ayaklar\u0131n\u0131z l\u00fcks bir konfor ya\u015fayacak.<\/p>\n<p>Kaliteli malzemelerin bizim \u00fcr\u00fcnlerimizde yaratt\u0131\u011f\u0131 fark\u0131 deneyimleyin <strong>erkek deri derby ayakkab\u0131<\/strong>.<\/p>\n<p><h3>Yenilik\u00e7i Tasar\u0131m ve Konfor<\/h3>\n<\/p>\n<p>Zarif malzemelerinin \u00f6tesinde, bunlar <strong>erkek deri derby ayakkab\u0131<\/strong> kendine \u00f6zg\u00fc kal\u0131n EVA taban\u0131 ile \u00f6ne \u00e7\u0131kar. Bu yenilik\u00e7i taban, geleneksel derbiye \u00e7a\u011fda\u015f bir yorum getirerek m\u00fckemmel \u015fok emilimi ve ola\u011fan\u00fcst\u00fc hafif konfor sa\u011flar. \u015e\u0131k 4-9 cm kal\u0131nl\u0131\u011f\u0131ndaki topu\u011fa sahip sa\u011flam tasar\u0131m, dengeli ve kendinden emin ad\u0131mlar at\u0131lmas\u0131n\u0131 sa\u011flarken modern bir hava katar.<\/p>\n<p>\u0130ster \u015fehrin sokaklar\u0131nda geziniyor olun ister g\u00fcndelik bir i\u015f toplant\u0131s\u0131na kat\u0131l\u0131yor olun, \u015f\u0131kl\u0131k ve pratikli\u011fin benzersiz birle\u015fimi bu <strong>erkek deri derby ayakkab\u0131<\/strong> m\u00fckemmel bir se\u00e7im.<\/p>\n<p><h3>Her Durum i\u00e7in \u00c7ok Y\u00f6nl\u00fcl\u00fck<\/h3>\n<\/p>\n<p>\u00c7ok y\u00f6nl\u00fcl\u00fck i\u00e7in tasarlanan <strong>erkek deri derby ayakkab\u0131<\/strong> Ak\u0131ll\u0131 g\u00fcndelik k\u0131yafetlerden daha rahat topluluklara sorunsuzca ge\u00e7i\u015f yap\u0131n. G\u00f6steri\u015fli bir g\u00f6r\u00fcn\u00fcm i\u00e7in \u00f6zel dikim pantolonlarla e\u015fle\u015ftirin veya \u015f\u0131k, g\u00fcnl\u00fck bir stil i\u00e7in kot pantolonlarla giydirin. AB 39'dan 45'e kadar kapsaml\u0131 bir beden yelpazesinde mevcut olup, her m\u00fc\u015fterimiz i\u00e7in m\u00fckemmel bir uyum sa\u011fl\u0131yoruz.<\/p>\n<p>Perakendeciler ve i\u015fletmeler i\u00e7in, minimum 8 \u00e7ift sipari\u015f miktar\u0131 ile cazip toptan sat\u0131\u015f f\u0131rsatlar\u0131 sunuyoruz. Verimli \u00fcretim ve teslimat program\u0131m\u0131zdan yararlan\u0131n; sipari\u015fler genellikle 12 g\u00fcn art\u0131 standart kargo ta\u015f\u0131ma s\u00fcresi i\u00e7inde g\u00f6nderilir. Ayakkab\u0131 koleksiyonunuzu birinci s\u0131n\u0131f \u00fcr\u00fcnlerimizle geli\u015ftirin <strong>erkek deri derby ayakkab\u0131<\/strong>.<\/p>","protected":false},"excerpt":{"rendered":"<ul>\n<li><strong>Premium Malzemeler:<\/strong> Hakiki Dana Derisi d\u0131\u015f y\u00fczey, yumu\u015fak Ke\u00e7i Derisi i\u00e7 y\u00fczey.<\/li>\n<li><strong>Dayan\u0131kl\u0131 Taban:<\/strong> \u00dcst\u00fcn konfor ve \u00e7eki\u015f i\u00e7in hafif ama sa\u011flam EVA kal\u0131n taban.<\/li>\n<li><strong>Topuk Y\u00fcksekli\u011fi:<\/strong> Modern, y\u00fcksek bir g\u00f6r\u00fcn\u00fcm i\u00e7in \u015f\u0131k 4-9 cm kal\u0131n topuk.<\/li>\n<li><strong>Mevcut Boyutlar:<\/strong> AB 39, 40, 41, 42, 43, 44, 45.<\/li>\n<li><strong>Toptan Sat\u0131\u015f F\u0131rsat\u0131:<\/strong> Minimum 8 \u00e7ift sipari\u015f; toplu al\u0131mlar i\u00e7in idealdir.<\/li>\n<li><strong>\u00dcretim ve Teslimat:<\/strong> Sipari\u015fler 12 g\u00fcn + standart kargo s\u00fcresi i\u00e7inde g\u00f6nderilir.<\/li>\n<\/ul>","protected":false},"featured_media":3969,"template":"","meta":{"_acf_changed":false,"_uag_custom_page_level_css":"","site-sidebar-layout":"default","site-content-layout":"","ast-site-content-layout":"default","site-content-style":"default","site-sidebar-style":"default","ast-global-header-display":"","ast-banner-title-visibility":"","ast-main-header-display":"","ast-hfb-above-header-display":"","ast-hfb-below-header-display":"","ast-hfb-mobile-header-display":"","site-post-title":"","ast-breadcrumbs-content":"","ast-featured-img":"","footer-sml-layout":"","ast-disable-related-posts":"","theme-transparent-header-meta":"","adv-header-id-meta":"","stick-header-meta":"","header-above-stick-meta":"","header-main-stick-meta":"","header-below-stick-meta":"","astra-migrate-meta-layouts":"default","ast-page-background-enabled":"default","ast-page-background-meta":{"desktop":{"background-color":"var(--ast-global-color-4)","background-image":"","background-repeat":"repeat","background-position":"center center","background-size":"auto","background-attachment":"scroll","background-type":"","background-media":"","overlay-type":"","overlay-color":"","overlay-opacity":"","overlay-gradient":""},"tablet":{"background-color":"","background-image":"","background-repeat":"repeat","background-position":"center center","background-size":"auto","background-attachment":"scroll","background-type":"","background-media":"","overlay-type":"","overlay-color":"","overlay-opacity":"","overlay-gradient":""},"mobile":{"background-color":"","background-image":"","background-repeat":"repeat","background-position":"center center","background-size":"auto","background-attachment":"scroll","background-type":"","background-media":"","overlay-type":"","overlay-color":"","overlay-opacity":"","overlay-gradient":""}},"ast-content-background-meta":{"desktop":{"background-color":"var(--ast-global-color-5)","background-image":"","background-repeat":"repeat","background-position":"center center","background-size":"auto","background-attachment":"scroll","background-type":"","background-media":"","overlay-type":"","overlay-color":"","overlay-opacity":"","overlay-gradient":""},"tablet":{"background-color":"var(--ast-global-color-5)","background-image":"","background-repeat":"repeat","background-position":"center center","background-size":"auto","background-attachment":"scroll","background-type":"","background-media":"","overlay-type":"","overlay-color":"","overlay-opacity":"","overlay-gradient":""},"mobile":{"background-color":"var(--ast-global-color-5)","background-image":"","background-repeat":"repeat","background-position":"center center","background-size":"auto","background-attachment":"scroll","background-type":"","background-media":"","overlay-type":"","overlay-color":"","overlay-opacity":"","overlay-gradient":""}}},"product_brand":[],"product_cat":[430,40,15],"product_tag":[202,1050,331,978,438,414,437,981,416,198,281],"class_list":{"0":"post-5942","1":"product","2":"type-product","3":"status-publish","4":"has-post-thumbnail","6":"product_cat-men","7":"product_cat-mens-shoes","8":"product_cat-uncategorized","9":"product_tag-calf-leather","10":"product_tag-casual-derby","11":"product_tag-chunky-sole-shoes","12":"product_tag-dress-casual-shoes","13":"product_tag-eva-sole","14":"product_tag-fashion-footwear","15":"product_tag-goat-leather","16":"product_tag-leather-derby","17":"product_tag-luxury-shoes","18":"product_tag-mens-fashion","19":"product_tag-wholesale-shoes","20":"desktop-align-center","21":"tablet-align-center","22":"mobile-align-center","24":"first","25":"instock","26":"shipping-taxable","27":"purchasable","28":"product-type-variable","29":"has-default-attributes"},"acf":[],"uagb_featured_image_src":{"full":["https:\/\/turkishtrade.co\/wp-content\/uploads\/2026\/01\/2400EJOMN00266-DARK-BLUE-DKS_7648-2-USD.png",453,250,false],"thumbnail":["https:\/\/turkishtrade.co\/wp-content\/uploads\/2026\/01\/2400EJOMN00266-DARK-BLUE-DKS_7648-2-USD-150x150.png",150,150,true],"medium":["https:\/\/turkishtrade.co\/wp-content\/uploads\/2026\/01\/2400EJOMN00266-DARK-BLUE-DKS_7648-2-USD-300x166.png",300,166,true],"medium_large":["https:\/\/turkishtrade.co\/wp-content\/uploads\/2026\/01\/2400EJOMN00266-DARK-BLUE-DKS_7648-2-USD.png",453,250,false],"large":["https:\/\/turkishtrade.co\/wp-content\/uploads\/2026\/01\/2400EJOMN00266-DARK-BLUE-DKS_7648-2-USD.png",453,250,false],"1536x1536":["https:\/\/turkishtrade.co\/wp-content\/uploads\/2026\/01\/2400EJOMN00266-DARK-BLUE-DKS_7648-2-USD.png",453,250,false],"2048x2048":["https:\/\/turkishtrade.co\/wp-content\/uploads\/2026\/01\/2400EJOMN00266-DARK-BLUE-DKS_7648-2-USD.png",453,250,false],"trp-custom-language-flag":["https:\/\/turkishtrade.co\/wp-content\/uploads\/2026\/01\/2400EJOMN00266-DARK-BLUE-DKS_7648-2-USD-18x10.png",18,10,true],"woocommerce_thumbnail":["https:\/\/turkishtrade.co\/wp-content\/uploads\/2026\/01\/2400EJOMN00266-DARK-BLUE-DKS_7648-2-USD-400x250.png",400,250,true],"woocommerce_single":["https:\/\/turkishtrade.co\/wp-content\/uploads\/2026\/01\/2400EJOMN00266-DARK-BLUE-DKS_7648-2-USD.png",453,250,false],"woocommerce_gallery_thumbnail":["https:\/\/turkishtrade.co\/wp-content\/uploads\/2026\/01\/2400EJOMN00266-DARK-BLUE-DKS_7648-2-USD-100x100.png",100,100,true]},"uagb_author_info":{"display_name":"yaser olabi","author_link":"https:\/\/turkishtrade.co\/tr\/author\/"},"uagb_comment_info":0,"uagb_excerpt":"Premium Materials: Genuine Calf Leather exterior, soft Goat Leather interior. Durable Sole: Lightweight yet robust EVA chunky sole for superior comfort and traction. Heel Height: Stylish 4-9 cm chunky heel for a modern, elevated look. Available Sizes: EU 39, 40, 41, 42, 43, 44, 45. Wholesale Opportunity: Minimum order of 8 pairs; ideal for bulk&hellip;","_links":{"self":[{"href":"https:\/\/turkishtrade.co\/tr\/wp-json\/wp\/v2\/product\/5942","targetHints":{"allow":["GET"]}}],"collection":[{"href":"https:\/\/turkishtrade.co\/tr\/wp-json\/wp\/v2\/product"}],"about":[{"href":"https:\/\/turkishtrade.co\/tr\/wp-json\/wp\/v2\/types\/product"}],"wp:featuredmedia":[{"embeddable":true,"href":"https:\/\/turkishtrade.co\/tr\/wp-json\/wp\/v2\/media\/3969"}],"wp:attachment":[{"href":"https:\/\/turkishtrade.co\/tr\/wp-json\/wp\/v2\/media?parent=5942"}],"wp:term":[{"taxonomy":"product_brand","embeddable":true,"href":"https:\/\/turkishtrade.co\/tr\/wp-json\/wp\/v2\/product_brand?post=5942"},{"taxonomy":"product_cat","embeddable":true,"href":"https:\/\/turkishtrade.co\/tr\/wp-json\/wp\/v2\/product_cat?post=5942"},{"taxonomy":"product_tag","embeddable":true,"href":"https:\/\/turkishtrade.co\/tr\/wp-json\/wp\/v2\/product_tag?post=5942"}],"curies":[{"name":"wp","href":"https:\/\/api.w.org\/{rel}","templated":true}]}}