{"id":5928,"date":"2026-01-14T13:45:23","date_gmt":"2026-01-14T13:45:23","guid":{"rendered":"https:\/\/turkishtrade.co\/product\/men-s-leather-derby-shoes-5\/"},"modified":"2026-04-09T19:19:34","modified_gmt":"2026-04-09T19:19:34","slug":"mens-leather-derby-shoes-11","status":"publish","type":"product","link":"https:\/\/turkishtrade.co\/tr\/shop\/mens-leather-derby-shoes-11\/","title":{"rendered":"Premium \u0130ki Tonlu Erkek Deri Derby Ayakkab\u0131"},"content":{"rendered":"<p><strong>Erkek Deri Derby Ayakkab\u0131<\/strong><\/p>\n<p>Ayakkab\u0131 koleksiyonunuzu se\u00e7kin \u00fcr\u00fcnlerimizle geli\u015ftirin <b>Erkek Deri Derby Ayakkab\u0131<\/b>, hem stile hem de \u00f6ze de\u011fer veren se\u00e7ici beyefendiler i\u00e7in tasarlanm\u0131\u015ft\u0131r. \u00dcst\u00fcn i\u015f\u00e7ili\u011fin ve zamans\u0131z tasar\u0131m\u0131n bir kan\u0131t\u0131 olan bu birinci s\u0131n\u0131f ayakkab\u0131lar, her gard\u0131robun vazge\u00e7ilmez bir par\u00e7as\u0131d\u0131r. Bizim <b>Erkek Deri Derby Ayakkab\u0131<\/b> geleneksel zarafeti \u00e7a\u011fda\u015f konforla harmanlayarak gitti\u011finiz her yerde kal\u0131c\u0131 bir etki b\u0131rakman\u0131z\u0131 sa\u011flar.<\/p>\n<p><h3>E\u015fsiz Kalite ve \u0130\u015f\u00e7ilik<\/h3>\n<\/p>\n<p>Bu ola\u011fan\u00fcst\u00fc \u00e7iftlerin her biri <b>Erkek Deri Derby Ayakkab\u0131<\/b> en iyi malzemeler kullan\u0131larak titizlikle \u00fcretilmi\u015ftir. G\u00fczel bir doku ve ola\u011fan\u00fcst\u00fc dayan\u0131kl\u0131l\u0131k sunan l\u00fcks dana derisi d\u0131\u015f y\u00fczeyi, zarif ve sofistike bir dokunu\u015f katan cilal\u0131 bir burun ile tamamlanmaktad\u0131r. \u0130\u00e7 k\u0131s\u0131mda ise ayaklar\u0131n\u0131z, nefes alabilirli\u011fi ve \u00fcst\u00fcn konforuyla tan\u0131nan hakiki ke\u00e7i derisi astar\u0131n yumu\u015fak kuca\u011f\u0131yla sarmalanacak. <b>Erkek Deri Derby Ayakkab\u0131<\/b> g\u00fcn boyu giymek i\u00e7in bir zevk.<\/p>\n<p>Sa\u011flam EVA taban\u0131 m\u00fckemmel yast\u0131klama ve destek sa\u011flarken, klasik 1-3 cm topuk k\u0131sm\u0131 ince bir y\u00fckselme ve denge sa\u011flar.<\/p>\n<p><h3>Her Durum \u0130\u00e7in Sofistike Tasar\u0131m<\/h3>\n<\/p>\n<p>Bunlar\u0131n ay\u0131rt edici iki tonlu tasar\u0131m\u0131 <b>Erkek Deri Derby Ayakkab\u0131<\/b>, Kontrast dokulara ve y\u00fczeylere sahip olmas\u0131 onlar\u0131 di\u011ferlerinden ay\u0131r\u0131r. Bu \u00e7ok y\u00f6nl\u00fc stil, resmi i\u015f toplant\u0131lar\u0131ndan smart-casual etkinliklere ve ak\u015fam toplant\u0131lar\u0131na kadar \u00e7e\u015fitli durumlar i\u00e7in m\u00fckemmel uyum sa\u011flar. \u0130ster \u00f6zel dikim tak\u0131m elbiselerle, ister \u015f\u0131k pantolonlarla, hatta ister birinci s\u0131n\u0131f denimlerle e\u015fle\u015ftirilsin, bu <b>Erkek Deri Derby Ayakkab\u0131<\/b> genel g\u00f6r\u00fcn\u00fcm\u00fcn\u00fcz\u00fc zahmetsizce geli\u015ftirir, g\u00fcven ve kusursuz bir zevk imaj\u0131 yans\u0131t\u0131r.<\/p>\n<p>39'dan 45'e kadar kapsaml\u0131 bir beden aral\u0131\u011f\u0131nda mevcut oldu\u011fundan, m\u00fckemmel uyumunuzu bulmak \u00e7ok kolay.<\/p>\n<p><h3>Toptan M\u00fckemmellik ve G\u00fcvenilir Teslimat<\/h3>\n<\/p>\n<p>Y\u00fcksek kaliteli ayakkab\u0131 arayan perakendeciler ve i\u015fletmeler i\u00e7in bu <b>Erkek Deri Derby Ayakkab\u0131<\/b> minimum 8 \u00e7ift sipari\u015f miktar\u0131 ile toptan sat\u0131n al\u0131nabilir. Envanterinizin verimli bir \u015fekilde yenilenmesini sa\u011flamak i\u00e7in sadece 12 g\u00fcnl\u00fck bir teslimat s\u00fcresi ve nakliye ile ola\u011fan\u00fcst\u00fc hizmet sunmaya kararl\u0131y\u0131z. Bu ola\u011fan\u00fcst\u00fc \u00fcr\u00fcnlere yat\u0131r\u0131m yap\u0131n <b>Erkek Deri Derby Ayakkab\u0131<\/b> ve m\u00fc\u015fterilerinize l\u00fcks, konfor ve kal\u0131c\u0131 stili bir araya getiren bir \u00fcr\u00fcn sunarak kaliteli ayakkab\u0131 konusundaki itibar\u0131n\u0131z\u0131 sa\u011flamla\u015ft\u0131r\u0131n.<\/p>","protected":false},"excerpt":{"rendered":"<ul>\n<li>L\u00fcks dana derisinden \u00fcretilmi\u015f d\u0131\u015f y\u00fczeyi, iki tonlu ay\u0131rt edici bir kaplamaya sahiptir.<\/li>\n<li>\u00dcst\u00fcn konfor i\u00e7in yumu\u015fak ve nefes alabilen ke\u00e7i derisi i\u00e7 astara sahiptir.<\/li>\n<li>T\u00fcm g\u00fcn kullan\u0131m i\u00e7in dayan\u0131kl\u0131 ve rahat EVA taban ile donat\u0131lm\u0131\u015ft\u0131r.<\/li>\n<li>Hafif y\u00fckseltme ve destek i\u00e7in 1-3 cm aras\u0131nda de\u011fi\u015fen klasik topuk y\u00fcksekli\u011fi.<\/li>\n<li>Kapsaml\u0131 bir beden aral\u0131\u011f\u0131nda mevcuttur: 39, 40, 41, 42, 43, 44, 45.<\/li>\n<li>Toptan sipari\u015fler i\u00e7in idealdir; minimum sipari\u015f miktar\u0131 8 \u00e7iftten ba\u015flar.<\/li>\n<li>Art\u0131 nakliye s\u00fcresi 12 g\u00fcn i\u00e7inde g\u00fcvenilir teslimat.<\/li>\n<\/ul>","protected":false},"featured_media":3960,"template":"","meta":{"_acf_changed":false,"_uag_custom_page_level_css":"","site-sidebar-layout":"default","site-content-layout":"","ast-site-content-layout":"default","site-content-style":"default","site-sidebar-style":"default","ast-global-header-display":"","ast-banner-title-visibility":"","ast-main-header-display":"","ast-hfb-above-header-display":"","ast-hfb-below-header-display":"","ast-hfb-mobile-header-display":"","site-post-title":"","ast-breadcrumbs-content":"","ast-featured-img":"","footer-sml-layout":"","ast-disable-related-posts":"","theme-transparent-header-meta":"","adv-header-id-meta":"","stick-header-meta":"","header-above-stick-meta":"","header-main-stick-meta":"","header-below-stick-meta":"","astra-migrate-meta-layouts":"default","ast-page-background-enabled":"default","ast-page-background-meta":{"desktop":{"background-color":"var(--ast-global-color-4)","background-image":"","background-repeat":"repeat","background-position":"center center","background-size":"auto","background-attachment":"scroll","background-type":"","background-media":"","overlay-type":"","overlay-color":"","overlay-opacity":"","overlay-gradient":""},"tablet":{"background-color":"","background-image":"","background-repeat":"repeat","background-position":"center center","background-size":"auto","background-attachment":"scroll","background-type":"","background-media":"","overlay-type":"","overlay-color":"","overlay-opacity":"","overlay-gradient":""},"mobile":{"background-color":"","background-image":"","background-repeat":"repeat","background-position":"center center","background-size":"auto","background-attachment":"scroll","background-type":"","background-media":"","overlay-type":"","overlay-color":"","overlay-opacity":"","overlay-gradient":""}},"ast-content-background-meta":{"desktop":{"background-color":"var(--ast-global-color-5)","background-image":"","background-repeat":"repeat","background-position":"center center","background-size":"auto","background-attachment":"scroll","background-type":"","background-media":"","overlay-type":"","overlay-color":"","overlay-opacity":"","overlay-gradient":""},"tablet":{"background-color":"var(--ast-global-color-5)","background-image":"","background-repeat":"repeat","background-position":"center center","background-size":"auto","background-attachment":"scroll","background-type":"","background-media":"","overlay-type":"","overlay-color":"","overlay-opacity":"","overlay-gradient":""},"mobile":{"background-color":"var(--ast-global-color-5)","background-image":"","background-repeat":"repeat","background-position":"center center","background-size":"auto","background-attachment":"scroll","background-type":"","background-media":"","overlay-type":"","overlay-color":"","overlay-opacity":"","overlay-gradient":""}}},"product_brand":[],"product_cat":[48,47,49,430,40],"product_tag":[218,405,582,212,284,438,251,437,227,362,210,281],"class_list":{"0":"post-5928","1":"product","2":"type-product","3":"status-publish","4":"has-post-thumbnail","6":"product_cat-casual","7":"product_cat-classic","8":"product_cat-loafer","9":"product_cat-men","10":"product_cat-mens-shoes","11":"product_tag-brown-shoes","12":"product_tag-business-shoes","13":"product_tag-calfskin","14":"product_tag-derby-shoes","15":"product_tag-dress-shoes","16":"product_tag-eva-sole","17":"product_tag-formal-shoes","18":"product_tag-goat-leather","19":"product_tag-leather-shoes","20":"product_tag-premium-footwear","21":"product_tag-smart-casual","22":"product_tag-wholesale-shoes","23":"desktop-align-center","24":"tablet-align-center","25":"mobile-align-center","27":"first","28":"instock","29":"shipping-taxable","30":"purchasable","31":"product-type-variable","32":"has-default-attributes"},"acf":[],"uagb_featured_image_src":{"full":["https:\/\/turkishtrade.co\/wp-content\/uploads\/2026\/01\/2400EJOMN00483-DARK-BROWN-X_431-1-usd-1.png",453,250,false],"thumbnail":["https:\/\/turkishtrade.co\/wp-content\/uploads\/2026\/01\/2400EJOMN00483-DARK-BROWN-X_431-1-usd-1-150x150.png",150,150,true],"medium":["https:\/\/turkishtrade.co\/wp-content\/uploads\/2026\/01\/2400EJOMN00483-DARK-BROWN-X_431-1-usd-1-300x166.png",300,166,true],"medium_large":["https:\/\/turkishtrade.co\/wp-content\/uploads\/2026\/01\/2400EJOMN00483-DARK-BROWN-X_431-1-usd-1.png",453,250,false],"large":["https:\/\/turkishtrade.co\/wp-content\/uploads\/2026\/01\/2400EJOMN00483-DARK-BROWN-X_431-1-usd-1.png",453,250,false],"1536x1536":["https:\/\/turkishtrade.co\/wp-content\/uploads\/2026\/01\/2400EJOMN00483-DARK-BROWN-X_431-1-usd-1.png",453,250,false],"2048x2048":["https:\/\/turkishtrade.co\/wp-content\/uploads\/2026\/01\/2400EJOMN00483-DARK-BROWN-X_431-1-usd-1.png",453,250,false],"trp-custom-language-flag":["https:\/\/turkishtrade.co\/wp-content\/uploads\/2026\/01\/2400EJOMN00483-DARK-BROWN-X_431-1-usd-1-18x10.png",18,10,true],"woocommerce_thumbnail":["https:\/\/turkishtrade.co\/wp-content\/uploads\/2026\/01\/2400EJOMN00483-DARK-BROWN-X_431-1-usd-1-400x250.png",400,250,true],"woocommerce_single":["https:\/\/turkishtrade.co\/wp-content\/uploads\/2026\/01\/2400EJOMN00483-DARK-BROWN-X_431-1-usd-1.png",453,250,false],"woocommerce_gallery_thumbnail":["https:\/\/turkishtrade.co\/wp-content\/uploads\/2026\/01\/2400EJOMN00483-DARK-BROWN-X_431-1-usd-1-100x100.png",100,100,true]},"uagb_author_info":{"display_name":"yaser olabi","author_link":"https:\/\/turkishtrade.co\/tr\/author\/"},"uagb_comment_info":0,"uagb_excerpt":"Crafted from luxurious calfskin leather exterior with a distinctive two-tone finish. Features a soft and breathable goat leather interior lining for superior comfort. Equipped with a durable and comfortable EVA sole for all-day wear. Classic heel height ranging from 1-3 cm for subtle elevation and support. Available in a comprehensive size range: 39, 40, 41,&hellip;","_links":{"self":[{"href":"https:\/\/turkishtrade.co\/tr\/wp-json\/wp\/v2\/product\/5928","targetHints":{"allow":["GET"]}}],"collection":[{"href":"https:\/\/turkishtrade.co\/tr\/wp-json\/wp\/v2\/product"}],"about":[{"href":"https:\/\/turkishtrade.co\/tr\/wp-json\/wp\/v2\/types\/product"}],"wp:featuredmedia":[{"embeddable":true,"href":"https:\/\/turkishtrade.co\/tr\/wp-json\/wp\/v2\/media\/3960"}],"wp:attachment":[{"href":"https:\/\/turkishtrade.co\/tr\/wp-json\/wp\/v2\/media?parent=5928"}],"wp:term":[{"taxonomy":"product_brand","embeddable":true,"href":"https:\/\/turkishtrade.co\/tr\/wp-json\/wp\/v2\/product_brand?post=5928"},{"taxonomy":"product_cat","embeddable":true,"href":"https:\/\/turkishtrade.co\/tr\/wp-json\/wp\/v2\/product_cat?post=5928"},{"taxonomy":"product_tag","embeddable":true,"href":"https:\/\/turkishtrade.co\/tr\/wp-json\/wp\/v2\/product_tag?post=5928"}],"curies":[{"name":"wp","href":"https:\/\/api.w.org\/{rel}","templated":true}]}}