{"id":5923,"date":"2026-01-14T13:44:37","date_gmt":"2026-01-14T13:44:37","guid":{"rendered":"https:\/\/turkishtrade.co\/product\/mens-brown-leather-derby-shoes-8\/"},"modified":"2026-04-09T19:19:42","modified_gmt":"2026-04-09T19:19:42","slug":"mens-brown-leather-derby-shoes-8","status":"publish","type":"product","link":"https:\/\/turkishtrade.co\/tr\/shop\/mens-brown-leather-derby-shoes-8\/","title":{"rendered":"Erkek Premium Kahverengi Deri Cap Toe Derby Ayakkab\u0131"},"content":{"rendered":"<p><strong>Erkek Kahverengi Deri Derby Ayakkab\u0131<\/strong><\/p>\n<p>Klasik tarz\u0131n ve modern konforun m\u00fckemmel kar\u0131\u015f\u0131m\u0131n\u0131 enfes \u00fcr\u00fcnlerimizle ke\u015ffedin <strong>Erkek Kahverengi Deri Derby Ayakkab\u0131<\/strong>. Titizlikle el i\u015f\u00e7ili\u011fiyle m\u00fckemmel hale getirilen bu birinci s\u0131n\u0131f <strong>erkek kahverengi deri Derby ayakkab\u0131<\/strong> hem \u015f\u0131kl\u0131\u011fa hem de g\u00fcnl\u00fck giyilebilirli\u011fe de\u011fer veren se\u00e7ici beyefendiler i\u00e7in tasarlanm\u0131\u015ft\u0131r. \u0130\u015f ama\u00e7l\u0131 g\u00fcndelik ortamlardan sofistike hafta sonu gezmelerine kadar, bu ayakkab\u0131lar her k\u0131yafeti zahmetsizce zenginle\u015ftiren m\u00fckemmel yol arkada\u015f\u0131n\u0131zd\u0131r.<\/p>\n<p><h3>Benzersiz \u0130\u015f\u00e7ilik ve \u00dcst\u00fcn Kaliteli Malzemeler<\/h3>\n<\/p>\n<p>Bu zarif \u00e7iftlerin her biri <strong>Erkek Kahverengi Deri Derby Ayakkab\u0131<\/strong> en iyi dana derisinden \u00fcretilmi\u015f bir d\u0131\u015f y\u00fczeye sahiptir. Bu malzeme se\u00e7imi sadece koyu kahverengi tonuyla zengin, l\u00fcks bir g\u00f6r\u00fcn\u00fcm sa\u011flamakla kalmaz, ayn\u0131 zamanda ola\u011fan\u00fcst\u00fc dayan\u0131kl\u0131l\u0131k ve zaman i\u00e7inde benzersiz bir \u015fekilde geli\u015fen g\u00fczel bir patina sa\u011flar. Dana derisinin \u00f6zenle se\u00e7ilmesi, kaliteye olan sars\u0131lmaz ba\u011fl\u0131l\u0131\u011f\u0131m\u0131z\u0131 vurgular.<\/p>\n<p>\u0130\u00e7ine girdi\u011finizde, ke\u00e7i derisi astar\u0131n \u00fcst\u00fcn yumu\u015fakl\u0131\u011f\u0131n\u0131 deneyimleyeceksiniz, bu da benzersiz bir nefes alabilirlik ve her giyimde aya\u011f\u0131n\u0131za nazik\u00e7e \u015fekil veren inan\u0131lmaz derecede rahat bir uyum sa\u011flar. Titiz diki\u015fler ve se\u00e7kin parmak ucu detaylar\u0131, bu zamans\u0131z ayakkab\u0131n\u0131n yarat\u0131lmas\u0131ndaki geleneksel sanat\u0131 g\u00f6zler \u00f6n\u00fcne seriyor. <strong>erkek kahverengi deri Derby ayakkab\u0131<\/strong>.<\/p>\n<p><h3>EVA Taban ile Yenilik\u00e7i Konfor<\/h3>\n<\/p>\n<p>Bunlar\u0131 ger\u00e7ekten belirleyen \u015fey <strong>Erkek Kahverengi Deri Derby Ayakkab\u0131<\/strong> yenilik\u00e7i taban tasar\u0131m\u0131d\u0131r. Sofistike bir esteti\u011fi korurken, hafif EVA taban \u00fcst\u00fcn yast\u0131klama ve ola\u011fan\u00fcst\u00fc esneklik sa\u011flar. Bu modern taban teknolojisi g\u00fcn boyu konfor sa\u011flayarak ister \u015fehrin kalabal\u0131k caddelerinde geziniyor ister uzun toplant\u0131lar boyunca ayakta duruyor olun ayak yorgunlu\u011funu \u00f6nemli \u00f6l\u00e7\u00fcde azalt\u0131r.<\/p>\n<p>\u0130nce 1-3 cm topuk y\u00fcksekli\u011fi, ayakkab\u0131n\u0131n zarif profilinden \u00f6d\u00fcn vermeden konforu daha da art\u0131r\u0131r ve bu ayakkab\u0131lar\u0131 saatlerce giyebilece\u011finiz ideal g\u00fcnl\u00fck kahverengi deri ayakkab\u0131lar haline getirir.<\/p>\n<p><h3>Her Durum i\u00e7in \u00c7ok Y\u00f6nl\u00fc Stil<\/h3>\n<\/p>\n<p>Bu inan\u0131lmaz derecede \u00e7ok y\u00f6nl\u00fc <strong>Erkek Kahverengi Deri Derby Ayakkab\u0131<\/strong> ger\u00e7ek bir gard\u0131rop elyaf\u0131d\u0131r. Klasik burnu ve zengin kahverengi rengi, m\u00fckemmel bir \u015fekilde tasarlanm\u0131\u015f pantolonlar ve \u015f\u0131k blazer ceketlerden \u015f\u0131k denim ve chino pantolonlara kadar \u00e7ok \u00e7e\u015fitli k\u0131yafetler i\u00e7in uygun olmas\u0131n\u0131 sa\u011flar. Profesyonel k\u0131yafetlerinizi y\u00fckseltin veya g\u00fcndelik tak\u0131m\u0131n\u0131za kolayl\u0131kla zarif bir sofistike dokunu\u015f ekleyin.<\/p>\n<p>EU 39'dan 45'e kadar kapsaml\u0131 bir beden aral\u0131\u011f\u0131nda mevcut oldu\u011fundan, m\u00fckemmel uyumunuzu bulmak basit ve kullan\u0131\u015fl\u0131d\u0131r. Bu ola\u011fan\u00fcst\u00fc ayakkab\u0131lar\u0131 se\u00e7ti\u011finizde birinci s\u0131n\u0131f malzemelerin ve uzman i\u015f\u00e7ili\u011fin yaratt\u0131\u011f\u0131 fark\u0131 deneyimleyin <strong>erkek kahverengi deri Derby ayakkab\u0131<\/strong>.<\/p>\n<p><h3>Toptan Sat\u0131\u015f F\u0131rsatlar\u0131 Mevcut<\/h3>\n<\/p>\n<p>Perakendeciler, butikler ve y\u00fcksek kaliteli ayakkab\u0131lar sunmak isteyen i\u015fletmeler i\u00e7in rekabet\u00e7i toptan sat\u0131\u015f fiyatlar\u0131 sunuyoruz. Bizim premium <strong>Erkek Kahverengi Deri Derby Ayakkab\u0131<\/strong> minimum 8 \u00e7ift sipari\u015f i\u00e7in, 12 g\u00fcn art\u0131 nakliye ile verimli bir teslimat s\u00fcresiyle mevcuttur. M\u00fc\u015fterilerinize pazarda s\u00fcrekli olarak \u00f6ne \u00e7\u0131kan \u015f\u0131k, dayan\u0131kl\u0131 ve rahat ayakkab\u0131lar sunmak i\u00e7in bizimle i\u015f ortakl\u0131\u011f\u0131 yap\u0131n.<\/p>\n<p>Gelenek, yenilik ve inkar edilemez stili bir araya getiren bir koleksiyona yat\u0131r\u0131m yap\u0131n - se\u00e7kin <strong>erkek kahverengi deri Derby ayakkab\u0131<\/strong> Bug\u00fcn.<\/p>","protected":false},"excerpt":{"rendered":"<ul>\n<li>Kal\u0131c\u0131 \u015f\u0131kl\u0131k i\u00e7in birinci s\u0131n\u0131f Dana Derisi d\u0131\u015f y\u00fczey ile el yap\u0131m\u0131.<\/li>\n<li>L\u00fcks Ke\u00e7i Derisi i\u00e7 astar \u00fcst\u00fcn konfor ve nefes alabilirlik sa\u011flar.<\/li>\n<li>Hafif ve esnek EVA taban g\u00fcn boyu yast\u0131klama ve destek sa\u011flar.<\/li>\n<li>Klasik Cap Toe Derby tasar\u0131m\u0131 hem g\u00fcndelik hem de \u015f\u0131k ortamlar i\u00e7in uygundur.<\/li>\n<li>Kapsaml\u0131 bir AB beden yelpazesinde mevcuttur: 39, 40, 41, 42, 43, 44, 45.<\/li>\n<li>Minimum sipari\u015f miktar\u0131: 8 \u00e7ift.<\/li>\n<li>Teslimat S\u00fcresi: 12 g\u00fcn + nakliye.<\/li>\n<\/ul>","protected":false},"featured_media":3958,"template":"","meta":{"_acf_changed":false,"_uag_custom_page_level_css":"","site-sidebar-layout":"default","site-content-layout":"","ast-site-content-layout":"default","site-content-style":"default","site-sidebar-style":"default","ast-global-header-display":"","ast-banner-title-visibility":"","ast-main-header-display":"","ast-hfb-above-header-display":"","ast-hfb-below-header-display":"","ast-hfb-mobile-header-display":"","site-post-title":"","ast-breadcrumbs-content":"","ast-featured-img":"","footer-sml-layout":"","ast-disable-related-posts":"","theme-transparent-header-meta":"","adv-header-id-meta":"","stick-header-meta":"","header-above-stick-meta":"","header-main-stick-meta":"","header-below-stick-meta":"","astra-migrate-meta-layouts":"default","ast-page-background-enabled":"default","ast-page-background-meta":{"desktop":{"background-color":"var(--ast-global-color-4)","background-image":"","background-repeat":"repeat","background-position":"center center","background-size":"auto","background-attachment":"scroll","background-type":"","background-media":"","overlay-type":"","overlay-color":"","overlay-opacity":"","overlay-gradient":""},"tablet":{"background-color":"","background-image":"","background-repeat":"repeat","background-position":"center center","background-size":"auto","background-attachment":"scroll","background-type":"","background-media":"","overlay-type":"","overlay-color":"","overlay-opacity":"","overlay-gradient":""},"mobile":{"background-color":"","background-image":"","background-repeat":"repeat","background-position":"center center","background-size":"auto","background-attachment":"scroll","background-type":"","background-media":"","overlay-type":"","overlay-color":"","overlay-opacity":"","overlay-gradient":""}},"ast-content-background-meta":{"desktop":{"background-color":"var(--ast-global-color-5)","background-image":"","background-repeat":"repeat","background-position":"center center","background-size":"auto","background-attachment":"scroll","background-type":"","background-media":"","overlay-type":"","overlay-color":"","overlay-opacity":"","overlay-gradient":""},"tablet":{"background-color":"var(--ast-global-color-5)","background-image":"","background-repeat":"repeat","background-position":"center center","background-size":"auto","background-attachment":"scroll","background-type":"","background-media":"","overlay-type":"","overlay-color":"","overlay-opacity":"","overlay-gradient":""},"mobile":{"background-color":"var(--ast-global-color-5)","background-image":"","background-repeat":"repeat","background-position":"center center","background-size":"auto","background-attachment":"scroll","background-type":"","background-media":"","overlay-type":"","overlay-color":"","overlay-opacity":"","overlay-gradient":""}}},"product_brand":[],"product_cat":[48,47,49,430,40],"product_tag":[613,200,202,458,213,290,438,437,450,416,324,286,406,210,281],"class_list":{"0":"post-5923","1":"product","2":"type-product","3":"status-publish","4":"has-post-thumbnail","6":"product_cat-casual","7":"product_cat-classic","8":"product_cat-loafer","9":"product_cat-men","10":"product_cat-mens-shoes","11":"product_tag-brown-derby-shoes","12":"product_tag-business-casual","13":"product_tag-calf-leather","14":"product_tag-cap-toe-shoes","15":"product_tag-casual-dress-shoes","16":"product_tag-comfortable-mens-shoes","17":"product_tag-eva-sole","18":"product_tag-goat-leather","19":"product_tag-handcrafted-shoes","20":"product_tag-luxury-shoes","21":"product_tag-mens-dress-shoes","22":"product_tag-mens-leather-shoes","23":"product_tag-premium-shoes","24":"product_tag-smart-casual","25":"product_tag-wholesale-shoes","26":"desktop-align-center","27":"tablet-align-center","28":"mobile-align-center","30":"first","31":"instock","32":"shipping-taxable","33":"purchasable","34":"product-type-variable","35":"has-default-attributes"},"acf":[],"uagb_featured_image_src":{"full":["https:\/\/turkishtrade.co\/wp-content\/uploads\/2026\/01\/2400EJOMN00477-BROWN-X_7750-4-USD.png",453,250,false],"thumbnail":["https:\/\/turkishtrade.co\/wp-content\/uploads\/2026\/01\/2400EJOMN00477-BROWN-X_7750-4-USD-150x150.png",150,150,true],"medium":["https:\/\/turkishtrade.co\/wp-content\/uploads\/2026\/01\/2400EJOMN00477-BROWN-X_7750-4-USD-300x166.png",300,166,true],"medium_large":["https:\/\/turkishtrade.co\/wp-content\/uploads\/2026\/01\/2400EJOMN00477-BROWN-X_7750-4-USD.png",453,250,false],"large":["https:\/\/turkishtrade.co\/wp-content\/uploads\/2026\/01\/2400EJOMN00477-BROWN-X_7750-4-USD.png",453,250,false],"1536x1536":["https:\/\/turkishtrade.co\/wp-content\/uploads\/2026\/01\/2400EJOMN00477-BROWN-X_7750-4-USD.png",453,250,false],"2048x2048":["https:\/\/turkishtrade.co\/wp-content\/uploads\/2026\/01\/2400EJOMN00477-BROWN-X_7750-4-USD.png",453,250,false],"trp-custom-language-flag":["https:\/\/turkishtrade.co\/wp-content\/uploads\/2026\/01\/2400EJOMN00477-BROWN-X_7750-4-USD-18x10.png",18,10,true],"woocommerce_thumbnail":["https:\/\/turkishtrade.co\/wp-content\/uploads\/2026\/01\/2400EJOMN00477-BROWN-X_7750-4-USD-400x250.png",400,250,true],"woocommerce_single":["https:\/\/turkishtrade.co\/wp-content\/uploads\/2026\/01\/2400EJOMN00477-BROWN-X_7750-4-USD.png",453,250,false],"woocommerce_gallery_thumbnail":["https:\/\/turkishtrade.co\/wp-content\/uploads\/2026\/01\/2400EJOMN00477-BROWN-X_7750-4-USD-100x100.png",100,100,true]},"uagb_author_info":{"display_name":"yaser olabi","author_link":"https:\/\/turkishtrade.co\/tr\/author\/"},"uagb_comment_info":0,"uagb_excerpt":"Handcrafted with premium Calf Leather exterior for lasting elegance. Luxurious Goat Leather interior lining ensures superior comfort and breathability. Lightweight and flexible EVA sole provides all-day cushioning and support. Classic Cap Toe Derby design suitable for both dress-casual and smart occasions. Available in a comprehensive range of EU sizes: 39, 40, 41, 42, 43, 44,&hellip;","_links":{"self":[{"href":"https:\/\/turkishtrade.co\/tr\/wp-json\/wp\/v2\/product\/5923","targetHints":{"allow":["GET"]}}],"collection":[{"href":"https:\/\/turkishtrade.co\/tr\/wp-json\/wp\/v2\/product"}],"about":[{"href":"https:\/\/turkishtrade.co\/tr\/wp-json\/wp\/v2\/types\/product"}],"wp:featuredmedia":[{"embeddable":true,"href":"https:\/\/turkishtrade.co\/tr\/wp-json\/wp\/v2\/media\/3958"}],"wp:attachment":[{"href":"https:\/\/turkishtrade.co\/tr\/wp-json\/wp\/v2\/media?parent=5923"}],"wp:term":[{"taxonomy":"product_brand","embeddable":true,"href":"https:\/\/turkishtrade.co\/tr\/wp-json\/wp\/v2\/product_brand?post=5923"},{"taxonomy":"product_cat","embeddable":true,"href":"https:\/\/turkishtrade.co\/tr\/wp-json\/wp\/v2\/product_cat?post=5923"},{"taxonomy":"product_tag","embeddable":true,"href":"https:\/\/turkishtrade.co\/tr\/wp-json\/wp\/v2\/product_tag?post=5923"}],"curies":[{"name":"wp","href":"https:\/\/api.w.org\/{rel}","templated":true}]}}