{"id":5920,"date":"2026-01-14T13:44:02","date_gmt":"2026-01-14T13:44:02","guid":{"rendered":"https:\/\/turkishtrade.co\/product\/mens-casual-leather-loafers-3\/"},"modified":"2026-04-09T19:19:49","modified_gmt":"2026-04-09T19:19:49","slug":"mens-casual-leather-loafers-3","status":"publish","type":"product","link":"https:\/\/turkishtrade.co\/tr\/shop\/mens-casual-leather-loafers-3\/","title":{"rendered":"Premium Erkek Dana Derisi ve Ke\u00e7i Derisi G\u00fcnl\u00fck Loafer'lar"},"content":{"rendered":"<p><strong>Erkek G\u00fcnl\u00fck Deri Loafer'lar<\/strong><\/p>\n<p>Premium Erkek Dana Derisi ve Ke\u00e7i Derisi G\u00fcnl\u00fck Loafer'lar\u0131m\u0131zla benzersiz konfora ve sofistike stile ad\u0131m at\u0131n. Modern beyefendiler i\u00e7in titizlikle tasarlanan bu Erkek G\u00fcnl\u00fck Deri Loafer'lar, geleneksel i\u015f\u00e7ili\u011fi \u00e7a\u011fda\u015f estetikle harmanl\u0131yor. Her bir \u00e7ift, l\u00fcks, dayan\u0131kl\u0131l\u0131k ve g\u00fcnl\u00fck giyilebilirlik aras\u0131nda m\u00fckemmel bir denge sunarak kalitenin bir kan\u0131t\u0131d\u0131r.<\/p>\n<p>\u0130ster \u015fehir manzaralar\u0131nda geziniyor ister rahat bir hafta sonunun tad\u0131n\u0131 \u00e7\u0131kar\u0131yor olun, bunlar kombininizi tamamlayacak en iyi Erkek G\u00fcnl\u00fck Deri Loafer'lard\u0131r.<\/p>\n<p><h3>Rakipsiz Konfor ve Zarif Malzemeler<\/h3>\n<\/p>\n<p>Erkek G\u00fcnl\u00fck Deri Loafer'lar\u0131m\u0131z stilden \u00f6d\u00fcn vermeden \u00fcst\u00fcn konfor i\u00e7in tasarlanm\u0131\u015ft\u0131r. D\u0131\u015f y\u00fczeyi, p\u00fcr\u00fczs\u00fcz dokusu, esnekli\u011fi ve zarif y\u00fczeyiyle tan\u0131nan enfes dana derisinden \u00fcretilmi\u015ftir. Bunu tamamlayan i\u00e7 k\u0131s\u0131m, inan\u0131lmaz yumu\u015fak ke\u00e7i derisiyle astarlanm\u0131\u015ft\u0131r ve ayaklar\u0131n\u0131z i\u00e7in nefes alabilen ve pel\u00fc\u015f bir ortam sa\u011flar.<\/p>\n<p>Bu \u00e7ift deri yap\u0131, aya\u011f\u0131n\u0131za giydi\u011finiz andan itibaren l\u00fcks bir his verir. Hafif ancak sa\u011flam EVA taban\u0131 ola\u011fan\u00fcst\u00fc yast\u0131klama ve destek sunarak bu Erkek G\u00fcnl\u00fck Deri Loafer'lar\u0131 uzun s\u00fcreli kullan\u0131m i\u00e7in ideal hale getirir. 1-3 cm aras\u0131nda de\u011fi\u015fen ince topuk y\u00fcksekli\u011fi ile klasik ve rahat bir ad\u0131m i\u00e7in do\u011fru y\u00fckseli\u015fi sa\u011flar.<\/p>\n<p><h3>Her Durum i\u00e7in \u00c7ok Y\u00f6nl\u00fc Stil<\/h3>\n<\/p>\n<p>Bu \u00e7ok y\u00f6nl\u00fc Erkek G\u00fcnl\u00fck Deri Loafer'lar, yar\u0131 resmi etkinliklerden g\u00fcndelik gezilere sorunsuzca ge\u00e7i\u015f yapmak i\u00e7in tasarlanm\u0131\u015ft\u0131r. Klasik loafer sil\u00fceti, hem sofistike siyah hem de zengin kahverengi se\u00e7eneklerinde g\u00f6r\u00fcld\u00fc\u011f\u00fc gibi, p\u00fcr\u00fczs\u00fcz bir burun ve zarif dokulu yan paneller de dahil olmak \u00fczere rafine detaylarla y\u00fckseltilmi\u015ftir. Bu Erkek G\u00fcnl\u00fck Deri Loafer'lar\u0131 \u015f\u0131k bir g\u00fcndelik g\u00f6r\u00fcn\u00fcm i\u00e7in \u00f6zel dikim pantolonlarla e\u015fle\u015ftirin veya rahat ama g\u00f6steri\u015fli bir hava i\u00e7in chino pantolonlar veya birinci s\u0131n\u0131f denimlerle giydirin.<\/p>\n<p>39'dan 45'e kadar kapsaml\u0131 bir beden aral\u0131\u011f\u0131nda mevcut oldu\u011fundan, m\u00fckemmel uyumunuzu bulmak zahmetsizdir. Se\u00e7kin zevkiniz ve kaliteye olan ba\u011fl\u0131l\u0131\u011f\u0131n\u0131z hakk\u0131nda \u00e7ok \u015fey ifade eden bir \u00e7ift Erkek G\u00fcnl\u00fck Deri Loafer'a yat\u0131r\u0131m yap\u0131n.<\/p>\n<p><h3>G\u00fcvenebilece\u011finiz Kalite ve Toplu Bulunabilirlik<\/h3>\n<\/p>\n<p>Ayakkab\u0131lar\u0131m\u0131z\u0131n \u00fcst\u00fcn kalitesi ve i\u015f\u00e7ili\u011fiyle gurur duyuyoruz. Bu Erkek G\u00fcnl\u00fck Deri Loafer'lar uzun \u00f6m\u00fcrl\u00fc olacak \u015fekilde \u00fcretilmi\u015ftir ve y\u0131llarca kal\u0131c\u0131 stil ve konfor sa\u011flar. Y\u00fcksek kaliteli erkek ayakkab\u0131lar\u0131n\u0131 stoklamak isteyen perakendeciler ve i\u015fletmeler i\u00e7in, yaln\u0131zca 8 \u00e7iftlik minimum sipari\u015fle cazip toplu sat\u0131n alma se\u00e7enekleri sunuyoruz.<\/p>\n<p>Etkin tedarik zincirimiz 12 g\u00fcn i\u00e7inde teslimat\u0131 ve nakliye s\u00fcresini garanti eder. Hem bireysel kullan\u0131c\u0131lar hem de i\u015fletmeler i\u00e7in ak\u0131ll\u0131 bir yat\u0131r\u0131m olan bu birinci s\u0131n\u0131f Erkek G\u00fcnl\u00fck Deri Loafer'larla koleksiyonunuzu geli\u015ftirin.<\/p>","protected":false},"excerpt":{"rendered":"<ul>\n<li>Birinci s\u0131n\u0131f Erkek G\u00fcnl\u00fck Deri Loafer'lar\u0131m\u0131zla \u00fcst\u00fcn konforu ya\u015fay\u0131n.<\/li>\n<li>L\u00fcks dana derisi d\u0131\u015f y\u00fczey ve yumu\u015fak ke\u00e7i derisi i\u00e7 k\u0131s\u0131mdan el yap\u0131m\u0131 olarak \u00fcretilmi\u015ftir.<\/li>\n<li>T\u00fcm g\u00fcn kullan\u0131m i\u00e7in hafif ve destekleyici EVA tabana sahiptir.<\/li>\n<li>\u00c7ok y\u00f6nl\u00fc klasik loafer silueti ve 1-3 cm topuk y\u00fcksekli\u011fi ile tasarlanm\u0131\u015ft\u0131r.<\/li>\n<li>Geni\u015f bir beden yelpazesinde mevcuttur: 39, 40, 41, 42, 43, 44, 45.<\/li>\n<li>Minimum sipari\u015f miktar\u0131: 8 \u00e7ift (toplu al\u0131mlar i\u00e7in m\u00fckemmeldir).<\/li>\n<li>Garantili teslimat 12 g\u00fcn i\u00e7inde + kargo.<\/li>\n<\/ul>","protected":false},"featured_media":3957,"template":"","meta":{"_acf_changed":false,"_uag_custom_page_level_css":"","site-sidebar-layout":"default","site-content-layout":"","ast-site-content-layout":"default","site-content-style":"default","site-sidebar-style":"default","ast-global-header-display":"","ast-banner-title-visibility":"","ast-main-header-display":"","ast-hfb-above-header-display":"","ast-hfb-below-header-display":"","ast-hfb-mobile-header-display":"","site-post-title":"","ast-breadcrumbs-content":"","ast-featured-img":"","footer-sml-layout":"","ast-disable-related-posts":"","theme-transparent-header-meta":"","adv-header-id-meta":"","stick-header-meta":"","header-above-stick-meta":"","header-main-stick-meta":"","header-below-stick-meta":"","astra-migrate-meta-layouts":"default","ast-page-background-enabled":"default","ast-page-background-meta":{"desktop":{"background-color":"var(--ast-global-color-4)","background-image":"","background-repeat":"repeat","background-position":"center center","background-size":"auto","background-attachment":"scroll","background-type":"","background-media":"","overlay-type":"","overlay-color":"","overlay-opacity":"","overlay-gradient":""},"tablet":{"background-color":"","background-image":"","background-repeat":"repeat","background-position":"center center","background-size":"auto","background-attachment":"scroll","background-type":"","background-media":"","overlay-type":"","overlay-color":"","overlay-opacity":"","overlay-gradient":""},"mobile":{"background-color":"","background-image":"","background-repeat":"repeat","background-position":"center center","background-size":"auto","background-attachment":"scroll","background-type":"","background-media":"","overlay-type":"","overlay-color":"","overlay-opacity":"","overlay-gradient":""}},"ast-content-background-meta":{"desktop":{"background-color":"var(--ast-global-color-5)","background-image":"","background-repeat":"repeat","background-position":"center center","background-size":"auto","background-attachment":"scroll","background-type":"","background-media":"","overlay-type":"","overlay-color":"","overlay-opacity":"","overlay-gradient":""},"tablet":{"background-color":"var(--ast-global-color-5)","background-image":"","background-repeat":"repeat","background-position":"center center","background-size":"auto","background-attachment":"scroll","background-type":"","background-media":"","overlay-type":"","overlay-color":"","overlay-opacity":"","overlay-gradient":""},"mobile":{"background-color":"var(--ast-global-color-5)","background-image":"","background-repeat":"repeat","background-position":"center center","background-size":"auto","background-attachment":"scroll","background-type":"","background-media":"","overlay-type":"","overlay-color":"","overlay-opacity":"","overlay-gradient":""}}},"product_brand":[],"product_cat":[48,47,49,430,40],"product_tag":[370,147,566,512,272,978,287,908,215,384,198,186,362,184],"class_list":{"0":"post-5920","1":"product","2":"type-product","3":"status-publish","4":"has-post-thumbnail","6":"product_cat-casual","7":"product_cat-classic","8":"product_cat-loafer","9":"product_cat-men","10":"product_cat-mens-shoes","11":"product_tag-black-loafers","12":"product_tag-brown-loafers","13":"product_tag-calfskin-shoes","14":"product_tag-casual-loafers","15":"product_tag-comfort-shoes","16":"product_tag-dress-casual-shoes","17":"product_tag-eva-sole-shoes","18":"product_tag-goat-leather-shoes","19":"product_tag-leather-loafers","20":"product_tag-luxury-loafers","21":"product_tag-mens-fashion","22":"product_tag-mens-loafers","23":"product_tag-premium-footwear","24":"product_tag-slip-on-shoes","25":"desktop-align-center","26":"tablet-align-center","27":"mobile-align-center","29":"first","30":"instock","31":"shipping-taxable","32":"purchasable","33":"product-type-variable","34":"has-default-attributes"},"acf":[],"uagb_featured_image_src":{"full":["https:\/\/turkishtrade.co\/wp-content\/uploads\/2026\/01\/2400EJOMN00476-BROWN-X_7752-150-USD-4-USD.png",453,250,false],"thumbnail":["https:\/\/turkishtrade.co\/wp-content\/uploads\/2026\/01\/2400EJOMN00476-BROWN-X_7752-150-USD-4-USD-150x150.png",150,150,true],"medium":["https:\/\/turkishtrade.co\/wp-content\/uploads\/2026\/01\/2400EJOMN00476-BROWN-X_7752-150-USD-4-USD-300x166.png",300,166,true],"medium_large":["https:\/\/turkishtrade.co\/wp-content\/uploads\/2026\/01\/2400EJOMN00476-BROWN-X_7752-150-USD-4-USD.png",453,250,false],"large":["https:\/\/turkishtrade.co\/wp-content\/uploads\/2026\/01\/2400EJOMN00476-BROWN-X_7752-150-USD-4-USD.png",453,250,false],"1536x1536":["https:\/\/turkishtrade.co\/wp-content\/uploads\/2026\/01\/2400EJOMN00476-BROWN-X_7752-150-USD-4-USD.png",453,250,false],"2048x2048":["https:\/\/turkishtrade.co\/wp-content\/uploads\/2026\/01\/2400EJOMN00476-BROWN-X_7752-150-USD-4-USD.png",453,250,false],"trp-custom-language-flag":["https:\/\/turkishtrade.co\/wp-content\/uploads\/2026\/01\/2400EJOMN00476-BROWN-X_7752-150-USD-4-USD-18x10.png",18,10,true],"woocommerce_thumbnail":["https:\/\/turkishtrade.co\/wp-content\/uploads\/2026\/01\/2400EJOMN00476-BROWN-X_7752-150-USD-4-USD-400x250.png",400,250,true],"woocommerce_single":["https:\/\/turkishtrade.co\/wp-content\/uploads\/2026\/01\/2400EJOMN00476-BROWN-X_7752-150-USD-4-USD.png",453,250,false],"woocommerce_gallery_thumbnail":["https:\/\/turkishtrade.co\/wp-content\/uploads\/2026\/01\/2400EJOMN00476-BROWN-X_7752-150-USD-4-USD-100x100.png",100,100,true]},"uagb_author_info":{"display_name":"yaser olabi","author_link":"https:\/\/turkishtrade.co\/tr\/author\/"},"uagb_comment_info":0,"uagb_excerpt":"Experience superior comfort with our premium Men's Casual Leather Loafers. Handcrafted from luxurious calfskin leather exterior and soft goat leather interior. Features a lightweight and supportive EVA sole for all-day wear. Designed with a versatile classic loafer silhouette and a subtle 1-3 cm heel height. Available in a wide range of sizes: 39, 40, 41,&hellip;","_links":{"self":[{"href":"https:\/\/turkishtrade.co\/tr\/wp-json\/wp\/v2\/product\/5920","targetHints":{"allow":["GET"]}}],"collection":[{"href":"https:\/\/turkishtrade.co\/tr\/wp-json\/wp\/v2\/product"}],"about":[{"href":"https:\/\/turkishtrade.co\/tr\/wp-json\/wp\/v2\/types\/product"}],"wp:featuredmedia":[{"embeddable":true,"href":"https:\/\/turkishtrade.co\/tr\/wp-json\/wp\/v2\/media\/3957"}],"wp:attachment":[{"href":"https:\/\/turkishtrade.co\/tr\/wp-json\/wp\/v2\/media?parent=5920"}],"wp:term":[{"taxonomy":"product_brand","embeddable":true,"href":"https:\/\/turkishtrade.co\/tr\/wp-json\/wp\/v2\/product_brand?post=5920"},{"taxonomy":"product_cat","embeddable":true,"href":"https:\/\/turkishtrade.co\/tr\/wp-json\/wp\/v2\/product_cat?post=5920"},{"taxonomy":"product_tag","embeddable":true,"href":"https:\/\/turkishtrade.co\/tr\/wp-json\/wp\/v2\/product_tag?post=5920"}],"curies":[{"name":"wp","href":"https:\/\/api.w.org\/{rel}","templated":true}]}}