{"id":5917,"date":"2026-01-14T13:43:40","date_gmt":"2026-01-14T13:43:40","guid":{"rendered":"https:\/\/turkishtrade.co\/product\/mens-leather-brogue-loafers\/"},"modified":"2026-04-09T19:19:57","modified_gmt":"2026-04-09T19:19:57","slug":"mens-leather-brogue-loafers","status":"publish","type":"product","link":"https:\/\/turkishtrade.co\/tr\/shop\/mens-leather-brogue-loafers\/","title":{"rendered":"Premium Erkek Deri Brogue Loafer'lar"},"content":{"rendered":"<p><strong>Erkek Deri Brogue Loafer<\/strong><\/p>\n<p>\u00d6zenle haz\u0131rlanm\u0131\u015f Erkek Deri Brogue Loafer'lar\u0131m\u0131zla zamans\u0131z bir sofistikeli\u011fe ad\u0131m at\u0131n. Hem stil hem de konfora \u00f6nem veren modern beyefendiler i\u00e7in tasarlanan bu mokasen ayakkab\u0131lar, klasik \u015f\u0131kl\u0131\u011f\u0131 \u00e7a\u011fda\u015f tasar\u0131mla kusursuz bir \u015fekilde harmanl\u0131yor. \u00d6nemli i\u015f toplant\u0131lar\u0131ndan \u015f\u0131k g\u00fcndelik bulu\u015fmalara kadar say\u0131s\u0131z durum i\u00e7in m\u00fckemmel olan bu <strong>Erkek Deri Brogue Loafer<\/strong> her se\u00e7kin gard\u0131rop i\u00e7in vazge\u00e7ilmez bir eklentidir.<\/p>\n<p>Gelenek ve modernli\u011fin kar\u0131\u015f\u0131m\u0131n\u0131 ola\u011fan\u00fcst\u00fc \u00fcr\u00fcnlerimizle deneyimleyin <strong>Erkek Deri Brogue Loafer<\/strong>.<\/p>\n<p><h3>E\u015fsiz Kalite ve \u0130\u015f\u00e7ilik<\/h3>\n<\/p>\n<p>Her bir \u00e7iftimiz <strong>Erkek Deri Brogue Loafer<\/strong> \u00fcst\u00fcn i\u015f\u00e7ili\u011fin bir kan\u0131t\u0131d\u0131r. D\u0131\u015f y\u00fczeyi, l\u00fcks hissi, dayan\u0131kl\u0131l\u0131\u011f\u0131 ve zaman i\u00e7inde g\u00fczel bir patine geli\u015ftirme yetene\u011fi ile tan\u0131nan birinci s\u0131n\u0131f, esnek dana derisinden \u00fcretilmi\u015ftir. \u0130\u00e7 k\u0131s\u0131mda, ayaklar\u0131n\u0131z hakiki ke\u00e7i derisinin enfes yumu\u015fakl\u0131\u011f\u0131yla sar\u0131lacak ve her ad\u0131mda nefes alabilen ve son derece rahat bir deneyim ya\u015fayacaks\u0131n\u0131z.<\/p>\n<p>Klasik ayakkab\u0131lar\u0131n ay\u0131rt edici \u00f6zelli\u011fi olan brogue detaylar, bu ayakkab\u0131lar\u0131 rafine bir karakter dokunu\u015fu haline getiriyor. <strong>Erkek Deri Brogue Loafer<\/strong> ger\u00e7ekten g\u00f6ze \u00e7arp\u0131yor.<\/p>\n<p><h3>G\u00fcn Boyu Konfor ve Kal\u0131c\u0131 Stil<\/h3>\n<\/p>\n<p>Konfor her \u015feyden \u00f6nemlidir ve bu <strong>Erkek Deri Brogue Loafer<\/strong> teslim edin. Hafif ama sa\u011flam EVA taban\u0131yla m\u00fckemmel yast\u0131klama ve destek sa\u011flayarak yorulmadan t\u00fcm g\u00fcn kullan\u0131m i\u00e7in idealdir. 1-3 cm'lik klasik loafer topuk y\u00fcksekli\u011fi, dengeli ve ergonomik bir ad\u0131m sa\u011flar.<\/p>\n<p>Bu \u00f6zenli tasar\u0131m, stil i\u00e7in konfordan \u00f6d\u00fcn vermek zorunda kalmayaca\u011f\u0131n\u0131z anlam\u0131na gelir. \u0130ster \u015fehir sokaklar\u0131nda geziniyor ister resmi bir etkinli\u011fe kat\u0131l\u0131yor olun, bu ayakkab\u0131lara g\u00fcvenebilirsiniz <strong>Erkek Deri Brogue Loafer<\/strong> keskin g\u00f6r\u00fcnmenizi ve harika hissetmenizi sa\u011flamak i\u00e7in.<\/p>\n<p><h3>Toplu Sipari\u015fler ve Perakendeciler i\u00e7in M\u00fckemmel<\/h3>\n<\/p>\n<p>Y\u00fcksek kaliteli ayakkab\u0131 arayan i\u015fletmeler ve perakendeciler i\u00e7in <strong>Erkek Deri Brogue Loafer<\/strong> sadece 8 \u00e7ift minimum sipari\u015f miktar\u0131 ile toplu sat\u0131n alma i\u00e7in kullan\u0131labilir. Verimli \u00fcretim ve yakla\u015f\u0131k 12 g\u00fcnl\u00fck g\u00fcvenilir teslimat s\u00fcresinin yan\u0131 s\u0131ra nakliye konusunda da kendimizle gurur duyuyoruz. M\u00fc\u015fterilerinize geleneksel \u015f\u0131kl\u0131\u011f\u0131 modern konfor ve \u00e7ekicilikle birle\u015ftiren birinci s\u0131n\u0131f ayakkab\u0131lar sunun.<\/p>\n<p>AB 39'dan 45'e kadar kapsaml\u0131 bir beden aral\u0131\u011f\u0131nda mevcut olan bu \u015f\u0131k <strong>Erkek Deri Brogue Loafer<\/strong> geni\u015f bir m\u00fc\u015fteri taban\u0131na hitap ederek memnuniyet ve i\u015f tekrar\u0131 sa\u011flar. Bu zarif <strong>Erkek Deri Brogue Loafer<\/strong> envanteriniz i\u00e7in m\u00fckemmel bir yat\u0131r\u0131m\u0131 temsil eder.<\/p>","protected":false},"excerpt":{"rendered":"<ul>\n<li>Birinci s\u0131n\u0131f Dana Derisi d\u0131\u015f y\u00fczey ve yumu\u015fak Ke\u00e7i Derisi i\u00e7 k\u0131s\u0131mdan \u00fcretilmi\u015ftir.<\/li>\n<li>T\u00fcm g\u00fcn kullan\u0131m i\u00e7in hafif ve rahat EVA taban.<\/li>\n<li>Klasik loafer g\u00fcndelik topuk y\u00fcksekli\u011fi: 1-3 cm.<\/li>\n<li>Geni\u015f bir beden yelpazesinde mevcuttur: AB 39, 40, 41, 42, 43, 44, 45.<\/li>\n<li>Minimum sipari\u015f miktar\u0131: 8 \u00e7ift.<\/li>\n<li>\u00dcretim ve teslimat s\u00fcresi: Yakla\u015f\u0131k 12 g\u00fcn + nakliye.<\/li>\n<\/ul>","protected":false},"featured_media":3955,"template":"","meta":{"_acf_changed":false,"_uag_custom_page_level_css":"","site-sidebar-layout":"default","site-content-layout":"","ast-site-content-layout":"default","site-content-style":"default","site-sidebar-style":"default","ast-global-header-display":"","ast-banner-title-visibility":"","ast-main-header-display":"","ast-hfb-above-header-display":"","ast-hfb-below-header-display":"","ast-hfb-mobile-header-display":"","site-post-title":"","ast-breadcrumbs-content":"","ast-featured-img":"","footer-sml-layout":"","ast-disable-related-posts":"","theme-transparent-header-meta":"","adv-header-id-meta":"","stick-header-meta":"","header-above-stick-meta":"","header-main-stick-meta":"","header-below-stick-meta":"","astra-migrate-meta-layouts":"default","ast-page-background-enabled":"default","ast-page-background-meta":{"desktop":{"background-color":"var(--ast-global-color-4)","background-image":"","background-repeat":"repeat","background-position":"center center","background-size":"auto","background-attachment":"scroll","background-type":"","background-media":"","overlay-type":"","overlay-color":"","overlay-opacity":"","overlay-gradient":""},"tablet":{"background-color":"","background-image":"","background-repeat":"repeat","background-position":"center center","background-size":"auto","background-attachment":"scroll","background-type":"","background-media":"","overlay-type":"","overlay-color":"","overlay-opacity":"","overlay-gradient":""},"mobile":{"background-color":"","background-image":"","background-repeat":"repeat","background-position":"center center","background-size":"auto","background-attachment":"scroll","background-type":"","background-media":"","overlay-type":"","overlay-color":"","overlay-opacity":"","overlay-gradient":""}},"ast-content-background-meta":{"desktop":{"background-color":"var(--ast-global-color-5)","background-image":"","background-repeat":"repeat","background-position":"center center","background-size":"auto","background-attachment":"scroll","background-type":"","background-media":"","overlay-type":"","overlay-color":"","overlay-opacity":"","overlay-gradient":""},"tablet":{"background-color":"var(--ast-global-color-5)","background-image":"","background-repeat":"repeat","background-position":"center center","background-size":"auto","background-attachment":"scroll","background-type":"","background-media":"","overlay-type":"","overlay-color":"","overlay-opacity":"","overlay-gradient":""},"mobile":{"background-color":"var(--ast-global-color-5)","background-image":"","background-repeat":"repeat","background-position":"center center","background-size":"auto","background-attachment":"scroll","background-type":"","background-media":"","overlay-type":"","overlay-color":"","overlay-opacity":"","overlay-gradient":""}}},"product_brand":[],"product_cat":[48,47,49,430,40],"product_tag":[654,674,513,185,512,457,737,438,251,189,219,215,186,456],"class_list":{"0":"post-5917","1":"product","2":"type-product","3":"status-publish","4":"has-post-thumbnail","6":"product_cat-casual","7":"product_cat-classic","8":"product_cat-loafer","9":"product_cat-men","10":"product_cat-mens-shoes","11":"product_tag-brogue-shoes","12":"product_tag-bulk-shoes","13":"product_tag-business-casual-shoes","14":"product_tag-calf-leather-shoes","15":"product_tag-casual-loafers","16":"product_tag-classic-loafers","17":"product_tag-dress-loafers","18":"product_tag-eva-sole","19":"product_tag-formal-shoes","20":"product_tag-goat-leather-lining","21":"product_tag-handmade-shoes","22":"product_tag-leather-loafers","23":"product_tag-mens-loafers","24":"product_tag-wholesale-loafers","25":"desktop-align-center","26":"tablet-align-center","27":"mobile-align-center","29":"first","30":"instock","31":"shipping-taxable","32":"purchasable","33":"product-type-variable","34":"has-default-attributes"},"acf":[],"uagb_featured_image_src":{"full":["https:\/\/turkishtrade.co\/wp-content\/uploads\/2026\/01\/2400EJOMN00468-DARK-BROWN-X_1350.png",453,250,false],"thumbnail":["https:\/\/turkishtrade.co\/wp-content\/uploads\/2026\/01\/2400EJOMN00468-DARK-BROWN-X_1350-150x150.png",150,150,true],"medium":["https:\/\/turkishtrade.co\/wp-content\/uploads\/2026\/01\/2400EJOMN00468-DARK-BROWN-X_1350-300x166.png",300,166,true],"medium_large":["https:\/\/turkishtrade.co\/wp-content\/uploads\/2026\/01\/2400EJOMN00468-DARK-BROWN-X_1350.png",453,250,false],"large":["https:\/\/turkishtrade.co\/wp-content\/uploads\/2026\/01\/2400EJOMN00468-DARK-BROWN-X_1350.png",453,250,false],"1536x1536":["https:\/\/turkishtrade.co\/wp-content\/uploads\/2026\/01\/2400EJOMN00468-DARK-BROWN-X_1350.png",453,250,false],"2048x2048":["https:\/\/turkishtrade.co\/wp-content\/uploads\/2026\/01\/2400EJOMN00468-DARK-BROWN-X_1350.png",453,250,false],"trp-custom-language-flag":["https:\/\/turkishtrade.co\/wp-content\/uploads\/2026\/01\/2400EJOMN00468-DARK-BROWN-X_1350-18x10.png",18,10,true],"woocommerce_thumbnail":["https:\/\/turkishtrade.co\/wp-content\/uploads\/2026\/01\/2400EJOMN00468-DARK-BROWN-X_1350-400x250.png",400,250,true],"woocommerce_single":["https:\/\/turkishtrade.co\/wp-content\/uploads\/2026\/01\/2400EJOMN00468-DARK-BROWN-X_1350.png",453,250,false],"woocommerce_gallery_thumbnail":["https:\/\/turkishtrade.co\/wp-content\/uploads\/2026\/01\/2400EJOMN00468-DARK-BROWN-X_1350-100x100.png",100,100,true]},"uagb_author_info":{"display_name":"yaser olabi","author_link":"https:\/\/turkishtrade.co\/tr\/author\/"},"uagb_comment_info":0,"uagb_excerpt":"Crafted from premium Calf Leather exterior and soft Goat Leather interior. Lightweight and comfortable EVA sole for all-day wear. Classic loafer casual heel height: 1-3 cm. Available in a wide range of sizes: EU 39, 40, 41, 42, 43, 44, 45. Minimum order quantity: 8 pairs. Production and delivery time: Approximately 12 days + shipping.","_links":{"self":[{"href":"https:\/\/turkishtrade.co\/tr\/wp-json\/wp\/v2\/product\/5917","targetHints":{"allow":["GET"]}}],"collection":[{"href":"https:\/\/turkishtrade.co\/tr\/wp-json\/wp\/v2\/product"}],"about":[{"href":"https:\/\/turkishtrade.co\/tr\/wp-json\/wp\/v2\/types\/product"}],"wp:featuredmedia":[{"embeddable":true,"href":"https:\/\/turkishtrade.co\/tr\/wp-json\/wp\/v2\/media\/3955"}],"wp:attachment":[{"href":"https:\/\/turkishtrade.co\/tr\/wp-json\/wp\/v2\/media?parent=5917"}],"wp:term":[{"taxonomy":"product_brand","embeddable":true,"href":"https:\/\/turkishtrade.co\/tr\/wp-json\/wp\/v2\/product_brand?post=5917"},{"taxonomy":"product_cat","embeddable":true,"href":"https:\/\/turkishtrade.co\/tr\/wp-json\/wp\/v2\/product_cat?post=5917"},{"taxonomy":"product_tag","embeddable":true,"href":"https:\/\/turkishtrade.co\/tr\/wp-json\/wp\/v2\/product_tag?post=5917"}],"curies":[{"name":"wp","href":"https:\/\/api.w.org\/{rel}","templated":true}]}}