{"id":5908,"date":"2026-01-14T13:41:54","date_gmt":"2026-01-14T13:41:54","guid":{"rendered":"https:\/\/turkishtrade.co\/product\/mens-chunky-leather-loafers\/"},"modified":"2026-04-09T19:20:11","modified_gmt":"2026-04-09T19:20:11","slug":"mens-chunky-leather-loafers","status":"publish","type":"product","link":"https:\/\/turkishtrade.co\/tr\/shop\/mens-chunky-leather-loafers\/","title":{"rendered":"Alt\u0131n Zincir Detayl\u0131 Erkek Premium Kal\u0131n Tabanl\u0131 Deri Loafer"},"content":{"rendered":"<p><strong>Erkek Kal\u0131n Deri Loafer'lar<\/strong><\/p>\n<p>Enfes tasar\u0131m\u0131m\u0131zla benzersiz bir stil ve konfora ad\u0131m at\u0131n <strong>Erkek Kal\u0131n Deri Loafer'lar<\/strong>. Hem esteti\u011fe hem de dayan\u0131kl\u0131l\u0131\u011fa de\u011fer veren modern beyefendiler i\u00e7in tasarlanan bu mokasen ayakkab\u0131lar, \u00fcst\u00fcn i\u015f\u00e7ili\u011fin ve \u00e7a\u011fda\u015f tasar\u0131m\u0131n bir kan\u0131t\u0131d\u0131r. D\u0131\u015f y\u00fczeyi birinci s\u0131n\u0131f dana derisinden \u00fcretilen bu ayakkab\u0131lar, hem esnek hem de esnek olan \u015f\u0131k ve sofistike bir y\u00fczey sunarak uzun \u00f6m\u00fcrl\u00fcl\u00fck ve l\u00fcks bir his vaat ediyor.<\/p>\n<p>L\u00fcks deneyim, att\u0131\u011f\u0131n\u0131z her ad\u0131mda benzersiz nefes alabilirlik ve ola\u011fan\u00fcst\u00fc konfor sa\u011flayan yumu\u015fak ke\u00e7i derisi astar ile i\u00e7 k\u0131s\u0131mda da devam eder. Bu malzemeler toplu olarak ayakkab\u0131m\u0131z\u0131n \u00fcst\u00fcn kalitesini tan\u0131mlar <strong>erkek kal\u0131n deri mokasen ayakkab\u0131<\/strong>.<\/p>\n<p>Kendine \u00f6zg\u00fc kal\u0131n EVA taban\u0131 sadece modern, sa\u011flam bir profil sa\u011flamakla kalmaz, ayn\u0131 zamanda ola\u011fan\u00fcst\u00fc \u015fok emilimi ve destek sa\u011flar. <strong>erkek kal\u0131n deri mokasen ayakkab\u0131<\/strong> t\u00fcm g\u00fcn kullan\u0131m i\u00e7in ideal. \u0130ster \u015fehir sokaklar\u0131nda geziniyor ister g\u00fcndelik bir i\u015f toplant\u0131s\u0131na kat\u0131l\u0131yor olun, bu sa\u011flam taban\u0131n sundu\u011fu sa\u011flaml\u0131k ve konforu takdir edeceksiniz. Zamans\u0131z bir zarafet ve \u00e7a\u011fda\u015f bir yetenek katan \u00e7arp\u0131c\u0131 alt\u0131n tonlu zincir detay\u0131, ayakkab\u0131n\u0131n vampir k\u0131sm\u0131n\u0131 s\u00fcsleyerek genel tasar\u0131m\u0131 y\u00fckseltir ve bu <strong>erkek kal\u0131n deri mokasen ayakkab\u0131<\/strong> kalabal\u0131\u011f\u0131n aras\u0131ndan s\u0131yr\u0131lmak.<\/p>\n<p>Bu benzersiz s\u00fcsleme onlar\u0131 ger\u00e7ekten ola\u011fan\u00fcst\u00fc k\u0131l\u0131yor.<\/p>\n<p><h3>Rakipsiz Stil ve Konfor<\/h3>\n<\/p>\n<p>Klasik loafer esteti\u011fini modern ve sa\u011flam bir profille m\u00fckemmel bir \u015fekilde harmanlayan bu \u00e7ok y\u00f6nl\u00fc <strong>erkek kal\u0131n deri mokasen ayakkab\u0131<\/strong> Ak\u0131ll\u0131 rahat kombinlerden daha rahat hafta sonu k\u0131yafetlerine zahmetsizce ge\u00e7i\u015f yapar. G\u00f6steri\u015fli bir g\u00f6r\u00fcn\u00fcm i\u00e7in \u00f6zel dikim pantolonlarla veya g\u00fcndelik bir hava i\u00e7in koyu renk kot pantolonlarla e\u015fle\u015ftirin. Dana derisinin zengin dokusu, karma\u015f\u0131k detaylar ve sa\u011flam EVA taban ile birle\u015fti\u011finde bu ayakkab\u0131lar\u0131 <strong>erkek kal\u0131n deri mokasen ayakkab\u0131<\/strong> her se\u00e7kin gard\u0131rop i\u00e7in temel bir par\u00e7a.<\/p>\n<p>L\u00fcks malzemeler, uzman tasar\u0131m ve kal\u0131c\u0131 konforun m\u00fckemmel sinerjisini deneyimleyin. Bir \u00e7ift ayakkab\u0131ya yat\u0131r\u0131m yap\u0131n <strong>erkek kal\u0131n deri mokasen ayakkab\u0131<\/strong> sofistike zevkinizi ve zorlu ya\u015fam tarz\u0131n\u0131z\u0131 ger\u00e7ekten yans\u0131t\u0131yor. M\u00fckemmel uyumu sa\u011flamak i\u00e7in 39'dan 45'e kadar kapsaml\u0131 bir AB beden yelpazesinde mevcut olan bu <strong>erkek kal\u0131n deri mokasen ayakkab\u0131<\/strong> ayakkab\u0131dan daha fazlas\u0131d\u0131r - rafine bir stilin ve \u00f6d\u00fcn vermeyen kalitenin ifadesidir.<\/p>\n<p>Erkek ayakkab\u0131lar\u0131nda gelinen son noktay\u0131 bug\u00fcn ke\u015ffedin.<\/p>","protected":false},"excerpt":{"rendered":"<ul>\n<li>Premium Dana Derisi D\u0131\u015f Y\u00fczey<\/li>\n<li>Yumu\u015fak Ke\u00e7i Derisi \u0130\u00e7 Mekan<\/li>\n<li>Konfor Art\u0131r\u0131c\u0131 EVA Kal\u0131n Taban (Yakla\u015f\u0131k 1-3 cm topuk y\u00fcksekli\u011fi)<\/li>\n<li>\u015e\u0131k Alt\u0131n Ton Zincir Detay\u0131<\/li>\n<li>39-45 AB Bedenlerinde Mevcuttur<\/li>\n<li>Minimum Sipari\u015f: 8 \u00c7ift (Toptan Sat\u0131\u015f)<\/li>\n<li>Teslimat S\u00fcresi: 12 G\u00fcn + Kargo<\/li>\n<\/ul>","protected":false},"featured_media":3950,"template":"","meta":{"_acf_changed":false,"_uag_custom_page_level_css":"","site-sidebar-layout":"default","site-content-layout":"","ast-site-content-layout":"default","site-content-style":"default","site-sidebar-style":"default","ast-global-header-display":"","ast-banner-title-visibility":"","ast-main-header-display":"","ast-hfb-above-header-display":"","ast-hfb-below-header-display":"","ast-hfb-mobile-header-display":"","site-post-title":"","ast-breadcrumbs-content":"","ast-featured-img":"","footer-sml-layout":"","ast-disable-related-posts":"","theme-transparent-header-meta":"","adv-header-id-meta":"","stick-header-meta":"","header-above-stick-meta":"","header-main-stick-meta":"","header-below-stick-meta":"","astra-migrate-meta-layouts":"default","ast-page-background-enabled":"default","ast-page-background-meta":{"desktop":{"background-color":"var(--ast-global-color-4)","background-image":"","background-repeat":"repeat","background-position":"center center","background-size":"auto","background-attachment":"scroll","background-type":"","background-media":"","overlay-type":"","overlay-color":"","overlay-opacity":"","overlay-gradient":""},"tablet":{"background-color":"","background-image":"","background-repeat":"repeat","background-position":"center center","background-size":"auto","background-attachment":"scroll","background-type":"","background-media":"","overlay-type":"","overlay-color":"","overlay-opacity":"","overlay-gradient":""},"mobile":{"background-color":"","background-image":"","background-repeat":"repeat","background-position":"center center","background-size":"auto","background-attachment":"scroll","background-type":"","background-media":"","overlay-type":"","overlay-color":"","overlay-opacity":"","overlay-gradient":""}},"ast-content-background-meta":{"desktop":{"background-color":"var(--ast-global-color-5)","background-image":"","background-repeat":"repeat","background-position":"center center","background-size":"auto","background-attachment":"scroll","background-type":"","background-media":"","overlay-type":"","overlay-color":"","overlay-opacity":"","overlay-gradient":""},"tablet":{"background-color":"var(--ast-global-color-5)","background-image":"","background-repeat":"repeat","background-position":"center center","background-size":"auto","background-attachment":"scroll","background-type":"","background-media":"","overlay-type":"","overlay-color":"","overlay-opacity":"","overlay-gradient":""},"mobile":{"background-color":"var(--ast-global-color-5)","background-image":"","background-repeat":"repeat","background-position":"center center","background-size":"auto","background-attachment":"scroll","background-type":"","background-media":"","overlay-type":"","overlay-color":"","overlay-opacity":"","overlay-gradient":""}}},"product_brand":[],"product_cat":[48,47,49,430,40],"product_tag":[202,512,409,284,438,352,221,437,1086,215,186,374,546,456],"class_list":{"0":"post-5908","1":"product","2":"type-product","3":"status-publish","4":"has-post-thumbnail","6":"product_cat-casual","7":"product_cat-classic","8":"product_cat-loafer","9":"product_cat-men","10":"product_cat-mens-shoes","11":"product_tag-calf-leather","12":"product_tag-casual-loafers","13":"product_tag-chunky-loafers","14":"product_tag-dress-shoes","15":"product_tag-eva-sole","16":"product_tag-formal-loafers","17":"product_tag-genuine-leather","18":"product_tag-goat-leather","19":"product_tag-gold-chain-shoes","20":"product_tag-leather-loafers","21":"product_tag-mens-loafers","22":"product_tag-premium-loafers","23":"product_tag-stylish-mens-shoes","24":"product_tag-wholesale-loafers","25":"desktop-align-center","26":"tablet-align-center","27":"mobile-align-center","29":"first","30":"instock","31":"shipping-taxable","32":"purchasable","33":"product-type-variable","34":"has-default-attributes"},"acf":[],"uagb_featured_image_src":{"full":["https:\/\/turkishtrade.co\/wp-content\/uploads\/2026\/01\/2400EJOMN00457-BURGUNDEY-DKS_7654-fusped-2-USD.png",453,250,false],"thumbnail":["https:\/\/turkishtrade.co\/wp-content\/uploads\/2026\/01\/2400EJOMN00457-BURGUNDEY-DKS_7654-fusped-2-USD-150x150.png",150,150,true],"medium":["https:\/\/turkishtrade.co\/wp-content\/uploads\/2026\/01\/2400EJOMN00457-BURGUNDEY-DKS_7654-fusped-2-USD-300x166.png",300,166,true],"medium_large":["https:\/\/turkishtrade.co\/wp-content\/uploads\/2026\/01\/2400EJOMN00457-BURGUNDEY-DKS_7654-fusped-2-USD.png",453,250,false],"large":["https:\/\/turkishtrade.co\/wp-content\/uploads\/2026\/01\/2400EJOMN00457-BURGUNDEY-DKS_7654-fusped-2-USD.png",453,250,false],"1536x1536":["https:\/\/turkishtrade.co\/wp-content\/uploads\/2026\/01\/2400EJOMN00457-BURGUNDEY-DKS_7654-fusped-2-USD.png",453,250,false],"2048x2048":["https:\/\/turkishtrade.co\/wp-content\/uploads\/2026\/01\/2400EJOMN00457-BURGUNDEY-DKS_7654-fusped-2-USD.png",453,250,false],"trp-custom-language-flag":["https:\/\/turkishtrade.co\/wp-content\/uploads\/2026\/01\/2400EJOMN00457-BURGUNDEY-DKS_7654-fusped-2-USD-18x10.png",18,10,true],"woocommerce_thumbnail":["https:\/\/turkishtrade.co\/wp-content\/uploads\/2026\/01\/2400EJOMN00457-BURGUNDEY-DKS_7654-fusped-2-USD-400x250.png",400,250,true],"woocommerce_single":["https:\/\/turkishtrade.co\/wp-content\/uploads\/2026\/01\/2400EJOMN00457-BURGUNDEY-DKS_7654-fusped-2-USD.png",453,250,false],"woocommerce_gallery_thumbnail":["https:\/\/turkishtrade.co\/wp-content\/uploads\/2026\/01\/2400EJOMN00457-BURGUNDEY-DKS_7654-fusped-2-USD-100x100.png",100,100,true]},"uagb_author_info":{"display_name":"yaser olabi","author_link":"https:\/\/turkishtrade.co\/tr\/author\/"},"uagb_comment_info":0,"uagb_excerpt":"Premium Calf Leather Exterior Soft Goat Leather Interior Comfort-Enhancing EVA Chunky Sole (Approx. 1-3cm heel height) Stylish Gold-Tone Chain Detail Available in EU Sizes 39-45 Minimum Order: 8 Pairs (Wholesale Availability) Delivery Time: 12 Days + Shipping","_links":{"self":[{"href":"https:\/\/turkishtrade.co\/tr\/wp-json\/wp\/v2\/product\/5908","targetHints":{"allow":["GET"]}}],"collection":[{"href":"https:\/\/turkishtrade.co\/tr\/wp-json\/wp\/v2\/product"}],"about":[{"href":"https:\/\/turkishtrade.co\/tr\/wp-json\/wp\/v2\/types\/product"}],"wp:featuredmedia":[{"embeddable":true,"href":"https:\/\/turkishtrade.co\/tr\/wp-json\/wp\/v2\/media\/3950"}],"wp:attachment":[{"href":"https:\/\/turkishtrade.co\/tr\/wp-json\/wp\/v2\/media?parent=5908"}],"wp:term":[{"taxonomy":"product_brand","embeddable":true,"href":"https:\/\/turkishtrade.co\/tr\/wp-json\/wp\/v2\/product_brand?post=5908"},{"taxonomy":"product_cat","embeddable":true,"href":"https:\/\/turkishtrade.co\/tr\/wp-json\/wp\/v2\/product_cat?post=5908"},{"taxonomy":"product_tag","embeddable":true,"href":"https:\/\/turkishtrade.co\/tr\/wp-json\/wp\/v2\/product_tag?post=5908"}],"curies":[{"name":"wp","href":"https:\/\/api.w.org\/{rel}","templated":true}]}}