{"id":5905,"date":"2026-01-14T13:41:13","date_gmt":"2026-01-14T13:41:13","guid":{"rendered":"https:\/\/turkishtrade.co\/product\/mens-casual-leather-loafers-2\/"},"modified":"2026-04-09T19:20:24","modified_gmt":"2026-04-09T19:20:24","slug":"mens-casual-leather-loafers-2","status":"publish","type":"product","link":"https:\/\/turkishtrade.co\/tr\/shop\/mens-casual-leather-loafers-2\/","title":{"rendered":"EVA Tabanl\u0131 Erkek Premium Bordo Deri G\u00fcnl\u00fck Loafer"},"content":{"rendered":"<p><strong>Erkek G\u00fcnl\u00fck Deri Loafer'lar<\/strong><\/p>\n<p>G\u00fcnl\u00fck stilinizi zarif \u00fcr\u00fcnlerimizle y\u00fckseltin <strong>Erkek G\u00fcnl\u00fck Deri Loafer'lar<\/strong>, hem sofistike hem de rahatl\u0131\u011fa de\u011fer veren modern erkek i\u00e7in titizlikle \u00fcretilmi\u015ftir. Bu mokasen ayakkab\u0131lar sadece bir ayakkab\u0131 de\u011fildir; zamans\u0131z \u015f\u0131kl\u0131\u011f\u0131n ve \u00fcst\u00fcn kalitenin bir ifadesidir ve i\u015f ortam\u0131ndan rahat hafta sonu gezilerine sorunsuz bir \u015fekilde ge\u00e7i\u015f yapmak i\u00e7in tasarlanm\u0131\u015ft\u0131r. Geleneksel i\u015f\u00e7ilik ve \u00e7a\u011fda\u015f tasar\u0131m\u0131n m\u00fckemmel kar\u0131\u015f\u0131m\u0131n\u0131 ke\u015ffedin.<\/p>\n<h3>Benzersiz Konfor ve Birinci S\u0131n\u0131f Malzemeler<\/h3>\n<p>Bu ola\u011fan\u00fcst\u00fc \u00fcr\u00fcnlerde kullan\u0131lan birinci s\u0131n\u0131f malzemeler sayesinde her ad\u0131mda l\u00fcks\u00fc ya\u015fay\u0131n <strong>Erkek G\u00fcnl\u00fck Deri Loafer'lar<\/strong>. D\u0131\u015f y\u00fczeyi, dayan\u0131kl\u0131l\u0131\u011f\u0131, p\u00fcr\u00fczs\u00fcz y\u00fczeyi ve zaman i\u00e7inde g\u00fczel bir patina geli\u015ftirebilme \u00f6zelli\u011fiyle tan\u0131nan esnek dana derisinden \u00fcretilmi\u015ftir. \u0130nce eskitme i\u015flemiyle ustal\u0131kla tamamlanan zengin bordo tonu, sizi di\u011ferlerinden ay\u0131racak bir karakter derinli\u011fi katar.<\/p>\n<p>\u0130\u00e7 k\u0131s\u0131mda, ayaklar\u0131n\u0131z hakiki ke\u00e7i derisi astar\u0131n yumu\u015fak kuca\u011f\u0131na sar\u0131lacak, ola\u011fan\u00fcst\u00fc nefes alabilirlik sa\u011flayacak ve uzun s\u00fcreli kullan\u0131mdan sonra bile rahats\u0131zl\u0131\u011f\u0131 \u00f6nleyecektir. Bu \u00f6zenli malzeme kombinasyonu, l\u00fcks bir his ve uzun \u00f6m\u00fcrl\u00fc performans\u0131 garanti eder.<\/p>\n<h3>Hafif Tasar\u0131m ve \u00dcst\u00fcn Kavrama<\/h3>\n<p>Konforunuza olan ba\u011fl\u0131l\u0131\u011f\u0131m\u0131z yenilik\u00e7i taban tasar\u0131m\u0131na kadar uzanmaktad\u0131r. Bunlar <strong>Erkek G\u00fcnl\u00fck Deri Loafer'lar<\/strong> sa\u011flam ancak inan\u0131lmaz derecede hafif EVA tabana sahiptir. Bu geli\u015fmi\u015f malzeme m\u00fckemmel yast\u0131klama ve esneklik sa\u011flayarak her ad\u0131mda darbeyi emer ve t\u00fcm g\u00fcn kullan\u0131m i\u00e7in ideal hale getirir.<\/p>\n<p>Tabandaki ay\u0131rt edici nerv\u00fcrl\u00fc desen yaln\u0131zca \u00e7a\u011fda\u015f bir hava katmakla kalmaz, ayn\u0131 zamanda \u00fcst\u00fcn \u00e7eki\u015f g\u00fcc\u00fc sunarak \u00e7e\u015fitli y\u00fczeylerde denge ve g\u00fcven sa\u011flar. Klasik 1-3 cm topuk y\u00fcksekli\u011fine sahip bu mokasen ayakkab\u0131lar, zarif bir profil sunarken ince bir y\u00fckselme sa\u011flar.<\/p>\n<h3>Her Durum i\u00e7in \u00c7ok Y\u00f6nl\u00fc Stil<\/h3>\n<p>Bu ayakkab\u0131lar\u0131n klasik penny loafer silueti, onlar\u0131 her gard\u0131rop i\u00e7in inan\u0131lmaz derecede \u00e7ok y\u00f6nl\u00fc bir eklenti haline getiriyor. Keskin bir i\u015f g\u00fcndeli\u011fi g\u00f6r\u00fcn\u00fcm\u00fc i\u00e7in \u00f6zel dikim pantolon ve blazer ceketle e\u015fle\u015ftirin veya rahat ama g\u00f6steri\u015fli bir hafta sonu kombini i\u00e7in chino pantolon ve polo ti\u015f\u00f6rt ile giydirin.<\/p>\n<p>\u0130ster bir toplant\u0131ya kat\u0131l\u0131n, ister keyifli bir brunch'\u0131n tad\u0131n\u0131 \u00e7\u0131kar\u0131n ya da \u015fehri ke\u015ffedin, bu mokasen ayakkab\u0131lar sofistike ve rahatl\u0131\u011f\u0131n m\u00fckemmel dengesini sa\u011flar. 39 ile 45 numara aras\u0131nda mevcut olup, m\u00fckemmel uyumunuzu bulmak \u00e7ok kolayd\u0131r.<\/p>\n<h3>Toplu Sipari\u015fler ve Perakendeciler i\u00e7in \u0130deal<\/h3>\n<p>Perakendeciler, butikler ve y\u00fcksek kaliteli ayakkab\u0131lar sunmak isteyen i\u015fletmeler i\u00e7in <strong>Erkek G\u00fcnl\u00fck Deri Loafer'lar<\/strong> minimum 8 \u00e7ift sipari\u015f miktar\u0131 ile toplu al\u0131m i\u00e7in mevcuttur. H\u0131zl\u0131 ve g\u00fcvenilir bir \u015fekilde stok yapabilmenizi sa\u011flamak i\u00e7in sadece 12 g\u00fcnl\u00fck teslim s\u00fcresi ve nakliye ile verimli \u00fcretim konusunda kendimizle gurur duyuyoruz. M\u00fc\u015fterilerinize klasik stil, \u00fcst\u00fcn konfor ve ola\u011fan\u00fcst\u00fc dayan\u0131kl\u0131l\u0131\u011f\u0131 bir araya getiren birinci s\u0131n\u0131f ayakkab\u0131lar sunun.<\/p>","protected":false},"excerpt":{"rendered":"<ul>\n<li>Zengin bordo renk tonuna sahip birinci s\u0131n\u0131f dana derisi d\u0131\u015f y\u00fczey ile \u00fcst\u00fcn konforu ya\u015fay\u0131n.<\/li>\n<li>Ola\u011fan\u00fcst\u00fc nefes alabilirlik i\u00e7in hakiki ke\u00e7i derisi astar\u0131n yumu\u015fak hissiyle kendinizi \u015f\u0131mart\u0131n.<\/li>\n<li>G\u00fcn boyu konfor ve \u00fcst\u00fcn kavrama sa\u011flayan hafif ve esnek EVA tabana sahiptir.<\/li>\n<li>\u00c7ok y\u00f6nl\u00fc kullan\u0131m i\u00e7in 1-3 cm rahat topuk y\u00fcksekli\u011fine sahip klasik loafer tasar\u0131m\u0131.<\/li>\n<li>Geni\u015f bir beden yelpazesinde mevcuttur: 39, 40, 41, 42, 43, 44, 45.<\/li>\n<li>Minimum sipari\u015f miktar\u0131: 8 \u00e7ift - perakendeciler ve toplu al\u0131mlar i\u00e7in idealdir.<\/li>\n<li>G\u00fcvenilir \u00fcretim teslim s\u00fcresi: 12 g\u00fcn + nakliye.<\/li>\n<\/ul>","protected":false},"featured_media":3947,"template":"","meta":{"_acf_changed":false,"_uag_custom_page_level_css":"","site-sidebar-layout":"default","site-content-layout":"","ast-site-content-layout":"default","site-content-style":"default","site-sidebar-style":"default","ast-global-header-display":"","ast-banner-title-visibility":"","ast-main-header-display":"","ast-hfb-above-header-display":"","ast-hfb-below-header-display":"","ast-hfb-mobile-header-display":"","site-post-title":"","ast-breadcrumbs-content":"","ast-featured-img":"","footer-sml-layout":"","ast-disable-related-posts":"","theme-transparent-header-meta":"default","adv-header-id-meta":"","stick-header-meta":"","header-above-stick-meta":"","header-main-stick-meta":"","header-below-stick-meta":"","astra-migrate-meta-layouts":"set","ast-page-background-enabled":"default","ast-page-background-meta":{"desktop":{"background-color":"var(--ast-global-color-4)","background-image":"","background-repeat":"repeat","background-position":"center center","background-size":"auto","background-attachment":"scroll","background-type":"","background-media":"","overlay-type":"","overlay-color":"","overlay-opacity":"","overlay-gradient":""},"tablet":{"background-color":"","background-image":"","background-repeat":"repeat","background-position":"center center","background-size":"auto","background-attachment":"scroll","background-type":"","background-media":"","overlay-type":"","overlay-color":"","overlay-opacity":"","overlay-gradient":""},"mobile":{"background-color":"","background-image":"","background-repeat":"repeat","background-position":"center center","background-size":"auto","background-attachment":"scroll","background-type":"","background-media":"","overlay-type":"","overlay-color":"","overlay-opacity":"","overlay-gradient":""}},"ast-content-background-meta":{"desktop":{"background-color":"var(--ast-global-color-5)","background-image":"","background-repeat":"repeat","background-position":"center center","background-size":"auto","background-attachment":"scroll","background-type":"","background-media":"","overlay-type":"","overlay-color":"","overlay-opacity":"","overlay-gradient":""},"tablet":{"background-color":"var(--ast-global-color-5)","background-image":"","background-repeat":"repeat","background-position":"center center","background-size":"auto","background-attachment":"scroll","background-type":"","background-media":"","overlay-type":"","overlay-color":"","overlay-opacity":"","overlay-gradient":""},"mobile":{"background-color":"var(--ast-global-color-5)","background-image":"","background-repeat":"repeat","background-position":"center center","background-size":"auto","background-attachment":"scroll","background-type":"","background-media":"","overlay-type":"","overlay-color":"","overlay-opacity":"","overlay-gradient":""}}},"product_brand":[],"product_cat":[48,47,49,430,40],"product_tag":[859,513,555,457,220,438,189,215,1085,1053,186,279,374,184,546,456],"class_list":{"0":"post-5905","1":"product","2":"type-product","3":"status-publish","4":"has-post-thumbnail","6":"product_cat-casual","7":"product_cat-classic","8":"product_cat-loafer","9":"product_cat-men","10":"product_cat-mens-shoes","11":"product_tag-burgundy-loafers","12":"product_tag-business-casual-shoes","13":"product_tag-calfskin-loafers","14":"product_tag-classic-loafers","15":"product_tag-comfortable-loafers","16":"product_tag-eva-sole","17":"product_tag-goat-leather-lining","18":"product_tag-leather-loafers","19":"product_tag-mens-casual-leather-loafers","20":"product_tag-mens-dress-casual-shoes","21":"product_tag-mens-loafers","22":"product_tag-penny-loafers","23":"product_tag-premium-loafers","24":"product_tag-slip-on-shoes","25":"product_tag-stylish-mens-shoes","26":"product_tag-wholesale-loafers","27":"desktop-align-center","28":"tablet-align-center","29":"mobile-align-center","31":"first","32":"instock","33":"shipping-taxable","34":"purchasable","35":"product-type-variable","36":"has-default-attributes"},"acf":[],"uagb_featured_image_src":{"full":["https:\/\/turkishtrade.co\/wp-content\/uploads\/2026\/01\/2400EJOMN00455-BURGUNDEY-X_7821-4-USD.png",453,250,false],"thumbnail":["https:\/\/turkishtrade.co\/wp-content\/uploads\/2026\/01\/2400EJOMN00455-BURGUNDEY-X_7821-4-USD-150x150.png",150,150,true],"medium":["https:\/\/turkishtrade.co\/wp-content\/uploads\/2026\/01\/2400EJOMN00455-BURGUNDEY-X_7821-4-USD-300x166.png",300,166,true],"medium_large":["https:\/\/turkishtrade.co\/wp-content\/uploads\/2026\/01\/2400EJOMN00455-BURGUNDEY-X_7821-4-USD.png",453,250,false],"large":["https:\/\/turkishtrade.co\/wp-content\/uploads\/2026\/01\/2400EJOMN00455-BURGUNDEY-X_7821-4-USD.png",453,250,false],"1536x1536":["https:\/\/turkishtrade.co\/wp-content\/uploads\/2026\/01\/2400EJOMN00455-BURGUNDEY-X_7821-4-USD.png",453,250,false],"2048x2048":["https:\/\/turkishtrade.co\/wp-content\/uploads\/2026\/01\/2400EJOMN00455-BURGUNDEY-X_7821-4-USD.png",453,250,false],"trp-custom-language-flag":["https:\/\/turkishtrade.co\/wp-content\/uploads\/2026\/01\/2400EJOMN00455-BURGUNDEY-X_7821-4-USD-18x10.png",18,10,true],"woocommerce_thumbnail":["https:\/\/turkishtrade.co\/wp-content\/uploads\/2026\/01\/2400EJOMN00455-BURGUNDEY-X_7821-4-USD-400x250.png",400,250,true],"woocommerce_single":["https:\/\/turkishtrade.co\/wp-content\/uploads\/2026\/01\/2400EJOMN00455-BURGUNDEY-X_7821-4-USD.png",453,250,false],"woocommerce_gallery_thumbnail":["https:\/\/turkishtrade.co\/wp-content\/uploads\/2026\/01\/2400EJOMN00455-BURGUNDEY-X_7821-4-USD-100x100.png",100,100,true]},"uagb_author_info":{"display_name":"yaser olabi","author_link":"https:\/\/turkishtrade.co\/tr\/author\/"},"uagb_comment_info":0,"uagb_excerpt":"Experience supreme comfort with a premium calfskin leather exterior in a rich burgundy hue. Indulge in the soft feel of genuine goat leather lining for exceptional breathability. Features a lightweight and flexible EVA sole, ensuring all-day comfort and superior grip. Classic loafer design with a comfortable 1-3 cm heel height for versatile wear. Available in&hellip;","_links":{"self":[{"href":"https:\/\/turkishtrade.co\/tr\/wp-json\/wp\/v2\/product\/5905","targetHints":{"allow":["GET"]}}],"collection":[{"href":"https:\/\/turkishtrade.co\/tr\/wp-json\/wp\/v2\/product"}],"about":[{"href":"https:\/\/turkishtrade.co\/tr\/wp-json\/wp\/v2\/types\/product"}],"wp:featuredmedia":[{"embeddable":true,"href":"https:\/\/turkishtrade.co\/tr\/wp-json\/wp\/v2\/media\/3947"}],"wp:attachment":[{"href":"https:\/\/turkishtrade.co\/tr\/wp-json\/wp\/v2\/media?parent=5905"}],"wp:term":[{"taxonomy":"product_brand","embeddable":true,"href":"https:\/\/turkishtrade.co\/tr\/wp-json\/wp\/v2\/product_brand?post=5905"},{"taxonomy":"product_cat","embeddable":true,"href":"https:\/\/turkishtrade.co\/tr\/wp-json\/wp\/v2\/product_cat?post=5905"},{"taxonomy":"product_tag","embeddable":true,"href":"https:\/\/turkishtrade.co\/tr\/wp-json\/wp\/v2\/product_tag?post=5905"}],"curies":[{"name":"wp","href":"https:\/\/api.w.org\/{rel}","templated":true}]}}